{"id":1233,"date":"2023-09-18T13:40:18","date_gmt":"2023-09-18T11:40:18","guid":{"rendered":"https:\/\/ntigymnasiet.se\/eskilstuna\/?page_id=1233"},"modified":"2025-08-25T14:57:31","modified_gmt":"2025-08-25T12:57:31","slug":"gymnasiemassan","status":"publish","type":"page","link":"https:\/\/ntigymnasiet.se\/eskilstuna\/gymnasiemassan\/","title":{"rendered":"Gymnasiem\u00e4ssan"},"content":{"rendered":"\n\t\n\t\n\t\n\n\t\n\t\n\t\t\n<section  class=\"c-block l-stacked  \" data-color-scheme=\"vit\">\n\t<div class=\"ams-fifty ams-fifty--container ams-fifty--left ams-fifty--top l-container u-pt-fluid-3xl-6xl u-pb-fluid-2xl-4xl\">\n\t\t<div class=\"ams-fifty__content l-stack l-stack-xl is-left is-left@lg\">\n\t\t\t<div class=\"ams-fifty__text l-stack l-stack-lg\">\n\t\t\t\t\t\n\t<h1\n\tclass=\"c-heading u-font-title-1 \"\n\tstyle=\"\">\n\t\t\n\t\t\t\t\tTr\u00e4ffa oss p\u00e5 gymnasiem\u00e4ssan i Eskilstuna\n\t\t\t\t\n\t<\/h1>\n\n\t\t\t\t\t\t\t\t\t<div class=\"text l-stack u-font-body\">\n\t\t\t\t\t\t<p>Den<strong> 19 november 2025<\/strong> st\u00e4ller NTI Gymnasiet ut p\u00e5 Eskilstunas gymnasiem\u00e4ssa som \u00e4ger rum i Volvo CE Arena.<\/p>\n<p>P\u00e5 m\u00e4ssan f\u00e5r du den unika m\u00f6jligheten att tr\u00e4ffa flera skolor under ett och samma tak och chansen att utforska dina framtidsm\u00f6jligheter \u2013 visst \u00e4r det sp\u00e4nnande?<\/p>\n<p>Kom f\u00f6rbi v\u00e5r monter s\u00e5 ber\u00e4ttar vi mer om oss och\u00a0v\u00e5ra\u00a0program.<\/p>\n<p><strong>Adress till m\u00e4ssan:<\/strong><br \/>\nArenatorget 1, 633 61 Eskilstuna<\/p>\n\n\t\t\t\t\t<\/div>\n\t\t\t\t\t\t\t<\/div>\n\n\t\t\t\t<div class=\"ams-fifty__action u-inline-items\">\n\t\t\t\t\t\t\t\n\n\n<a href=\"https:\/\/ntigymnasiet.se\/eskilstuna\/gymnasiemassan\/#program\"\n\t\n\tclass=\"c-btn \"\n\tdata-style=\"rounded\"\n\tdata-size=\"md\"\n\tdata-width=\"full-mobile\"\n\tdata-variant=\"default\"\n\ttarget=\"_self\">\n\t\t\t<span class=\"label\"> Se v\u00e5ra program <\/span>\n\t\t\t<\/a>\n\t\t\t<\/div>\n\t\t<\/div>\n\n\t\t <div class=\"ams-fifty__media u-ratio-square\">\n\t\t \t\t\t\t\t<img decoding=\"async\" width=\"600\" height=\"600\" src=\"https:\/\/ntigymnasiet.se\/wp-content\/uploads\/sites\/4\/2023\/04\/nti-en-del-av-academedia-4-utbildningsgaranti-202204-600x600.png\" class=\"attachment-md size-md\" alt=\"L\u00e4rare och elev sitter framf\u00f6r en datorsk\u00e4rm.\" sizes=\"(min-width: 64em) 600px, calc(100vw - 160px)\" srcset=\"https:\/\/ntigymnasiet.se\/wp-content\/uploads\/sites\/4\/2023\/04\/nti-en-del-av-academedia-4-utbildningsgaranti-202204-600x600.png 600w, https:\/\/ntigymnasiet.se\/wp-content\/uploads\/sites\/4\/2023\/04\/nti-en-del-av-academedia-4-utbildningsgaranti-202204-150x150.png 150w, https:\/\/ntigymnasiet.se\/wp-content\/uploads\/sites\/4\/2023\/04\/nti-en-del-av-academedia-4-utbildningsgaranti-202204-300x300.png 300w, https:\/\/ntigymnasiet.se\/wp-content\/uploads\/sites\/4\/2023\/04\/nti-en-del-av-academedia-4-utbildningsgaranti-202204-400x400.png 400w, https:\/\/ntigymnasiet.se\/wp-content\/uploads\/sites\/4\/2023\/04\/nti-en-del-av-academedia-4-utbildningsgaranti-202204.png 700w\" \/>\n\t\t\t\n\t\t\t\n\t\t\t\t\t<\/div>\n\t<\/div>\n\n\t\t\n\n<\/section>\n\n\n\n\t\n\t\n\t\n\n\t\n\t\n\t\t\n<section  class=\"c-block l-stacked  \" data-color-scheme=\"light-grey\">\n\t<div class=\"ams-fifty ams-fifty--container ams-fifty--right ams-fifty--top l-container u-pt-fluid-3xl-6xl u-pb-fluid-3xl-6xl\">\n\t\t<div class=\"ams-fifty__content l-stack l-stack-xl is-left is-left@lg\">\n\t\t\t<div class=\"ams-fifty__text l-stack l-stack-lg\">\n\t\t\t\t\t\n\t<h2\n\tclass=\"c-heading u-font-title-1 \"\n\tstyle=\"\">\n\t\t\n\t\t\t\t\tOm gymnasiem\u00e4ssan\n\t\t\t\t\n\t<\/h2>\n\n\t\t\t\t\t\t\t\t\t<div class=\"text l-stack u-font-body\">\n\t\t\t\t\t\t<p class=\"has-text-align-left\">M\u00e4ssan samlar en m\u00e4ngd olika gymnasieskolor under ett och samma tak, vilket ger dig som g\u00e5r i \u00e5rskurs 9 m\u00f6jligheten att tr\u00e4ffa olika skolor och utforska vad som k\u00e4nns r\u00e4tt f\u00f6r dig.<\/p>\n<p>Du kan exempelvis st\u00e4lla fr\u00e5gor som:<\/p>\n<ul>\n<li>Vilka beh\u00f6righeter f\u00f6r att studera vidare f\u00e5r jag p\u00e5 det h\u00e4r programmet?<\/li>\n<li>Vad kan man jobba med efter det h\u00e4r programmet?<\/li>\n<li>Har ni skolmatsal, eller var \u00e4ter ni lunch?<\/li>\n<li>Hur \u00e4r lektionerna upplagda?<\/li>\n<\/ul>\n<h3>Om NTI Eskilstuna<\/h3>\n<p>Vi \u00e4r en mindre skola med ett varmt och v\u00e4lkomnande klimat d\u00e4r alla k\u00e4nner alla, oavsett vilket program du studerar. H\u00e4r finns m\u00f6jligheten och en vilja att utmanas av l\u00e4rare med h\u00f6ga f\u00f6rv\u00e4ntningar, p\u00e5 sig sj\u00e4lva och p\u00e5 dig som elev. Varje l\u00e4rare ser dig f\u00f6r var du \u00e4r och utmanar och st\u00f6ttar utifr\u00e5n dina individuella f\u00f6ruts\u00e4ttningar. Gemenskap \u00e4r en viktig del i v\u00e5rt dagliga arbete tillsammans med v\u00e5ra elever.<\/p>\n\n\t\t\t\t\t<\/div>\n\t\t\t\t\t\t\t<\/div>\n\n\t\t\t\t<div class=\"ams-fifty__action u-inline-items\">\n\t\t\t\t\t\t\t\n\n\n<a href=\"https:\/\/ntigymnasiet.se\/eskilstuna\/var-skola\/\"\n\t\n\tclass=\"c-btn \"\n\tdata-style=\"rounded\"\n\tdata-size=\"md\"\n\tdata-width=\"full-mobile\"\n\tdata-variant=\"default\"\n\ttarget=\"_self\">\n\t\t\t<span class=\"label\"> L\u00e4s mer om v\u00e5r skola <\/span>\n\t\t\t<\/a>\n\t\t\t<\/div>\n\t\t<\/div>\n\n\t\t <div class=\"ams-fifty__media u-ratio-square\">\n\t\t \t\t\t\t\t<img decoding=\"async\" width=\"600\" height=\"600\" src=\"https:\/\/ntigymnasiet.se\/wp-content\/uploads\/sites\/4\/2023\/04\/nti-elev-for-en-dag-skugga-prova-pa-202204-600x600.png\" class=\"attachment-md size-md\" alt=\"Fyra elever i makerspace tittar in i kameran och h\u00e5ller upp en tshirt som de tryckt ordet makerspace p\u00e5.\" sizes=\"(min-width: 64em) 600px, calc(100vw - 160px)\" srcset=\"https:\/\/ntigymnasiet.se\/wp-content\/uploads\/sites\/4\/2023\/04\/nti-elev-for-en-dag-skugga-prova-pa-202204-600x600.png 600w, https:\/\/ntigymnasiet.se\/wp-content\/uploads\/sites\/4\/2023\/04\/nti-elev-for-en-dag-skugga-prova-pa-202204-150x150.png 150w, https:\/\/ntigymnasiet.se\/wp-content\/uploads\/sites\/4\/2023\/04\/nti-elev-for-en-dag-skugga-prova-pa-202204-300x300.png 300w, https:\/\/ntigymnasiet.se\/wp-content\/uploads\/sites\/4\/2023\/04\/nti-elev-for-en-dag-skugga-prova-pa-202204-400x400.png 400w, https:\/\/ntigymnasiet.se\/wp-content\/uploads\/sites\/4\/2023\/04\/nti-elev-for-en-dag-skugga-prova-pa-202204.png 700w\" \/>\n\t\t\t\n\t\t\t\n\t\t\t\t\t<\/div>\n\t<\/div>\n\n\t\t\n\n<\/section>\n\n\n\n<div style=\"height:1px\" aria-hidden=\"true\" id=\"program\" class=\"wp-block-spacer\"><\/div>\n\n\n\n\n<section id=\"vara_program\" class=\"ams-courses-list c-block l-stacked\" data-color-scheme=\"kurslistning\">\n\t<div class=\"l-container l-stack l-stack-fluid-2xl u-pt-fluid-3xl-6xl u-pb-fluid-3xl-6xl is-center is-center@md\">\n\t\t\t\t\t<div class=\"ams-courses-list__intro l-stack l-stack-lg\">\n\t\t\t\t\t\n\t<h2\n\tclass=\"c-heading u-font-title-1 \"\n\tstyle=\"\">\n\t\t\n\t\t\t\t\tV\u00e5ra program\n\t\t\t\t\n\t<\/h2>\n\n\t\t\t\t\t\t\t\t\t<div class=\"c-text l-stack u-cs-xl u-font-body\">\n\t\t\t\t\t\t<p>L\u00e4s mer om vilka program vi erbjuder.<\/p>\n\n\t\t\t\t\t<\/div>\n\t\t\t\t\t\t\t<\/div>\n\t\t\n\t\t\n\t\t\t\n<ul class=\"ams-courses-list__list l-grid u-gap-fluid-2xl-4xl u-justify-center\">\n\t\t\t<li class=\"l-col-6@md l-col-4@lg\">\n\t\t\t<article class=\"c-card has-media-zoom  u-shadow-lg\"\n\t\t\t\t\t\tdata-variant=\"border-top\"\n\t\t\t\t\t\tdata-style=\"square\"\n\t\t\t\t\t\tdata-click-area>\n\t\t\t\t<div class=\"c-card__content l-stack l-stack-sm\">\n\t\t\t\t\t\t\t\t\t\t\t<h3 class=\"c-card__title u-font-title-3\">\n\t\t\t\t\t\t\t\t\t\t\t\t\t\t\t<a class=\"c-card__title-link\" href=\"https:\/\/ntigymnasiet.se\/eskilstuna\/program\/teknikprogrammet\/\">\n\t\t\t\t\t\t\t\t\tTeknik\n\t\t\t\t\t\t\t\t<\/a>\n\t\t\t\t\t\t\t\t\t\t\t\t\t<\/h3>\n\t\t\t\t\t\n\t\t\t\t\t\t\t\t\t\t\t<p class=\"c-card__text l-stack-xs u-font-body \">\n\t\t\t\t\t\t\tUtveckla produkter, programmera eller f\u00f6rdjupa dig inom teknikvetenskap.\n\t\t\t\t\t\t<\/p>\n\t\t\t\t\t\n\t\t\t\t\t\t\t\t\t\t\t\t\t\t\t\t<ul class=\"c-card__list u-list-none l-stack-grow u-divider-top u-font-body\">\n\t\t\t\t\t\t\t\t\t\t\t\t\t\t\t<li>\n\t\t\t\t\t\t\t\t\t<strong>Program<\/strong>\n\t\t\t\t\t\t\t\t\t<ul class=\"u-list-dash\">\n\t\t\t\t\t\t\t\t\t\t\t\t\t\t\t\t\t\t\t\t\t<li>Teknikprogrammet<\/li>\n\t\t\t\t\t\t\t\t\t\t\t\t\t\t\t\t\t\t\t<\/ul>\n\t\t\t\t\t\t\t\t<\/li>\n\t\t\t\t\t\t\t\n\t\t\t\t\t\t\t\n\t\t\t\t\t\t\t\t<!-- Orientations within program -->\n\t\t\t\t\t\t\t\t\t\t\t\t\t\t\t\t<!-- .\/Orientations within program -->\n\n\t\t\t\t\t\t\t\t\t\t\t\t\t<\/ul>\n\n\t\t\t\t\t\t<div class=\"c-card__icon c-card__icon--nl\">\n\t\t\t\t\t\t\t\t\t\t\t\t\t\t<svg class=\"ams-icon ams-icon--arrow-right\" width=\"32\" height=\"32\" viewbox=\"0 0 32 32\" fill=\"currentColor\" aria-hidden=\"true\" xmlns=\"http:\/\/www.w3.org\/2000\/svg\">\n\t\t\t\t\t\t\t\t\t\t\t\t\t\t\t\t<path d=\"M15.4617 0.252159L14.9567 0.75931C14.6219 1.09545 14.6219 1.64048 14.9567 1.97669L27.7062 14.7806H0.857144C0.383786 14.7806 0 15.166 0 15.6414V16.3587C0 16.8341 0.383786 17.2195 0.857144 17.2195H27.7062L14.9567 30.0234C14.6219 30.3595 14.6219 30.9045 14.9567 31.2407L15.4617 31.7479C15.7964 32.084 16.3392 32.084 16.6739 31.7479L31.749 16.6087C32.0837 16.2725 32.0837 15.7275 31.749 15.3913L16.6739 0.252159C16.3392 -0.084053 15.7964 -0.084053 15.4617 0.252159Z\"\/>\n\t\t\t\t\t\t\t\n\t\t\t\t\t\t\t<\/svg>\n\t\t\t\t\t\t<\/div>\n\t\t\t\t\t\t\t\t\t<\/div>\n\t\t\t\t<div class=\"c-card__media \" style=\" \">\n\t\t\t\t\t<img decoding=\"async\" width=\"400\" height=\"225\" src=\"https:\/\/ntigymnasiet.se\/wp-content\/uploads\/sites\/4\/2023\/05\/nti-teknikprogrammet-gymnasium-202204-400x225.jpg\" class=\"attachment-sm size-sm wp-post-image\" alt=\"Tjej st\u00e5r vid 3D-skrivare.\" sizes=\"(min-width: 64em) 300px, (min-width: 48em) calc(.50 * (100vw - 240px)), calc(100vw - 160px)\" srcset=\"https:\/\/ntigymnasiet.se\/wp-content\/uploads\/sites\/4\/2023\/05\/nti-teknikprogrammet-gymnasium-202204-400x225.jpg 400w, https:\/\/ntigymnasiet.se\/wp-content\/uploads\/sites\/4\/2023\/05\/nti-teknikprogrammet-gymnasium-202204-300x169.jpg 300w, https:\/\/ntigymnasiet.se\/wp-content\/uploads\/sites\/4\/2023\/05\/nti-teknikprogrammet-gymnasium-202204-600x338.jpg 600w, https:\/\/ntigymnasiet.se\/wp-content\/uploads\/sites\/4\/2023\/05\/nti-teknikprogrammet-gymnasium-202204-800x450.jpg 800w, https:\/\/ntigymnasiet.se\/wp-content\/uploads\/sites\/4\/2023\/05\/nti-teknikprogrammet-gymnasium-202204-1024x576.jpg 1024w, https:\/\/ntigymnasiet.se\/wp-content\/uploads\/sites\/4\/2023\/05\/nti-teknikprogrammet-gymnasium-202204-1200x675.jpg 1200w, https:\/\/ntigymnasiet.se\/wp-content\/uploads\/sites\/4\/2023\/05\/nti-teknikprogrammet-gymnasium-202204.jpg 1920w\" \/>\n\t\t\t\t<\/div>\n\t\t\t<\/article>\n\t\t<\/li>\n\t\t\t<li class=\"l-col-6@md l-col-4@lg\">\n\t\t\t<article class=\"c-card has-media-zoom  u-shadow-lg\"\n\t\t\t\t\t\tdata-variant=\"border-top\"\n\t\t\t\t\t\tdata-style=\"square\"\n\t\t\t\t\t\tdata-click-area>\n\t\t\t\t<div class=\"c-card__content l-stack l-stack-sm\">\n\t\t\t\t\t\t\t\t\t\t\t<h3 class=\"c-card__title u-font-title-3\">\n\t\t\t\t\t\t\t\t\t\t\t\t\t\t\t<a class=\"c-card__title-link\" href=\"https:\/\/ntigymnasiet.se\/eskilstuna\/program\/el-och-energiprogrammet\/\">\n\t\t\t\t\t\t\t\t\tEl och energi\n\t\t\t\t\t\t\t\t<\/a>\n\t\t\t\t\t\t\t\t\t\t\t\t\t<\/h3>\n\t\t\t\t\t\n\t\t\t\t\t\t\t\t\t\t\t<p class=\"c-card__text l-stack-xs u-font-body \">\n\t\t\t\t\t\t\tArbeta praktiskt med IT, n\u00e4tverk, datorer och webbutveckling.\n\t\t\t\t\t\t<\/p>\n\t\t\t\t\t\n\t\t\t\t\t\t\t\t\t\t\t\t\t\t\t\t<ul class=\"c-card__list u-list-none l-stack-grow u-divider-top u-font-body\">\n\t\t\t\t\t\t\t\t\t\t\t\t\t\t\t<li>\n\t\t\t\t\t\t\t\t\t<strong>Program<\/strong>\n\t\t\t\t\t\t\t\t\t<ul class=\"u-list-dash\">\n\t\t\t\t\t\t\t\t\t\t\t\t\t\t\t\t\t\t\t\t\t<li>El- och energiprogrammet<\/li>\n\t\t\t\t\t\t\t\t\t\t\t\t\t\t\t\t\t\t\t<\/ul>\n\t\t\t\t\t\t\t\t<\/li>\n\t\t\t\t\t\t\t\n\t\t\t\t\t\t\t\n\t\t\t\t\t\t\t\t<!-- Orientations within program -->\n\t\t\t\t\t\t\t\t\t\t\t\t\t\t\t\t<!-- .\/Orientations within program -->\n\n\t\t\t\t\t\t\t\t\t\t\t\t\t<\/ul>\n\n\t\t\t\t\t\t<div class=\"c-card__icon c-card__icon--nl\">\n\t\t\t\t\t\t\t\t\t\t\t\t\t\t<svg class=\"ams-icon ams-icon--arrow-right\" width=\"32\" height=\"32\" viewbox=\"0 0 32 32\" fill=\"currentColor\" aria-hidden=\"true\" xmlns=\"http:\/\/www.w3.org\/2000\/svg\">\n\t\t\t\t\t\t\t\t\t\t\t\t\t\t\t\t<path d=\"M15.4617 0.252159L14.9567 0.75931C14.6219 1.09545 14.6219 1.64048 14.9567 1.97669L27.7062 14.7806H0.857144C0.383786 14.7806 0 15.166 0 15.6414V16.3587C0 16.8341 0.383786 17.2195 0.857144 17.2195H27.7062L14.9567 30.0234C14.6219 30.3595 14.6219 30.9045 14.9567 31.2407L15.4617 31.7479C15.7964 32.084 16.3392 32.084 16.6739 31.7479L31.749 16.6087C32.0837 16.2725 32.0837 15.7275 31.749 15.3913L16.6739 0.252159C16.3392 -0.084053 15.7964 -0.084053 15.4617 0.252159Z\"\/>\n\t\t\t\t\t\t\t\n\t\t\t\t\t\t\t<\/svg>\n\t\t\t\t\t\t<\/div>\n\t\t\t\t\t\t\t\t\t<\/div>\n\t\t\t\t<div class=\"c-card__media \" style=\" \">\n\t\t\t\t\t<img decoding=\"async\" width=\"400\" height=\"225\" src=\"https:\/\/ntigymnasiet.se\/wp-content\/uploads\/sites\/4\/2023\/05\/nti-it-programmet-gymnasiet-dator-och-kommunikationsteknik-202204-400x225.jpg\" class=\"attachment-sm size-sm wp-post-image\" alt=\"Tv\u00e5 killar st\u00e5r vid n\u00e4tverkskablar.\" sizes=\"(min-width: 64em) 300px, (min-width: 48em) calc(.50 * (100vw - 240px)), calc(100vw - 160px)\" srcset=\"https:\/\/ntigymnasiet.se\/wp-content\/uploads\/sites\/4\/2023\/05\/nti-it-programmet-gymnasiet-dator-och-kommunikationsteknik-202204-400x225.jpg 400w, https:\/\/ntigymnasiet.se\/wp-content\/uploads\/sites\/4\/2023\/05\/nti-it-programmet-gymnasiet-dator-och-kommunikationsteknik-202204-300x169.jpg 300w, https:\/\/ntigymnasiet.se\/wp-content\/uploads\/sites\/4\/2023\/05\/nti-it-programmet-gymnasiet-dator-och-kommunikationsteknik-202204-600x338.jpg 600w, https:\/\/ntigymnasiet.se\/wp-content\/uploads\/sites\/4\/2023\/05\/nti-it-programmet-gymnasiet-dator-och-kommunikationsteknik-202204-800x450.jpg 800w, https:\/\/ntigymnasiet.se\/wp-content\/uploads\/sites\/4\/2023\/05\/nti-it-programmet-gymnasiet-dator-och-kommunikationsteknik-202204-1024x576.jpg 1024w, https:\/\/ntigymnasiet.se\/wp-content\/uploads\/sites\/4\/2023\/05\/nti-it-programmet-gymnasiet-dator-och-kommunikationsteknik-202204-1200x675.jpg 1200w, https:\/\/ntigymnasiet.se\/wp-content\/uploads\/sites\/4\/2023\/05\/nti-it-programmet-gymnasiet-dator-och-kommunikationsteknik-202204.jpg 1920w\" \/>\n\t\t\t\t<\/div>\n\t\t\t<\/article>\n\t\t<\/li>\n\t\t\t<li class=\"l-col-6@md l-col-4@lg\">\n\t\t\t<article class=\"c-card has-media-zoom  u-shadow-lg\"\n\t\t\t\t\t\tdata-variant=\"border-top\"\n\t\t\t\t\t\tdata-style=\"square\"\n\t\t\t\t\t\tdata-click-area>\n\t\t\t\t<div class=\"c-card__content l-stack l-stack-sm\">\n\t\t\t\t\t\t\t\t\t\t\t<h3 class=\"c-card__title u-font-title-3\">\n\t\t\t\t\t\t\t\t\t\t\t\t\t\t\t<a class=\"c-card__title-link\" href=\"https:\/\/ntigymnasiet.se\/eskilstuna\/program\/estetiska-programmet\/\">\n\t\t\t\t\t\t\t\t\tEstetiska\n\t\t\t\t\t\t\t\t<\/a>\n\t\t\t\t\t\t\t\t\t\t\t\t\t<\/h3>\n\t\t\t\t\t\n\t\t\t\t\t\t\t\t\t\t\t<p class=\"c-card__text l-stack-xs u-font-body \">\n\t\t\t\t\t\t\tVar kreativ och skapa digital design med hj\u00e4lp av den senaste tekniken.\n\t\t\t\t\t\t<\/p>\n\t\t\t\t\t\n\t\t\t\t\t\t\t\t\t\t\t\t\t\t\t\t<ul class=\"c-card__list u-list-none l-stack-grow u-divider-top u-font-body\">\n\t\t\t\t\t\t\t\t\t\t\t\t\t\t\t<li>\n\t\t\t\t\t\t\t\t\t<strong>Program<\/strong>\n\t\t\t\t\t\t\t\t\t<ul class=\"u-list-dash\">\n\t\t\t\t\t\t\t\t\t\t\t\t\t\t\t\t\t\t\t\t\t<li>Estetiska programmet<\/li>\n\t\t\t\t\t\t\t\t\t\t\t\t\t\t\t\t\t\t\t<\/ul>\n\t\t\t\t\t\t\t\t<\/li>\n\t\t\t\t\t\t\t\n\t\t\t\t\t\t\t\n\t\t\t\t\t\t\t\t<!-- Orientations within program -->\n\t\t\t\t\t\t\t\t\t\t\t\t\t\t\t\t<!-- .\/Orientations within program -->\n\n\t\t\t\t\t\t\t\t\t\t\t\t\t<\/ul>\n\n\t\t\t\t\t\t<div class=\"c-card__icon c-card__icon--nl\">\n\t\t\t\t\t\t\t\t\t\t\t\t\t\t<svg class=\"ams-icon ams-icon--arrow-right\" width=\"32\" height=\"32\" viewbox=\"0 0 32 32\" fill=\"currentColor\" aria-hidden=\"true\" xmlns=\"http:\/\/www.w3.org\/2000\/svg\">\n\t\t\t\t\t\t\t\t\t\t\t\t\t\t\t\t<path d=\"M15.4617 0.252159L14.9567 0.75931C14.6219 1.09545 14.6219 1.64048 14.9567 1.97669L27.7062 14.7806H0.857144C0.383786 14.7806 0 15.166 0 15.6414V16.3587C0 16.8341 0.383786 17.2195 0.857144 17.2195H27.7062L14.9567 30.0234C14.6219 30.3595 14.6219 30.9045 14.9567 31.2407L15.4617 31.7479C15.7964 32.084 16.3392 32.084 16.6739 31.7479L31.749 16.6087C32.0837 16.2725 32.0837 15.7275 31.749 15.3913L16.6739 0.252159C16.3392 -0.084053 15.7964 -0.084053 15.4617 0.252159Z\"\/>\n\t\t\t\t\t\t\t\n\t\t\t\t\t\t\t<\/svg>\n\t\t\t\t\t\t<\/div>\n\t\t\t\t\t\t\t\t\t<\/div>\n\t\t\t\t<div class=\"c-card__media \" style=\" \">\n\t\t\t\t\t<img decoding=\"async\" width=\"400\" height=\"225\" src=\"https:\/\/ntigymnasiet.se\/wp-content\/uploads\/sites\/4\/2023\/05\/nti-estetiska-programmet-estet-400x225.jpg\" class=\"attachment-sm size-sm wp-post-image\" alt=\"Tjej och kille sitter framf\u00f6r en datorsk\u00e4rm.\" sizes=\"(min-width: 64em) 300px, (min-width: 48em) calc(.50 * (100vw - 240px)), calc(100vw - 160px)\" srcset=\"https:\/\/ntigymnasiet.se\/wp-content\/uploads\/sites\/4\/2023\/05\/nti-estetiska-programmet-estet-400x225.jpg 400w, https:\/\/ntigymnasiet.se\/wp-content\/uploads\/sites\/4\/2023\/05\/nti-estetiska-programmet-estet-300x169.jpg 300w, https:\/\/ntigymnasiet.se\/wp-content\/uploads\/sites\/4\/2023\/05\/nti-estetiska-programmet-estet-600x338.jpg 600w, https:\/\/ntigymnasiet.se\/wp-content\/uploads\/sites\/4\/2023\/05\/nti-estetiska-programmet-estet-800x450.jpg 800w, https:\/\/ntigymnasiet.se\/wp-content\/uploads\/sites\/4\/2023\/05\/nti-estetiska-programmet-estet-1024x576.jpg 1024w, https:\/\/ntigymnasiet.se\/wp-content\/uploads\/sites\/4\/2023\/05\/nti-estetiska-programmet-estet-1200x675.jpg 1200w, https:\/\/ntigymnasiet.se\/wp-content\/uploads\/sites\/4\/2023\/05\/nti-estetiska-programmet-estet.jpg 1920w\" \/>\n\t\t\t\t<\/div>\n\t\t\t<\/article>\n\t\t<\/li>\n\t<\/ul>\n\t\n\n\t\t\t<\/div>\n\n\t\t\n\n<\/section>\n\n\n\n\n<section  class=\"ams-cta ams-cta--stacked c-block l-stacked\" data-color-scheme=\"light-grey\">\n\t<div class=\"l-container l-stack l-stack-fluid-2xl u-pt-fluid-3xl-6xl u-pb-fluid-3xl-6xl is-center is-center@md\">\n\t\t\t\t\t<div class=\"ams-cta__intro l-stack l-stack-lg\">\n\t\t\t\t\t\n\t<h2\n\tclass=\"c-heading u-font-title-1 \"\n\tstyle=\"\">\n\t\t\n\t\t\t\t\tVill du bes\u00f6ka skolan?\n\t\t\t\t\n\t<\/h2>\n\n\t\t\t\t\t\t\t\t\t<div class=\"c-text l-stack u-cs-xl u-font-body\">\n\t\t\t\t\t\t<p class=\"p1\">Skriv upp dig s\u00e5 blir du p\u00e5mind n\u00e4sta g\u00e5ng vi har ett \u00f6ppet hus.<\/p>\n\n\t\t\t\t\t<\/div>\n\t\t\t\t\t\t\t<\/div>\n\t\t\n\t\t\n\t\t\t<div class=\"ams-cta__action u-inline-items\">\n\t\t\t\t\t\t\t\n\n\n<a href=\"https:\/\/ntigymnasiet.se\/eskilstuna\/oppet-hus\/\"\n\t\n\tclass=\"c-btn \"\n\tdata-style=\"rounded\"\n\tdata-size=\"md\"\n\tdata-width=\"full-mobile\"\n\tdata-variant=\"default\"\n\ttarget=\"_self\">\n\t\t\t<span class=\"label\"> Bli p\u00e5mind om \u00f6ppet hus<\/span>\n\t\t\t<\/a>\n\t\t\t<\/div>\n\t<\/div>\n\n\t\t\n\t\t\t\n\t\t\t\t\t\t\t\n\t\t\t\t<div class=\"c-bg c-bg--img\" data-settings=\"{&quot;desktop_settings&quot;:{&quot;size&quot;:&quot;cover&quot;,&quot;position&quot;:&quot;middle-center&quot;},&quot;mobile_settings&quot;:{&quot;size&quot;:&quot;cover&quot;,&quot;position&quot;:&quot;middle-center&quot;}}\" data-position=\"middle-center\" data-size=\"cover\">\n\t\t\t\n\t\t<\/div>\n\t\n<\/section>\n","protected":false},"excerpt":{"rendered":"","protected":false},"author":13,"featured_media":0,"parent":0,"menu_order":0,"comment_status":"closed","ping_status":"closed","template":"","meta":{"footnotes":""},"yoast_head":"<!-- This site is optimized with the Yoast SEO plugin v22.0 - https:\/\/yoast.com\/wordpress\/plugins\/seo\/ -->\n<title>Gymnasiem\u00e4ssan 2025 - NTI Gymnasiet Eskilstuna<\/title>\n<meta name=\"description\" content=\"Den 19 november st\u00e4ller NTI Gymnasiet ut p\u00e5 Eskilstunas gymnasiem\u00e4ssa som \u00e4ger rum i Volvo CE Arena.\" \/>\n<meta name=\"robots\" content=\"index, follow, max-snippet:-1, max-image-preview:large, max-video-preview:-1\" \/>\n<link rel=\"canonical\" href=\"https:\/\/ntigymnasiet.se\/eskilstuna\/gymnasiemassan\/\" \/>\n<meta property=\"og:locale\" content=\"sv_SE\" \/>\n<meta property=\"og:type\" content=\"article\" \/>\n<meta property=\"og:title\" content=\"Gymnasiem\u00e4ssan 2025 - NTI Gymnasiet Eskilstuna\" \/>\n<meta property=\"og:description\" content=\"Den 19 november st\u00e4ller NTI Gymnasiet ut p\u00e5 Eskilstunas gymnasiem\u00e4ssa som \u00e4ger rum i Volvo CE Arena.\" \/>\n<meta property=\"og:url\" content=\"https:\/\/ntigymnasiet.se\/eskilstuna\/gymnasiemassan\/\" \/>\n<meta property=\"og:site_name\" content=\"Eskilstuna\" \/>\n<meta property=\"article:modified_time\" content=\"2025-08-25T12:57:31+00:00\" \/>\n<meta name=\"twitter:card\" content=\"summary_large_image\" \/>\n<meta name=\"twitter:title\" content=\"Gymnasiem\u00e4ssan 2025 - NTI Gymnasiet Eskilstuna\" \/>\n<meta name=\"twitter:description\" content=\"Den 19 november st\u00e4ller NTI Gymnasiet ut p\u00e5 Eskilstunas gymnasiem\u00e4ssa som \u00e4ger rum i Volvo CE Arena.\" \/>\n<meta name=\"twitter:label1\" content=\"Est. reading time\" \/>\n\t<meta name=\"twitter:data1\" content=\"2 minuter\" \/>\n<script type=\"application\/ld+json\" class=\"yoast-schema-graph\">{\"@context\":\"https:\/\/schema.org\",\"@graph\":[{\"@type\":\"WebPage\",\"@id\":\"https:\/\/ntigymnasiet.se\/eskilstuna\/gymnasiemassan\/\",\"url\":\"https:\/\/ntigymnasiet.se\/eskilstuna\/gymnasiemassan\/\",\"name\":\"Gymnasiem\u00e4ssan 2025 - NTI Gymnasiet Eskilstuna\",\"isPartOf\":{\"@id\":\"https:\/\/ntigymnasiet.se\/eskilstuna\/#website\"},\"datePublished\":\"2023-09-18T11:40:18+00:00\",\"dateModified\":\"2025-08-25T12:57:31+00:00\",\"description\":\"Den 19 november st\u00e4ller NTI Gymnasiet ut p\u00e5 Eskilstunas gymnasiem\u00e4ssa som \u00e4ger rum i Volvo CE Arena.\",\"breadcrumb\":{\"@id\":\"https:\/\/ntigymnasiet.se\/eskilstuna\/gymnasiemassan\/#breadcrumb\"},\"inLanguage\":\"sv-SE\",\"potentialAction\":[{\"@type\":\"ReadAction\",\"target\":[\"https:\/\/ntigymnasiet.se\/eskilstuna\/gymnasiemassan\/\"]}]},{\"@type\":\"BreadcrumbList\",\"@id\":\"https:\/\/ntigymnasiet.se\/eskilstuna\/gymnasiemassan\/#breadcrumb\",\"itemListElement\":[{\"@type\":\"ListItem\",\"position\":1,\"name\":\"Start\",\"item\":\"https:\/\/ntigymnasiet.se\/eskilstuna\/\"},{\"@type\":\"ListItem\",\"position\":2,\"name\":\"Gymnasiem\u00e4ssan\"}]},{\"@type\":\"WebSite\",\"@id\":\"https:\/\/ntigymnasiet.se\/eskilstuna\/#website\",\"url\":\"https:\/\/ntigymnasiet.se\/eskilstuna\/\",\"name\":\"Eskilstuna\",\"description\":\"Just another WordPress site\",\"potentialAction\":[{\"@type\":\"SearchAction\",\"target\":{\"@type\":\"EntryPoint\",\"urlTemplate\":\"https:\/\/ntigymnasiet.se\/eskilstuna\/?s={search_term_string}\"},\"query-input\":\"required name=search_term_string\"}],\"inLanguage\":\"sv-SE\"}]}<\/script>\n<!-- \/ Yoast SEO plugin. -->","yoast_head_json":{"title":"Gymnasiem\u00e4ssan 2025 - NTI Gymnasiet Eskilstuna","description":"Den 19 november st\u00e4ller NTI Gymnasiet ut p\u00e5 Eskilstunas gymnasiem\u00e4ssa som \u00e4ger rum i Volvo CE Arena.","robots":{"index":"index","follow":"follow","max-snippet":"max-snippet:-1","max-image-preview":"max-image-preview:large","max-video-preview":"max-video-preview:-1"},"canonical":"https:\/\/ntigymnasiet.se\/eskilstuna\/gymnasiemassan\/","og_locale":"sv_SE","og_type":"article","og_title":"Gymnasiem\u00e4ssan 2025 - NTI Gymnasiet Eskilstuna","og_description":"Den 19 november st\u00e4ller NTI Gymnasiet ut p\u00e5 Eskilstunas gymnasiem\u00e4ssa som \u00e4ger rum i Volvo CE Arena.","og_url":"https:\/\/ntigymnasiet.se\/eskilstuna\/gymnasiemassan\/","og_site_name":"Eskilstuna","article_modified_time":"2025-08-25T12:57:31+00:00","twitter_card":"summary_large_image","twitter_title":"Gymnasiem\u00e4ssan 2025 - NTI Gymnasiet Eskilstuna","twitter_description":"Den 19 november st\u00e4ller NTI Gymnasiet ut p\u00e5 Eskilstunas gymnasiem\u00e4ssa som \u00e4ger rum i Volvo CE Arena.","twitter_misc":{"Est. reading time":"2 minuter"},"schema":{"@context":"https:\/\/schema.org","@graph":[{"@type":"WebPage","@id":"https:\/\/ntigymnasiet.se\/eskilstuna\/gymnasiemassan\/","url":"https:\/\/ntigymnasiet.se\/eskilstuna\/gymnasiemassan\/","name":"Gymnasiem\u00e4ssan 2025 - NTI Gymnasiet Eskilstuna","isPartOf":{"@id":"https:\/\/ntigymnasiet.se\/eskilstuna\/#website"},"datePublished":"2023-09-18T11:40:18+00:00","dateModified":"2025-08-25T12:57:31+00:00","description":"Den 19 november st\u00e4ller NTI Gymnasiet ut p\u00e5 Eskilstunas gymnasiem\u00e4ssa som \u00e4ger rum i Volvo CE Arena.","breadcrumb":{"@id":"https:\/\/ntigymnasiet.se\/eskilstuna\/gymnasiemassan\/#breadcrumb"},"inLanguage":"sv-SE","potentialAction":[{"@type":"ReadAction","target":["https:\/\/ntigymnasiet.se\/eskilstuna\/gymnasiemassan\/"]}]},{"@type":"BreadcrumbList","@id":"https:\/\/ntigymnasiet.se\/eskilstuna\/gymnasiemassan\/#breadcrumb","itemListElement":[{"@type":"ListItem","position":1,"name":"Start","item":"https:\/\/ntigymnasiet.se\/eskilstuna\/"},{"@type":"ListItem","position":2,"name":"Gymnasiem\u00e4ssan"}]},{"@type":"WebSite","@id":"https:\/\/ntigymnasiet.se\/eskilstuna\/#website","url":"https:\/\/ntigymnasiet.se\/eskilstuna\/","name":"Eskilstuna","description":"Just another WordPress site","potentialAction":[{"@type":"SearchAction","target":{"@type":"EntryPoint","urlTemplate":"https:\/\/ntigymnasiet.se\/eskilstuna\/?s={search_term_string}"},"query-input":"required name=search_term_string"}],"inLanguage":"sv-SE"}]}},"_links":{"self":[{"href":"https:\/\/ntigymnasiet.se\/eskilstuna\/wp-json\/wp\/v2\/pages\/1233"}],"collection":[{"href":"https:\/\/ntigymnasiet.se\/eskilstuna\/wp-json\/wp\/v2\/pages"}],"about":[{"href":"https:\/\/ntigymnasiet.se\/eskilstuna\/wp-json\/wp\/v2\/types\/page"}],"author":[{"embeddable":true,"href":"https:\/\/ntigymnasiet.se\/eskilstuna\/wp-json\/wp\/v2\/users\/13"}],"replies":[{"embeddable":true,"href":"https:\/\/ntigymnasiet.se\/eskilstuna\/wp-json\/wp\/v2\/comments?post=1233"}],"version-history":[{"count":10,"href":"https:\/\/ntigymnasiet.se\/eskilstuna\/wp-json\/wp\/v2\/pages\/1233\/revisions"}],"predecessor-version":[{"id":1802,"href":"https:\/\/ntigymnasiet.se\/eskilstuna\/wp-json\/wp\/v2\/pages\/1233\/revisions\/1802"}],"wp:attachment":[{"href":"https:\/\/ntigymnasiet.se\/eskilstuna\/wp-json\/wp\/v2\/media?parent=1233"}],"curies":[{"name":"wp","href":"https:\/\/api.w.org\/{rel}","templated":true}]}}