{"id":3098,"date":"2026-01-21T12:05:35","date_gmt":"2026-01-21T11:05:35","guid":{"rendered":"https:\/\/ntigymnasiet.se\/handelsgymnasiet\/?page_id=3098"},"modified":"2026-01-22T13:43:30","modified_gmt":"2026-01-22T12:43:30","slug":"tillganglighetsredogorelse","status":"publish","type":"page","link":"https:\/\/ntigymnasiet.se\/handelsgymnasiet\/tillganglighetsredogorelse\/","title":{"rendered":"Tillg\u00e4nglighetsredog\u00f6relse"},"content":{"rendered":"\n\n<section  class=\"ams-cta ams-cta--stacked c-block l-stacked\" data-color-scheme=\"vit\">\n\t<div class=\"l-container-narrow l-stack l-stack-fluid-2xl u-pt-fluid-3xl-6xl u-pb-fluid-3xl-6xl is-center is-center@md\">\n\t\t\t\t\t<div class=\"ams-cta__intro l-stack l-stack-lg\">\n\t\t\t\t\t\n\t<h1\n\tclass=\"c-heading u-font-title-1 \"\n\tstyle=\"\">\n\t\t\n\t\t\t\t\tTillg\u00e4nglighetsredog\u00f6relse\n\t\t\t\t\n\t<\/h1>\n\n\t\t\t\t\t\t\t\t\t<div class=\"c-text l-stack u-cs-xl u-font-body\">\n\t\t\t\t\t\t<p>AcadeMedia st\u00e5r bakom den h\u00e4r webbplatsen. Vi vill att s\u00e5 m\u00e5nga som m\u00f6jligt ska kunna anv\u00e4nda den. Den h\u00e4r sidan beskriver hur NTI Handelsgymnasiet uppfyller lagen om tillg\u00e4nglighet till digital offentlig service, eventuella k\u00e4nda tillg\u00e4nglighetsproblem och hur du kan rapportera brister till oss s\u00e5 att vi kan \u00e5tg\u00e4rda dem.<\/p>\n\n\t\t\t\t\t<\/div>\n\t\t\t\t\t\t\t<\/div>\n\t\t\n\t\t\n\t\t\t<\/div>\n\n\t\t\n\n<\/section>\n\n\n<section \n\t\t class=\"\n\t\t ams-container\n\t\t \n\t\t c-block l-stacked\n\t\t \n\t\t \n\t\t \"\n\t\t data-color-scheme=\"light-grey\"\n\t\t >\n\t\t<div\n\t\t\t class=\"\n\t\t\t l-container-narrow\n\t\t\t l-stack l-stack-fluid-2xl\n\t\t\t u-pt-fluid-md-xl\n\t\t\t u-pb-fluid-2xl-4xl\n\t\t\t is-left\n\t\t\t is-left@md\n\t\t\t \">\n\t\t\t\t\t<div class=\"ams-container__intro\">\n\t\t\t\t\t\t\t\t\t\t\t\t\t\t\t\t\t\n\n<h2 class=\"wp-block-heading\">Hur tillg\u00e4nglig \u00e4r webbplatsen?<\/h2>\n\n\n\n<p>Webbplatsen \u00e4r delvis f\u00f6renlig med lagen om tillg\u00e4nglighet till digital offentlig service. Vi \u00e4r medvetna om att vi just nu inte lyckas uppfylla samtliga krav p\u00e5 tillg\u00e4nglighet till digital offentlig service. Vi f\u00f6rs\u00f6ker l\u00f6sa problemen och se till att du f\u00e5r den digitala service du har r\u00e4tt till.<\/p>\n\n\n\n<h2 class=\"wp-block-heading\">Vad kan du g\u00f6ra om du inte kan anv\u00e4nda delar av webbplatsen?<\/h2>\n\n\n\n<p>Om du beh\u00f6ver inneh\u00e5ll fr\u00e5n NTI Handelsgymnasiet, som inte \u00e4r tillg\u00e4ngligt f\u00f6r dig och som \u00e4r undantaget fr\u00e5n lagens till\u00e4mpningsomr\u00e5den, kan du kontakta oss via e-post: <a href=\"mailto:tillganglighet@academedia.se\">tillganglighet@academedia.se<\/a>.<\/p>\n\n\n\n<h2 class=\"wp-block-heading\">Rapportera brister i webbplatsens tillg\u00e4nglighet<\/h2>\n\n\n\n<p>Vi str\u00e4var hela tiden efter att f\u00f6rb\u00e4ttra webbplatsens tillg\u00e4nglighet. Om du uppt\u00e4cker problem som inte \u00e4r beskrivna p\u00e5 den h\u00e4r sidan, eller om du anser att vi inte uppfyller lagens krav, kan du kontakta oss via e-post p\u00e5 <a href=\"mailto:tillganglighet@academedia.se\">tillganglighet@academedia.se<\/a> eller <a href=\"https:\/\/ntigymnasiet.se\/handelsgymnasiet\/tillganglighetsredogorelse\/synpunkter-pa-bristande-tillganglighet\/\">meddela oss<\/a> via formul\u00e4ret, s\u00e5 att vi f\u00e5r veta att problemet finns.<\/p>\n\n\n\n<h2 class=\"wp-block-heading\">Tillsyn<\/h2>\n\n\n\n<p>Myndigheten f\u00f6r digital f\u00f6rvaltning, DIGG, har ansvaret f\u00f6r tillsyn \u00f6ver lagen om tillg\u00e4nglighet till digital offentlig service. Om du inte \u00e4r n\u00f6jd med hur vi hanterar dina synpunkter kan du anm\u00e4la det till <a href=\"https:\/\/www.digg.se\/tdosanmalan\">DIGG<\/a>.<\/p>\n\n\n\n<h2 class=\"wp-block-heading\">Teknisk information om webbplatsens tillg\u00e4nglighet<\/h2>\n\n\n\n<p>V\u00e5rt m\u00e5l \u00e4r att uppn\u00e5 minst grundl\u00e4ggande tillg\u00e4nglighet enligt kriterierna i WCAG 2.1 p\u00e5 niv\u00e5 AA. Webbplatsen uppfyller dock \u00e4nnu inte alla tillg\u00e4nglighetskriterier i WCAG 2.1. och \u00e4r d\u00e4rf\u00f6r delvis f\u00f6renliga med lagen om tillg\u00e4nglighet till digital offentlig service, p\u00e5 grund av de brister som beskrivs nedan.<\/p>\n\n\n\n<h3 class=\"wp-block-heading\">Inneh\u00e5ll som inte \u00e4r text<\/h3>\n\n\n\n<p>Det f\u00f6rekommer brister i hanteringen av textalternativ\/alt-texter f\u00f6r bilder och grafik p\u00e5 webbplatsen. Exempelvis har dekorativa bilder och grafik ibland felaktigt textalternativ, medan textalternativ f\u00f6r meningsb\u00e4rande bilder i vissa fall saknas eller \u00e4r otillr\u00e4ckliga. (WCAG 1.1.1 A)<\/p>\n\n\n\n<h3 class=\"wp-block-heading\">Tidsberoende media<\/h3>\n\n\n\n<p>Videoklipp p\u00e5 webbplatsen saknar syntolkning. Detta inneb\u00e4r att anv\u00e4ndare med synneds\u00e4ttning g\u00e5r miste om inneh\u00e5ll som f\u00f6rmedlas visuellt men inte talas. (WCAG 1.2.3 A och WCAG 1.2.5 AA)<\/p>\n\n\n\n<h3 class=\"wp-block-heading\">Information och relationer&nbsp;<\/h3>\n\n\n\n<ul>\n<li>HTML anv\u00e4nds f\u00f6r att formatera inneh\u00e5llet p\u00e5 n\u00e5gra st\u00e4llen. (WCAG 1.3.1 A)<\/li>\n\n\n\n<li>Hierarkin f\u00f6r rubriker \u00e4r inte konsekvent \u00f6verallt, vilket kan f\u00f6rsv\u00e5ra navigation via hj\u00e4lpmedel. (WCAG 1.3.1 A)<\/li>\n\n\n\n<li>ARIA-attribut och roller kan saknas eller inte vara helt korrekt anv\u00e4nda \u00f6verallt p\u00e5 webbplatsen. (WCAG 1.3.1 A och WCAG 4.1.3 AA)<\/li>\n<\/ul>\n\n\n\n<h3 class=\"wp-block-heading\">Sidtitlar<\/h3>\n\n\n\n<p>Sidtitlar \u00e4r inte alltid beskrivande f\u00f6r sidans inneh\u00e5ll. Det f\u00f6rekommer sidor d\u00e4r titeln inte speglar det unika inneh\u00e5llet, vilket g\u00f6r det sv\u00e5rt att orientera sig. (WCAG 2.4.2 A)<\/p>\n\n\n\n<h3 class=\"wp-block-heading\">Kontrastfel&nbsp;<\/h3>\n\n\n\n<p>Det f\u00f6rekommer fel i f\u00e4rgkontrasten p\u00e5 vissa st\u00e4llen p\u00e5 webbplatsen. (WCAG 1.4.3 AA)<\/p>\n\n\n\n<h3 class=\"wp-block-heading\">Fokusordning<\/h3>\n\n\n\n<p>Det saknas en meningsfull fokusordning p\u00e5 ett f\u00e5tal st\u00e4llen p\u00e5 webbplatsen. (WCAG 2.4.3 A)<\/p>\n\n\n\n<h3 class=\"wp-block-heading\">Synligt fokus p\u00e5 l\u00e4nkar och knappar<\/h3>\n\n\n\n<p>Det saknas ett tydligt synligt fokus p\u00e5 vissa l\u00e4nkar och knappar, vilket f\u00f6rsv\u00e5rar identifikationen av klickbara element f\u00f6r i synnerhet tangentbordsanv\u00e4ndare. Dessutom kan fasta, s\u00e5 kallade sticky, element (t.ex. sidhuvudet) ibland d\u00f6lja det element som har fokus, vilket g\u00f6r att anv\u00e4ndaren tappar bort sin position. (WCAG 2.4.7 AA och 2.4.11 AA)<\/p>\n\n\n\n<h3 class=\"wp-block-heading\">Tillg\u00e4ngligt via tangentbord<\/h3>\n\n\n\n<p>All funktionalitet \u00e4r inte tillg\u00e4nglig eller fullt hanterbar via tangentbordet. Det finns exempelvis inneh\u00e5ll som enbart visas vid hover eller fokus vid anv\u00e4ndande av mus. (WCAG 2.1.1 A och WCAG 2.1.2 A)<\/p>\n\n\n\n<h3 class=\"wp-block-heading\">iFrame&nbsp;<\/h3>\n\n\n\n<p>Det saknas beskrivning av iFrame f\u00f6r video p\u00e5 vissa st\u00e4llen p\u00e5 webbplatsen. (WCAG 4.1.2 A)<\/p>\n\n\n\n<h3 class=\"wp-block-heading\">Spr\u00e5k<\/h3>\n\n\n\n<p>Det saknas spr\u00e5kuppm\u00e4rkning p\u00e5 st\u00e4llen d\u00e4r annat \u00e4n svenska anv\u00e4nds. (WCAG 3.1.2 AA)<\/p>\n\n\n\n<h3 class=\"wp-block-heading\">Dokument<\/h3>\n\n\n\n<p>Webbplatsen tillhandah\u00e5ller dokument (exempelvis PDF och Google-dokument) som inte uppfyller kraven p\u00e5 tillg\u00e4nglighet. (WCAG 1.1.1 A, WCAG 1.3.1 A och WCAG 1.3.2 A)<\/p>\n\n\n\n<h3 class=\"wp-block-heading\">Formul\u00e4r<\/h3>\n\n\n\n<p>Det f\u00f6rekommer formul\u00e4rf\u00e4lt (t.ex. flervalslistor, radioknappar, textf\u00e4lt och kryssrutor) som \u00e4r sv\u00e5ra att hantera med hj\u00e4lpmedel. Vissa f\u00e4lt saknar etiketter eller anv\u00e4nder anpassade komponenter som inte kommunicerar sitt syfte, sin roll eller status (t.ex. valt v\u00e4rde) korrekt till sk\u00e4rml\u00e4sare. (WCAG 1.3.1 A, WCAG 3.3.2 A och WCAG 4.1.2 A)<\/p>\n\n\n\n<h3 class=\"wp-block-heading\">Sidan laddas om vid s\u00f6kning<\/h3>\n\n\n\n<p>Anv\u00e4ndning av s\u00f6kfunktionen kan leda till f\u00f6rvirring och sv\u00e5righeter med fokushantering f\u00f6r anv\u00e4ndare som navigerar med tangentbord, sk\u00e4rml\u00e4sare eller andra hj\u00e4lpmedel. Omladdningen f\u00f6rsv\u00e5rar \u00e4ven hur f\u00f6r\u00e4ndringen av sidinneh\u00e5llet f\u00f6rmedlas till anv\u00e4ndare med talsyntes. Detta medf\u00f6r brister i fokushantering (WCAG 2.4.3 A) och att f\u00f6r\u00e4ndringar i inneh\u00e5ll inte alltid aviseras. (WCAG 4.1.2 A)<\/p>\n\n\n\n<h3 class=\"wp-block-heading\">Undantag f\u00f6r osk\u00e4ligt betungande anpassning<\/h3>\n\n\n\n<p>AcadeMedia \u00e5beropar undantag f\u00f6r osk\u00e4ligt betungande anpassning av delar av AcadeMedias webbplatser enligt 12 \u00a7 lagen om tillg\u00e4nglighet till digital offentlig service p\u00e5 f\u00f6ljande grunder:<\/p>\n\n\n\n<p>AcadeMedia har inte resurser eller organisation f\u00f6r att utf\u00f6ra f\u00f6ljande:<\/p>\n\n\n\n<ul>\n<li>Anpassa kartor f\u00f6r navigering med ett finger. Detta skulle inneb\u00e4ra att vi beh\u00f6ver g\u00f6ra st\u00f6rre teknisk anpassning av infogade kartor \u00e4n vad vi har m\u00f6jlighet till.<\/li>\n\n\n\n<li>Inneh\u00e5ll som h\u00e4mtas via integrationer med tredje part.<\/li>\n<\/ul>\n\n\n\n<h2 class=\"wp-block-heading\">Hur vi har testat webbplatsen<\/h2>\n\n\n\n<p>Vi har gjort en sj\u00e4lvskattning (intern testning).<\/p>\n\n\n\n<p>Redog\u00f6relsen uppdaterades den 21 januari 2026.<\/p>\n\n\n\t\t\t\t\t\t\t\t\t\t\t\t<\/div>\n\t\t<\/div>\n\n\t\t\t\t\n\n<\/section>\n","protected":false},"excerpt":{"rendered":"","protected":false},"author":1,"featured_media":0,"parent":0,"menu_order":0,"comment_status":"closed","ping_status":"closed","template":"","meta":{"footnotes":""},"yoast_head":"<!-- This site is optimized with the Yoast SEO plugin v22.0 - https:\/\/yoast.com\/wordpress\/plugins\/seo\/ -->\n<title>NTI Handelsgymnasiet<\/title>\n<meta name=\"robots\" content=\"index, follow, max-snippet:-1, max-image-preview:large, max-video-preview:-1\" \/>\n<link rel=\"canonical\" href=\"https:\/\/ntigymnasiet.se\/handelsgymnasiet\/tillganglighetsredogorelse\/\" \/>\n<meta property=\"og:locale\" content=\"sv_SE\" \/>\n<meta property=\"og:type\" content=\"article\" \/>\n<meta property=\"og:url\" content=\"https:\/\/ntigymnasiet.se\/handelsgymnasiet\/tillganglighetsredogorelse\/\" \/>\n<meta property=\"og:site_name\" content=\"NTI Handelsgymnasiet\" \/>\n<meta property=\"article:modified_time\" content=\"2026-01-22T12:43:30+00:00\" \/>\n<meta name=\"twitter:card\" content=\"summary_large_image\" \/>\n<meta name=\"twitter:label1\" content=\"Est. reading time\" \/>\n\t<meta name=\"twitter:data1\" content=\"4 minuter\" \/>\n<script type=\"application\/ld+json\" class=\"yoast-schema-graph\">{\"@context\":\"https:\/\/schema.org\",\"@graph\":[{\"@type\":\"WebPage\",\"@id\":\"https:\/\/ntigymnasiet.se\/handelsgymnasiet\/tillganglighetsredogorelse\/\",\"url\":\"https:\/\/ntigymnasiet.se\/handelsgymnasiet\/tillganglighetsredogorelse\/\",\"name\":\"Tillg\u00e4nglighetsredog\u00f6relse - NTI Handelsgymnasiet\",\"isPartOf\":{\"@id\":\"https:\/\/ntigymnasiet.se\/handelsgymnasiet\/#website\"},\"datePublished\":\"2026-01-21T11:05:35+00:00\",\"dateModified\":\"2026-01-22T12:43:30+00:00\",\"breadcrumb\":{\"@id\":\"https:\/\/ntigymnasiet.se\/handelsgymnasiet\/tillganglighetsredogorelse\/#breadcrumb\"},\"inLanguage\":\"sv-SE\",\"potentialAction\":[{\"@type\":\"ReadAction\",\"target\":[\"https:\/\/ntigymnasiet.se\/handelsgymnasiet\/tillganglighetsredogorelse\/\"]}]},{\"@type\":\"BreadcrumbList\",\"@id\":\"https:\/\/ntigymnasiet.se\/handelsgymnasiet\/tillganglighetsredogorelse\/#breadcrumb\",\"itemListElement\":[{\"@type\":\"ListItem\",\"position\":1,\"name\":\"Start\",\"item\":\"https:\/\/ntigymnasiet.se\/handelsgymnasiet\/\"},{\"@type\":\"ListItem\",\"position\":2,\"name\":\"Tillg\u00e4nglighetsredog\u00f6relse\"}]},{\"@type\":\"WebSite\",\"@id\":\"https:\/\/ntigymnasiet.se\/handelsgymnasiet\/#website\",\"url\":\"https:\/\/ntigymnasiet.se\/handelsgymnasiet\/\",\"name\":\"NTI Handelsgymnasiet\",\"description\":\"Just another WordPress site\",\"potentialAction\":[{\"@type\":\"SearchAction\",\"target\":{\"@type\":\"EntryPoint\",\"urlTemplate\":\"https:\/\/ntigymnasiet.se\/handelsgymnasiet\/?s={search_term_string}\"},\"query-input\":\"required name=search_term_string\"}],\"inLanguage\":\"sv-SE\"}]}<\/script>\n<!-- \/ Yoast SEO plugin. -->","yoast_head_json":{"title":"NTI Handelsgymnasiet","robots":{"index":"index","follow":"follow","max-snippet":"max-snippet:-1","max-image-preview":"max-image-preview:large","max-video-preview":"max-video-preview:-1"},"canonical":"https:\/\/ntigymnasiet.se\/handelsgymnasiet\/tillganglighetsredogorelse\/","og_locale":"sv_SE","og_type":"article","og_url":"https:\/\/ntigymnasiet.se\/handelsgymnasiet\/tillganglighetsredogorelse\/","og_site_name":"NTI Handelsgymnasiet","article_modified_time":"2026-01-22T12:43:30+00:00","twitter_card":"summary_large_image","twitter_misc":{"Est. reading time":"4 minuter"},"schema":{"@context":"https:\/\/schema.org","@graph":[{"@type":"WebPage","@id":"https:\/\/ntigymnasiet.se\/handelsgymnasiet\/tillganglighetsredogorelse\/","url":"https:\/\/ntigymnasiet.se\/handelsgymnasiet\/tillganglighetsredogorelse\/","name":"Tillg\u00e4nglighetsredog\u00f6relse - NTI Handelsgymnasiet","isPartOf":{"@id":"https:\/\/ntigymnasiet.se\/handelsgymnasiet\/#website"},"datePublished":"2026-01-21T11:05:35+00:00","dateModified":"2026-01-22T12:43:30+00:00","breadcrumb":{"@id":"https:\/\/ntigymnasiet.se\/handelsgymnasiet\/tillganglighetsredogorelse\/#breadcrumb"},"inLanguage":"sv-SE","potentialAction":[{"@type":"ReadAction","target":["https:\/\/ntigymnasiet.se\/handelsgymnasiet\/tillganglighetsredogorelse\/"]}]},{"@type":"BreadcrumbList","@id":"https:\/\/ntigymnasiet.se\/handelsgymnasiet\/tillganglighetsredogorelse\/#breadcrumb","itemListElement":[{"@type":"ListItem","position":1,"name":"Start","item":"https:\/\/ntigymnasiet.se\/handelsgymnasiet\/"},{"@type":"ListItem","position":2,"name":"Tillg\u00e4nglighetsredog\u00f6relse"}]},{"@type":"WebSite","@id":"https:\/\/ntigymnasiet.se\/handelsgymnasiet\/#website","url":"https:\/\/ntigymnasiet.se\/handelsgymnasiet\/","name":"NTI Handelsgymnasiet","description":"Just another WordPress site","potentialAction":[{"@type":"SearchAction","target":{"@type":"EntryPoint","urlTemplate":"https:\/\/ntigymnasiet.se\/handelsgymnasiet\/?s={search_term_string}"},"query-input":"required name=search_term_string"}],"inLanguage":"sv-SE"}]}},"_links":{"self":[{"href":"https:\/\/ntigymnasiet.se\/handelsgymnasiet\/wp-json\/wp\/v2\/pages\/3098"}],"collection":[{"href":"https:\/\/ntigymnasiet.se\/handelsgymnasiet\/wp-json\/wp\/v2\/pages"}],"about":[{"href":"https:\/\/ntigymnasiet.se\/handelsgymnasiet\/wp-json\/wp\/v2\/types\/page"}],"author":[{"embeddable":true,"href":"https:\/\/ntigymnasiet.se\/handelsgymnasiet\/wp-json\/wp\/v2\/users\/1"}],"replies":[{"embeddable":true,"href":"https:\/\/ntigymnasiet.se\/handelsgymnasiet\/wp-json\/wp\/v2\/comments?post=3098"}],"version-history":[{"count":10,"href":"https:\/\/ntigymnasiet.se\/handelsgymnasiet\/wp-json\/wp\/v2\/pages\/3098\/revisions"}],"predecessor-version":[{"id":3121,"href":"https:\/\/ntigymnasiet.se\/handelsgymnasiet\/wp-json\/wp\/v2\/pages\/3098\/revisions\/3121"}],"wp:attachment":[{"href":"https:\/\/ntigymnasiet.se\/handelsgymnasiet\/wp-json\/wp\/v2\/media?parent=3098"}],"curies":[{"name":"wp","href":"https:\/\/api.w.org\/{rel}","templated":true}]}}