{"id":844,"date":"2023-04-13T14:45:23","date_gmt":"2023-04-13T12:45:23","guid":{"rendered":"https:\/\/ntigymnasiet.se\/handelsgymnasiet\/?page_id=844"},"modified":"2023-08-08T11:58:38","modified_gmt":"2023-08-08T09:58:38","slug":"elevintervjuer","status":"publish","type":"page","link":"https:\/\/ntigymnasiet.se\/handelsgymnasiet\/elevintervjuer\/","title":{"rendered":"Elevintervjuer"},"content":{"rendered":"\n\n\n<section  class=\"ams-testimonial testimonial_module c-block l-stacked\" data-color-scheme=\"bakgrund-card-primar1-light-hover-standard_standard\">\n\t<div class=\"l-container l-stack l-stack-fluid-2xl u-pt-fluid-3xl-6xl u-pb-fluid-3xl-6xl is-center is-center@md\">\n\t\t\t\t\t<div class=\"ams-testimonial__intro l-stack l-stack-lg\">\n\t\t\t\t\t\n\t<h1\n\tclass=\"c-heading u-font-title-1 \"\n\tstyle=\"\">\n\t\t\n\t\t\t\t\tElevintervjuer\n\t\t\t\t\n\t<\/h1>\n\n\t\t\t\t\t\t\t<\/div>\n\t\t\n\t\t\n\t\n\t\t\n\t\t\t\n<ul\n\tid=\"ams-testimonial-list-69e51f30e37dd\"\n\tclass=\"ams-testimonial__list  l-grid u-gap-fluid-2xl-4xl js-results \"\n\tdata-filter-animation=\"off\">\n\t\t\t\t\t\t\t\t\t\t\t\n\t\t\n\t\t\n\t\t<li class=\"l-col-6@md \" data-filter=\"forsaljning-och-serviceprogrammet augusti-2026\">\n\t\t\t<article class=\"c-card has-media-zoom \" data-variant=\"inside-half\" data-click-area>\n\t\t\t\t<div class=\"c-card__content l-stack l-stack-sm is-left is-left@md\">\n\t\t\t\t\t\t\t\t\t\t\t<blockquote class=\"c-card__title u-font-title-3\">\n\t\t\t\t\t\t\t\t\t\t\t\t\t\t\t<p class=\"u-quote-marks\"><a href=\"https:\/\/ntigymnasiet.se\/handelsgymnasiet\/elevintervjuer\/forsaljning-och-service-4\/\" class=\"link\">Min f\u00f6rsta k\u00e4nsla var WOW! Det k\u00e4ndes coolt att f\u00e5 en inblick&#8230;<\/a><\/p>\n\t\t\t\t\t\t\t\t\t\t\t\t\t<\/blockquote>\n\t\t\t\t\t\n\t\t\t\t\t\t\t\t\t\t\t<p class=\"c-card__text l-stack-grow u-divider-top u-font-body\">\n\t\t\t\t\t\t\t<span class=\"author u-mr-fluid-lg\">Theo<\/span>\n\t\t\t\t\t\t\t<span class=\"title u-mr-fluid-lg\">F\u00f6rs\u00e4ljnings- och serviceprogrammet<\/span>\n\t\t\t\t\t\t<\/p>\n\t\t\t\t\t\n\t\t\t\t\t<div class=\"c-card__icon\">\n\t\t\t\t\t\t<svg class=\"ams-icon ams-icon--arrow-right\" width=\"32\" height=\"32\" viewBox=\"0 0 32 32\" fill=\"currentColor\" aria-hidden=\"true\" xmlns=\"http:\/\/www.w3.org\/2000\/svg\">\n\t\t\t\t\t\t\t<path d=\"M15.4617 0.252159L14.9567 0.75931C14.6219 1.09545 14.6219 1.64048 14.9567 1.97669L27.7062 14.7806H0.857144C0.383786 14.7806 0 15.166 0 15.6414V16.3587C0 16.8341 0.383786 17.2195 0.857144 17.2195H27.7062L14.9567 30.0234C14.6219 30.3595 14.6219 30.9045 14.9567 31.2407L15.4617 31.7479C15.7964 32.084 16.3392 32.084 16.6739 31.7479L31.749 16.6087C32.0837 16.2725 32.0837 15.7275 31.749 15.3913L16.6739 0.252159C16.3392 -0.084053 15.7964 -0.084053 15.4617 0.252159Z\"\/>\n\t\t\t\t\t\t<\/svg>\n\t\t\t\t\t<\/div>\n\t\t\t\t<\/div>\n\t\t\t\t<div class=\"c-card__media\" style=\" \">\n\t\t\t\t\t<img decoding=\"async\" width=\"600\" height=\"400\" src=\"https:\/\/ntigymnasiet.se\/wp-content\/uploads\/2023\/08\/theo-forsaljning-service-2022-600x400.jpeg\" class=\"attachment-md size-md\" alt=\"Theo st\u00e5r framf\u00f6r en vit Polestar 2.\" sizes=\"(min-width: 80em) 600px, (min-width: 48em) calc(.50 * (100vw - 240px)), calc(100vw - 160px)\" srcset=\"https:\/\/ntigymnasiet.se\/wp-content\/uploads\/2023\/08\/theo-forsaljning-service-2022-600x400.jpeg 600w, https:\/\/ntigymnasiet.se\/wp-content\/uploads\/2023\/08\/theo-forsaljning-service-2022-300x200.jpeg 300w, https:\/\/ntigymnasiet.se\/wp-content\/uploads\/2023\/08\/theo-forsaljning-service-2022-400x267.jpeg 400w, https:\/\/ntigymnasiet.se\/wp-content\/uploads\/2023\/08\/theo-forsaljning-service-2022-800x533.jpeg 800w, https:\/\/ntigymnasiet.se\/wp-content\/uploads\/2023\/08\/theo-forsaljning-service-2022-1024x683.jpeg 1024w, https:\/\/ntigymnasiet.se\/wp-content\/uploads\/2023\/08\/theo-forsaljning-service-2022-1200x800.jpeg 1200w, https:\/\/ntigymnasiet.se\/wp-content\/uploads\/2023\/08\/theo-forsaljning-service-2022.jpeg 2048w\" \/>\n\t\t\t\t<\/div>\n\t\t\t<\/article>\n\t\t<\/li>\n\t\t\t\t\t\t\t\t\t\t\t\n\t\t\n\t\t\n\t\t<li class=\"l-col-6@md \" data-filter=\"forsaljning-och-serviceprogrammet augusti-2026\">\n\t\t\t<article class=\"c-card has-media-zoom \" data-variant=\"inside-half\" data-click-area>\n\t\t\t\t<div class=\"c-card__content l-stack l-stack-sm is-left is-left@md\">\n\t\t\t\t\t\t\t\t\t\t\t<blockquote class=\"c-card__title u-font-title-3\">\n\t\t\t\t\t\t\t\t\t\t\t\t\t\t\t<p class=\"u-quote-marks\"><a href=\"https:\/\/ntigymnasiet.se\/handelsgymnasiet\/elevintervjuer\/forsaljning-och-service-3\/\" class=\"link\">Jag ville inte g\u00e5 p\u00e5 en \u201cvanlig\u201d skola&#8230;<\/a><\/p>\n\t\t\t\t\t\t\t\t\t\t\t\t\t<\/blockquote>\n\t\t\t\t\t\n\t\t\t\t\t\t\t\t\t\t\t<p class=\"c-card__text l-stack-grow u-divider-top u-font-body\">\n\t\t\t\t\t\t\t<span class=\"author u-mr-fluid-lg\">Ella Maj<\/span>\n\t\t\t\t\t\t\t<span class=\"title u-mr-fluid-lg\">F\u00f6rs\u00e4ljnings- och serviceprogrammet<\/span>\n\t\t\t\t\t\t<\/p>\n\t\t\t\t\t\n\t\t\t\t\t<div class=\"c-card__icon\">\n\t\t\t\t\t\t<svg class=\"ams-icon ams-icon--arrow-right\" width=\"32\" height=\"32\" viewBox=\"0 0 32 32\" fill=\"currentColor\" aria-hidden=\"true\" xmlns=\"http:\/\/www.w3.org\/2000\/svg\">\n\t\t\t\t\t\t\t<path d=\"M15.4617 0.252159L14.9567 0.75931C14.6219 1.09545 14.6219 1.64048 14.9567 1.97669L27.7062 14.7806H0.857144C0.383786 14.7806 0 15.166 0 15.6414V16.3587C0 16.8341 0.383786 17.2195 0.857144 17.2195H27.7062L14.9567 30.0234C14.6219 30.3595 14.6219 30.9045 14.9567 31.2407L15.4617 31.7479C15.7964 32.084 16.3392 32.084 16.6739 31.7479L31.749 16.6087C32.0837 16.2725 32.0837 15.7275 31.749 15.3913L16.6739 0.252159C16.3392 -0.084053 15.7964 -0.084053 15.4617 0.252159Z\"\/>\n\t\t\t\t\t\t<\/svg>\n\t\t\t\t\t<\/div>\n\t\t\t\t<\/div>\n\t\t\t\t<div class=\"c-card__media\" style=\" \">\n\t\t\t\t\t<img decoding=\"async\" width=\"600\" height=\"400\" src=\"https:\/\/ntigymnasiet.se\/wp-content\/uploads\/2023\/08\/ella-maj-forsaljning-service-2021-600x400.png\" class=\"attachment-md size-md\" alt=\"Ella Maj ber\u00e4ttar om sin tid p\u00e5 NTI Handelsgymnasium.\" sizes=\"(min-width: 80em) 600px, (min-width: 48em) calc(.50 * (100vw - 240px)), calc(100vw - 160px)\" srcset=\"https:\/\/ntigymnasiet.se\/wp-content\/uploads\/2023\/08\/ella-maj-forsaljning-service-2021-600x400.png 600w, https:\/\/ntigymnasiet.se\/wp-content\/uploads\/2023\/08\/ella-maj-forsaljning-service-2021-300x200.png 300w, https:\/\/ntigymnasiet.se\/wp-content\/uploads\/2023\/08\/ella-maj-forsaljning-service-2021-400x267.png 400w, https:\/\/ntigymnasiet.se\/wp-content\/uploads\/2023\/08\/ella-maj-forsaljning-service-2021-800x534.png 800w, https:\/\/ntigymnasiet.se\/wp-content\/uploads\/2023\/08\/ella-maj-forsaljning-service-2021.png 1024w\" \/>\n\t\t\t\t<\/div>\n\t\t\t<\/article>\n\t\t<\/li>\n\t\t\t\t\t\t\t\t\t\t\t\n\t\t\n\t\t\n\t\t<li class=\"l-col-6@md \" data-filter=\"forsaljning-och-serviceprogrammet april-2026\">\n\t\t\t<article class=\"c-card has-media-zoom \" data-variant=\"inside-half\" data-click-area>\n\t\t\t\t<div class=\"c-card__content l-stack l-stack-sm is-left is-left@md\">\n\t\t\t\t\t\t\t\t\t\t\t<blockquote class=\"c-card__title u-font-title-3\">\n\t\t\t\t\t\t\t\t\t\t\t\t\t\t\t<p class=\"u-quote-marks\"><a href=\"https:\/\/ntigymnasiet.se\/handelsgymnasiet\/elevintervjuer\/forsaljning-och-service-1\/\" class=\"link\">Det \u00e4r verklighetsf\u00f6rankrat, vi f\u00e5r jobba med riktiga case&#8230;<\/a><\/p>\n\t\t\t\t\t\t\t\t\t\t\t\t\t<\/blockquote>\n\t\t\t\t\t\n\t\t\t\t\t\t\t\t\t\t\t<p class=\"c-card__text l-stack-grow u-divider-top u-font-body\">\n\t\t\t\t\t\t\t<span class=\"author u-mr-fluid-lg\">Robin<\/span>\n\t\t\t\t\t\t\t<span class=\"title u-mr-fluid-lg\">F\u00f6rs\u00e4ljnings- och serviceprogrammet<\/span>\n\t\t\t\t\t\t<\/p>\n\t\t\t\t\t\n\t\t\t\t\t<div class=\"c-card__icon\">\n\t\t\t\t\t\t<svg class=\"ams-icon ams-icon--arrow-right\" width=\"32\" height=\"32\" viewBox=\"0 0 32 32\" fill=\"currentColor\" aria-hidden=\"true\" xmlns=\"http:\/\/www.w3.org\/2000\/svg\">\n\t\t\t\t\t\t\t<path d=\"M15.4617 0.252159L14.9567 0.75931C14.6219 1.09545 14.6219 1.64048 14.9567 1.97669L27.7062 14.7806H0.857144C0.383786 14.7806 0 15.166 0 15.6414V16.3587C0 16.8341 0.383786 17.2195 0.857144 17.2195H27.7062L14.9567 30.0234C14.6219 30.3595 14.6219 30.9045 14.9567 31.2407L15.4617 31.7479C15.7964 32.084 16.3392 32.084 16.6739 31.7479L31.749 16.6087C32.0837 16.2725 32.0837 15.7275 31.749 15.3913L16.6739 0.252159C16.3392 -0.084053 15.7964 -0.084053 15.4617 0.252159Z\"\/>\n\t\t\t\t\t\t<\/svg>\n\t\t\t\t\t<\/div>\n\t\t\t\t<\/div>\n\t\t\t\t<div class=\"c-card__media\" style=\" \">\n\t\t\t\t\t<img decoding=\"async\" width=\"400\" height=\"316\" src=\"https:\/\/ntigymnasiet.se\/wp-content\/uploads\/2023\/05\/nti-intervju-forsaljning-service-2022-400x316.jpeg\" class=\"attachment-md size-md\" alt=\"Elev med gr\u00e5 tr\u00f6ja.\" sizes=\"(min-width: 80em) 600px, (min-width: 48em) calc(.50 * (100vw - 240px)), calc(100vw - 160px)\" srcset=\"https:\/\/ntigymnasiet.se\/wp-content\/uploads\/2023\/05\/nti-intervju-forsaljning-service-2022-400x316.jpeg 400w, https:\/\/ntigymnasiet.se\/wp-content\/uploads\/2023\/05\/nti-intervju-forsaljning-service-2022-300x237.jpeg 300w, https:\/\/ntigymnasiet.se\/wp-content\/uploads\/2023\/05\/nti-intervju-forsaljning-service-2022-1024x809.jpeg 1024w, https:\/\/ntigymnasiet.se\/wp-content\/uploads\/2023\/05\/nti-intervju-forsaljning-service-2022-768x607.jpeg 768w, https:\/\/ntigymnasiet.se\/wp-content\/uploads\/2023\/05\/nti-intervju-forsaljning-service-2022-1536x1213.jpeg 1536w, https:\/\/ntigymnasiet.se\/wp-content\/uploads\/2023\/05\/nti-intervju-forsaljning-service-2022-2048x1618.jpeg 2048w, https:\/\/ntigymnasiet.se\/wp-content\/uploads\/2023\/05\/nti-intervju-forsaljning-service-2022-1920x1517.jpeg 1920w, https:\/\/ntigymnasiet.se\/wp-content\/uploads\/2023\/05\/nti-intervju-forsaljning-service-2022-500x395.jpeg 500w, https:\/\/ntigymnasiet.se\/wp-content\/uploads\/2023\/05\/nti-intervju-forsaljning-service-2022-290x229.jpeg 290w, https:\/\/ntigymnasiet.se\/wp-content\/uploads\/2023\/05\/nti-intervju-forsaljning-service-2022-340x269.jpeg 340w, https:\/\/ntigymnasiet.se\/wp-content\/uploads\/2023\/05\/nti-intervju-forsaljning-service-2022-1100x869.jpeg 1100w, https:\/\/ntigymnasiet.se\/wp-content\/uploads\/2023\/05\/nti-intervju-forsaljning-service-2022-848x670.jpeg 848w, https:\/\/ntigymnasiet.se\/wp-content\/uploads\/2023\/05\/nti-intervju-forsaljning-service-2022-1200x948.jpeg 1200w, https:\/\/ntigymnasiet.se\/wp-content\/uploads\/2023\/05\/nti-intervju-forsaljning-service-2022-600x474.jpeg 600w\" \/>\n\t\t\t\t<\/div>\n\t\t\t<\/article>\n\t\t<\/li>\n\t\t\t\t\t\t\t\t\t\t\t\n\t\t\n\t\t\n\t\t<li class=\"l-col-6@md \" data-filter=\"forsaljning-och-serviceprogrammet september-2022\">\n\t\t\t<article class=\"c-card has-media-zoom \" data-variant=\"inside-half\" data-click-area>\n\t\t\t\t<div class=\"c-card__content l-stack l-stack-sm is-left is-left@md\">\n\t\t\t\t\t\t\t\t\t\t\t<blockquote class=\"c-card__title u-font-title-3\">\n\t\t\t\t\t\t\t\t\t\t\t\t\t\t\t<p class=\"u-quote-marks\"><a href=\"https:\/\/ntigymnasiet.se\/handelsgymnasiet\/elevintervjuer\/forsaljning-och-service-2\/\" class=\"link\">Jag k\u00e4nner verkligen att jag fick utvecklas som person p\u00e5 gymnasiet&#8230;<\/a><\/p>\n\t\t\t\t\t\t\t\t\t\t\t\t\t<\/blockquote>\n\t\t\t\t\t\n\t\t\t\t\t\t\t\t\t\t\t<p class=\"c-card__text l-stack-grow u-divider-top u-font-body\">\n\t\t\t\t\t\t\t<span class=\"author u-mr-fluid-lg\">Nina<\/span>\n\t\t\t\t\t\t\t<span class=\"title u-mr-fluid-lg\">F\u00f6rs\u00e4ljnings- och serviceprogrammet<\/span>\n\t\t\t\t\t\t<\/p>\n\t\t\t\t\t\n\t\t\t\t\t<div class=\"c-card__icon\">\n\t\t\t\t\t\t<svg class=\"ams-icon ams-icon--arrow-right\" width=\"32\" height=\"32\" viewBox=\"0 0 32 32\" fill=\"currentColor\" aria-hidden=\"true\" xmlns=\"http:\/\/www.w3.org\/2000\/svg\">\n\t\t\t\t\t\t\t<path d=\"M15.4617 0.252159L14.9567 0.75931C14.6219 1.09545 14.6219 1.64048 14.9567 1.97669L27.7062 14.7806H0.857144C0.383786 14.7806 0 15.166 0 15.6414V16.3587C0 16.8341 0.383786 17.2195 0.857144 17.2195H27.7062L14.9567 30.0234C14.6219 30.3595 14.6219 30.9045 14.9567 31.2407L15.4617 31.7479C15.7964 32.084 16.3392 32.084 16.6739 31.7479L31.749 16.6087C32.0837 16.2725 32.0837 15.7275 31.749 15.3913L16.6739 0.252159C16.3392 -0.084053 15.7964 -0.084053 15.4617 0.252159Z\"\/>\n\t\t\t\t\t\t<\/svg>\n\t\t\t\t\t<\/div>\n\t\t\t\t<\/div>\n\t\t\t\t<div class=\"c-card__media\" style=\" \">\n\t\t\t\t\t<img decoding=\"async\" width=\"600\" height=\"660\" src=\"https:\/\/ntigymnasiet.se\/wp-content\/uploads\/2023\/05\/nti-handelsgymnasiet-nina-2210-600x660.jpeg\" class=\"attachment-md size-md\" alt=\"Tidigare elev Nina.\" sizes=\"(min-width: 80em) 600px, (min-width: 48em) calc(.50 * (100vw - 240px)), calc(100vw - 160px)\" srcset=\"https:\/\/ntigymnasiet.se\/wp-content\/uploads\/2023\/05\/nti-handelsgymnasiet-nina-2210-600x660.jpeg 600w, https:\/\/ntigymnasiet.se\/wp-content\/uploads\/2023\/05\/nti-handelsgymnasiet-nina-2210-300x330.jpeg 300w, https:\/\/ntigymnasiet.se\/wp-content\/uploads\/2023\/05\/nti-handelsgymnasiet-nina-2210-400x440.jpeg 400w, https:\/\/ntigymnasiet.se\/wp-content\/uploads\/2023\/05\/nti-handelsgymnasiet-nina-2210-800x880.jpeg 800w, https:\/\/ntigymnasiet.se\/wp-content\/uploads\/2023\/05\/nti-handelsgymnasiet-nina-2210.jpeg 931w\" \/>\n\t\t\t\t<\/div>\n\t\t\t<\/article>\n\t\t<\/li>\n\t<\/ul>\n\t\n\t<div class=\"no-results u-mt-0 u-hide\" data-filter-fallback-id=\"ams-testimonial-list-69e51f30e37dd\">\n\t<p>Det finns inga resultat som matchar din filtrering.<\/p>\n<\/div>\n\n\t\n\n\t\t\n\t\t\t<\/div>\n\n\t\t\n\n<\/section>\n","protected":false},"excerpt":{"rendered":"","protected":false},"author":5,"featured_media":0,"parent":0,"menu_order":0,"comment_status":"closed","ping_status":"closed","template":"archive-testimonial.php","meta":{"footnotes":""},"yoast_head":"<!-- This site is optimized with the Yoast SEO plugin v22.0 - https:\/\/yoast.com\/wordpress\/plugins\/seo\/ -->\n<title>NTI Handelsgymnasiet<\/title>\n<meta name=\"robots\" content=\"index, follow, max-snippet:-1, max-image-preview:large, max-video-preview:-1\" \/>\n<link rel=\"canonical\" href=\"https:\/\/ntigymnasiet.se\/handelsgymnasiet\/elevintervjuer\/\" \/>\n<meta property=\"og:locale\" content=\"sv_SE\" \/>\n<meta property=\"og:type\" content=\"article\" \/>\n<meta property=\"og:url\" content=\"https:\/\/ntigymnasiet.se\/handelsgymnasiet\/elevintervjuer\/\" \/>\n<meta property=\"og:site_name\" content=\"NTI Handelsgymnasiet\" \/>\n<meta property=\"article:modified_time\" content=\"2023-08-08T09:58:38+00:00\" \/>\n<meta name=\"twitter:card\" content=\"summary_large_image\" \/>\n<script type=\"application\/ld+json\" class=\"yoast-schema-graph\">{\"@context\":\"https:\/\/schema.org\",\"@graph\":[{\"@type\":\"WebPage\",\"@id\":\"https:\/\/ntigymnasiet.se\/handelsgymnasiet\/elevintervjuer\/\",\"url\":\"https:\/\/ntigymnasiet.se\/handelsgymnasiet\/elevintervjuer\/\",\"name\":\"Elevintervjuer - NTI Handelsgymnasiet\",\"isPartOf\":{\"@id\":\"https:\/\/ntigymnasiet.se\/handelsgymnasiet\/#website\"},\"datePublished\":\"2023-04-13T12:45:23+00:00\",\"dateModified\":\"2023-08-08T09:58:38+00:00\",\"breadcrumb\":{\"@id\":\"https:\/\/ntigymnasiet.se\/handelsgymnasiet\/elevintervjuer\/#breadcrumb\"},\"inLanguage\":\"sv-SE\",\"potentialAction\":[{\"@type\":\"ReadAction\",\"target\":[\"https:\/\/ntigymnasiet.se\/handelsgymnasiet\/elevintervjuer\/\"]}]},{\"@type\":\"BreadcrumbList\",\"@id\":\"https:\/\/ntigymnasiet.se\/handelsgymnasiet\/elevintervjuer\/#breadcrumb\",\"itemListElement\":[{\"@type\":\"ListItem\",\"position\":1,\"name\":\"Start\",\"item\":\"https:\/\/ntigymnasiet.se\/handelsgymnasiet\/\"},{\"@type\":\"ListItem\",\"position\":2,\"name\":\"Elevintervjuer\"}]},{\"@type\":\"WebSite\",\"@id\":\"https:\/\/ntigymnasiet.se\/handelsgymnasiet\/#website\",\"url\":\"https:\/\/ntigymnasiet.se\/handelsgymnasiet\/\",\"name\":\"NTI Handelsgymnasiet\",\"description\":\"Just another WordPress site\",\"potentialAction\":[{\"@type\":\"SearchAction\",\"target\":{\"@type\":\"EntryPoint\",\"urlTemplate\":\"https:\/\/ntigymnasiet.se\/handelsgymnasiet\/?s={search_term_string}\"},\"query-input\":\"required name=search_term_string\"}],\"inLanguage\":\"sv-SE\"}]}<\/script>\n<!-- \/ Yoast SEO plugin. -->","yoast_head_json":{"title":"NTI Handelsgymnasiet","robots":{"index":"index","follow":"follow","max-snippet":"max-snippet:-1","max-image-preview":"max-image-preview:large","max-video-preview":"max-video-preview:-1"},"canonical":"https:\/\/ntigymnasiet.se\/handelsgymnasiet\/elevintervjuer\/","og_locale":"sv_SE","og_type":"article","og_url":"https:\/\/ntigymnasiet.se\/handelsgymnasiet\/elevintervjuer\/","og_site_name":"NTI Handelsgymnasiet","article_modified_time":"2023-08-08T09:58:38+00:00","twitter_card":"summary_large_image","schema":{"@context":"https:\/\/schema.org","@graph":[{"@type":"WebPage","@id":"https:\/\/ntigymnasiet.se\/handelsgymnasiet\/elevintervjuer\/","url":"https:\/\/ntigymnasiet.se\/handelsgymnasiet\/elevintervjuer\/","name":"Elevintervjuer - NTI Handelsgymnasiet","isPartOf":{"@id":"https:\/\/ntigymnasiet.se\/handelsgymnasiet\/#website"},"datePublished":"2023-04-13T12:45:23+00:00","dateModified":"2023-08-08T09:58:38+00:00","breadcrumb":{"@id":"https:\/\/ntigymnasiet.se\/handelsgymnasiet\/elevintervjuer\/#breadcrumb"},"inLanguage":"sv-SE","potentialAction":[{"@type":"ReadAction","target":["https:\/\/ntigymnasiet.se\/handelsgymnasiet\/elevintervjuer\/"]}]},{"@type":"BreadcrumbList","@id":"https:\/\/ntigymnasiet.se\/handelsgymnasiet\/elevintervjuer\/#breadcrumb","itemListElement":[{"@type":"ListItem","position":1,"name":"Start","item":"https:\/\/ntigymnasiet.se\/handelsgymnasiet\/"},{"@type":"ListItem","position":2,"name":"Elevintervjuer"}]},{"@type":"WebSite","@id":"https:\/\/ntigymnasiet.se\/handelsgymnasiet\/#website","url":"https:\/\/ntigymnasiet.se\/handelsgymnasiet\/","name":"NTI Handelsgymnasiet","description":"Just another WordPress site","potentialAction":[{"@type":"SearchAction","target":{"@type":"EntryPoint","urlTemplate":"https:\/\/ntigymnasiet.se\/handelsgymnasiet\/?s={search_term_string}"},"query-input":"required name=search_term_string"}],"inLanguage":"sv-SE"}]}},"_links":{"self":[{"href":"https:\/\/ntigymnasiet.se\/handelsgymnasiet\/wp-json\/wp\/v2\/pages\/844"}],"collection":[{"href":"https:\/\/ntigymnasiet.se\/handelsgymnasiet\/wp-json\/wp\/v2\/pages"}],"about":[{"href":"https:\/\/ntigymnasiet.se\/handelsgymnasiet\/wp-json\/wp\/v2\/types\/page"}],"author":[{"embeddable":true,"href":"https:\/\/ntigymnasiet.se\/handelsgymnasiet\/wp-json\/wp\/v2\/users\/5"}],"replies":[{"embeddable":true,"href":"https:\/\/ntigymnasiet.se\/handelsgymnasiet\/wp-json\/wp\/v2\/comments?post=844"}],"version-history":[{"count":10,"href":"https:\/\/ntigymnasiet.se\/handelsgymnasiet\/wp-json\/wp\/v2\/pages\/844\/revisions"}],"predecessor-version":[{"id":2745,"href":"https:\/\/ntigymnasiet.se\/handelsgymnasiet\/wp-json\/wp\/v2\/pages\/844\/revisions\/2745"}],"wp:attachment":[{"href":"https:\/\/ntigymnasiet.se\/handelsgymnasiet\/wp-json\/wp\/v2\/media?parent=844"}],"curies":[{"name":"wp","href":"https:\/\/api.w.org\/{rel}","templated":true}]}}