{"id":199,"date":"2023-03-31T16:52:25","date_gmt":"2023-03-31T14:52:25","guid":{"rendered":"https:\/\/ntigymnasiet.se\/kristianstad\/?page_id=199"},"modified":"2024-01-31T16:30:39","modified_gmt":"2024-01-31T15:30:39","slug":"rektorn-har-ordet","status":"publish","type":"page","link":"https:\/\/ntigymnasiet.se\/kristianstad\/var-skola\/rektorn-har-ordet\/","title":{"rendered":"Rektorn har ordet"},"content":{"rendered":"\n\t\n\t\n\t\n\n\n\t\n\t\t\n<section  class=\"c-block l-stacked  \" data-color-scheme=\"vit\">\n\t<div class=\"ams-fifty ams-fifty--container ams-fifty--right ams-fifty--bottom l-container u-pt-fluid-3xl-6xl u-pb-fluid-3xl-6xl\">\n\t\t<div class=\"ams-fifty__content l-stack l-stack-xl is-left@lg\">\n\t\t\t<div class=\"ams-fifty__text l-stack l-stack-lg\">\n\t\t\t\t\t\n\t<h1\n\tclass=\"c-heading u-font-title-1 \"\n\tstyle=\"\">\n\t\t\n\t\t\t\t\t\t\t\t\tV\u00e4lkommen till framtidens skola!\n\t\t\t\t<span class=\"c-heading__sub is-below u-font-title-3\">\n\t\t\t\t\tRektorn har ordet\n\t\t\t\t<\/span>\n\t\t\t\t\t\t\t\n\t<\/h1>\n\n\t\t\t\t\t\t\t\t\t<div class=\"text l-stack u-font-body\">\n\t\t\t\t\t\t<p>Jag heter Dalila Adilagic och \u00e4r rektor p\u00e5 NTI Kristianstad sedan v\u00e5ren 2020. Tillsammans med engagerad personal och fantastiska elever har vi gemensamt byggt upp vad vi kallar \u201cNTI-andan\u201d. Vad detta betyder \u00e4r sv\u00e5rt att s\u00e4tta fingret p\u00e5, det m\u00e5ste upplevas av dig som elev! Viktiga delar \u00e4r gemenskap, ansvarstagande och samarbete. Inget g\u00f6r mig s\u00e5 stolt som en v\u00e4lfungerande skola d\u00e4r alla hj\u00e4lps \u00e5t och d\u00e4r vi rustar dig f\u00f6r framtidens utmaningar inom tech och IT!<\/p>\n\n\t\t\t\t\t<\/div>\n\t\t\t\t\t\t\t<\/div>\n\n\t\t\t\t\t<\/div>\n\n\t\t <div class=\"ams-fifty__media u-ratio-square\">\n\t\t \t\t\t\t\t<img decoding=\"async\" width=\"500\" height=\"700\" src=\"https:\/\/ntigymnasiet.se\/wp-content\/uploads\/sites\/8\/2023\/05\/kristianstad.jpeg\" class=\"attachment-md size-md\" alt=\"Portr\u00e4ttbild Dalila Adilagic.\" sizes=\"(min-width: 64em) 600px, calc(100vw - 160px)\" srcset=\"https:\/\/ntigymnasiet.se\/wp-content\/uploads\/sites\/8\/2023\/05\/kristianstad.jpeg 500w, https:\/\/ntigymnasiet.se\/wp-content\/uploads\/sites\/8\/2023\/05\/kristianstad-300x420.jpeg 300w, https:\/\/ntigymnasiet.se\/wp-content\/uploads\/sites\/8\/2023\/05\/kristianstad-400x560.jpeg 400w\" \/>\n\t\t\t\n\t\t\t\n\t\t\t\t\t<\/div>\n\t<\/div>\n\n\t\t\n\n<\/section>\n\n\n\n\n<section  class=\"ams-quote c-block l-stacked\" data-color-scheme=\"vit-2-pa-mork-bakgrund\">\n\t<div class=\"l-container l-stack l-stack-fluid-2xl u-pt-fluid-3xl-6xl u-pb-fluid-3xl-6xl is-center is-center@md\">\n\t\t\n\t\t\t\t\t<ul class=\"ams-quote__list l-grid u-gap-fluid-2xl-4xl u-justify-center\"\n\taria-label=\"Citat\">\n\t\t\t<li class=\"l-col-12@md\">\n\t\t\t<article class=\"c-card\" data-variant=\"neutral\" >\n\t\t\t\t<div class=\"c-card__content l-stack u-text-center\">\n\t\t\t\t\t\t\t\t\t\t\t<blockquote class=\"c-card__title u-font-title-1\">\n\t\t\t\t\t\t\t\t\t\t\t\t\t\t\t<p class=\"u-quote-marks\">N\u00e4r jag ser vad v\u00e5ra elever \u00e5stadkommer kan jag inte l\u00e5ta bli att bli oerh\u00f6rt stolt<\/p>\n\t\t\t\t\t\t\t\t\t\t\t\t\t<\/blockquote>\n\t\t\t\t\t\n\t\t\t\t\t\t\t\t\t\t\t<p class=\"c-card__text\">\n\t\t\t\t\t\t\t<span class=\"author u-font-body\">Dalila Adilagic, rektor<\/span>\n\t\t\t\t\t\t\t<span class=\"title u-font-body\">NTI Gymnasiet Kristianstad<\/span>\n\t\t\t\t\t\t<\/p>\n\t\t\t\t\t\t\t\t\t<\/div>\n\n\t\t\t\t\t\t\t<\/article>\n\t\t<\/li>\n\t<\/ul>\n\t\n\t\t\t<\/div>\n\n\t\t\n\t\t\t\n\t\t\t\t\t\t\t\n\t\t\t\t<div class=\"c-bg c-bg--img\" data-settings=\"{&quot;desktop_settings&quot;:{&quot;size&quot;:&quot;cover&quot;,&quot;position&quot;:&quot;middle-center&quot;},&quot;mobile_settings&quot;:{&quot;size&quot;:&quot;cover&quot;,&quot;position&quot;:&quot;middle-center&quot;}}\" data-position=\"middle-center\" data-size=\"cover\">\n\t\t\t<img decoding=\"async\" width=\"1920\" height=\"1080\" src=\"https:\/\/ntigymnasiet.se\/wp-content\/uploads\/sites\/8\/2023\/05\/ntitechbgsvagacirklar3.jpg\" class=\"attachment-hero-lg size-hero-lg\" alt=\"Lila bild.\" sizes=\"(max-width: 1920px) 100vw, 1920px\" srcset=\"https:\/\/ntigymnasiet.se\/wp-content\/uploads\/sites\/8\/2023\/05\/ntitechbgsvagacirklar3.jpg 1920w, https:\/\/ntigymnasiet.se\/wp-content\/uploads\/sites\/8\/2023\/05\/ntitechbgsvagacirklar3-300x169.jpg 300w, https:\/\/ntigymnasiet.se\/wp-content\/uploads\/sites\/8\/2023\/05\/ntitechbgsvagacirklar3-400x225.jpg 400w, https:\/\/ntigymnasiet.se\/wp-content\/uploads\/sites\/8\/2023\/05\/ntitechbgsvagacirklar3-600x338.jpg 600w, https:\/\/ntigymnasiet.se\/wp-content\/uploads\/sites\/8\/2023\/05\/ntitechbgsvagacirklar3-800x450.jpg 800w, https:\/\/ntigymnasiet.se\/wp-content\/uploads\/sites\/8\/2023\/05\/ntitechbgsvagacirklar3-1024x576.jpg 1024w, https:\/\/ntigymnasiet.se\/wp-content\/uploads\/sites\/8\/2023\/05\/ntitechbgsvagacirklar3-1200x675.jpg 1200w\" \/>\n\t\t<\/div>\n\t\n<\/section>\n\n\n\n<div class=\"wp-block-group is-style-narrow is-layout-flow wp-block-group-is-layout-flow\">\n<h2 class=\"wp-block-heading\">V\u00e5rt fokus \u00e4r p\u00e5 din kunskapsutveckling<\/h2>\n\n\n\n<p>Sedan 2018 bedriver vi tech-utbildningar med siktet tydligt inst\u00e4llt p\u00e5 att ge v\u00e5ra elever de n\u00f6dv\u00e4ndiga kunskaperna och verktygen som beh\u00f6vs f\u00f6r framg\u00e5ngsrika studier och som g\u00f6r dem attraktiva p\u00e5 arbetsmarknaden. F\u00f6r mig \u00e4r NTI Gymnasiet den i s\u00e4rklass b\u00e4sta skolan i Kristianstad. V\u00e5r personal har en enorm kompetens och erfarenhet och drivs av ambitionen att skapa en skola som b\u00e5de \u00e4r l\u00e4rande och lustfylld. N\u00e4r jag ser vad v\u00e5ra elever \u00e5stadkommer tillsammans med sina l\u00e4rare i form av hemsidor, filmer, texter, spel och andra produktioner kan jag inte l\u00e5ta bli att bli oerh\u00f6rt stolt \u00f6ver vad vi kan utr\u00e4tta tillsammans.<\/p>\n<\/div>\n\n\n\n<section \n\t\t class=\"\n\t\t ams-contact\n\t\t \n\t\t c-block l-stacked\n\t\t \n\t\t \n\t\t js-load-more\n\t\t \"\n\t\t data-color-scheme=\"usp-gra-bakgrund\"\n\t\t\t\t\tdata-count=\"3\"\n\t\t\t\t\t\t\tdata-count-mobile=\"2\"\n\t\t\t\t>\n\t<div\n\t\t class=\"\n\t\t l-container\n\t\t l-stack l-stack-fluid-2xl\n\t\t u-pt-fluid-3xl-6xl\n\t\t u-pb-fluid-3xl-6xl\n\t\t is-center\n\t\t is-center@md\n\t\t \">\n\t\t\t\t\t<div class=\"ams-contact__intro l-stack l-stack-lg\">\n\t\t\t\t\t\n\t<h2\n\tclass=\"c-heading u-font-title-1 \"\n\tstyle=\"\">\n\t\t\n\t\t\t\t\tKontakt\n\t\t\t\t\n\t<\/h2>\n\n\t\t\t\t\t\t\t<\/div>\n\t\t\n\t\t\n\t\t    \t\n\t\t\n\t\t<ul\n\t\t\tid=\"contact-grid-69e0ccb3a150f\"\n\t\t\tclass=\"ams-contact__list l-grid u-gap-fluid-2xl-4xl u-justify-center js-results \"\n\t\t\taria-label=\"Kontakter\"\n\t\t\tdata-filter-animation=\"off\"\n\t\t\t>\n\t\t\t\t\t\t\t\t\t\t\t\n\t\t\t\t\n\t\t\t\t<li class=\"l-col-6@md l-col-4@lg \" data-filter=\"ledning\">\n\t\t\t\t\t<article class=\"c-card \" data-variant=\"neutral\">\n\t\t\t\t\t\t<div class=\"c-card__content u-text-center\">\n\t\t\t\t\t\t\t\t\t\t\t\t\t\t\t<h3 class=\"c-card__title u-font-title-3\">\n\t\t\t\t\t\t\t\t\tDalila Adilagi\u0107\n\t\t\t\t\t\t\t\t<\/h3>\n\t\t\t\t\t\t\t\n\t\t\t\t\t\t\t\t\t\t\t\t\t\t\t<p class=\"position u-font-body\">Rektor<\/p>\n\t\t\t\t\t\t\t\n\t\t\t\t\t\t\t\t\t\t\t\t\t\t\t<div class=\"contact-info u-font-body\">\n\t\t\t\t\t\t\t\t\t\t\t\t\t\t\t\t\t\t\t\t\t\t\t\t\t\t\t\t\t\t<p class=\"phone\"><a\n\t\t\t\t\t\t\t\t\t\t\t\t\thref=\"tel:0761004706\"\n\t\t\t\t\t\t\t\t\t\t\t\t\tclass=\"u-text-link\">076-100 47 06<\/a>\n\t\t\t\t\t\t\t\t\t\t\t<\/p>\n\t\t\t\t\t\t\t\t\t\t\t\t\t\t\t\t\t\t\t\n\t\t\t\t\t\t\t\t\t\t\t\t\t\t\t\t\t\t\t\t\t\t\t\t\t\t\t\t\t\t<p class=\"email\"><a\n\t\t\t\t\t\t\t\t\t\t\t\t\thref=\"&#109;a&#105;l&#116;o:d&#097;&#108;i&#108;&#097;&#046;ad&#105;&#108;ag&#105;&#099;&#064;&#110;&#116;&#105;&#103;&#046;se\"\n\t\t\t\t\t\t\t\t\t\t\t\t\tclass=\"u-text-link\">&#100;&#097;l&#105;l&#097;&#046;a&#100;&#105;&#108;&#097;g&#105;c&#064;&#110;&#116;i&#103;&#046;se<\/a>\n\t\t\t\t\t\t\t\t\t\t\t<\/p>\n\t\t\t\t\t\t\t\t\t\t\t\t\t\t\t\t\t\t\t\t\t\t\t\t\t\t\t<\/div>\n\t\t\t\t\t\t\t\n\t\t\t\t\t\t\t\t\t\t\t\t\t<\/div>\n\t\t\t\t\t\t<div class=\"c-card__media\">\n\t\t\t\t\t\t\t\t\t\t\t\t\t\t\t\t\t\t\t\t\t\t\t\t\t\t\t\t\t\t\t\t\t\t\t\t\t\t\t\t\t\t\t\t\t\t\t\t\t<img decoding=\"async\" width=\"200\" height=\"200\" src=\"https:\/\/ntigymnasiet.se\/wp-content\/uploads\/sites\/8\/2023\/05\/adilagic-dalila.png\" class=\"u-radius-round u-ratio-landscape  \" alt=\"Portr\u00e4ttbild Dalila Adilagi\u0107 - rektor.\" sizes=\"(max-width: 300px) 100vw, 300px\" srcset=\"https:\/\/ntigymnasiet.se\/wp-content\/uploads\/sites\/8\/2023\/05\/adilagic-dalila.png 200w, https:\/\/ntigymnasiet.se\/wp-content\/uploads\/sites\/8\/2023\/05\/adilagic-dalila-150x150.png 150w\" \/>\n\t\t\t\t\t\t<\/div>\n\t\t\t\t\t<\/article>\n\t\t\t\t<\/li>\n\t\t\t\t\t<\/ul>\n\n\t\t\n\t\t    <div class=\"ams-contact__more u-inline-items js-load-more-btn\">\n        <button href=\"#\"\n                class=\"c-btn\"\n                data-style=\"rounded\"\n                data-size=\"md\"\n                data-width=\"full-mobile\"\n                data-variant=\"outline\">\n        \tVisa mer\n        <\/button>\n    <\/div>\n\n\t\t\t<\/div>\n\n\t\t\n\n<\/section>\n\n\n\n\n<section  class=\"ams-cta ams-cta--stacked c-block l-stacked\" data-color-scheme=\"vit\">\n\t<div class=\"l-container-narrow l-stack l-stack-fluid-2xl u-pt-fluid-3xl-6xl u-pb-fluid-3xl-6xl is-center is-center@md\">\n\t\t\t\t\t<div class=\"ams-cta__intro l-stack l-stack-lg\">\n\t\t\t\t\t\n\t<h2\n\tclass=\"c-heading u-font-title-1 \"\n\tstyle=\"\">\n\t\t\n\t\t\t\t\tVill du veta mer om oss?\n\t\t\t\t\n\t<\/h2>\n\n\t\t\t\t\t\t\t<\/div>\n\t\t\n\t\t\n\t\t\t<div class=\"ams-cta__action u-inline-items\">\n\t\t\t\t\t\t\t\n\n\n<a href=\"https:\/\/ntigymnasiet.se\/kristianstad\/var-skola\/\"\n\t\n\tclass=\"c-btn \"\n\tdata-style=\"rounded\"\n\tdata-size=\"md\"\n\tdata-width=\"full-mobile\"\n\tdata-variant=\"default\"\n\ttarget=\"_self\">\n\t\t\t<span class=\"label\"> L\u00e4s mer om oss<\/span>\n\t\t\t<\/a>\n\t\t\t<\/div>\n\t<\/div>\n\n\t\t\n\n<\/section>\n","protected":false},"excerpt":{"rendered":"<p>V\u00e5rt fokus \u00e4r p\u00e5 din kunskapsutveckling Sedan 2018 bedriver vi tech-utbildningar med siktet tydligt inst\u00e4llt p\u00e5 att ge v\u00e5ra elever de n\u00f6dv\u00e4ndiga kunskaperna och verktygen som beh\u00f6vs f\u00f6r framg\u00e5ngsrika studier och som g\u00f6r dem attraktiva p\u00e5 arbetsmarknaden. F\u00f6r mig \u00e4r NTI Gymnasiet den i s\u00e4rklass b\u00e4sta skolan i Kristianstad. V\u00e5r personal har en enorm kompetens&#8230;<\/p>\n","protected":false},"author":4,"featured_media":0,"parent":191,"menu_order":0,"comment_status":"closed","ping_status":"closed","template":"","meta":{"footnotes":""},"yoast_head":"<!-- This site is optimized with the Yoast SEO plugin v22.0 - https:\/\/yoast.com\/wordpress\/plugins\/seo\/ -->\n<title>Rektorn har ordet - NTI Gymnasiet Kristianstad<\/title>\n<meta name=\"description\" content=\"Jag heter Dalila Adilagic och \u00e4r rektor p\u00e5 NTI Kristianstad sedan v\u00e5ren 2020. V\u00e4lkommen till NTI Gymnasiet!\" \/>\n<meta name=\"robots\" content=\"index, follow, max-snippet:-1, max-image-preview:large, max-video-preview:-1\" \/>\n<link rel=\"canonical\" href=\"https:\/\/ntigymnasiet.se\/kristianstad\/var-skola\/rektorn-har-ordet\/\" \/>\n<meta property=\"og:locale\" content=\"sv_SE\" \/>\n<meta property=\"og:type\" content=\"article\" \/>\n<meta property=\"og:title\" content=\"Rektorn har ordet - NTI Gymnasiet Kristianstad\" \/>\n<meta property=\"og:description\" content=\"Jag heter Dalila Adilagic och \u00e4r rektor p\u00e5 NTI Kristianstad sedan v\u00e5ren 2020. V\u00e4lkommen till NTI Gymnasiet!\" \/>\n<meta property=\"og:url\" content=\"https:\/\/ntigymnasiet.se\/kristianstad\/var-skola\/rektorn-har-ordet\/\" \/>\n<meta property=\"og:site_name\" content=\"Kristianstad\" \/>\n<meta property=\"article:modified_time\" content=\"2024-01-31T15:30:39+00:00\" \/>\n<meta name=\"twitter:card\" content=\"summary_large_image\" \/>\n<meta name=\"twitter:title\" content=\"Rektorn har ordet - NTI Gymnasiet Kristianstad\" \/>\n<meta name=\"twitter:description\" content=\"Jag heter Dalila Adilagic och \u00e4r rektor p\u00e5 NTI Kristianstad sedan v\u00e5ren 2020. V\u00e4lkommen till NTI Gymnasiet!\" \/>\n<meta name=\"twitter:label1\" content=\"Est. reading time\" \/>\n\t<meta name=\"twitter:data1\" content=\"1 minut\" \/>\n<script type=\"application\/ld+json\" class=\"yoast-schema-graph\">{\"@context\":\"https:\/\/schema.org\",\"@graph\":[{\"@type\":\"WebPage\",\"@id\":\"https:\/\/ntigymnasiet.se\/kristianstad\/var-skola\/rektorn-har-ordet\/\",\"url\":\"https:\/\/ntigymnasiet.se\/kristianstad\/var-skola\/rektorn-har-ordet\/\",\"name\":\"Rektorn har ordet - NTI Gymnasiet Kristianstad\",\"isPartOf\":{\"@id\":\"https:\/\/ntigymnasiet.se\/kristianstad\/#website\"},\"datePublished\":\"2023-03-31T14:52:25+00:00\",\"dateModified\":\"2024-01-31T15:30:39+00:00\",\"description\":\"Jag heter Dalila Adilagic och \u00e4r rektor p\u00e5 NTI Kristianstad sedan v\u00e5ren 2020. V\u00e4lkommen till NTI Gymnasiet!\",\"breadcrumb\":{\"@id\":\"https:\/\/ntigymnasiet.se\/kristianstad\/var-skola\/rektorn-har-ordet\/#breadcrumb\"},\"inLanguage\":\"sv-SE\",\"potentialAction\":[{\"@type\":\"ReadAction\",\"target\":[\"https:\/\/ntigymnasiet.se\/kristianstad\/var-skola\/rektorn-har-ordet\/\"]}]},{\"@type\":\"BreadcrumbList\",\"@id\":\"https:\/\/ntigymnasiet.se\/kristianstad\/var-skola\/rektorn-har-ordet\/#breadcrumb\",\"itemListElement\":[{\"@type\":\"ListItem\",\"position\":1,\"name\":\"Start\",\"item\":\"https:\/\/ntigymnasiet.se\/kristianstad\/\"},{\"@type\":\"ListItem\",\"position\":2,\"name\":\"V\u00e5r skola\",\"item\":\"https:\/\/ntigymnasiet.se\/kristianstad\/var-skola\/\"},{\"@type\":\"ListItem\",\"position\":3,\"name\":\"Rektorn har ordet\"}]},{\"@type\":\"WebSite\",\"@id\":\"https:\/\/ntigymnasiet.se\/kristianstad\/#website\",\"url\":\"https:\/\/ntigymnasiet.se\/kristianstad\/\",\"name\":\"Kristianstad\",\"description\":\"Just another WordPress site\",\"potentialAction\":[{\"@type\":\"SearchAction\",\"target\":{\"@type\":\"EntryPoint\",\"urlTemplate\":\"https:\/\/ntigymnasiet.se\/kristianstad\/?s={search_term_string}\"},\"query-input\":\"required name=search_term_string\"}],\"inLanguage\":\"sv-SE\"}]}<\/script>\n<!-- \/ Yoast SEO plugin. -->","yoast_head_json":{"title":"Rektorn har ordet - NTI Gymnasiet Kristianstad","description":"Jag heter Dalila Adilagic och \u00e4r rektor p\u00e5 NTI Kristianstad sedan v\u00e5ren 2020. V\u00e4lkommen till NTI Gymnasiet!","robots":{"index":"index","follow":"follow","max-snippet":"max-snippet:-1","max-image-preview":"max-image-preview:large","max-video-preview":"max-video-preview:-1"},"canonical":"https:\/\/ntigymnasiet.se\/kristianstad\/var-skola\/rektorn-har-ordet\/","og_locale":"sv_SE","og_type":"article","og_title":"Rektorn har ordet - NTI Gymnasiet Kristianstad","og_description":"Jag heter Dalila Adilagic och \u00e4r rektor p\u00e5 NTI Kristianstad sedan v\u00e5ren 2020. V\u00e4lkommen till NTI Gymnasiet!","og_url":"https:\/\/ntigymnasiet.se\/kristianstad\/var-skola\/rektorn-har-ordet\/","og_site_name":"Kristianstad","article_modified_time":"2024-01-31T15:30:39+00:00","twitter_card":"summary_large_image","twitter_title":"Rektorn har ordet - NTI Gymnasiet Kristianstad","twitter_description":"Jag heter Dalila Adilagic och \u00e4r rektor p\u00e5 NTI Kristianstad sedan v\u00e5ren 2020. V\u00e4lkommen till NTI Gymnasiet!","twitter_misc":{"Est. reading time":"1 minut"},"schema":{"@context":"https:\/\/schema.org","@graph":[{"@type":"WebPage","@id":"https:\/\/ntigymnasiet.se\/kristianstad\/var-skola\/rektorn-har-ordet\/","url":"https:\/\/ntigymnasiet.se\/kristianstad\/var-skola\/rektorn-har-ordet\/","name":"Rektorn har ordet - NTI Gymnasiet Kristianstad","isPartOf":{"@id":"https:\/\/ntigymnasiet.se\/kristianstad\/#website"},"datePublished":"2023-03-31T14:52:25+00:00","dateModified":"2024-01-31T15:30:39+00:00","description":"Jag heter Dalila Adilagic och \u00e4r rektor p\u00e5 NTI Kristianstad sedan v\u00e5ren 2020. V\u00e4lkommen till NTI Gymnasiet!","breadcrumb":{"@id":"https:\/\/ntigymnasiet.se\/kristianstad\/var-skola\/rektorn-har-ordet\/#breadcrumb"},"inLanguage":"sv-SE","potentialAction":[{"@type":"ReadAction","target":["https:\/\/ntigymnasiet.se\/kristianstad\/var-skola\/rektorn-har-ordet\/"]}]},{"@type":"BreadcrumbList","@id":"https:\/\/ntigymnasiet.se\/kristianstad\/var-skola\/rektorn-har-ordet\/#breadcrumb","itemListElement":[{"@type":"ListItem","position":1,"name":"Start","item":"https:\/\/ntigymnasiet.se\/kristianstad\/"},{"@type":"ListItem","position":2,"name":"V\u00e5r skola","item":"https:\/\/ntigymnasiet.se\/kristianstad\/var-skola\/"},{"@type":"ListItem","position":3,"name":"Rektorn har ordet"}]},{"@type":"WebSite","@id":"https:\/\/ntigymnasiet.se\/kristianstad\/#website","url":"https:\/\/ntigymnasiet.se\/kristianstad\/","name":"Kristianstad","description":"Just another WordPress site","potentialAction":[{"@type":"SearchAction","target":{"@type":"EntryPoint","urlTemplate":"https:\/\/ntigymnasiet.se\/kristianstad\/?s={search_term_string}"},"query-input":"required name=search_term_string"}],"inLanguage":"sv-SE"}]}},"_links":{"self":[{"href":"https:\/\/ntigymnasiet.se\/kristianstad\/wp-json\/wp\/v2\/pages\/199"}],"collection":[{"href":"https:\/\/ntigymnasiet.se\/kristianstad\/wp-json\/wp\/v2\/pages"}],"about":[{"href":"https:\/\/ntigymnasiet.se\/kristianstad\/wp-json\/wp\/v2\/types\/page"}],"author":[{"embeddable":true,"href":"https:\/\/ntigymnasiet.se\/kristianstad\/wp-json\/wp\/v2\/users\/4"}],"replies":[{"embeddable":true,"href":"https:\/\/ntigymnasiet.se\/kristianstad\/wp-json\/wp\/v2\/comments?post=199"}],"version-history":[{"count":10,"href":"https:\/\/ntigymnasiet.se\/kristianstad\/wp-json\/wp\/v2\/pages\/199\/revisions"}],"predecessor-version":[{"id":1234,"href":"https:\/\/ntigymnasiet.se\/kristianstad\/wp-json\/wp\/v2\/pages\/199\/revisions\/1234"}],"up":[{"embeddable":true,"href":"https:\/\/ntigymnasiet.se\/kristianstad\/wp-json\/wp\/v2\/pages\/191"}],"wp:attachment":[{"href":"https:\/\/ntigymnasiet.se\/kristianstad\/wp-json\/wp\/v2\/media?parent=199"}],"curies":[{"name":"wp","href":"https:\/\/api.w.org\/{rel}","templated":true}]}}