{"id":375,"date":"2023-04-25T08:05:11","date_gmt":"2023-04-25T06:05:11","guid":{"rendered":"https:\/\/ntigymnasiet.se\/kristianstad\/?page_id=375"},"modified":"2023-11-27T12:51:46","modified_gmt":"2023-11-27T11:51:46","slug":"kvalitet","status":"publish","type":"page","link":"https:\/\/ntigymnasiet.se\/kristianstad\/kvalitet\/","title":{"rendered":"Kvalitet"},"content":{"rendered":"\n\t<div class=\"module_wrapper ams_remote_pages_module \">\n\t\t\n\t\n\t\n\t\n\n\t\n\t\n\t\t\n<section  class=\"c-block l-stacked  \" data-color-scheme=\"vit\">\n\t<div class=\"ams-fifty ams-fifty--container ams-fifty--left ams-fifty--top l-container u-pt-fluid-3xl-6xl u-pb-fluid-3xl-6xl\">\n\t\t<div class=\"ams-fifty__content l-stack l-stack-xl is-center is-left@lg\">\n\t\t\t<div class=\"ams-fifty__text l-stack l-stack-lg\">\n\t\t\t\t\t\n\t<h1\n\tclass=\"c-heading u-font-title-1 \"\n\tstyle=\"\">\n\t\t\n\t\t\t\t\tKvalitet\n\t\t\t\t\n\t<\/h1>\n\n\t\t\t\t\t\t\t\t\t<div class=\"text l-stack u-font-body\">\n\t\t\t\t\t\t<p><span data-sheets-value=\"{&quot;1&quot;:2,&quot;2&quot;:&quot;Inom NTI Gymnasiet har vi ett l\u00e5ngsiktigt och framg\u00e5ngsrikt kvalitetsarbete med fokus p\u00e5 att samtliga elever ska ta examen och n\u00e5 s\u00e5 l\u00e5ngt som m\u00f6jligt. V\u00e5ra elever ska ges en god utbildning genom undervisning av kompetenta och engagerade l\u00e4rare.\\n\\nF\u00f6r att lyckas med detta f\u00f6ljer vi kontinuerligt och systematiskt upp v\u00e5ra resultat och ger eleverna m\u00f6jlighet att ber\u00e4tta om hur de upplever sin skola och undervisning. Utifr\u00e5n det som framkommer g\u00f6r vi analyser tillsammans med rektorer, l\u00e4rare och elever och arbetar med olika utvecklingsinsatser utifr\u00e5n behov som vi sedan f\u00f6ljer upp, analyserar och arbetar vidare med. P\u00e5 s\u00e5 vis utvecklas vi tillsammans med eleverna f\u00f6r att hela tiden bli \u00e4nnu b\u00e4ttre.&quot;}\" data-sheets-userformat=\"{&quot;2&quot;:513,&quot;3&quot;:{&quot;1&quot;:0},&quot;12&quot;:0}\">Inom NTI Gymnasiet har vi ett l\u00e5ngsiktigt och framg\u00e5ngsrikt kvalitetsarbete med fokus p\u00e5 att samtliga elever ska ta examen och n\u00e5 s\u00e5 l\u00e5ngt som m\u00f6jligt. V\u00e5ra elever ska ges en god utbildning genom undervisning av kompetenta och engagerade l\u00e4rare.<\/span><\/p>\n<p>&nbsp;<\/p>\n<h2><span data-sheets-value=\"{&quot;1&quot;:2,&quot;2&quot;:&quot;Inom NTI Gymnasiet har vi ett l\u00e5ngsiktigt och framg\u00e5ngsrikt kvalitetsarbete med fokus p\u00e5 att samtliga elever ska ta examen och n\u00e5 s\u00e5 l\u00e5ngt som m\u00f6jligt. V\u00e5ra elever ska ges en god utbildning genom undervisning av kompetenta och engagerade l\u00e4rare.\\n\\nF\u00f6r att lyckas med detta f\u00f6ljer vi kontinuerligt och systematiskt upp v\u00e5ra resultat och ger eleverna m\u00f6jlighet att ber\u00e4tta om hur de upplever sin skola och undervisning. Utifr\u00e5n det som framkommer g\u00f6r vi analyser tillsammans med rektorer, l\u00e4rare och elever och arbetar med olika utvecklingsinsatser utifr\u00e5n behov som vi sedan f\u00f6ljer upp, analyserar och arbetar vidare med. P\u00e5 s\u00e5 vis utvecklas vi tillsammans med eleverna f\u00f6r att hela tiden bli \u00e4nnu b\u00e4ttre.&quot;}\" data-sheets-userformat=\"{&quot;2&quot;:513,&quot;3&quot;:{&quot;1&quot;:0},&quot;12&quot;:0}\"><strong>Systematiskt kvalitetsarbete<\/strong><\/span><\/h2>\n<p><span data-sheets-value=\"{&quot;1&quot;:2,&quot;2&quot;:&quot;Inom NTI Gymnasiet har vi ett l\u00e5ngsiktigt och framg\u00e5ngsrikt kvalitetsarbete med fokus p\u00e5 att samtliga elever ska ta examen och n\u00e5 s\u00e5 l\u00e5ngt som m\u00f6jligt. V\u00e5ra elever ska ges en god utbildning genom undervisning av kompetenta och engagerade l\u00e4rare.\\n\\nF\u00f6r att lyckas med detta f\u00f6ljer vi kontinuerligt och systematiskt upp v\u00e5ra resultat och ger eleverna m\u00f6jlighet att ber\u00e4tta om hur de upplever sin skola och undervisning. Utifr\u00e5n det som framkommer g\u00f6r vi analyser tillsammans med rektorer, l\u00e4rare och elever och arbetar med olika utvecklingsinsatser utifr\u00e5n behov som vi sedan f\u00f6ljer upp, analyserar och arbetar vidare med. P\u00e5 s\u00e5 vis utvecklas vi tillsammans med eleverna f\u00f6r att hela tiden bli \u00e4nnu b\u00e4ttre.&quot;}\" data-sheets-userformat=\"{&quot;2&quot;:513,&quot;3&quot;:{&quot;1&quot;:0},&quot;12&quot;:0}\">F\u00f6r att lyckas med detta f\u00f6ljer vi kontinuerligt och systematiskt upp v\u00e5ra resultat och ger eleverna m\u00f6jlighet att ber\u00e4tta om hur de upplever sin skola och undervisning. Utifr\u00e5n det som framkommer g\u00f6r vi analyser tillsammans med rektorer, l\u00e4rare och elever och arbetar med olika utvecklingsinsatser utifr\u00e5n behov som vi sedan f\u00f6ljer upp, analyserar och arbetar vidare med. P\u00e5 s\u00e5 vis utvecklas vi tillsammans med eleverna f\u00f6r att hela tiden bli \u00e4nnu b\u00e4ttre.<\/span><\/p>\n\n\t\t\t\t\t<\/div>\n\t\t\t\t\t\t\t<\/div>\n\n\t\t\t\t\t<\/div>\n\n\t\t <div class=\"ams-fifty__media u-ratio-square\">\n\t\t \t\t\t\t\t<img decoding=\"async\" width=\"600\" height=\"600\" src=\"https:\/\/ntigymnasiet.se\/wp-content\/uploads\/2023\/04\/nti-kvalitetsarbete-202204-600x600.png\" class=\"attachment-md size-md\" alt=\"En l\u00e4rare och en elev l\u00f6ser ekvationer p\u00e5 tavlan.\" sizes=\"(min-width: 64em) 600px, calc(100vw - 160px)\" srcset=\"https:\/\/ntigymnasiet.se\/wp-content\/uploads\/2023\/04\/nti-kvalitetsarbete-202204-600x600.png 600w, https:\/\/ntigymnasiet.se\/wp-content\/uploads\/2023\/04\/nti-kvalitetsarbete-202204-150x150.png 150w, https:\/\/ntigymnasiet.se\/wp-content\/uploads\/2023\/04\/nti-kvalitetsarbete-202204-300x300.png 300w, https:\/\/ntigymnasiet.se\/wp-content\/uploads\/2023\/04\/nti-kvalitetsarbete-202204-400x400.png 400w, https:\/\/ntigymnasiet.se\/wp-content\/uploads\/2023\/04\/nti-kvalitetsarbete-202204.png 700w\" \/>\n\t\t\t\n\t\t\t\n\t\t\t\t\t<\/div>\n\t<\/div>\n\n\t\t\n\n<\/section>\n\t<\/div>\n\n\t\n\n\n\n<section  class=\"ams-info-card c-block l-stacked\" data-color-scheme=\"nyans2_av_p2-hover-standard\">\n\t<div class=\"l-container l-stack l-stack-fluid-2xl u-pt-fluid-3xl-6xl u-pb-fluid-3xl-6xl is-center is-center@md\">\n\t\t\t\t\t<div class=\"ams-info-card__intro l-stack l-stack-lg\">\n\t\t\t\t\t\n\t<h2\n\tclass=\"c-heading u-font-title-1 \"\n\tstyle=\"\">\n\t\t\n\t\t\t\t\tMer om v\u00e5rt kvalitetsarbete\n\t\t\t\t\n\t<\/h2>\n\n\t\t\t\t\t\t\t<\/div>\n\t\t\n\t\t\t\t\t\n<ul class=\"ams-info-card__list l-grid u-gap-2xl\">\n\t\t\t<li class=\"l-col-6@md l-col-4@lg\">\n\t\t\t<article\n\t\t\t\tclass=\"\n\t\t\t\tc-card\n\t\t\t\t\n\t\t\t\thas-media-zoom\n\t\t\t\t\n\t\t\t\t\"\n\t\t\t\tdata-variant=\"space\"\n\t\t\t\tdata-style=\"square\"\n\t\t\t\t data-click-area\n\t\t\t\t\n\t\t\t\t\n\t\t\t\t>\n\t\t\t\t<div class=\"c-card__content l-stack l-stack-sm is-left is-left@md\">\n\t\t\t\t\t\t\t\t\t\t\t<h3 class=\"c-card__title u-font-title-3\">\n\t\t\t\t\t\t\t\t\t\t\t\t\t\t\t<a class=\"c-card__link\" href=\"https:\/\/ntigymnasiet.se\/kristianstad\/kvalitet\/kvalitetsresultat\/\" target=\"_self\">\n\t\t\t\t\t\t\t\t\tV\u00e5ra kvalitetsresultat\n\t\t\t\t\t\t\t\t<\/a>\n\t\t\t\t\t\t\t\t\t\t\t\t\t<\/h3>\n\t\t\t\t\t\n\t\t\t\t\t\t\t\t\t\t\t<div class=\"c-card__text l-stack-xs u-font-body\">\n\t\t\t\t\t\t\t<p>Se kvalitetsrapporter f\u00f6r alla NTI Gymnasiets skolor.<\/p>\n\n\t\t\t\t\t\t<\/div>\n\t\t\t\t\t\n\t\t\t\t\t\t\t\t\t\t\t<div class=\"c-card__icon c-card__icon--nl\">\n\t\t\t\t\t\t\t\t\t\t\t\t\t\t<svg class=\"ams-icon ams-icon--arrow-right\" width=\"32\" height=\"32\" viewbox=\"0 0 32 32\" fill=\"currentColor\" aria-hidden=\"true\" xmlns=\"http:\/\/www.w3.org\/2000\/svg\">\n\t\t\t\t\t\t\t\t\t\t\t\t\t\t\t\t<path d=\"M15.4617 0.252159L14.9567 0.75931C14.6219 1.09545 14.6219 1.64048 14.9567 1.97669L27.7062 14.7806H0.857144C0.383786 14.7806 0 15.166 0 15.6414V16.3587C0 16.8341 0.383786 17.2195 0.857144 17.2195H27.7062L14.9567 30.0234C14.6219 30.3595 14.6219 30.9045 14.9567 31.2407L15.4617 31.7479C15.7964 32.084 16.3392 32.084 16.6739 31.7479L31.749 16.6087C32.0837 16.2725 32.0837 15.7275 31.749 15.3913L16.6739 0.252159C16.3392 -0.084053 15.7964 -0.084053 15.4617 0.252159Z\"\/>\n\t\t\t\t\t\t\t\n\t\t\t\t\t\t\t<\/svg>\n\t\t\t\t\t\t<\/div>\n\t\t\t\t\t\t\t\t\t<\/div>\n\n\t\t\t\t\t\t\t\t\t<div class=\"c-card__media \" style=\" \">\n\t\t\t\t\t\t<img decoding=\"async\" width=\"400\" height=\"146\" src=\"https:\/\/ntigymnasiet.se\/wp-content\/uploads\/sites\/8\/2023\/04\/nti-en-del-av-academedia-1-202204-e1746691462546-400x146.jpg\" class=\"\" alt=\"En grupp elever p\u00e5 NTI Gymnasiet st\u00e5r och pratar i korridoren.\" sizes=\"(min-width: 64em) 300px, (min-width: 48em) calc(.50 * (100vw - 304px)), calc(100vw - 208px)\" srcset=\"https:\/\/ntigymnasiet.se\/wp-content\/uploads\/sites\/8\/2023\/04\/nti-en-del-av-academedia-1-202204-e1746691462546-400x146.jpg 400w, https:\/\/ntigymnasiet.se\/wp-content\/uploads\/sites\/8\/2023\/04\/nti-en-del-av-academedia-1-202204-e1746691462546-300x109.jpg 300w, https:\/\/ntigymnasiet.se\/wp-content\/uploads\/sites\/8\/2023\/04\/nti-en-del-av-academedia-1-202204-e1746691462546-600x219.jpg 600w, https:\/\/ntigymnasiet.se\/wp-content\/uploads\/sites\/8\/2023\/04\/nti-en-del-av-academedia-1-202204-e1746691462546-800x292.jpg 800w, https:\/\/ntigymnasiet.se\/wp-content\/uploads\/sites\/8\/2023\/04\/nti-en-del-av-academedia-1-202204-e1746691462546-1024x373.jpg 1024w, https:\/\/ntigymnasiet.se\/wp-content\/uploads\/sites\/8\/2023\/04\/nti-en-del-av-academedia-1-202204-e1746691462546-1200x438.jpg 1200w, https:\/\/ntigymnasiet.se\/wp-content\/uploads\/sites\/8\/2023\/04\/nti-en-del-av-academedia-1-202204-e1746691462546.jpg 1920w\" \/>\n\t\t\t\t\t<\/div>\n\t\t\t\t\t\t\t<\/article>\n\t\t<\/li>\n\t\t\t<li class=\"l-col-6@md l-col-4@lg\">\n\t\t\t<article\n\t\t\t\tclass=\"\n\t\t\t\tc-card\n\t\t\t\t\n\t\t\t\thas-media-zoom\n\t\t\t\t\n\t\t\t\t\"\n\t\t\t\tdata-variant=\"space\"\n\t\t\t\tdata-style=\"square\"\n\t\t\t\t data-click-area\n\t\t\t\t\n\t\t\t\t\n\t\t\t\t>\n\t\t\t\t<div class=\"c-card__content l-stack l-stack-sm is-left is-left@md\">\n\t\t\t\t\t\t\t\t\t\t\t<h3 class=\"c-card__title u-font-title-3\">\n\t\t\t\t\t\t\t\t\t\t\t\t\t\t\t<a class=\"c-card__link\" href=\"https:\/\/ntigymnasiet.se\/kristianstad\/kvalitet\/synpunkter-pa-verksamheten\/\" target=\"_self\">\n\t\t\t\t\t\t\t\t\tL\u00e4mna synpunkter\n\t\t\t\t\t\t\t\t<\/a>\n\t\t\t\t\t\t\t\t\t\t\t\t\t<\/h3>\n\t\t\t\t\t\n\t\t\t\t\t\t\t\t\t\t\t<div class=\"c-card__text l-stack-xs u-font-body\">\n\t\t\t\t\t\t\t<p>F\u00e5 information om hur du l\u00e4mnar synpunkter och hur vi hanterar dem.<\/p>\n\n\t\t\t\t\t\t<\/div>\n\t\t\t\t\t\n\t\t\t\t\t\t\t\t\t\t\t<div class=\"c-card__icon c-card__icon--nl\">\n\t\t\t\t\t\t\t\t\t\t\t\t\t\t<svg class=\"ams-icon ams-icon--arrow-right\" width=\"32\" height=\"32\" viewbox=\"0 0 32 32\" fill=\"currentColor\" aria-hidden=\"true\" xmlns=\"http:\/\/www.w3.org\/2000\/svg\">\n\t\t\t\t\t\t\t\t\t\t\t\t\t\t\t\t<path d=\"M15.4617 0.252159L14.9567 0.75931C14.6219 1.09545 14.6219 1.64048 14.9567 1.97669L27.7062 14.7806H0.857144C0.383786 14.7806 0 15.166 0 15.6414V16.3587C0 16.8341 0.383786 17.2195 0.857144 17.2195H27.7062L14.9567 30.0234C14.6219 30.3595 14.6219 30.9045 14.9567 31.2407L15.4617 31.7479C15.7964 32.084 16.3392 32.084 16.6739 31.7479L31.749 16.6087C32.0837 16.2725 32.0837 15.7275 31.749 15.3913L16.6739 0.252159C16.3392 -0.084053 15.7964 -0.084053 15.4617 0.252159Z\"\/>\n\t\t\t\t\t\t\t\n\t\t\t\t\t\t\t<\/svg>\n\t\t\t\t\t\t<\/div>\n\t\t\t\t\t\t\t\t\t<\/div>\n\n\t\t\t\t\t\t\t\t\t<div class=\"c-card__media \" style=\" \">\n\t\t\t\t\t\t<img decoding=\"async\" width=\"400\" height=\"225\" src=\"https:\/\/ntigymnasiet.se\/wp-content\/uploads\/sites\/8\/2023\/04\/nti-kvalitetsarbete-gymnasiet-202204-400x225.jpg\" class=\"\" alt=\"Flera elever sitter i klassrummet. N\u00e4rmst kameran sitter en kille och en tjej vid sina datorer och pratar under en lektion.\" sizes=\"(min-width: 64em) 300px, (min-width: 48em) calc(.50 * (100vw - 304px)), calc(100vw - 208px)\" srcset=\"https:\/\/ntigymnasiet.se\/wp-content\/uploads\/sites\/8\/2023\/04\/nti-kvalitetsarbete-gymnasiet-202204-400x225.jpg 400w, https:\/\/ntigymnasiet.se\/wp-content\/uploads\/sites\/8\/2023\/04\/nti-kvalitetsarbete-gymnasiet-202204-300x169.jpg 300w, https:\/\/ntigymnasiet.se\/wp-content\/uploads\/sites\/8\/2023\/04\/nti-kvalitetsarbete-gymnasiet-202204-600x338.jpg 600w, https:\/\/ntigymnasiet.se\/wp-content\/uploads\/sites\/8\/2023\/04\/nti-kvalitetsarbete-gymnasiet-202204-800x450.jpg 800w, https:\/\/ntigymnasiet.se\/wp-content\/uploads\/sites\/8\/2023\/04\/nti-kvalitetsarbete-gymnasiet-202204-1024x576.jpg 1024w, https:\/\/ntigymnasiet.se\/wp-content\/uploads\/sites\/8\/2023\/04\/nti-kvalitetsarbete-gymnasiet-202204-1200x675.jpg 1200w, https:\/\/ntigymnasiet.se\/wp-content\/uploads\/sites\/8\/2023\/04\/nti-kvalitetsarbete-gymnasiet-202204.jpg 1920w\" \/>\n\t\t\t\t\t<\/div>\n\t\t\t\t\t\t\t<\/article>\n\t\t<\/li>\n\t\t\t<li class=\"l-col-6@md l-col-4@lg\">\n\t\t\t<article\n\t\t\t\tclass=\"\n\t\t\t\tc-card\n\t\t\t\t\n\t\t\t\thas-media-zoom\n\t\t\t\t\n\t\t\t\t\"\n\t\t\t\tdata-variant=\"space\"\n\t\t\t\tdata-style=\"square\"\n\t\t\t\t data-click-area\n\t\t\t\t\n\t\t\t\t\n\t\t\t\t>\n\t\t\t\t<div class=\"c-card__content l-stack l-stack-sm is-left is-left@md\">\n\t\t\t\t\t\t\t\t\t\t\t<h3 class=\"c-card__title u-font-title-3\">\n\t\t\t\t\t\t\t\t\t\t\t\t\t\t\t<a class=\"c-card__link\" href=\"https:\/\/ntigymnasiet.se\/kristianstad\/kontakt\/\" target=\"_self\">\n\t\t\t\t\t\t\t\t\tKontakta oss\n\t\t\t\t\t\t\t\t<\/a>\n\t\t\t\t\t\t\t\t\t\t\t\t\t<\/h3>\n\t\t\t\t\t\n\t\t\t\t\t\t\t\t\t\t\t<div class=\"c-card__text l-stack-xs u-font-body\">\n\t\t\t\t\t\t\t<p>Har du n\u00e5gra fr\u00e5gor om v\u00e5rt kvalitetsarbete? H\u00f6r av dig till oss!<\/p>\n\n\t\t\t\t\t\t<\/div>\n\t\t\t\t\t\n\t\t\t\t\t\t\t\t\t\t\t<div class=\"c-card__icon c-card__icon--nl\">\n\t\t\t\t\t\t\t\t\t\t\t\t\t\t<svg class=\"ams-icon ams-icon--arrow-right\" width=\"32\" height=\"32\" viewbox=\"0 0 32 32\" fill=\"currentColor\" aria-hidden=\"true\" xmlns=\"http:\/\/www.w3.org\/2000\/svg\">\n\t\t\t\t\t\t\t\t\t\t\t\t\t\t\t\t<path d=\"M15.4617 0.252159L14.9567 0.75931C14.6219 1.09545 14.6219 1.64048 14.9567 1.97669L27.7062 14.7806H0.857144C0.383786 14.7806 0 15.166 0 15.6414V16.3587C0 16.8341 0.383786 17.2195 0.857144 17.2195H27.7062L14.9567 30.0234C14.6219 30.3595 14.6219 30.9045 14.9567 31.2407L15.4617 31.7479C15.7964 32.084 16.3392 32.084 16.6739 31.7479L31.749 16.6087C32.0837 16.2725 32.0837 15.7275 31.749 15.3913L16.6739 0.252159C16.3392 -0.084053 15.7964 -0.084053 15.4617 0.252159Z\"\/>\n\t\t\t\t\t\t\t\n\t\t\t\t\t\t\t<\/svg>\n\t\t\t\t\t\t<\/div>\n\t\t\t\t\t\t\t\t\t<\/div>\n\n\t\t\t\t\t\t\t\t\t<div class=\"c-card__media \" style=\" \">\n\t\t\t\t\t\t<img decoding=\"async\" width=\"400\" height=\"225\" src=\"https:\/\/ntigymnasiet.se\/wp-content\/uploads\/sites\/8\/2023\/04\/nti-en-del-av-academedia-2-202204-400x225.jpg\" class=\"\" alt=\"En elev \u00e4r vid en 3D-printer.\" sizes=\"(min-width: 64em) 300px, (min-width: 48em) calc(.50 * (100vw - 304px)), calc(100vw - 208px)\" srcset=\"https:\/\/ntigymnasiet.se\/wp-content\/uploads\/sites\/8\/2023\/04\/nti-en-del-av-academedia-2-202204-400x225.jpg 400w, https:\/\/ntigymnasiet.se\/wp-content\/uploads\/sites\/8\/2023\/04\/nti-en-del-av-academedia-2-202204-300x169.jpg 300w, https:\/\/ntigymnasiet.se\/wp-content\/uploads\/sites\/8\/2023\/04\/nti-en-del-av-academedia-2-202204-600x338.jpg 600w, https:\/\/ntigymnasiet.se\/wp-content\/uploads\/sites\/8\/2023\/04\/nti-en-del-av-academedia-2-202204-800x450.jpg 800w, https:\/\/ntigymnasiet.se\/wp-content\/uploads\/sites\/8\/2023\/04\/nti-en-del-av-academedia-2-202204-1024x576.jpg 1024w, https:\/\/ntigymnasiet.se\/wp-content\/uploads\/sites\/8\/2023\/04\/nti-en-del-av-academedia-2-202204-1200x675.jpg 1200w, https:\/\/ntigymnasiet.se\/wp-content\/uploads\/sites\/8\/2023\/04\/nti-en-del-av-academedia-2-202204.jpg 1920w\" \/>\n\t\t\t\t\t<\/div>\n\t\t\t\t\t\t\t<\/article>\n\t\t<\/li>\n\t<\/ul>\n\t\n\t\t\t<\/div>\n\n\t\t\n\n<\/section>\n","protected":false},"excerpt":{"rendered":"","protected":false},"author":5,"featured_media":0,"parent":0,"menu_order":0,"comment_status":"closed","ping_status":"closed","template":"","meta":{"footnotes":""},"yoast_head":"<!-- This site is optimized with the Yoast SEO plugin v22.0 - https:\/\/yoast.com\/wordpress\/plugins\/seo\/ -->\n<title>Kvalitet - NTI Gymnasiet Kristianstad<\/title>\n<meta name=\"description\" content=\"V\u00e5ra elever ska ges en god utbildning genom undervisning av kompetenta och engagerade l\u00e4rare. V\u00e4lkommen till NTI Gymnasiet!\" \/>\n<meta name=\"robots\" content=\"index, follow, max-snippet:-1, max-image-preview:large, max-video-preview:-1\" \/>\n<link rel=\"canonical\" href=\"https:\/\/ntigymnasiet.se\/kvalitet\/\" \/>\n<meta property=\"og:locale\" content=\"sv_SE\" \/>\n<meta property=\"og:type\" content=\"article\" \/>\n<meta property=\"og:title\" content=\"Kvalitet - NTI Gymnasiet Kristianstad\" \/>\n<meta property=\"og:description\" content=\"V\u00e5ra elever ska ges en god utbildning genom undervisning av kompetenta och engagerade l\u00e4rare. V\u00e4lkommen till NTI Gymnasiet!\" \/>\n<meta property=\"og:url\" content=\"https:\/\/ntigymnasiet.se\/kvalitet\/\" \/>\n<meta property=\"og:site_name\" content=\"Kristianstad\" \/>\n<meta property=\"article:modified_time\" content=\"2023-11-27T11:51:46+00:00\" \/>\n<meta name=\"twitter:card\" content=\"summary_large_image\" \/>\n<meta name=\"twitter:title\" content=\"Kvalitet - NTI Gymnasiet Kristianstad\" \/>\n<meta name=\"twitter:description\" content=\"V\u00e5ra elever ska ges en god utbildning genom undervisning av kompetenta och engagerade l\u00e4rare. V\u00e4lkommen till NTI Gymnasiet!\" \/>\n<script type=\"application\/ld+json\" class=\"yoast-schema-graph\">{\"@context\":\"https:\/\/schema.org\",\"@graph\":[{\"@type\":\"WebPage\",\"@id\":\"https:\/\/ntigymnasiet.se\/kristianstad\/kvalitet\/\",\"url\":\"https:\/\/ntigymnasiet.se\/kvalitet\/\",\"name\":\"Kvalitet - NTI Gymnasiet Kristianstad\",\"isPartOf\":{\"@id\":\"https:\/\/ntigymnasiet.se\/kristianstad\/#website\"},\"datePublished\":\"2023-04-25T06:05:11+00:00\",\"dateModified\":\"2023-11-27T11:51:46+00:00\",\"description\":\"V\u00e5ra elever ska ges en god utbildning genom undervisning av kompetenta och engagerade l\u00e4rare. V\u00e4lkommen till NTI Gymnasiet!\",\"breadcrumb\":{\"@id\":\"https:\/\/ntigymnasiet.se\/kvalitet\/#breadcrumb\"},\"inLanguage\":\"sv-SE\",\"potentialAction\":[{\"@type\":\"ReadAction\",\"target\":[\"https:\/\/ntigymnasiet.se\/kvalitet\/\"]}]},{\"@type\":\"BreadcrumbList\",\"@id\":\"https:\/\/ntigymnasiet.se\/kvalitet\/#breadcrumb\",\"itemListElement\":[{\"@type\":\"ListItem\",\"position\":1,\"name\":\"Start\",\"item\":\"https:\/\/ntigymnasiet.se\/kristianstad\/\"},{\"@type\":\"ListItem\",\"position\":2,\"name\":\"Kvalitet\"}]},{\"@type\":\"WebSite\",\"@id\":\"https:\/\/ntigymnasiet.se\/kristianstad\/#website\",\"url\":\"https:\/\/ntigymnasiet.se\/kristianstad\/\",\"name\":\"Kristianstad\",\"description\":\"Just another WordPress site\",\"potentialAction\":[{\"@type\":\"SearchAction\",\"target\":{\"@type\":\"EntryPoint\",\"urlTemplate\":\"https:\/\/ntigymnasiet.se\/kristianstad\/?s={search_term_string}\"},\"query-input\":\"required name=search_term_string\"}],\"inLanguage\":\"sv-SE\"}]}<\/script>\n<!-- \/ Yoast SEO plugin. -->","yoast_head_json":{"title":"Kvalitet - NTI Gymnasiet Kristianstad","description":"V\u00e5ra elever ska ges en god utbildning genom undervisning av kompetenta och engagerade l\u00e4rare. V\u00e4lkommen till NTI Gymnasiet!","robots":{"index":"index","follow":"follow","max-snippet":"max-snippet:-1","max-image-preview":"max-image-preview:large","max-video-preview":"max-video-preview:-1"},"canonical":"https:\/\/ntigymnasiet.se\/kvalitet\/","og_locale":"sv_SE","og_type":"article","og_title":"Kvalitet - NTI Gymnasiet Kristianstad","og_description":"V\u00e5ra elever ska ges en god utbildning genom undervisning av kompetenta och engagerade l\u00e4rare. V\u00e4lkommen till NTI Gymnasiet!","og_url":"https:\/\/ntigymnasiet.se\/kvalitet\/","og_site_name":"Kristianstad","article_modified_time":"2023-11-27T11:51:46+00:00","twitter_card":"summary_large_image","twitter_title":"Kvalitet - NTI Gymnasiet Kristianstad","twitter_description":"V\u00e5ra elever ska ges en god utbildning genom undervisning av kompetenta och engagerade l\u00e4rare. V\u00e4lkommen till NTI Gymnasiet!","schema":{"@context":"https:\/\/schema.org","@graph":[{"@type":"WebPage","@id":"https:\/\/ntigymnasiet.se\/kristianstad\/kvalitet\/","url":"https:\/\/ntigymnasiet.se\/kvalitet\/","name":"Kvalitet - NTI Gymnasiet Kristianstad","isPartOf":{"@id":"https:\/\/ntigymnasiet.se\/kristianstad\/#website"},"datePublished":"2023-04-25T06:05:11+00:00","dateModified":"2023-11-27T11:51:46+00:00","description":"V\u00e5ra elever ska ges en god utbildning genom undervisning av kompetenta och engagerade l\u00e4rare. V\u00e4lkommen till NTI Gymnasiet!","breadcrumb":{"@id":"https:\/\/ntigymnasiet.se\/kvalitet\/#breadcrumb"},"inLanguage":"sv-SE","potentialAction":[{"@type":"ReadAction","target":["https:\/\/ntigymnasiet.se\/kvalitet\/"]}]},{"@type":"BreadcrumbList","@id":"https:\/\/ntigymnasiet.se\/kvalitet\/#breadcrumb","itemListElement":[{"@type":"ListItem","position":1,"name":"Start","item":"https:\/\/ntigymnasiet.se\/kristianstad\/"},{"@type":"ListItem","position":2,"name":"Kvalitet"}]},{"@type":"WebSite","@id":"https:\/\/ntigymnasiet.se\/kristianstad\/#website","url":"https:\/\/ntigymnasiet.se\/kristianstad\/","name":"Kristianstad","description":"Just another WordPress site","potentialAction":[{"@type":"SearchAction","target":{"@type":"EntryPoint","urlTemplate":"https:\/\/ntigymnasiet.se\/kristianstad\/?s={search_term_string}"},"query-input":"required name=search_term_string"}],"inLanguage":"sv-SE"}]}},"_links":{"self":[{"href":"https:\/\/ntigymnasiet.se\/kristianstad\/wp-json\/wp\/v2\/pages\/375"}],"collection":[{"href":"https:\/\/ntigymnasiet.se\/kristianstad\/wp-json\/wp\/v2\/pages"}],"about":[{"href":"https:\/\/ntigymnasiet.se\/kristianstad\/wp-json\/wp\/v2\/types\/page"}],"author":[{"embeddable":true,"href":"https:\/\/ntigymnasiet.se\/kristianstad\/wp-json\/wp\/v2\/users\/5"}],"replies":[{"embeddable":true,"href":"https:\/\/ntigymnasiet.se\/kristianstad\/wp-json\/wp\/v2\/comments?post=375"}],"version-history":[{"count":6,"href":"https:\/\/ntigymnasiet.se\/kristianstad\/wp-json\/wp\/v2\/pages\/375\/revisions"}],"predecessor-version":[{"id":476,"href":"https:\/\/ntigymnasiet.se\/kristianstad\/wp-json\/wp\/v2\/pages\/375\/revisions\/476"}],"wp:attachment":[{"href":"https:\/\/ntigymnasiet.se\/kristianstad\/wp-json\/wp\/v2\/media?parent=375"}],"curies":[{"name":"wp","href":"https:\/\/api.w.org\/{rel}","templated":true}]}}