{"id":389,"date":"2023-04-25T08:17:30","date_gmt":"2023-04-25T06:17:30","guid":{"rendered":"https:\/\/ntigymnasiet.se\/kristianstad\/?page_id=389"},"modified":"2023-11-27T12:54:38","modified_gmt":"2023-11-27T11:54:38","slug":"synpunkter-pa-verksamheten","status":"publish","type":"page","link":"https:\/\/ntigymnasiet.se\/kristianstad\/kvalitet\/synpunkter-pa-verksamheten\/","title":{"rendered":"Synpunkter p\u00e5 verksamheten"},"content":{"rendered":"\n\t<div class=\"module_wrapper ams_remote_pages_module \">\n\t\t\n\n<section  class=\"ams-timeline c-block l-stacked\" data-color-scheme=\"bakgrund-card-cta1-dark-hover-standard_standard\">\n\t<div class=\"l-container l-stack l-stack-fluid-2xl u-pt-fluid-3xl-6xl u-pb-fluid-3xl-6xl is-center is-center@md\">\n\t\t\t\t\t<div class=\"ams-timeline__intro l-stack l-stack-lg\">\n\t\t\t\t\t\n\t<h1\n\tclass=\"c-heading u-font-title-1 \"\n\tstyle=\"\">\n\t\t\n\t\t\t\t\tSynpunkter p\u00e5 NTI Gymnasiets verksamhet\n\t\t\t\t\n\t<\/h1>\n\n\t\t\t\t\t\t\t\t\t<div class=\"c-text l-stack u-cs-xl u-font-body\">\n\t\t\t\t\t\t<p>Vi vill att v\u00e5r skola ska vara s\u00e5 bra som m\u00f6jligt f\u00f6r alla. V\u00e5rt m\u00e5l \u00e4r att erbjuda en h\u00f6g och god kvalitet i alla v\u00e5ra verksamheter. D\u00e4rf\u00f6r \u00e4r det viktigt att vi f\u00e5r information om eventuella brister, s\u00e5 att vi i dialog med dig kan f\u00f6rb\u00e4ttra och utveckla verksamheten.<\/p>\n<p><strong><br \/>\nS\u00e5 l\u00e4mnar du synpunkter:<\/strong><\/p>\n\n\t\t\t\t\t<\/div>\n\t\t\t\t\t\t\t<\/div>\n\t\t\n\t\t\t\t\t\n<ol class=\"c-steps\" data-variant=\"horizontal\" data-size=\"md\">\n\t\t\t<li class=\"c-steps__item \"\n\t\t\t\n\t\t\t>\n\t\t\t\t\t\t\t<div class=\"c-steps__circle u-radius-round\">\n\t\t\t\t\t\t\t\t\t\t\t<img decoding=\"async\" src=\"https:\/\/ntigymnasiet.se\/wp-content\/uploads\/2023\/08\/nti1rityta-1.svg\" class=\"\" alt=\"Siffran ett.\" height=\"84\" width=\"84\" \/>\n\t\t\t\t\t\t\t\t\t<\/div>\n\t\t\t\n\t\t\t\t\t\t\t<div class=\"c-steps__content l-stack-xs\">\n\t\t\t\t\t\n\t\t\t\t\t\t\t\t\t\t\t<div class=\"c-steps__text l-stack-sm u-font-body\">\n\t\t\t\t\t\t\t<p>I f\u00f6rsta hand ska du v\u00e4nda dig till ber\u00f6rd skolpersonal med dina synpunkter.<\/p>\n\n\t\t\t\t\t\t<\/div>\n\t\t\t\t\t\t\t\t\t<\/div>\n\t\t\t\t\t<\/li>\n\t\t\t<li class=\"c-steps__item \"\n\t\t\t\n\t\t\t>\n\t\t\t\t\t\t\t<div class=\"c-steps__circle u-radius-round\">\n\t\t\t\t\t\t\t\t\t\t\t<img decoding=\"async\" src=\"https:\/\/ntigymnasiet.se\/wp-content\/uploads\/2023\/08\/nti2.svg\" class=\"\" alt=\"Siffran tv\u00e5.\" height=\"84\" width=\"84\" \/>\n\t\t\t\t\t\t\t\t\t<\/div>\n\t\t\t\n\t\t\t\t\t\t\t<div class=\"c-steps__content l-stack-xs\">\n\t\t\t\t\t\n\t\t\t\t\t\t\t\t\t\t\t<div class=\"c-steps__text l-stack-sm u-font-body\">\n\t\t\t\t\t\t\t<p>F\u00e5r du inte den respons du \u00f6nskar kan du kontakta rektorn p\u00e5 skolan.<\/p>\n\n\t\t\t\t\t\t<\/div>\n\t\t\t\t\t\t\t\t\t<\/div>\n\t\t\t\t\t<\/li>\n\t\t\t<li class=\"c-steps__item \"\n\t\t\t\n\t\t\t>\n\t\t\t\t\t\t\t<div class=\"c-steps__circle u-radius-round\">\n\t\t\t\t\t\t\t\t\t\t\t<img decoding=\"async\" src=\"https:\/\/ntigymnasiet.se\/wp-content\/uploads\/2023\/08\/nti3.svg\" class=\"\" alt=\"Siffran tre.\" height=\"84\" width=\"84\" \/>\n\t\t\t\t\t\t\t\t\t<\/div>\n\t\t\t\n\t\t\t\t\t\t\t<div class=\"c-steps__content l-stack-xs\">\n\t\t\t\t\t\n\t\t\t\t\t\t\t\t\t\t\t<div class=\"c-steps__text l-stack-sm u-font-body\">\n\t\t\t\t\t\t\t<p>Har du fortfarande synpunkter kan du v\u00e4nda dig till skolans huvudman via formul\u00e4ret nedan.<\/p>\n\n\t\t\t\t\t\t<\/div>\n\t\t\t\t\t\t\t\t\t<\/div>\n\t\t\t\t\t<\/li>\n\t<\/ol>\n\t\n\t\t\t<div class=\"ams-timeline__action u-inline-items\">\n\t\t\t\t\t\t\t\n\n\n<a href=\"https:\/\/ntigymnasiet.se\/lamna-synpunkt\/\"\n\t\n\tclass=\"c-btn \"\n\tdata-style=\"rounded\"\n\tdata-size=\"md\"\n\tdata-width=\"full-mobile\"\n\tdata-variant=\"default\"\n\ttarget=\"_blank\">\n\t\t\t<span class=\"label\"> Till formul\u00e4ret<\/span>\n\t\t\t<\/a>\n\t\t\t<\/div>\n\t<\/div>\n\n\t\t\n\n<\/section>\n\t<\/div>\n\n\t\n\n\n\n<section  class=\"ams-info-card c-block l-stacked\" data-color-scheme=\"nyans2_av_p2-hover-standard\">\n\t<div class=\"l-container l-stack l-stack-fluid-2xl u-pt-fluid-3xl-6xl u-pb-fluid-3xl-6xl is-center is-center@md\">\n\t\t\t\t\t<div class=\"ams-info-card__intro l-stack l-stack-lg\">\n\t\t\t\t\t\n\t<h2\n\tclass=\"c-heading u-font-title-1 \"\n\tstyle=\"\">\n\t\t\n\t\t\t\t\tMer om v\u00e5rt kvalitetsarbete\n\t\t\t\t\n\t<\/h2>\n\n\t\t\t\t\t\t\t<\/div>\n\t\t\n\t\t\t\t\t\n<ul class=\"ams-info-card__list l-grid u-gap-2xl\">\n\t\t\t<li class=\"l-col-6@md l-col-4@lg\">\n\t\t\t<article\n\t\t\t\tclass=\"\n\t\t\t\tc-card\n\t\t\t\t\n\t\t\t\thas-media-zoom\n\t\t\t\t\n\t\t\t\t\"\n\t\t\t\tdata-variant=\"space\"\n\t\t\t\tdata-style=\"square\"\n\t\t\t\t data-click-area\n\t\t\t\t\n\t\t\t\t\n\t\t\t\t>\n\t\t\t\t<div class=\"c-card__content l-stack l-stack-sm is-left is-left@md\">\n\t\t\t\t\t\t\t\t\t\t\t<h3 class=\"c-card__title u-font-title-3\">\n\t\t\t\t\t\t\t\t\t\t\t\t\t\t\t<a class=\"c-card__link\" href=\"https:\/\/ntigymnasiet.se\/kristianstad\/kvalitet\/\" target=\"_self\">\n\t\t\t\t\t\t\t\t\tV\u00e5rt kvalitetsarbete\n\t\t\t\t\t\t\t\t<\/a>\n\t\t\t\t\t\t\t\t\t\t\t\t\t<\/h3>\n\t\t\t\t\t\n\t\t\t\t\t\t\t\t\t\t\t<div class=\"c-card__text l-stack-xs u-font-body\">\n\t\t\t\t\t\t\t<p>L\u00e4s mer om hur vi bedriver ett l\u00e5ngsiktigt och systematiskt kvalitetsarbete.<\/p>\n\n\t\t\t\t\t\t<\/div>\n\t\t\t\t\t\n\t\t\t\t\t\t\t\t\t\t\t<div class=\"c-card__icon c-card__icon--nl\">\n\t\t\t\t\t\t\t\t\t\t\t\t\t\t<svg class=\"ams-icon ams-icon--arrow-right\" width=\"32\" height=\"32\" viewbox=\"0 0 32 32\" fill=\"currentColor\" aria-hidden=\"true\" xmlns=\"http:\/\/www.w3.org\/2000\/svg\">\n\t\t\t\t\t\t\t\t\t\t\t\t\t\t\t\t<path d=\"M15.4617 0.252159L14.9567 0.75931C14.6219 1.09545 14.6219 1.64048 14.9567 1.97669L27.7062 14.7806H0.857144C0.383786 14.7806 0 15.166 0 15.6414V16.3587C0 16.8341 0.383786 17.2195 0.857144 17.2195H27.7062L14.9567 30.0234C14.6219 30.3595 14.6219 30.9045 14.9567 31.2407L15.4617 31.7479C15.7964 32.084 16.3392 32.084 16.6739 31.7479L31.749 16.6087C32.0837 16.2725 32.0837 15.7275 31.749 15.3913L16.6739 0.252159C16.3392 -0.084053 15.7964 -0.084053 15.4617 0.252159Z\"\/>\n\t\t\t\t\t\t\t\n\t\t\t\t\t\t\t<\/svg>\n\t\t\t\t\t\t<\/div>\n\t\t\t\t\t\t\t\t\t<\/div>\n\n\t\t\t\t\t\t\t\t\t<div class=\"c-card__media \" style=\" \">\n\t\t\t\t\t\t<img decoding=\"async\" width=\"400\" height=\"225\" src=\"https:\/\/ntigymnasiet.se\/wp-content\/uploads\/sites\/8\/2023\/04\/nti-en-del-av-academedia-3-202204-400x225.jpg\" class=\"\" alt=\"En l\u00e4rare och en elev sitter vid en stor datorsk\u00e4rm, l\u00e4rare visar p\u00e5 sk\u00e4rmen.\" sizes=\"(min-width: 64em) 300px, (min-width: 48em) calc(.50 * (100vw - 304px)), calc(100vw - 208px)\" srcset=\"https:\/\/ntigymnasiet.se\/wp-content\/uploads\/sites\/8\/2023\/04\/nti-en-del-av-academedia-3-202204-400x225.jpg 400w, https:\/\/ntigymnasiet.se\/wp-content\/uploads\/sites\/8\/2023\/04\/nti-en-del-av-academedia-3-202204-300x169.jpg 300w, https:\/\/ntigymnasiet.se\/wp-content\/uploads\/sites\/8\/2023\/04\/nti-en-del-av-academedia-3-202204-600x338.jpg 600w, https:\/\/ntigymnasiet.se\/wp-content\/uploads\/sites\/8\/2023\/04\/nti-en-del-av-academedia-3-202204-800x450.jpg 800w, https:\/\/ntigymnasiet.se\/wp-content\/uploads\/sites\/8\/2023\/04\/nti-en-del-av-academedia-3-202204-1024x576.jpg 1024w, https:\/\/ntigymnasiet.se\/wp-content\/uploads\/sites\/8\/2023\/04\/nti-en-del-av-academedia-3-202204-1200x675.jpg 1200w, https:\/\/ntigymnasiet.se\/wp-content\/uploads\/sites\/8\/2023\/04\/nti-en-del-av-academedia-3-202204.jpg 1920w\" \/>\n\t\t\t\t\t<\/div>\n\t\t\t\t\t\t\t<\/article>\n\t\t<\/li>\n\t\t\t<li class=\"l-col-6@md l-col-4@lg\">\n\t\t\t<article\n\t\t\t\tclass=\"\n\t\t\t\tc-card\n\t\t\t\t\n\t\t\t\thas-media-zoom\n\t\t\t\t\n\t\t\t\t\"\n\t\t\t\tdata-variant=\"space\"\n\t\t\t\tdata-style=\"square\"\n\t\t\t\t data-click-area\n\t\t\t\t\n\t\t\t\t\n\t\t\t\t>\n\t\t\t\t<div class=\"c-card__content l-stack l-stack-sm is-left is-left@md\">\n\t\t\t\t\t\t\t\t\t\t\t<h3 class=\"c-card__title u-font-title-3\">\n\t\t\t\t\t\t\t\t\t\t\t\t\t\t\t<a class=\"c-card__link\" href=\"https:\/\/ntigymnasiet.se\/kristianstad\/kvalitet\/kvalitetsresultat\/\" target=\"_self\">\n\t\t\t\t\t\t\t\t\tV\u00e5ra kvalitetsresultat\n\t\t\t\t\t\t\t\t<\/a>\n\t\t\t\t\t\t\t\t\t\t\t\t\t<\/h3>\n\t\t\t\t\t\n\t\t\t\t\t\t\t\t\t\t\t<div class=\"c-card__text l-stack-xs u-font-body\">\n\t\t\t\t\t\t\t<p>Se kvalitetsrapporter f\u00f6r alla NTI Gymnasiets skolor.<\/p>\n\n\t\t\t\t\t\t<\/div>\n\t\t\t\t\t\n\t\t\t\t\t\t\t\t\t\t\t<div class=\"c-card__icon c-card__icon--nl\">\n\t\t\t\t\t\t\t\t\t\t\t\t\t\t<svg class=\"ams-icon ams-icon--arrow-right\" width=\"32\" height=\"32\" viewbox=\"0 0 32 32\" fill=\"currentColor\" aria-hidden=\"true\" xmlns=\"http:\/\/www.w3.org\/2000\/svg\">\n\t\t\t\t\t\t\t\t\t\t\t\t\t\t\t\t<path d=\"M15.4617 0.252159L14.9567 0.75931C14.6219 1.09545 14.6219 1.64048 14.9567 1.97669L27.7062 14.7806H0.857144C0.383786 14.7806 0 15.166 0 15.6414V16.3587C0 16.8341 0.383786 17.2195 0.857144 17.2195H27.7062L14.9567 30.0234C14.6219 30.3595 14.6219 30.9045 14.9567 31.2407L15.4617 31.7479C15.7964 32.084 16.3392 32.084 16.6739 31.7479L31.749 16.6087C32.0837 16.2725 32.0837 15.7275 31.749 15.3913L16.6739 0.252159C16.3392 -0.084053 15.7964 -0.084053 15.4617 0.252159Z\"\/>\n\t\t\t\t\t\t\t\n\t\t\t\t\t\t\t<\/svg>\n\t\t\t\t\t\t<\/div>\n\t\t\t\t\t\t\t\t\t<\/div>\n\n\t\t\t\t\t\t\t\t\t<div class=\"c-card__media \" style=\" \">\n\t\t\t\t\t\t<img decoding=\"async\" width=\"400\" height=\"146\" src=\"https:\/\/ntigymnasiet.se\/wp-content\/uploads\/sites\/8\/2023\/04\/nti-en-del-av-academedia-1-202204-e1746691462546-400x146.jpg\" class=\"\" alt=\"En grupp elever p\u00e5 NTI Gymnasiet st\u00e5r och pratar i korridoren.\" sizes=\"(min-width: 64em) 300px, (min-width: 48em) calc(.50 * (100vw - 304px)), calc(100vw - 208px)\" srcset=\"https:\/\/ntigymnasiet.se\/wp-content\/uploads\/sites\/8\/2023\/04\/nti-en-del-av-academedia-1-202204-e1746691462546-400x146.jpg 400w, https:\/\/ntigymnasiet.se\/wp-content\/uploads\/sites\/8\/2023\/04\/nti-en-del-av-academedia-1-202204-e1746691462546-300x109.jpg 300w, https:\/\/ntigymnasiet.se\/wp-content\/uploads\/sites\/8\/2023\/04\/nti-en-del-av-academedia-1-202204-e1746691462546-600x219.jpg 600w, https:\/\/ntigymnasiet.se\/wp-content\/uploads\/sites\/8\/2023\/04\/nti-en-del-av-academedia-1-202204-e1746691462546-800x292.jpg 800w, https:\/\/ntigymnasiet.se\/wp-content\/uploads\/sites\/8\/2023\/04\/nti-en-del-av-academedia-1-202204-e1746691462546-1024x373.jpg 1024w, https:\/\/ntigymnasiet.se\/wp-content\/uploads\/sites\/8\/2023\/04\/nti-en-del-av-academedia-1-202204-e1746691462546-1200x438.jpg 1200w, https:\/\/ntigymnasiet.se\/wp-content\/uploads\/sites\/8\/2023\/04\/nti-en-del-av-academedia-1-202204-e1746691462546.jpg 1920w\" \/>\n\t\t\t\t\t<\/div>\n\t\t\t\t\t\t\t<\/article>\n\t\t<\/li>\n\t\t\t<li class=\"l-col-6@md l-col-4@lg\">\n\t\t\t<article\n\t\t\t\tclass=\"\n\t\t\t\tc-card\n\t\t\t\t\n\t\t\t\thas-media-zoom\n\t\t\t\t\n\t\t\t\t\"\n\t\t\t\tdata-variant=\"space\"\n\t\t\t\tdata-style=\"square\"\n\t\t\t\t data-click-area\n\t\t\t\t\n\t\t\t\t\n\t\t\t\t>\n\t\t\t\t<div class=\"c-card__content l-stack l-stack-sm is-left is-left@md\">\n\t\t\t\t\t\t\t\t\t\t\t<h3 class=\"c-card__title u-font-title-3\">\n\t\t\t\t\t\t\t\t\t\t\t\t\t\t\t<a class=\"c-card__link\" href=\"https:\/\/ntigymnasiet.se\/kristianstad\/kontakt\/\" target=\"_self\">\n\t\t\t\t\t\t\t\t\tKontakta oss\n\t\t\t\t\t\t\t\t<\/a>\n\t\t\t\t\t\t\t\t\t\t\t\t\t<\/h3>\n\t\t\t\t\t\n\t\t\t\t\t\t\t\t\t\t\t<div class=\"c-card__text l-stack-xs u-font-body\">\n\t\t\t\t\t\t\t<p>Har du n\u00e5gra fr\u00e5gor om v\u00e5rt kvalitetsarbete? H\u00f6r av dig till oss!<\/p>\n\n\t\t\t\t\t\t<\/div>\n\t\t\t\t\t\n\t\t\t\t\t\t\t\t\t\t\t<div class=\"c-card__icon c-card__icon--nl\">\n\t\t\t\t\t\t\t\t\t\t\t\t\t\t<svg class=\"ams-icon ams-icon--arrow-right\" width=\"32\" height=\"32\" viewbox=\"0 0 32 32\" fill=\"currentColor\" aria-hidden=\"true\" xmlns=\"http:\/\/www.w3.org\/2000\/svg\">\n\t\t\t\t\t\t\t\t\t\t\t\t\t\t\t\t<path d=\"M15.4617 0.252159L14.9567 0.75931C14.6219 1.09545 14.6219 1.64048 14.9567 1.97669L27.7062 14.7806H0.857144C0.383786 14.7806 0 15.166 0 15.6414V16.3587C0 16.8341 0.383786 17.2195 0.857144 17.2195H27.7062L14.9567 30.0234C14.6219 30.3595 14.6219 30.9045 14.9567 31.2407L15.4617 31.7479C15.7964 32.084 16.3392 32.084 16.6739 31.7479L31.749 16.6087C32.0837 16.2725 32.0837 15.7275 31.749 15.3913L16.6739 0.252159C16.3392 -0.084053 15.7964 -0.084053 15.4617 0.252159Z\"\/>\n\t\t\t\t\t\t\t\n\t\t\t\t\t\t\t<\/svg>\n\t\t\t\t\t\t<\/div>\n\t\t\t\t\t\t\t\t\t<\/div>\n\n\t\t\t\t\t\t\t\t\t<div class=\"c-card__media \" style=\" \">\n\t\t\t\t\t\t<img decoding=\"async\" width=\"400\" height=\"225\" src=\"https:\/\/ntigymnasiet.se\/wp-content\/uploads\/sites\/8\/2023\/04\/nti-en-del-av-academedia-2-202204-400x225.jpg\" class=\"\" alt=\"En elev \u00e4r vid en 3D-printer.\" sizes=\"(min-width: 64em) 300px, (min-width: 48em) calc(.50 * (100vw - 304px)), calc(100vw - 208px)\" srcset=\"https:\/\/ntigymnasiet.se\/wp-content\/uploads\/sites\/8\/2023\/04\/nti-en-del-av-academedia-2-202204-400x225.jpg 400w, https:\/\/ntigymnasiet.se\/wp-content\/uploads\/sites\/8\/2023\/04\/nti-en-del-av-academedia-2-202204-300x169.jpg 300w, https:\/\/ntigymnasiet.se\/wp-content\/uploads\/sites\/8\/2023\/04\/nti-en-del-av-academedia-2-202204-600x338.jpg 600w, https:\/\/ntigymnasiet.se\/wp-content\/uploads\/sites\/8\/2023\/04\/nti-en-del-av-academedia-2-202204-800x450.jpg 800w, https:\/\/ntigymnasiet.se\/wp-content\/uploads\/sites\/8\/2023\/04\/nti-en-del-av-academedia-2-202204-1024x576.jpg 1024w, https:\/\/ntigymnasiet.se\/wp-content\/uploads\/sites\/8\/2023\/04\/nti-en-del-av-academedia-2-202204-1200x675.jpg 1200w, https:\/\/ntigymnasiet.se\/wp-content\/uploads\/sites\/8\/2023\/04\/nti-en-del-av-academedia-2-202204.jpg 1920w\" \/>\n\t\t\t\t\t<\/div>\n\t\t\t\t\t\t\t<\/article>\n\t\t<\/li>\n\t<\/ul>\n\t\n\t\t\t<\/div>\n\n\t\t\n\n<\/section>\n","protected":false},"excerpt":{"rendered":"","protected":false},"author":5,"featured_media":0,"parent":375,"menu_order":0,"comment_status":"closed","ping_status":"closed","template":"","meta":{"footnotes":""},"yoast_head":"<!-- This site is optimized with the Yoast SEO plugin v22.0 - https:\/\/yoast.com\/wordpress\/plugins\/seo\/ -->\n<title>Synpunkter p\u00e5 verksamheten - NTI Gymnasiet Kristianstad<\/title>\n<meta name=\"description\" content=\"Vi vill att v\u00e5r skola ska vara s\u00e5 bra som m\u00f6jligt f\u00f6r alla. V\u00e5rt m\u00e5l \u00e4r att erbjuda en h\u00f6g och god kvalitet i alla v\u00e5ra verksamheter.\" \/>\n<meta name=\"robots\" content=\"index, follow, max-snippet:-1, max-image-preview:large, max-video-preview:-1\" \/>\n<link rel=\"canonical\" href=\"https:\/\/ntigymnasiet.se\/kvalitet\/synpunkter-pa-verksamheten\/\" \/>\n<meta property=\"og:locale\" content=\"sv_SE\" \/>\n<meta property=\"og:type\" content=\"article\" \/>\n<meta property=\"og:title\" content=\"Synpunkter p\u00e5 verksamheten - NTI Gymnasiet Kristianstad\" \/>\n<meta property=\"og:description\" content=\"Vi vill att v\u00e5r skola ska vara s\u00e5 bra som m\u00f6jligt f\u00f6r alla. V\u00e5rt m\u00e5l \u00e4r att erbjuda en h\u00f6g och god kvalitet i alla v\u00e5ra verksamheter.\" \/>\n<meta property=\"og:url\" content=\"https:\/\/ntigymnasiet.se\/kvalitet\/synpunkter-pa-verksamheten\/\" \/>\n<meta property=\"og:site_name\" content=\"Kristianstad\" \/>\n<meta property=\"article:modified_time\" content=\"2023-11-27T11:54:38+00:00\" \/>\n<meta name=\"twitter:card\" content=\"summary_large_image\" \/>\n<meta name=\"twitter:title\" content=\"Synpunkter p\u00e5 verksamheten - NTI Gymnasiet Kristianstad\" \/>\n<meta name=\"twitter:description\" content=\"Vi vill att v\u00e5r skola ska vara s\u00e5 bra som m\u00f6jligt f\u00f6r alla. V\u00e5rt m\u00e5l \u00e4r att erbjuda en h\u00f6g och god kvalitet i alla v\u00e5ra verksamheter.\" \/>\n<script type=\"application\/ld+json\" class=\"yoast-schema-graph\">{\"@context\":\"https:\/\/schema.org\",\"@graph\":[{\"@type\":\"WebPage\",\"@id\":\"https:\/\/ntigymnasiet.se\/kristianstad\/kvalitet\/synpunkter-pa-verksamheten\/\",\"url\":\"https:\/\/ntigymnasiet.se\/kvalitet\/synpunkter-pa-verksamheten\/\",\"name\":\"Synpunkter p\u00e5 verksamheten - NTI Gymnasiet Kristianstad\",\"isPartOf\":{\"@id\":\"https:\/\/ntigymnasiet.se\/kristianstad\/#website\"},\"datePublished\":\"2023-04-25T06:17:30+00:00\",\"dateModified\":\"2023-11-27T11:54:38+00:00\",\"description\":\"Vi vill att v\u00e5r skola ska vara s\u00e5 bra som m\u00f6jligt f\u00f6r alla. V\u00e5rt m\u00e5l \u00e4r att erbjuda en h\u00f6g och god kvalitet i alla v\u00e5ra verksamheter.\",\"breadcrumb\":{\"@id\":\"https:\/\/ntigymnasiet.se\/kvalitet\/synpunkter-pa-verksamheten\/#breadcrumb\"},\"inLanguage\":\"sv-SE\",\"potentialAction\":[{\"@type\":\"ReadAction\",\"target\":[\"https:\/\/ntigymnasiet.se\/kvalitet\/synpunkter-pa-verksamheten\/\"]}]},{\"@type\":\"BreadcrumbList\",\"@id\":\"https:\/\/ntigymnasiet.se\/kvalitet\/synpunkter-pa-verksamheten\/#breadcrumb\",\"itemListElement\":[{\"@type\":\"ListItem\",\"position\":1,\"name\":\"Start\",\"item\":\"https:\/\/ntigymnasiet.se\/kristianstad\/\"},{\"@type\":\"ListItem\",\"position\":2,\"name\":\"Kvalitet\",\"item\":\"https:\/\/ntigymnasiet.se\/kristianstad\/kvalitet\/\"},{\"@type\":\"ListItem\",\"position\":3,\"name\":\"Synpunkter p\u00e5 verksamheten\"}]},{\"@type\":\"WebSite\",\"@id\":\"https:\/\/ntigymnasiet.se\/kristianstad\/#website\",\"url\":\"https:\/\/ntigymnasiet.se\/kristianstad\/\",\"name\":\"Kristianstad\",\"description\":\"Just another WordPress site\",\"potentialAction\":[{\"@type\":\"SearchAction\",\"target\":{\"@type\":\"EntryPoint\",\"urlTemplate\":\"https:\/\/ntigymnasiet.se\/kristianstad\/?s={search_term_string}\"},\"query-input\":\"required name=search_term_string\"}],\"inLanguage\":\"sv-SE\"}]}<\/script>\n<!-- \/ Yoast SEO plugin. -->","yoast_head_json":{"title":"Synpunkter p\u00e5 verksamheten - NTI Gymnasiet Kristianstad","description":"Vi vill att v\u00e5r skola ska vara s\u00e5 bra som m\u00f6jligt f\u00f6r alla. V\u00e5rt m\u00e5l \u00e4r att erbjuda en h\u00f6g och god kvalitet i alla v\u00e5ra verksamheter.","robots":{"index":"index","follow":"follow","max-snippet":"max-snippet:-1","max-image-preview":"max-image-preview:large","max-video-preview":"max-video-preview:-1"},"canonical":"https:\/\/ntigymnasiet.se\/kvalitet\/synpunkter-pa-verksamheten\/","og_locale":"sv_SE","og_type":"article","og_title":"Synpunkter p\u00e5 verksamheten - NTI Gymnasiet Kristianstad","og_description":"Vi vill att v\u00e5r skola ska vara s\u00e5 bra som m\u00f6jligt f\u00f6r alla. V\u00e5rt m\u00e5l \u00e4r att erbjuda en h\u00f6g och god kvalitet i alla v\u00e5ra verksamheter.","og_url":"https:\/\/ntigymnasiet.se\/kvalitet\/synpunkter-pa-verksamheten\/","og_site_name":"Kristianstad","article_modified_time":"2023-11-27T11:54:38+00:00","twitter_card":"summary_large_image","twitter_title":"Synpunkter p\u00e5 verksamheten - NTI Gymnasiet Kristianstad","twitter_description":"Vi vill att v\u00e5r skola ska vara s\u00e5 bra som m\u00f6jligt f\u00f6r alla. V\u00e5rt m\u00e5l \u00e4r att erbjuda en h\u00f6g och god kvalitet i alla v\u00e5ra verksamheter.","schema":{"@context":"https:\/\/schema.org","@graph":[{"@type":"WebPage","@id":"https:\/\/ntigymnasiet.se\/kristianstad\/kvalitet\/synpunkter-pa-verksamheten\/","url":"https:\/\/ntigymnasiet.se\/kvalitet\/synpunkter-pa-verksamheten\/","name":"Synpunkter p\u00e5 verksamheten - NTI Gymnasiet Kristianstad","isPartOf":{"@id":"https:\/\/ntigymnasiet.se\/kristianstad\/#website"},"datePublished":"2023-04-25T06:17:30+00:00","dateModified":"2023-11-27T11:54:38+00:00","description":"Vi vill att v\u00e5r skola ska vara s\u00e5 bra som m\u00f6jligt f\u00f6r alla. V\u00e5rt m\u00e5l \u00e4r att erbjuda en h\u00f6g och god kvalitet i alla v\u00e5ra verksamheter.","breadcrumb":{"@id":"https:\/\/ntigymnasiet.se\/kvalitet\/synpunkter-pa-verksamheten\/#breadcrumb"},"inLanguage":"sv-SE","potentialAction":[{"@type":"ReadAction","target":["https:\/\/ntigymnasiet.se\/kvalitet\/synpunkter-pa-verksamheten\/"]}]},{"@type":"BreadcrumbList","@id":"https:\/\/ntigymnasiet.se\/kvalitet\/synpunkter-pa-verksamheten\/#breadcrumb","itemListElement":[{"@type":"ListItem","position":1,"name":"Start","item":"https:\/\/ntigymnasiet.se\/kristianstad\/"},{"@type":"ListItem","position":2,"name":"Kvalitet","item":"https:\/\/ntigymnasiet.se\/kristianstad\/kvalitet\/"},{"@type":"ListItem","position":3,"name":"Synpunkter p\u00e5 verksamheten"}]},{"@type":"WebSite","@id":"https:\/\/ntigymnasiet.se\/kristianstad\/#website","url":"https:\/\/ntigymnasiet.se\/kristianstad\/","name":"Kristianstad","description":"Just another WordPress site","potentialAction":[{"@type":"SearchAction","target":{"@type":"EntryPoint","urlTemplate":"https:\/\/ntigymnasiet.se\/kristianstad\/?s={search_term_string}"},"query-input":"required name=search_term_string"}],"inLanguage":"sv-SE"}]}},"_links":{"self":[{"href":"https:\/\/ntigymnasiet.se\/kristianstad\/wp-json\/wp\/v2\/pages\/389"}],"collection":[{"href":"https:\/\/ntigymnasiet.se\/kristianstad\/wp-json\/wp\/v2\/pages"}],"about":[{"href":"https:\/\/ntigymnasiet.se\/kristianstad\/wp-json\/wp\/v2\/types\/page"}],"author":[{"embeddable":true,"href":"https:\/\/ntigymnasiet.se\/kristianstad\/wp-json\/wp\/v2\/users\/5"}],"replies":[{"embeddable":true,"href":"https:\/\/ntigymnasiet.se\/kristianstad\/wp-json\/wp\/v2\/comments?post=389"}],"version-history":[{"count":5,"href":"https:\/\/ntigymnasiet.se\/kristianstad\/wp-json\/wp\/v2\/pages\/389\/revisions"}],"predecessor-version":[{"id":1132,"href":"https:\/\/ntigymnasiet.se\/kristianstad\/wp-json\/wp\/v2\/pages\/389\/revisions\/1132"}],"up":[{"embeddable":true,"href":"https:\/\/ntigymnasiet.se\/kristianstad\/wp-json\/wp\/v2\/pages\/375"}],"wp:attachment":[{"href":"https:\/\/ntigymnasiet.se\/kristianstad\/wp-json\/wp\/v2\/media?parent=389"}],"curies":[{"name":"wp","href":"https:\/\/api.w.org\/{rel}","templated":true}]}}