{"id":1256,"date":"2023-09-04T10:21:19","date_gmt":"2023-09-04T08:21:19","guid":{"rendered":"https:\/\/ntigymnasiet.se\/kronhus\/?page_id=1256"},"modified":"2023-10-01T11:36:26","modified_gmt":"2023-10-01T09:36:26","slug":"kamerabevakning","status":"publish","type":"page","link":"https:\/\/ntigymnasiet.se\/kronhus\/var-skola\/kamerabevakning\/","title":{"rendered":"Kamerabevakning"},"content":{"rendered":"\n\n<section  class=\"ams-cta ams-cta--stacked c-block l-stacked\" data-color-scheme=\"vit\">\n\t<div class=\"l-container-narrow l-stack l-stack-fluid-2xl u-pt-fluid-3xl-6xl u-pb-fluid-3xl-6xl is-center is-center@md\">\n\t\t\t\t\t<div class=\"ams-cta__intro l-stack l-stack-lg\">\n\t\t\t\t\t\n\t<h1\n\tclass=\"c-heading u-font-title-1 \"\n\tstyle=\"\">\n\t\t\n\t\t\t\t\tKamerabevakning\n\t\t\t\t\n\t<\/h1>\n\n\t\t\t\t\t\t\t\t\t<div class=\"c-text l-stack u-cs-xl u-font-body\">\n\t\t\t\t\t\t<p>H\u00e4r finns information om kamerabevakning p\u00e5 skolan.<\/p>\n\n\t\t\t\t\t<\/div>\n\t\t\t\t\t\t\t<\/div>\n\t\t\n\t\t\n\t\t\t<\/div>\n\n\t\t\n\n<\/section>\n\n\n\n\n<section  class=\"ams-cta ams-cta--stacked c-block l-stacked\" data-color-scheme=\"light-grey\">\n\t<div class=\"l-container-narrow l-stack l-stack-fluid-2xl u-pt-fluid-2xl-4xl u-pb-fluid-3xl-6xl is-left is-left@md\">\n\t\t\t\t\t<div class=\"ams-cta__intro l-stack l-stack-lg\">\n\t\t\t\t\n\t\t\t\t\t\t\t\t\t<div class=\"c-text l-stack u-cs-xl u-font-body\">\n\t\t\t\t\t\t<p><!-- wp:heading --><\/p>\n<h2>Information om kamerabevakning<\/h2>\n<p>Du som bes\u00f6ker skolan har r\u00e4tt att f\u00e5 information om hur huvudmannen\/skolan behandlar personuppgifter med anledningen av skolans kamerabevakning. Vissa av skolans utrymmen bevakas med hj\u00e4lp av bevakningskameror. P\u00e5 de omr\u00e5den d\u00e4r skolan kamerabevakar finns skyltar som informerar om att omr\u00e5det \u00e4r kamerabevakat. Ifall du r\u00f6r dig inom det omr\u00e5det, kommer du att synas p\u00e5 skolans bevakningsmonitorer.<\/p>\n<p>Den som \u00e4r ansvarig f\u00f6r kamera\u00f6vervakningen p\u00e5 NTI Kronhus \u00e4r huvudmannen, allts\u00e5 NTI Macro AB. Huvudmannen \u00e4r d\u00e4rmed ocks\u00e5 personuppgiftsansvarig.<\/p>\n<p>Syftet med bevakningen i skolans lokaler \u00e4r att skydda elever mot st\u00f6ld, kr\u00e4nkande behandling och v\u00e5ld, samt skydda skolans dyra utrustning. Skolan har r\u00e4tt att behandla och bevara bilder som spelas in via bevakningskamerorna. Bildmaterialet sparas som huvudregel i fyra (4) dagar, men kan sparas under en l\u00e4ngre period beroende p\u00e5 \u00e4ndam\u00e5let med materialet.<\/p>\n<p>Den r\u00e4ttsliga grunden f\u00f6r behandlingen \u00e4r intresseavv\u00e4gning. Skolan har ett intresse av att f\u00f6rebygga, och motverka brottslighet samt fr\u00e4mja trygghet och s\u00e4kerhet och f\u00f6rhindra kr\u00e4nkande behandling.<\/p>\n<p>Inspelat material f\u00f6rvaras p\u00e5 s\u00e4rskilt datalagringsmedia i kamerabevakningsutrustningen. Beh\u00f6righet att f\u00e5 tillg\u00e5ng till materialet \u00e4r begr\u00e4nsad. Materialet hanteras med sekretess i enlighet med 22 \u00a7 kamerabevakningslagen. Skolan kan l\u00e4mna ut materialet till polisen om det f\u00f6religger misstanke om brott.<\/p>\n<p>Du har r\u00e4tt att beg\u00e4ra att f\u00e5 veta om skolan behandlar personuppgifter som r\u00f6r dig och i s\u00e5 fall f\u00e5 del av uppgifterna och viss information om behandlingen (ett s\u00e5 kallat registerutdrag). Om du beg\u00e4r registerutdrag mer \u00e4n en g\u00e5ng per \u00e5r kan skolan komma att avsl\u00e5 din beg\u00e4ran eller ta ut en rimlig avgift f\u00f6r den.<\/p>\n<p>Du har \u00e4ven bland annat r\u00e4tt att beg\u00e4ra radering av dina personuppgifter, g\u00f6ra inv\u00e4ndningar mot behandlingen och beg\u00e4ra begr\u00e4nsning av behandlingen av dem. Om du beg\u00e4r r\u00e4ttelse, radering, inv\u00e4nder mot behandlingen eller beg\u00e4r begr\u00e4nsning av den kommer skolan att pr\u00f6va om den \u00e5tg\u00e4rd du beg\u00e4r ska vidtas eller inte. L\u00e4s mer p\u00e5 trygg.academedia.se om hur AcadeMedia hanterar personuppgifter.<\/p>\n<p>Du har r\u00e4tt att klaga till Datainspektionen. Om du anser att skolan har behandlat dina personuppgifter p\u00e5 ett s\u00e4tt som st\u00e5r i strid med g\u00e4llande best\u00e4mmelser om behandling av s\u00e5dana uppgifter, kan du v\u00e4nda dig till Datainspektionen med klagom\u00e5l. Du kan komma i kontakt med Datainspektionen via epost: <a href=\"mailto:datainspektionen@datainspektionen.se\">datainspektionen@datainspektionen.se<\/a>. Du kan \u00e4ven ringa dem p\u00e5 <a href=\"tel:086576100\">08-657 61 00<\/a> eller n\u00e5 dem per post p\u00e5 adress: Datainspektionen, Box 8114, 104 20 Stockholm.<\/p>\n<p>Om du har fr\u00e5gor n\u00e4r det g\u00e4ller skolans personuppgiftsbehandling kan v\u00e4nda dig till skolans dataskyddsombud <a href=\"mailto:dataskydd.gymnasiet@academedia.se\">dataskydd.gymnasiet@academedia.se<\/a>.<\/p>\n<p><!-- \/wp:paragraph --><\/p>\n\n\t\t\t\t\t<\/div>\n\t\t\t\t\t\t\t<\/div>\n\t\t\n\t\t\n\t\t\t<\/div>\n\n\t\t\n\n<\/section>\n\n\n\n\n<section  class=\"ams-cta ams-cta--stacked c-block l-stacked\" data-color-scheme=\"vit\">\n\t<div class=\"l-container-narrow l-stack l-stack-fluid-2xl u-pt-fluid-3xl-6xl u-pb-fluid-3xl-6xl is-center is-center@md\">\n\t\t\t\t\t<div class=\"ams-cta__intro l-stack l-stack-lg\">\n\t\t\t\t\t\n\t<h2\n\tclass=\"c-heading u-font-title-1 \"\n\tstyle=\"\">\n\t\t\n\t\t\t\t\tHar du fr\u00e5gor?\n\t\t\t\t\n\t<\/h2>\n\n\t\t\t\t\t\t\t\t\t<div class=\"c-text l-stack u-cs-xl u-font-body\">\n\t\t\t\t\t\t<p>H\u00f6ra av dig till oss s\u00e5 hj\u00e4lper vi dig.<\/p>\n\n\t\t\t\t\t<\/div>\n\t\t\t\t\t\t\t<\/div>\n\t\t\n\t\t\n\t\t\t<div class=\"ams-cta__action u-inline-items\">\n\t\t\t\t\t\t\t\n\n\n<a href=\"https:\/\/ntigymnasiet.se\/kronhus\/kontakt\/\"\n\t\n\tclass=\"c-btn \"\n\tdata-style=\"rounded\"\n\tdata-size=\"md\"\n\tdata-width=\"full-mobile\"\n\tdata-variant=\"default\"\n\ttarget=\"_blank\">\n\t\t\t<span class=\"label\"> Kontakta oss<\/span>\n\t\t\t<\/a>\n\t\t\t<\/div>\n\t<\/div>\n\n\t\t\n\n<\/section>\n","protected":false},"excerpt":{"rendered":"","protected":false},"author":13,"featured_media":0,"parent":191,"menu_order":0,"comment_status":"closed","ping_status":"closed","template":"","meta":{"footnotes":""},"yoast_head":"<!-- This site is optimized with the Yoast SEO plugin v22.0 - https:\/\/yoast.com\/wordpress\/plugins\/seo\/ -->\n<title>Kamerabevakning - NTI Gymnasiet Kronhus G\u00f6teborg<\/title>\n<meta name=\"description\" content=\"KamerabevakningH\u00e4r finns information om kamerabevakning p\u00e5 skolan. V\u00e4lkommen till NTI Gymnasiet!\" \/>\n<meta name=\"robots\" content=\"index, follow, max-snippet:-1, max-image-preview:large, max-video-preview:-1\" \/>\n<link rel=\"canonical\" href=\"https:\/\/ntigymnasiet.se\/kronhus\/var-skola\/kamerabevakning\/\" \/>\n<meta property=\"og:locale\" content=\"sv_SE\" \/>\n<meta property=\"og:type\" content=\"article\" \/>\n<meta property=\"og:title\" content=\"Kamerabevakning - NTI Gymnasiet Kronhus G\u00f6teborg\" \/>\n<meta property=\"og:description\" content=\"KamerabevakningH\u00e4r finns information om kamerabevakning p\u00e5 skolan. V\u00e4lkommen till NTI Gymnasiet!\" \/>\n<meta property=\"og:url\" content=\"https:\/\/ntigymnasiet.se\/kronhus\/var-skola\/kamerabevakning\/\" \/>\n<meta property=\"og:site_name\" content=\"Kronhus G\u00f6teborg\" \/>\n<meta property=\"article:modified_time\" content=\"2023-10-01T09:36:26+00:00\" \/>\n<meta name=\"twitter:card\" content=\"summary_large_image\" \/>\n<meta name=\"twitter:title\" content=\"Kamerabevakning - NTI Gymnasiet Kronhus G\u00f6teborg\" \/>\n<meta name=\"twitter:description\" content=\"KamerabevakningH\u00e4r finns information om kamerabevakning p\u00e5 skolan. V\u00e4lkommen till NTI Gymnasiet!\" \/>\n<script type=\"application\/ld+json\" class=\"yoast-schema-graph\">{\"@context\":\"https:\/\/schema.org\",\"@graph\":[{\"@type\":\"WebPage\",\"@id\":\"https:\/\/ntigymnasiet.se\/kronhus\/var-skola\/kamerabevakning\/\",\"url\":\"https:\/\/ntigymnasiet.se\/kronhus\/var-skola\/kamerabevakning\/\",\"name\":\"Kamerabevakning - NTI Gymnasiet Kronhus G\u00f6teborg\",\"isPartOf\":{\"@id\":\"https:\/\/ntigymnasiet.se\/kronhus\/#website\"},\"datePublished\":\"2023-09-04T08:21:19+00:00\",\"dateModified\":\"2023-10-01T09:36:26+00:00\",\"description\":\"KamerabevakningH\u00e4r finns information om kamerabevakning p\u00e5 skolan. V\u00e4lkommen till NTI Gymnasiet!\",\"breadcrumb\":{\"@id\":\"https:\/\/ntigymnasiet.se\/kronhus\/var-skola\/kamerabevakning\/#breadcrumb\"},\"inLanguage\":\"sv-SE\",\"potentialAction\":[{\"@type\":\"ReadAction\",\"target\":[\"https:\/\/ntigymnasiet.se\/kronhus\/var-skola\/kamerabevakning\/\"]}]},{\"@type\":\"BreadcrumbList\",\"@id\":\"https:\/\/ntigymnasiet.se\/kronhus\/var-skola\/kamerabevakning\/#breadcrumb\",\"itemListElement\":[{\"@type\":\"ListItem\",\"position\":1,\"name\":\"Start\",\"item\":\"https:\/\/ntigymnasiet.se\/kronhus\/\"},{\"@type\":\"ListItem\",\"position\":2,\"name\":\"V\u00e5r skola\",\"item\":\"https:\/\/ntigymnasiet.se\/kronhus\/var-skola\/\"},{\"@type\":\"ListItem\",\"position\":3,\"name\":\"Kamerabevakning\"}]},{\"@type\":\"WebSite\",\"@id\":\"https:\/\/ntigymnasiet.se\/kronhus\/#website\",\"url\":\"https:\/\/ntigymnasiet.se\/kronhus\/\",\"name\":\"Kronhus G\u00f6teborg\",\"description\":\"Just another WordPress site\",\"potentialAction\":[{\"@type\":\"SearchAction\",\"target\":{\"@type\":\"EntryPoint\",\"urlTemplate\":\"https:\/\/ntigymnasiet.se\/kronhus\/?s={search_term_string}\"},\"query-input\":\"required name=search_term_string\"}],\"inLanguage\":\"sv-SE\"}]}<\/script>\n<!-- \/ Yoast SEO plugin. -->","yoast_head_json":{"title":"Kamerabevakning - NTI Gymnasiet Kronhus G\u00f6teborg","description":"KamerabevakningH\u00e4r finns information om kamerabevakning p\u00e5 skolan. V\u00e4lkommen till NTI Gymnasiet!","robots":{"index":"index","follow":"follow","max-snippet":"max-snippet:-1","max-image-preview":"max-image-preview:large","max-video-preview":"max-video-preview:-1"},"canonical":"https:\/\/ntigymnasiet.se\/kronhus\/var-skola\/kamerabevakning\/","og_locale":"sv_SE","og_type":"article","og_title":"Kamerabevakning - NTI Gymnasiet Kronhus G\u00f6teborg","og_description":"KamerabevakningH\u00e4r finns information om kamerabevakning p\u00e5 skolan. V\u00e4lkommen till NTI Gymnasiet!","og_url":"https:\/\/ntigymnasiet.se\/kronhus\/var-skola\/kamerabevakning\/","og_site_name":"Kronhus G\u00f6teborg","article_modified_time":"2023-10-01T09:36:26+00:00","twitter_card":"summary_large_image","twitter_title":"Kamerabevakning - NTI Gymnasiet Kronhus G\u00f6teborg","twitter_description":"KamerabevakningH\u00e4r finns information om kamerabevakning p\u00e5 skolan. V\u00e4lkommen till NTI Gymnasiet!","schema":{"@context":"https:\/\/schema.org","@graph":[{"@type":"WebPage","@id":"https:\/\/ntigymnasiet.se\/kronhus\/var-skola\/kamerabevakning\/","url":"https:\/\/ntigymnasiet.se\/kronhus\/var-skola\/kamerabevakning\/","name":"Kamerabevakning - NTI Gymnasiet Kronhus G\u00f6teborg","isPartOf":{"@id":"https:\/\/ntigymnasiet.se\/kronhus\/#website"},"datePublished":"2023-09-04T08:21:19+00:00","dateModified":"2023-10-01T09:36:26+00:00","description":"KamerabevakningH\u00e4r finns information om kamerabevakning p\u00e5 skolan. V\u00e4lkommen till NTI Gymnasiet!","breadcrumb":{"@id":"https:\/\/ntigymnasiet.se\/kronhus\/var-skola\/kamerabevakning\/#breadcrumb"},"inLanguage":"sv-SE","potentialAction":[{"@type":"ReadAction","target":["https:\/\/ntigymnasiet.se\/kronhus\/var-skola\/kamerabevakning\/"]}]},{"@type":"BreadcrumbList","@id":"https:\/\/ntigymnasiet.se\/kronhus\/var-skola\/kamerabevakning\/#breadcrumb","itemListElement":[{"@type":"ListItem","position":1,"name":"Start","item":"https:\/\/ntigymnasiet.se\/kronhus\/"},{"@type":"ListItem","position":2,"name":"V\u00e5r skola","item":"https:\/\/ntigymnasiet.se\/kronhus\/var-skola\/"},{"@type":"ListItem","position":3,"name":"Kamerabevakning"}]},{"@type":"WebSite","@id":"https:\/\/ntigymnasiet.se\/kronhus\/#website","url":"https:\/\/ntigymnasiet.se\/kronhus\/","name":"Kronhus G\u00f6teborg","description":"Just another WordPress site","potentialAction":[{"@type":"SearchAction","target":{"@type":"EntryPoint","urlTemplate":"https:\/\/ntigymnasiet.se\/kronhus\/?s={search_term_string}"},"query-input":"required name=search_term_string"}],"inLanguage":"sv-SE"}]}},"_links":{"self":[{"href":"https:\/\/ntigymnasiet.se\/kronhus\/wp-json\/wp\/v2\/pages\/1256"}],"collection":[{"href":"https:\/\/ntigymnasiet.se\/kronhus\/wp-json\/wp\/v2\/pages"}],"about":[{"href":"https:\/\/ntigymnasiet.se\/kronhus\/wp-json\/wp\/v2\/types\/page"}],"author":[{"embeddable":true,"href":"https:\/\/ntigymnasiet.se\/kronhus\/wp-json\/wp\/v2\/users\/13"}],"replies":[{"embeddable":true,"href":"https:\/\/ntigymnasiet.se\/kronhus\/wp-json\/wp\/v2\/comments?post=1256"}],"version-history":[{"count":9,"href":"https:\/\/ntigymnasiet.se\/kronhus\/wp-json\/wp\/v2\/pages\/1256\/revisions"}],"predecessor-version":[{"id":1298,"href":"https:\/\/ntigymnasiet.se\/kronhus\/wp-json\/wp\/v2\/pages\/1256\/revisions\/1298"}],"up":[{"embeddable":true,"href":"https:\/\/ntigymnasiet.se\/kronhus\/wp-json\/wp\/v2\/pages\/191"}],"wp:attachment":[{"href":"https:\/\/ntigymnasiet.se\/kronhus\/wp-json\/wp\/v2\/media?parent=1256"}],"curies":[{"name":"wp","href":"https:\/\/api.w.org\/{rel}","templated":true}]}}