{"id":313,"date":"2023-04-24T16:30:37","date_gmt":"2023-04-24T14:30:37","guid":{"rendered":"https:\/\/ntigymnasiet.se\/lund\/?page_id=313"},"modified":"2025-11-24T15:21:37","modified_gmt":"2025-11-24T14:21:37","slug":"sok-till-oss","status":"publish","type":"page","link":"https:\/\/ntigymnasiet.se\/lund\/sok-till-oss\/","title":{"rendered":"Hur s\u00f6ker man till NTI"},"content":{"rendered":"\n\n<section  class=\"ams-timeline c-block l-stacked\" data-color-scheme=\"tidslinje\">\n\t<div class=\"l-container l-stack l-stack-fluid-2xl u-pt-fluid-3xl-6xl u-pb-fluid-3xl-6xl is-center is-center@md\">\n\t\t\t\t\t<div class=\"ams-timeline__intro l-stack l-stack-lg\">\n\t\t\t\t\t\n\t<h1\n\tclass=\"c-heading u-font-title-1 \"\n\tstyle=\"\">\n\t\t\n\t\t\t\t\tS\u00e5 s\u00f6ker du till gymnasiet\n\t\t\t\t\n\t<\/h1>\n\n\t\t\t\t\t\t\t\t\t<div class=\"c-text l-stack u-cs-xl u-font-body\">\n\t\t\t\t\t\t<p>En steg f\u00f6r steg-guide f\u00f6r hur du s\u00f6ker till gymnasiet och vad som kan vara bra att t\u00e4nka p\u00e5.<\/p>\n\n\t\t\t\t\t<\/div>\n\t\t\t\t\t\t\t<\/div>\n\t\t\n\t\t\t\t\t\n<ol class=\"c-steps\" data-variant=\"vertical\" data-size=\"md\" data-columns=\"2\">\n\t\t\t<li class=\"c-steps__item\"\n\t\t\t\n\t\t>\n\t\t\t<div class=\"c-steps__circle u-radius-round\">\n\t\t\t\t\t\t\t\t\t<span class=\"c-steps__number\">1<\/span>\n\t\t\t\t\t\t\t<\/div>\n\n\t\t\t\t\t\t\t<div class=\"c-steps__content l-stack-xs\">\n\t\t\t\t\t\t\t\t\t\t\t<h2 class=\"c-steps__title u-font-title-3\">\n\t\t\t\t\t\t\t\t\t\t\t\t\t\t\tLogga in\n\t\t\t\t\t\t\t\t\t\t\t\t\t<\/h2>\n\t\t\t\t\t\n\t\t\t\t\t\t\t\t\t\t\t<div class=\"c-steps__text l-stack-sm u-font-body\">\n\t\t\t\t\t\t\t<p>Logga in p\u00e5 gymnasieantagningen via &#8221;Ans\u00f6k till gymnasiet h\u00e4r&#8221;-knappen l\u00e4ngre ned med uppgifterna som du f\u00e5tt p\u00e5 posten eller av SYV p\u00e5 din skola.<\/p>\n\n\t\t\t\t\t\t<\/div>\n\t\t\t\t\t\t\t\t\t<\/div>\n\t\t\t\t\t<\/li>\n\t\t\t<li class=\"c-steps__item\"\n\t\t\t\n\t\t>\n\t\t\t<div class=\"c-steps__circle u-radius-round\">\n\t\t\t\t\t\t\t\t\t<span class=\"c-steps__number\">2<\/span>\n\t\t\t\t\t\t\t<\/div>\n\n\t\t\t\t\t\t\t<div class=\"c-steps__content l-stack-xs\">\n\t\t\t\t\t\t\t\t\t\t\t<h2 class=\"c-steps__title u-font-title-3\">\n\t\t\t\t\t\t\t\t\t\t\t\t\t\t\tL\u00e4gg till utbildningar\n\t\t\t\t\t\t\t\t\t\t\t\t\t<\/h2>\n\t\t\t\t\t\n\t\t\t\t\t\t\t\t\t\t\t<div class=\"c-steps__text l-stack-sm u-font-body\">\n\t\t\t\t\t\t\t<p>S\u00f6k upp v\u00e5r skola och det program samt inriktning du vill g\u00e5. Klicka sedan p\u00e5 \u201cl\u00e4gg till\u201d\/\u201dv\u00e4lj\u201d.<\/p>\n\n\t\t\t\t\t\t<\/div>\n\t\t\t\t\t\t\t\t\t<\/div>\n\t\t\t\t\t<\/li>\n\t\t\t<li class=\"c-steps__item\"\n\t\t\t\n\t\t>\n\t\t\t<div class=\"c-steps__circle u-radius-round\">\n\t\t\t\t\t\t\t\t\t<span class=\"c-steps__number\">3<\/span>\n\t\t\t\t\t\t\t<\/div>\n\n\t\t\t\t\t\t\t<div class=\"c-steps__content l-stack-xs\">\n\t\t\t\t\t\t\t\t\t\t\t<h2 class=\"c-steps__title u-font-title-3\">\n\t\t\t\t\t\t\t\t\t\t\t\t\t\t\tRangordna dina val\n\t\t\t\t\t\t\t\t\t\t\t\t\t<\/h2>\n\t\t\t\t\t\n\t\t\t\t\t\t\t\t\t\t\t<div class=\"c-steps__text l-stack-sm u-font-body\">\n\t\t\t\t\t\t\t<p>L\u00e4gger du till flera \u00e4r det viktigt att du rangordnar dina val, s\u00e5 att den utbildning du helst vill komma in p\u00e5 hamnar f\u00f6rst.<\/p>\n\n\t\t\t\t\t\t<\/div>\n\t\t\t\t\t\t\t\t\t<\/div>\n\t\t\t\t\t<\/li>\n\t\t\t<li class=\"c-steps__item\"\n\t\t\t\n\t\t>\n\t\t\t<div class=\"c-steps__circle u-radius-round\">\n\t\t\t\t\t\t\t\t\t<span class=\"c-steps__number\">4<\/span>\n\t\t\t\t\t\t\t<\/div>\n\n\t\t\t\t\t\t\t<div class=\"c-steps__content l-stack-xs\">\n\t\t\t\t\t\t\t\t\t\t\t<h2 class=\"c-steps__title u-font-title-3\">\n\t\t\t\t\t\t\t\t\t\t\t\t\t\t\tSkicka in din ans\u00f6kan\n\t\t\t\t\t\t\t\t\t\t\t\t\t<\/h2>\n\t\t\t\t\t\n\t\t\t\t\t\t\t\t\t\t\t<div class=\"c-steps__text l-stack-sm u-font-body\">\n\t\t\t\t\t\t\t<p>N\u00e4r du bekr\u00e4ftat eller skickat in din ans\u00f6kan \u00e4r det bra att titta runt p\u00e5 gymnasieantagningens hemsida f\u00f6r att f\u00e5 koll p\u00e5 viktiga datum och vad som h\u00e4nder h\u00e4rn\u00e4st.<\/p>\n\n\t\t\t\t\t\t<\/div>\n\t\t\t\t\t\t\t\t\t<\/div>\n\t\t\t\t\t<\/li>\n\t<\/ol>\n\t\n\t\t\t<div class=\"ams-timeline__action u-inline-items\">\n\t\t\t\t\t\t\t\n\n\n<a href=\"https:\/\/skane.dexter-ist.com\/Skane\/Default.asp?page=auth\/common\/login\"\n\t\n\tclass=\"c-btn \"\n\tdata-style=\"rounded\"\n\tdata-size=\"md\"\n\tdata-width=\"full-mobile\"\n\tdata-variant=\"default\"\n\ttarget=\"_blank\">\n\t\t\t<span class=\"label\"> Ans\u00f6k till gymnasiet h\u00e4r<\/span>\n\t\t\t<\/a>\n\t\t\t<\/div>\n\t<\/div>\n\n\t\t\n\n<\/section>\n\n\n\n\n<section  class=\"ams-cta ams-cta--stacked c-block l-stacked\" data-color-scheme=\"light-grey\">\n\t<div class=\"l-container-narrow l-stack l-stack-fluid-2xl u-pt-fluid-3xl-6xl u-pb-fluid-3xl-6xl is-center is-center@md\">\n\t\t\t\t\t<div class=\"ams-cta__intro l-stack l-stack-lg\">\n\t\t\t\t\t\n\t<h2\n\tclass=\"c-heading u-font-title-1 \"\n\tstyle=\"\">\n\t\t\n\t\t\t\t\tAns\u00f6kningskoder f\u00f6r v\u00e5ra program\n\t\t\t\t\n\t<\/h2>\n\n\t\t\t\t\t\t\t\t\t<div class=\"c-text l-stack u-cs-xl u-font-body\">\n\t\t\t\t\t\t<h3><strong>Teknikprogrammet<\/strong><\/h3>\n<p>Inriktning: informations- och medieteknik | Ans\u00f6kningskod: <strong>TEINM<\/strong><\/p>\n<h3><strong>El- och energiprogrammet<\/strong><\/h3>\n<p>Inriktning: dator- och kommunikationsteknik | Ans\u00f6kningskod: <strong>EEDAK<\/strong><\/p>\n\n\t\t\t\t\t<\/div>\n\t\t\t\t\t\t\t<\/div>\n\t\t\n\t\t\n\t\t\t<\/div>\n\n\t\t\n\n<\/section>\n\n\n\n\n<section  class=\"ams-cta ams-cta--stacked c-block l-stacked\" data-color-scheme=\"vit-2-pa-mork-bakgrund\">\n\t<div class=\"l-container-narrow l-stack l-stack-fluid-2xl u-pt-fluid-3xl-6xl u-pb-fluid-3xl-6xl is-center is-center@md\">\n\t\t\t\t\t<div class=\"ams-cta__intro l-stack l-stack-lg\">\n\t\t\t\t\t\n\t<h2\n\tclass=\"c-heading u-font-title-1 \"\n\tstyle=\"\">\n\t\t\n\t\t\t\t\tVal av program\n\t\t\t\t\n\t<\/h2>\n\n\t\t\t\t\t\t\t\t\t<div class=\"c-text l-stack u-cs-xl u-font-body\">\n\t\t\t\t\t\t<p>Det kan vara sv\u00e5rt att veta vilket program man borde v\u00e4lja. Ett tips \u00e4r att samla p\u00e5 dig s\u00e5 mycket information som m\u00f6jligt om programmen, se vilka kurser som ing\u00e5r och v\u00e4lja n\u00e5got du k\u00e4nner dig intresserad av.<\/p>\n\n\t\t\t\t\t<\/div>\n\t\t\t\t\t\t\t<\/div>\n\t\t\n\t\t\n\t\t\t<div class=\"ams-cta__action u-inline-items\">\n\t\t\t\t\t\t\t\n\n\n<a href=\"https:\/\/ntigymnasiet.se\/lund\/program\/\"\n\t\n\tclass=\"c-btn \"\n\tdata-style=\"rounded\"\n\tdata-size=\"md\"\n\tdata-width=\"full-mobile\"\n\tdata-variant=\"default\"\n\ttarget=\"_self\">\n\t\t\t<span class=\"label\"> Till v\u00e5ra program<\/span>\n\t\t\t<\/a>\n\t\t\t<\/div>\n\t<\/div>\n\n\t\t\n\t\t\t\n\t\t\t\t\t\t\t\n\t\t\t\t<div class=\"c-bg c-bg--img\" data-settings=\"{&quot;desktop_settings&quot;:{&quot;size&quot;:&quot;cover&quot;,&quot;position&quot;:&quot;middle-center&quot;},&quot;mobile_settings&quot;:{&quot;size&quot;:&quot;cover&quot;,&quot;position&quot;:&quot;middle-center&quot;}}\" data-position=\"middle-center\" data-size=\"cover\">\n\t\t\t<img decoding=\"async\" width=\"1920\" height=\"1080\" src=\"https:\/\/ntigymnasiet.se\/wp-content\/uploads\/sites\/11\/2023\/04\/ntitechbgsvagacirklar3.jpg\" class=\"attachment-hero-lg size-hero-lg\" alt=\"Lila bakgrund.\" sizes=\"(max-width: 1920px) 100vw, 1920px\" srcset=\"https:\/\/ntigymnasiet.se\/wp-content\/uploads\/sites\/11\/2023\/04\/ntitechbgsvagacirklar3.jpg 1920w, https:\/\/ntigymnasiet.se\/wp-content\/uploads\/sites\/11\/2023\/04\/ntitechbgsvagacirklar3-300x169.jpg 300w, https:\/\/ntigymnasiet.se\/wp-content\/uploads\/sites\/11\/2023\/04\/ntitechbgsvagacirklar3-400x225.jpg 400w, https:\/\/ntigymnasiet.se\/wp-content\/uploads\/sites\/11\/2023\/04\/ntitechbgsvagacirklar3-600x338.jpg 600w, https:\/\/ntigymnasiet.se\/wp-content\/uploads\/sites\/11\/2023\/04\/ntitechbgsvagacirklar3-800x450.jpg 800w, https:\/\/ntigymnasiet.se\/wp-content\/uploads\/sites\/11\/2023\/04\/ntitechbgsvagacirklar3-1024x576.jpg 1024w, https:\/\/ntigymnasiet.se\/wp-content\/uploads\/sites\/11\/2023\/04\/ntitechbgsvagacirklar3-1200x675.jpg 1200w\" \/>\n\t\t<\/div>\n\t\n<\/section>\n\n\n\n<section \n\t\t class=\"\n\t\t ams-contact\n\t\t \n\t\t c-block l-stacked\n\t\t \n\t\t \n\t\t js-load-more\n\t\t \"\n\t\t data-color-scheme=\"vit\"\n\t\t\t\t\tdata-count=\"3\"\n\t\t\t\t\t\t\tdata-count-mobile=\"2\"\n\t\t\t\t>\n\t<div\n\t\t class=\"\n\t\t l-container\n\t\t l-stack l-stack-fluid-2xl\n\t\t u-pt-fluid-3xl-6xl\n\t\t u-pb-fluid-3xl-6xl\n\t\t is-center\n\t\t is-center@md\n\t\t \">\n\t\t\t\t\t<div class=\"ams-contact__intro l-stack l-stack-lg\">\n\t\t\t\t\t\n\t<h2\n\tclass=\"c-heading u-font-title-1 \"\n\tstyle=\"\">\n\t\t\n\t\t\t\t\tHar du fr\u00e5gor?\n\t\t\t\t\n\t<\/h2>\n\n\t\t\t\t\t\t\t\t\t<div class=\"c-text l-stack u-cs-xl u-font-body\">\n\t\t\t\t\t\t<p>Kontakta g\u00e4rna oss om du har n\u00e5gra fr\u00e5gor om gymnasievalet eller undrar n\u00e5got om v\u00e5ra program.<\/p>\n\n\t\t\t\t\t<\/div>\n\t\t\t\t\t\t\t<\/div>\n\t\t\n\t\t\n\t\t    \t\n\t\t\n\t\t<ul\n\t\t\tid=\"contact-grid-69dfcf03008c6\"\n\t\t\tclass=\"ams-contact__list l-grid u-gap-fluid-2xl-4xl u-justify-center js-results \"\n\t\t\taria-label=\"Kontakter\"\n\t\t\tdata-filter-animation=\"off\"\n\t\t\t>\n\t\t\t\t\t\t\t\t\t\t\t\n\t\t\t\t\n\t\t\t\t<li class=\"l-col-6@md l-col-4@lg \" data-filter=\"ledning\">\n\t\t\t\t\t<article class=\"c-card \" data-variant=\"neutral\">\n\t\t\t\t\t\t<div class=\"c-card__content u-text-center\">\n\t\t\t\t\t\t\t\t\t\t\t\t\t\t\t<h3 class=\"c-card__title u-font-title-3\">\n\t\t\t\t\t\t\t\t\tUlrika Assarehn\n\t\t\t\t\t\t\t\t<\/h3>\n\t\t\t\t\t\t\t\n\t\t\t\t\t\t\t\t\t\t\t\t\t\t\t<p class=\"position u-font-body\">Rektor<\/p>\n\t\t\t\t\t\t\t\n\t\t\t\t\t\t\t\t\t\t\t\t\t\t\t<div class=\"contact-info u-font-body\">\n\t\t\t\t\t\t\t\t\t\t\t\t\t\t\t\t\t\t\t\t\t\t\t\t\t\t\t\t\t\t<p class=\"phone\"><a\n\t\t\t\t\t\t\t\t\t\t\t\t\thref=\"tel:0733661003\"\n\t\t\t\t\t\t\t\t\t\t\t\t\tclass=\"u-text-link\">073-366 10 03<\/a>\n\t\t\t\t\t\t\t\t\t\t\t<\/p>\n\t\t\t\t\t\t\t\t\t\t\t\t\t\t\t\t\t\t\t\n\t\t\t\t\t\t\t\t\t\t\t\t\t\t\t\t\t\t\t\t\t\t\t\t\t\t\t\t\t\t<p class=\"email\"><a\n\t\t\t\t\t\t\t\t\t\t\t\t\thref=\"&#109;a&#105;lto:&#117;&#108;&#114;ik&#097;&#046;assa&#114;e&#104;n&#064;&#110;&#116;&#105;g&#046;se\"\n\t\t\t\t\t\t\t\t\t\t\t\t\tclass=\"u-text-link\">ul&#114;i&#107;a.&#097;ss&#097;&#114;&#101;&#104;&#110;&#064;&#110;tig.s&#101;<\/a>\n\t\t\t\t\t\t\t\t\t\t\t<\/p>\n\t\t\t\t\t\t\t\t\t\t\t\t\t\t\t\t\t\t\t\t\t\t\t\t\t\t\t<\/div>\n\t\t\t\t\t\t\t\n\t\t\t\t\t\t\t\t\t\t\t\t\t<\/div>\n\t\t\t\t\t\t<div class=\"c-card__media\">\n\t\t\t\t\t\t\t\t\t\t\t\t\t\t\t\t\t\t\t\t\t\t\t\t\t\t\t\t\t\t\t\t\t\t\t\t\t\t\t\t\t\t\t\t\t\t\t\t\t<img decoding=\"async\" width=\"400\" height=\"560\" src=\"https:\/\/ntigymnasiet.se\/wp-content\/uploads\/sites\/11\/2023\/05\/ulrika-400x560.jpeg\" class=\"u-radius-round u-ratio-landscape  \" alt=\"Ulrika Assarehn - Rektor.\" sizes=\"(max-width: 300px) 100vw, 300px\" srcset=\"https:\/\/ntigymnasiet.se\/wp-content\/uploads\/sites\/11\/2023\/05\/ulrika-400x560.jpeg 400w, https:\/\/ntigymnasiet.se\/wp-content\/uploads\/sites\/11\/2023\/05\/ulrika-300x420.jpeg 300w, https:\/\/ntigymnasiet.se\/wp-content\/uploads\/sites\/11\/2023\/05\/ulrika.jpeg 500w\" \/>\n\t\t\t\t\t\t<\/div>\n\t\t\t\t\t<\/article>\n\t\t\t\t<\/li>\n\t\t\t\t\t<\/ul>\n\n\t\t\n\t\t    <div class=\"ams-contact__more u-inline-items js-load-more-btn\">\n        <button href=\"#\"\n                class=\"c-btn\"\n                data-style=\"rounded\"\n                data-size=\"md\"\n                data-width=\"full-mobile\"\n                data-variant=\"outline\">\n        \tVisa mer\n        <\/button>\n    <\/div>\n\n\t\t\t<\/div>\n\n\t\t\n\n<\/section>\n","protected":false},"excerpt":{"rendered":"","protected":false},"author":5,"featured_media":0,"parent":0,"menu_order":0,"comment_status":"closed","ping_status":"closed","template":"","meta":{"footnotes":""},"yoast_head":"<!-- This site is optimized with the Yoast SEO plugin v22.0 - https:\/\/yoast.com\/wordpress\/plugins\/seo\/ -->\n<title>Hur s\u00f6ker man till NTI - NTI Gymnasiet Lund<\/title>\n<meta name=\"description\" content=\"S\u00e5 s\u00f6ker du till gymnasiet. En steg f\u00f6r steg-guide f\u00f6r hur du s\u00f6ker till gymnasiet och vad som kan vara bra att t\u00e4nka p\u00e5.\" \/>\n<meta name=\"robots\" content=\"index, follow, max-snippet:-1, max-image-preview:large, max-video-preview:-1\" \/>\n<link rel=\"canonical\" href=\"https:\/\/ntigymnasiet.se\/lund\/sok-till-oss\/\" \/>\n<meta property=\"og:locale\" content=\"sv_SE\" \/>\n<meta property=\"og:type\" content=\"article\" \/>\n<meta property=\"og:title\" content=\"Hur s\u00f6ker man till NTI - NTI Gymnasiet Lund\" \/>\n<meta property=\"og:description\" content=\"S\u00e5 s\u00f6ker du till gymnasiet. En steg f\u00f6r steg-guide f\u00f6r hur du s\u00f6ker till gymnasiet och vad som kan vara bra att t\u00e4nka p\u00e5.\" \/>\n<meta property=\"og:url\" content=\"https:\/\/ntigymnasiet.se\/lund\/sok-till-oss\/\" \/>\n<meta property=\"og:site_name\" content=\"Lund\" \/>\n<meta property=\"article:modified_time\" content=\"2025-11-24T14:21:37+00:00\" \/>\n<meta name=\"twitter:card\" content=\"summary_large_image\" \/>\n<meta name=\"twitter:title\" content=\"Hur s\u00f6ker man till NTI - NTI Gymnasiet Lund\" \/>\n<meta name=\"twitter:description\" content=\"S\u00e5 s\u00f6ker du till gymnasiet. En steg f\u00f6r steg-guide f\u00f6r hur du s\u00f6ker till gymnasiet och vad som kan vara bra att t\u00e4nka p\u00e5.\" \/>\n<meta name=\"twitter:label1\" content=\"Est. reading time\" \/>\n\t<meta name=\"twitter:data1\" content=\"2 minuter\" \/>\n<script type=\"application\/ld+json\" class=\"yoast-schema-graph\">{\"@context\":\"https:\/\/schema.org\",\"@graph\":[{\"@type\":\"WebPage\",\"@id\":\"https:\/\/ntigymnasiet.se\/lund\/sok-till-oss\/\",\"url\":\"https:\/\/ntigymnasiet.se\/lund\/sok-till-oss\/\",\"name\":\"Hur s\u00f6ker man till NTI - NTI Gymnasiet Lund\",\"isPartOf\":{\"@id\":\"https:\/\/ntigymnasiet.se\/lund\/#website\"},\"datePublished\":\"2023-04-24T14:30:37+00:00\",\"dateModified\":\"2025-11-24T14:21:37+00:00\",\"description\":\"S\u00e5 s\u00f6ker du till gymnasiet. En steg f\u00f6r steg-guide f\u00f6r hur du s\u00f6ker till gymnasiet och vad som kan vara bra att t\u00e4nka p\u00e5.\",\"breadcrumb\":{\"@id\":\"https:\/\/ntigymnasiet.se\/lund\/sok-till-oss\/#breadcrumb\"},\"inLanguage\":\"sv-SE\",\"potentialAction\":[{\"@type\":\"ReadAction\",\"target\":[\"https:\/\/ntigymnasiet.se\/lund\/sok-till-oss\/\"]}]},{\"@type\":\"BreadcrumbList\",\"@id\":\"https:\/\/ntigymnasiet.se\/lund\/sok-till-oss\/#breadcrumb\",\"itemListElement\":[{\"@type\":\"ListItem\",\"position\":1,\"name\":\"Start\",\"item\":\"https:\/\/ntigymnasiet.se\/lund\/\"},{\"@type\":\"ListItem\",\"position\":2,\"name\":\"Hur s\u00f6ker man till NTI\"}]},{\"@type\":\"WebSite\",\"@id\":\"https:\/\/ntigymnasiet.se\/lund\/#website\",\"url\":\"https:\/\/ntigymnasiet.se\/lund\/\",\"name\":\"Lund\",\"description\":\"Just another WordPress site\",\"potentialAction\":[{\"@type\":\"SearchAction\",\"target\":{\"@type\":\"EntryPoint\",\"urlTemplate\":\"https:\/\/ntigymnasiet.se\/lund\/?s={search_term_string}\"},\"query-input\":\"required name=search_term_string\"}],\"inLanguage\":\"sv-SE\"}]}<\/script>\n<!-- \/ Yoast SEO plugin. -->","yoast_head_json":{"title":"Hur s\u00f6ker man till NTI - NTI Gymnasiet Lund","description":"S\u00e5 s\u00f6ker du till gymnasiet. En steg f\u00f6r steg-guide f\u00f6r hur du s\u00f6ker till gymnasiet och vad som kan vara bra att t\u00e4nka p\u00e5.","robots":{"index":"index","follow":"follow","max-snippet":"max-snippet:-1","max-image-preview":"max-image-preview:large","max-video-preview":"max-video-preview:-1"},"canonical":"https:\/\/ntigymnasiet.se\/lund\/sok-till-oss\/","og_locale":"sv_SE","og_type":"article","og_title":"Hur s\u00f6ker man till NTI - NTI Gymnasiet Lund","og_description":"S\u00e5 s\u00f6ker du till gymnasiet. En steg f\u00f6r steg-guide f\u00f6r hur du s\u00f6ker till gymnasiet och vad som kan vara bra att t\u00e4nka p\u00e5.","og_url":"https:\/\/ntigymnasiet.se\/lund\/sok-till-oss\/","og_site_name":"Lund","article_modified_time":"2025-11-24T14:21:37+00:00","twitter_card":"summary_large_image","twitter_title":"Hur s\u00f6ker man till NTI - NTI Gymnasiet Lund","twitter_description":"S\u00e5 s\u00f6ker du till gymnasiet. En steg f\u00f6r steg-guide f\u00f6r hur du s\u00f6ker till gymnasiet och vad som kan vara bra att t\u00e4nka p\u00e5.","twitter_misc":{"Est. reading time":"2 minuter"},"schema":{"@context":"https:\/\/schema.org","@graph":[{"@type":"WebPage","@id":"https:\/\/ntigymnasiet.se\/lund\/sok-till-oss\/","url":"https:\/\/ntigymnasiet.se\/lund\/sok-till-oss\/","name":"Hur s\u00f6ker man till NTI - NTI Gymnasiet Lund","isPartOf":{"@id":"https:\/\/ntigymnasiet.se\/lund\/#website"},"datePublished":"2023-04-24T14:30:37+00:00","dateModified":"2025-11-24T14:21:37+00:00","description":"S\u00e5 s\u00f6ker du till gymnasiet. En steg f\u00f6r steg-guide f\u00f6r hur du s\u00f6ker till gymnasiet och vad som kan vara bra att t\u00e4nka p\u00e5.","breadcrumb":{"@id":"https:\/\/ntigymnasiet.se\/lund\/sok-till-oss\/#breadcrumb"},"inLanguage":"sv-SE","potentialAction":[{"@type":"ReadAction","target":["https:\/\/ntigymnasiet.se\/lund\/sok-till-oss\/"]}]},{"@type":"BreadcrumbList","@id":"https:\/\/ntigymnasiet.se\/lund\/sok-till-oss\/#breadcrumb","itemListElement":[{"@type":"ListItem","position":1,"name":"Start","item":"https:\/\/ntigymnasiet.se\/lund\/"},{"@type":"ListItem","position":2,"name":"Hur s\u00f6ker man till NTI"}]},{"@type":"WebSite","@id":"https:\/\/ntigymnasiet.se\/lund\/#website","url":"https:\/\/ntigymnasiet.se\/lund\/","name":"Lund","description":"Just another WordPress site","potentialAction":[{"@type":"SearchAction","target":{"@type":"EntryPoint","urlTemplate":"https:\/\/ntigymnasiet.se\/lund\/?s={search_term_string}"},"query-input":"required name=search_term_string"}],"inLanguage":"sv-SE"}]}},"_links":{"self":[{"href":"https:\/\/ntigymnasiet.se\/lund\/wp-json\/wp\/v2\/pages\/313"}],"collection":[{"href":"https:\/\/ntigymnasiet.se\/lund\/wp-json\/wp\/v2\/pages"}],"about":[{"href":"https:\/\/ntigymnasiet.se\/lund\/wp-json\/wp\/v2\/types\/page"}],"author":[{"embeddable":true,"href":"https:\/\/ntigymnasiet.se\/lund\/wp-json\/wp\/v2\/users\/5"}],"replies":[{"embeddable":true,"href":"https:\/\/ntigymnasiet.se\/lund\/wp-json\/wp\/v2\/comments?post=313"}],"version-history":[{"count":10,"href":"https:\/\/ntigymnasiet.se\/lund\/wp-json\/wp\/v2\/pages\/313\/revisions"}],"predecessor-version":[{"id":1723,"href":"https:\/\/ntigymnasiet.se\/lund\/wp-json\/wp\/v2\/pages\/313\/revisions\/1723"}],"wp:attachment":[{"href":"https:\/\/ntigymnasiet.se\/lund\/wp-json\/wp\/v2\/media?parent=313"}],"curies":[{"name":"wp","href":"https:\/\/api.w.org\/{rel}","templated":true}]}}