{"id":6,"date":"2023-02-15T08:24:59","date_gmt":"2023-02-15T07:24:59","guid":{"rendered":"https:\/\/ntigymnasiet.se\/nacka\/?page_id=6"},"modified":"2025-11-13T11:29:09","modified_gmt":"2025-11-13T10:29:09","slug":"startsida","status":"publish","type":"page","link":"https:\/\/ntigymnasiet.se\/nacka\/","title":{"rendered":"Startsida"},"content":{"rendered":"\n\t\n\t\n\t\n\t\n\t\n\t\n\t\n<section  class=\"ams-hero ams-hero--fifty ams-hero--75 ams-hero--full c-block l-stacked  \" data-color-scheme=\"footer\">\n\t<div class=\"ams-hero__container media-right media-bottom\">\n\t\t<div class=\"ams-hero__content l-stack l-stack-xl is-left is-left@lg u-pt-fluid-3xl-6xl u-pb-fluid-3xl-6xl\">\n\t\t\t<div class=\"l-stack l-stack-lg\">\n\t\t\t\t\t\n\t<h1\n\tclass=\"c-heading u-font-huge \"\n\tstyle=\"\">\n\t\t\n\t\t\t\t\t\t\t\t\t<span class=\"c-heading__sub is-above u-font-title-3\">\n\t\t\t\t\tNTI Gymnasiet\n\t\t\t\t<\/span>\n\t\t\t\tNacka Strand\n\t\t\t\t\t\t\t\n\t<\/h1>\n\n\t\t\t\t\t\t\t\t\t<div class=\"text l-stack u-font-body\">\n\t\t\t\t\t\t<p><strong>V\u00e5r skola och program har blivit en del av Drottning Blankas Gymnasieskola Nacka.<\/strong><\/p>\n\n\t\t\t\t\t<\/div>\n\t\t\t\t\t\t\t<\/div>\n\n\t\t\t\t<div class=\"ams-hero__action u-inline-items\">\n\t\t\t\t\t\t\t\n\n\n<a href=\"https:\/\/ntigymnasiet.se\/nacka\/nyheter\/nti-dbgy\/\"\n\t\n\tclass=\"c-btn \"\n\tdata-style=\"rounded\"\n\tdata-size=\"md\"\n\tdata-width=\"full-mobile\"\n\tdata-variant=\"outline\"\n\ttarget=\"_blank\">\n\t\t\t<span class=\"label\"> L\u00e4s mer om nyheten<\/span>\n\t\t\t<\/a>\n\t\t\t\t\t\t\t\n\n\n<a href=\"https:\/\/drottningblanka.se\/nacka\/\"\n\t\n\tclass=\"c-btn \"\n\tdata-style=\"rounded\"\n\tdata-size=\"md\"\n\tdata-width=\"full-mobile\"\n\tdata-variant=\"default\"\n\ttarget=\"_blank\">\n\t\t\t<span class=\"label\"> Till Drottning Blankas Gymnasieskola Nacka<\/span>\n\t\t\t<\/a>\n\t\t\t<\/div>\n\t\t<\/div>\n\t\t<div class=\"ams-hero__media\">\n\n\t\t\t\t\t\t\t\t\t\t\t\t<img decoding=\"async\" width=\"1080\" height=\"1080\" src=\"https:\/\/ntigymnasiet.se\/wp-content\/uploads\/sites\/13\/2023\/05\/nti-gymnasieskola-nacka-202204.jpg\" class=\"attachment-xxl size-xxl\" alt=\"Tv\u00e5 elever h\u00e5ller i en dr\u00f6nare\" sizes=\"(min-width: 64em) 50vw, 100vw\" srcset=\"https:\/\/ntigymnasiet.se\/wp-content\/uploads\/sites\/13\/2023\/05\/nti-gymnasieskola-nacka-202204.jpg 1080w, https:\/\/ntigymnasiet.se\/wp-content\/uploads\/sites\/13\/2023\/05\/nti-gymnasieskola-nacka-202204-150x150.jpg 150w, https:\/\/ntigymnasiet.se\/wp-content\/uploads\/sites\/13\/2023\/05\/nti-gymnasieskola-nacka-202204-300x300.jpg 300w, https:\/\/ntigymnasiet.se\/wp-content\/uploads\/sites\/13\/2023\/05\/nti-gymnasieskola-nacka-202204-400x400.jpg 400w, https:\/\/ntigymnasiet.se\/wp-content\/uploads\/sites\/13\/2023\/05\/nti-gymnasieskola-nacka-202204-600x600.jpg 600w, https:\/\/ntigymnasiet.se\/wp-content\/uploads\/sites\/13\/2023\/05\/nti-gymnasieskola-nacka-202204-800x800.jpg 800w, https:\/\/ntigymnasiet.se\/wp-content\/uploads\/sites\/13\/2023\/05\/nti-gymnasieskola-nacka-202204-1024x1024.jpg 1024w\" \/>\n\t\t\t\t\t\t\t\n\t\t\t\n\t\t\t\t\t<\/div>\n\t<\/div>\n\n\t\n\t\t\t\n\t\t\t\t\t\t\t\n\t\t\t\t<div class=\"c-bg c-bg--img\" data-settings=\"{&quot;desktop_settings&quot;:{&quot;size&quot;:&quot;cover&quot;,&quot;position&quot;:&quot;middle-center&quot;},&quot;mobile_settings&quot;:{&quot;size&quot;:&quot;cover&quot;,&quot;position&quot;:&quot;middle-center&quot;}}\" data-position=\"middle-center\" data-size=\"cover\">\n\t\t\t\n\t\t<\/div>\n\t\n<\/section>\n\n\n\n<section \n\t\t class=\"\n\t\t ams-contact\n\t\t \n\t\t c-block l-stacked\n\t\t \n\t\t \n\t\t js-load-more\n\t\t \"\n\t\t data-color-scheme=\"\"\n\t\t\t\t\tdata-count=\"3\"\n\t\t\t\t\t\t\tdata-count-mobile=\"2\"\n\t\t\t\t>\n\t<div\n\t\t class=\"\n\t\t l-container\n\t\t l-stack l-stack-fluid-2xl\n\t\t u-pt-fluid-3xl-6xl\n\t\t u-pb-fluid-3xl-6xl\n\t\t is-center\n\t\t is-center@md\n\t\t \">\n\t\t\t\t\t<div class=\"ams-contact__intro l-stack l-stack-lg\">\n\t\t\t\t\t\n\t<h2\n\tclass=\"c-heading u-font-title-1 \"\n\tstyle=\"\">\n\t\t\n\t\t\t\t\tKontakt\n\t\t\t\t\n\t<\/h2>\n\n\t\t\t\t\t\t\t<\/div>\n\t\t\n\t\t\n\t\t    \t\n\t\t\n\t\t<ul\n\t\t\tid=\"contact-grid-69e1705fb5cae\"\n\t\t\tclass=\"ams-contact__list l-grid u-gap-fluid-2xl-4xl u-justify-center js-results \"\n\t\t\taria-label=\"Kontakter\"\n\t\t\tdata-filter-animation=\"off\"\n\t\t\t>\n\t\t\t\t\t\t\t\t\t\t\t\n\t\t\t\t\n\t\t\t\t<li class=\"l-col-6@md l-col-4@lg \" data-filter=\"ledning\">\n\t\t\t\t\t<article class=\"c-card \" data-variant=\"neutral\">\n\t\t\t\t\t\t<div class=\"c-card__content u-text-center\">\n\t\t\t\t\t\t\t\t\t\t\t\t\t\t\t<h3 class=\"c-card__title u-font-title-3\">\n\t\t\t\t\t\t\t\t\tMagnus Olsson\n\t\t\t\t\t\t\t\t<\/h3>\n\t\t\t\t\t\t\t\n\t\t\t\t\t\t\t\t\t\t\t\t\t\t\t<p class=\"position u-font-body\">Rektor DBGY Nacka\/NTI Nacka<\/p>\n\t\t\t\t\t\t\t\n\t\t\t\t\t\t\t\t\t\t\t\t\t\t\t<div class=\"contact-info u-font-body\">\n\t\t\t\t\t\t\t\t\t\t\t\t\t\t\t\t\t\t\t\t\t\t\t\t\t\t\t\t\t\t<p class=\"phone\"><a\n\t\t\t\t\t\t\t\t\t\t\t\t\thref=\"tel:084526019\"\n\t\t\t\t\t\t\t\t\t\t\t\t\tclass=\"u-text-link\">08-452 60 19<\/a>\n\t\t\t\t\t\t\t\t\t\t\t<\/p>\n\t\t\t\t\t\t\t\t\t\t\t\t\t\t\t\t\t\t\t\n\t\t\t\t\t\t\t\t\t\t\t\t\t\t\t\t\t\t\t\t\t\t\t\t\t\t\t\t\t\t<p class=\"email\"><a\n\t\t\t\t\t\t\t\t\t\t\t\t\thref=\"mai&#108;&#116;o:m&#097;gnus.o&#108;&#115;s&#111;n&#064;&#100;&#098;&#103;y.se\"\n\t\t\t\t\t\t\t\t\t\t\t\t\tclass=\"u-text-link\">m&#097;&#103;&#110;us.&#111;&#108;&#115;&#115;&#111;n&#064;&#100;b&#103;&#121;&#046;s&#101;<\/a>\n\t\t\t\t\t\t\t\t\t\t\t<\/p>\n\t\t\t\t\t\t\t\t\t\t\t\t\t\t\t\t\t\t\t\t\t\t\t\t\t\t\t<\/div>\n\t\t\t\t\t\t\t\n\t\t\t\t\t\t\t\t\t\t\t\t\t<\/div>\n\t\t\t\t\t\t<div class=\"c-card__media\">\n\t\t\t\t\t\t\t\t\t\t\t\t\t\t\t\t\t\t\t\t\t\t\t\t\t\t\t\t\t\t\t\t\t\t\t\t\t\t\t\t\t\t\t\t\t\t\t\t\t<img decoding=\"async\" width=\"400\" height=\"867\" src=\"https:\/\/ntigymnasiet.se\/wp-content\/uploads\/sites\/13\/2023\/05\/magnus-olsson-400x867.webp\" class=\"u-radius-round u-ratio-landscape  \" alt=\"\" sizes=\"(max-width: 300px) 100vw, 300px\" srcset=\"https:\/\/ntigymnasiet.se\/wp-content\/uploads\/sites\/13\/2023\/05\/magnus-olsson-400x867.webp 400w, https:\/\/ntigymnasiet.se\/wp-content\/uploads\/sites\/13\/2023\/05\/magnus-olsson-300x650.webp 300w, https:\/\/ntigymnasiet.se\/wp-content\/uploads\/sites\/13\/2023\/05\/magnus-olsson.webp 600w\" \/>\n\t\t\t\t\t\t<\/div>\n\t\t\t\t\t<\/article>\n\t\t\t\t<\/li>\n\t\t\t\t\t<\/ul>\n\n\t\t\n\t\t    <div class=\"ams-contact__more u-inline-items js-load-more-btn\">\n        <button href=\"#\"\n                class=\"c-btn\"\n                data-style=\"rounded\"\n                data-size=\"md\"\n                data-width=\"full-mobile\"\n                data-variant=\"outline\">\n        \tVisa mer\n        <\/button>\n    <\/div>\n\n\t\t\t<\/div>\n\n\t\t\n\n<\/section>\n","protected":false},"excerpt":{"rendered":"","protected":false},"author":1,"featured_media":0,"parent":0,"menu_order":0,"comment_status":"closed","ping_status":"closed","template":"","meta":{"footnotes":""},"yoast_head":"<!-- This site is optimized with the Yoast SEO plugin v22.0 - https:\/\/yoast.com\/wordpress\/plugins\/seo\/ -->\n<title>Startsida - NTI Gymnasiet Nacka<\/title>\n<meta name=\"description\" content=\"Du f\u00e5r en bred utbildning inom teknik och IT. Du f\u00e5r m\u00f6jlighet att specialisera dig inom teknikvetenskap, mjukvaruutveckling eller IT.\" \/>\n<meta name=\"robots\" content=\"index, follow, max-snippet:-1, max-image-preview:large, max-video-preview:-1\" \/>\n<link rel=\"canonical\" href=\"https:\/\/ntigymnasiet.se\/nacka\/\" \/>\n<meta property=\"og:locale\" content=\"sv_SE\" \/>\n<meta property=\"og:type\" content=\"article\" \/>\n<meta property=\"og:title\" content=\"Startsida - NTI Gymnasiet Nacka\" \/>\n<meta property=\"og:description\" content=\"Du f\u00e5r en bred utbildning inom teknik och IT. Du f\u00e5r m\u00f6jlighet att specialisera dig inom teknikvetenskap, mjukvaruutveckling eller IT.\" \/>\n<meta property=\"og:url\" content=\"https:\/\/ntigymnasiet.se\/nacka\/\" \/>\n<meta property=\"og:site_name\" content=\"Nacka\" \/>\n<meta property=\"article:modified_time\" content=\"2025-11-13T10:29:09+00:00\" \/>\n<meta name=\"twitter:card\" content=\"summary_large_image\" \/>\n<meta name=\"twitter:title\" content=\"Startsida - NTI Gymnasiet Nacka\" \/>\n<meta name=\"twitter:description\" content=\"Du f\u00e5r en bred utbildning inom teknik och IT. Du f\u00e5r m\u00f6jlighet att specialisera dig inom teknikvetenskap, mjukvaruutveckling eller IT.\" \/>\n<meta name=\"twitter:label1\" content=\"Est. reading time\" \/>\n\t<meta name=\"twitter:data1\" content=\"1 minut\" \/>\n<script type=\"application\/ld+json\" class=\"yoast-schema-graph\">{\"@context\":\"https:\/\/schema.org\",\"@graph\":[{\"@type\":\"WebPage\",\"@id\":\"https:\/\/ntigymnasiet.se\/nacka\/\",\"url\":\"https:\/\/ntigymnasiet.se\/nacka\/\",\"name\":\"Startsida - NTI Gymnasiet Nacka\",\"isPartOf\":{\"@id\":\"https:\/\/ntigymnasiet.se\/nacka\/#website\"},\"datePublished\":\"2023-02-15T07:24:59+00:00\",\"dateModified\":\"2025-11-13T10:29:09+00:00\",\"description\":\"Du f\u00e5r en bred utbildning inom teknik och IT. Du f\u00e5r m\u00f6jlighet att specialisera dig inom teknikvetenskap, mjukvaruutveckling eller IT.\",\"breadcrumb\":{\"@id\":\"https:\/\/ntigymnasiet.se\/nacka\/#breadcrumb\"},\"inLanguage\":\"sv-SE\",\"potentialAction\":[{\"@type\":\"ReadAction\",\"target\":[\"https:\/\/ntigymnasiet.se\/nacka\/\"]}]},{\"@type\":\"BreadcrumbList\",\"@id\":\"https:\/\/ntigymnasiet.se\/nacka\/#breadcrumb\",\"itemListElement\":[{\"@type\":\"ListItem\",\"position\":1,\"name\":\"Start\",\"item\":\"https:\/\/ntigymnasiet.se\/nacka\/\"},{\"@type\":\"ListItem\",\"position\":2,\"name\":\"Startsida\"}]},{\"@type\":\"WebSite\",\"@id\":\"https:\/\/ntigymnasiet.se\/nacka\/#website\",\"url\":\"https:\/\/ntigymnasiet.se\/nacka\/\",\"name\":\"Nacka\",\"description\":\"Just another WordPress site\",\"potentialAction\":[{\"@type\":\"SearchAction\",\"target\":{\"@type\":\"EntryPoint\",\"urlTemplate\":\"https:\/\/ntigymnasiet.se\/nacka\/?s={search_term_string}\"},\"query-input\":\"required name=search_term_string\"}],\"inLanguage\":\"sv-SE\"}]}<\/script>\n<!-- \/ Yoast SEO plugin. -->","yoast_head_json":{"title":"Startsida - NTI Gymnasiet Nacka","description":"Du f\u00e5r en bred utbildning inom teknik och IT. Du f\u00e5r m\u00f6jlighet att specialisera dig inom teknikvetenskap, mjukvaruutveckling eller IT.","robots":{"index":"index","follow":"follow","max-snippet":"max-snippet:-1","max-image-preview":"max-image-preview:large","max-video-preview":"max-video-preview:-1"},"canonical":"https:\/\/ntigymnasiet.se\/nacka\/","og_locale":"sv_SE","og_type":"article","og_title":"Startsida - NTI Gymnasiet Nacka","og_description":"Du f\u00e5r en bred utbildning inom teknik och IT. Du f\u00e5r m\u00f6jlighet att specialisera dig inom teknikvetenskap, mjukvaruutveckling eller IT.","og_url":"https:\/\/ntigymnasiet.se\/nacka\/","og_site_name":"Nacka","article_modified_time":"2025-11-13T10:29:09+00:00","twitter_card":"summary_large_image","twitter_title":"Startsida - NTI Gymnasiet Nacka","twitter_description":"Du f\u00e5r en bred utbildning inom teknik och IT. Du f\u00e5r m\u00f6jlighet att specialisera dig inom teknikvetenskap, mjukvaruutveckling eller IT.","twitter_misc":{"Est. reading time":"1 minut"},"schema":{"@context":"https:\/\/schema.org","@graph":[{"@type":"WebPage","@id":"https:\/\/ntigymnasiet.se\/nacka\/","url":"https:\/\/ntigymnasiet.se\/nacka\/","name":"Startsida - NTI Gymnasiet Nacka","isPartOf":{"@id":"https:\/\/ntigymnasiet.se\/nacka\/#website"},"datePublished":"2023-02-15T07:24:59+00:00","dateModified":"2025-11-13T10:29:09+00:00","description":"Du f\u00e5r en bred utbildning inom teknik och IT. Du f\u00e5r m\u00f6jlighet att specialisera dig inom teknikvetenskap, mjukvaruutveckling eller IT.","breadcrumb":{"@id":"https:\/\/ntigymnasiet.se\/nacka\/#breadcrumb"},"inLanguage":"sv-SE","potentialAction":[{"@type":"ReadAction","target":["https:\/\/ntigymnasiet.se\/nacka\/"]}]},{"@type":"BreadcrumbList","@id":"https:\/\/ntigymnasiet.se\/nacka\/#breadcrumb","itemListElement":[{"@type":"ListItem","position":1,"name":"Start","item":"https:\/\/ntigymnasiet.se\/nacka\/"},{"@type":"ListItem","position":2,"name":"Startsida"}]},{"@type":"WebSite","@id":"https:\/\/ntigymnasiet.se\/nacka\/#website","url":"https:\/\/ntigymnasiet.se\/nacka\/","name":"Nacka","description":"Just another WordPress site","potentialAction":[{"@type":"SearchAction","target":{"@type":"EntryPoint","urlTemplate":"https:\/\/ntigymnasiet.se\/nacka\/?s={search_term_string}"},"query-input":"required name=search_term_string"}],"inLanguage":"sv-SE"}]}},"_links":{"self":[{"href":"https:\/\/ntigymnasiet.se\/nacka\/wp-json\/wp\/v2\/pages\/6"}],"collection":[{"href":"https:\/\/ntigymnasiet.se\/nacka\/wp-json\/wp\/v2\/pages"}],"about":[{"href":"https:\/\/ntigymnasiet.se\/nacka\/wp-json\/wp\/v2\/types\/page"}],"author":[{"embeddable":true,"href":"https:\/\/ntigymnasiet.se\/nacka\/wp-json\/wp\/v2\/users\/1"}],"replies":[{"embeddable":true,"href":"https:\/\/ntigymnasiet.se\/nacka\/wp-json\/wp\/v2\/comments?post=6"}],"version-history":[{"count":10,"href":"https:\/\/ntigymnasiet.se\/nacka\/wp-json\/wp\/v2\/pages\/6\/revisions"}],"predecessor-version":[{"id":1467,"href":"https:\/\/ntigymnasiet.se\/nacka\/wp-json\/wp\/v2\/pages\/6\/revisions\/1467"}],"wp:attachment":[{"href":"https:\/\/ntigymnasiet.se\/nacka\/wp-json\/wp\/v2\/media?parent=6"}],"curies":[{"name":"wp","href":"https:\/\/api.w.org\/{rel}","templated":true}]}}