{"id":199,"date":"2023-03-31T16:52:25","date_gmt":"2023-03-31T14:52:25","guid":{"rendered":"https:\/\/ntigymnasiet.se\/orebro\/?page_id=199"},"modified":"2024-01-31T16:24:20","modified_gmt":"2024-01-31T15:24:20","slug":"rektorn-har-ordet","status":"publish","type":"page","link":"https:\/\/ntigymnasiet.se\/orebro\/var-skola\/rektorn-har-ordet\/","title":{"rendered":"Rektorn har ordet"},"content":{"rendered":"\n\t\n\t\n\t\n\n\t\n\t\n\t\t\n<section  class=\"c-block l-stacked  \" data-color-scheme=\"vit\">\n\t<div class=\"ams-fifty ams-fifty--container ams-fifty--right ams-fifty--bottom l-container u-pt-fluid-3xl-6xl u-pb-fluid-3xl-6xl\">\n\t\t<div class=\"ams-fifty__content l-stack l-stack-xl is-left is-left@lg\">\n\t\t\t<div class=\"ams-fifty__text l-stack l-stack-lg\">\n\t\t\t\t\t\n\t<h1\n\tclass=\"c-heading u-font-title-1 \"\n\tstyle=\"\">\n\t\t\n\t\t\t\t\t\t\t\t\tRektorn har ordet\n\t\t\t\t<span class=\"c-heading__sub is-below u-font-title-3\">\n\t\t\t\t\tAndreas Holm\n\t\t\t\t<\/span>\n\t\t\t\t\t\t\t\n\t<\/h1>\n\n\t\t\t\t\t\t\t\t\t<div class=\"text l-stack u-font-body\">\n\t\t\t\t\t\t<p>2005 b\u00f6rjade jag min l\u00e4rarkarri\u00e4r och 2006 tog jag tj\u00e4nst p\u00e5 NTI Gymnasiet. D\u00e5 var namnet p\u00e5 skolan IT-gymnasiet, men under skolans utveckling har alltid trygghet, digital teknik, innovation och gemenskap varit grundfundament. Jag tilltr\u00e4dde som rektor i juni 2023 efter en tid som bitr\u00e4dande rektor, och f\u00f6r mig som ledare \u00e4r lyh\u00f6rdhet och andras \u00e5sikter\/perspektiv viktiga och avg\u00f6rande f\u00f6r skolan som organisation.<\/p>\n\n\t\t\t\t\t<\/div>\n\t\t\t\t\t\t\t<\/div>\n\n\t\t\t\t\t<\/div>\n\n\t\t <div class=\"ams-fifty__media u-ratio-square\">\n\t\t \t\t\t\t\t<img decoding=\"async\" width=\"600\" height=\"900\" src=\"https:\/\/ntigymnasiet.se\/wp-content\/uploads\/sites\/24\/2023\/05\/andreas-holm-scaled-600x900.jpg\" class=\"attachment-md size-md\" alt=\"Andreas Holm.\" sizes=\"(min-width: 64em) 600px, calc(100vw - 160px)\" srcset=\"https:\/\/ntigymnasiet.se\/wp-content\/uploads\/sites\/24\/2023\/05\/andreas-holm-scaled-600x900.jpg 600w, https:\/\/ntigymnasiet.se\/wp-content\/uploads\/sites\/24\/2023\/05\/andreas-holm-scaled-300x450.jpg 300w, https:\/\/ntigymnasiet.se\/wp-content\/uploads\/sites\/24\/2023\/05\/andreas-holm-scaled-400x600.jpg 400w, https:\/\/ntigymnasiet.se\/wp-content\/uploads\/sites\/24\/2023\/05\/andreas-holm-scaled-800x1200.jpg 800w, https:\/\/ntigymnasiet.se\/wp-content\/uploads\/sites\/24\/2023\/05\/andreas-holm-scaled-1024x1537.jpg 1024w, https:\/\/ntigymnasiet.se\/wp-content\/uploads\/sites\/24\/2023\/05\/andreas-holm-scaled-1200x1801.jpg 1200w, https:\/\/ntigymnasiet.se\/wp-content\/uploads\/sites\/24\/2023\/05\/andreas-holm-scaled.jpg 1706w\" \/>\n\t\t\t\n\t\t\t\n\t\t\t\t\t<\/div>\n\t<\/div>\n\n\t\t\n\n<\/section>\n\n\n\n\n<section  class=\"ams-quote c-block l-stacked\" data-color-scheme=\"vit-2-pa-mork-bakgrund\">\n\t<div class=\"l-container l-stack l-stack-fluid-2xl u-pt-fluid-3xl-6xl u-pb-fluid-3xl-6xl is-left is-center@md\">\n\t\t\n\t\t\t\t\t<ul class=\"ams-quote__list l-grid u-gap-fluid-2xl-4xl u-justify-center\"\n\taria-label=\"Citat\">\n\t\t\t<li class=\"l-col-12@md\">\n\t\t\t<article class=\"c-card\" data-variant=\"neutral\" >\n\t\t\t\t<div class=\"c-card__content l-stack u-text-center\">\n\t\t\t\t\t\t\t\t\t\t\t<blockquote class=\"c-card__title u-font-title-1\">\n\t\t\t\t\t\t\t\t\t\t\t\t\t\t\t<p class=\"u-quote-marks\">F\u00f6r mig som ledare \u00e4r lyh\u00f6rdhet och andras \u00e5sikter viktiga och avg\u00f6rande f\u00f6r skolan som organisation<\/p>\n\t\t\t\t\t\t\t\t\t\t\t\t\t<\/blockquote>\n\t\t\t\t\t\n\t\t\t\t\t\t\t\t\t\t\t<p class=\"c-card__text\">\n\t\t\t\t\t\t\t<span class=\"author u-font-body\">Andreas Holm, rektor<\/span>\n\t\t\t\t\t\t\t<span class=\"title u-font-body\">NTI Gymnasiet \u00d6rebro<\/span>\n\t\t\t\t\t\t<\/p>\n\t\t\t\t\t\t\t\t\t<\/div>\n\n\t\t\t\t\t\t\t<\/article>\n\t\t<\/li>\n\t<\/ul>\n\t\n\t\t\t<\/div>\n\n\t\t\n\t\t\t\n\t\t\t\t\t\t\t\n\t\t\t\t<div class=\"c-bg c-bg--img\" data-settings=\"{&quot;desktop_settings&quot;:{&quot;size&quot;:&quot;cover&quot;,&quot;position&quot;:&quot;middle-center&quot;},&quot;mobile_settings&quot;:{&quot;size&quot;:&quot;cover&quot;,&quot;position&quot;:&quot;middle-center&quot;}}\" data-position=\"middle-center\" data-size=\"cover\">\n\t\t\t<img decoding=\"async\" width=\"1920\" height=\"1080\" src=\"https:\/\/ntigymnasiet.se\/wp-content\/uploads\/sites\/24\/2023\/05\/ntitechbgsvagacirklar3-15.jpg\" class=\"attachment-hero-lg size-hero-lg\" alt=\"Lila bakgrund.\" sizes=\"(max-width: 1920px) 100vw, 1920px\" srcset=\"https:\/\/ntigymnasiet.se\/wp-content\/uploads\/sites\/24\/2023\/05\/ntitechbgsvagacirklar3-15.jpg 1920w, https:\/\/ntigymnasiet.se\/wp-content\/uploads\/sites\/24\/2023\/05\/ntitechbgsvagacirklar3-15-300x169.jpg 300w, https:\/\/ntigymnasiet.se\/wp-content\/uploads\/sites\/24\/2023\/05\/ntitechbgsvagacirklar3-15-1024x576.jpg 1024w, https:\/\/ntigymnasiet.se\/wp-content\/uploads\/sites\/24\/2023\/05\/ntitechbgsvagacirklar3-15-768x432.jpg 768w, https:\/\/ntigymnasiet.se\/wp-content\/uploads\/sites\/24\/2023\/05\/ntitechbgsvagacirklar3-15-1536x864.jpg 1536w, https:\/\/ntigymnasiet.se\/wp-content\/uploads\/sites\/24\/2023\/05\/ntitechbgsvagacirklar3-15-500x281.jpg 500w, https:\/\/ntigymnasiet.se\/wp-content\/uploads\/sites\/24\/2023\/05\/ntitechbgsvagacirklar3-15-340x191.jpg 340w, https:\/\/ntigymnasiet.se\/wp-content\/uploads\/sites\/24\/2023\/05\/ntitechbgsvagacirklar3-15-1100x620.jpg 1100w, https:\/\/ntigymnasiet.se\/wp-content\/uploads\/sites\/24\/2023\/05\/ntitechbgsvagacirklar3-15-1000x563.jpg 1000w, https:\/\/ntigymnasiet.se\/wp-content\/uploads\/sites\/24\/2023\/05\/ntitechbgsvagacirklar3-15-1200x675.jpg 1200w, https:\/\/ntigymnasiet.se\/wp-content\/uploads\/sites\/24\/2023\/05\/ntitechbgsvagacirklar3-15-600x338.jpg 600w, https:\/\/ntigymnasiet.se\/wp-content\/uploads\/sites\/24\/2023\/05\/ntitechbgsvagacirklar3-15-400x225.jpg 400w\" \/>\n\t\t<\/div>\n\t\n<\/section>\n\n\n\n<div class=\"wp-block-group is-style-narrow is-layout-flow wp-block-group-is-layout-flow\">\n<p>Den viktigaste och eventuellt mest avg\u00f6rande delen i mitt ledarskap \u00e4r att skolans verksamhet m\u00e5ste ske i samarbete med omv\u00e4rlden! Eleverna m\u00e5ste under sina tre \u00e5r uppleva och ta del av Case-metodik, projekt, g\u00e4stf\u00f6rel\u00e4sningar och \u00e4mnesintegrerade projekt i samarbete med omv\u00e4rlden. Skolan skall ha en tydlig holistisk syn p\u00e5 l\u00e4rande och kunskap i Deweys anda.<\/p>\n\n\n\n<p>Med detta sagt \u00e4r min pedagogiska grundsyn att eleverna under tre \u00e5r skall vara f\u00f6rberedda inf\u00f6r livet, vidare studier och yrkeslivet. Inneb\u00f6rden blir att elevernas tre \u00e5r p\u00e5 skolan organiseras olika i h\u00e4nsyn till individens f\u00f6ruts\u00e4ttningar. Samtidigt \u00e4r det viktigt att skolan styr eleverna i en kommunicerad och manifesterad riktning. Eleverna ska utveckla f\u00f6rm\u00e5gor och egenskaper s\u00e5som ansvarsk\u00e4nsla, \u00f6ppenhet, livsl\u00e5ngt l\u00e4rande, kommunikativ f\u00f6rm\u00e5ga och social kompetens.<\/p>\n<\/div>\n\n\n\n<section \n\t\t class=\"\n\t\t ams-contact\n\t\t \n\t\t c-block l-stacked\n\t\t \n\t\t \n\t\t js-load-more\n\t\t \"\n\t\t data-color-scheme=\"usp-gra-bakgrund\"\n\t\t\t\t\tdata-count=\"3\"\n\t\t\t\t\t\t\tdata-count-mobile=\"2\"\n\t\t\t\t>\n\t<div\n\t\t class=\"\n\t\t l-container\n\t\t l-stack l-stack-fluid-2xl\n\t\t u-pt-fluid-3xl-6xl\n\t\t u-pb-fluid-3xl-6xl\n\t\t is-center\n\t\t is-center@md\n\t\t \">\n\t\t\t\t\t<div class=\"ams-contact__intro l-stack l-stack-lg\">\n\t\t\t\t\t\n\t<h2\n\tclass=\"c-heading u-font-title-1 \"\n\tstyle=\"\">\n\t\t\n\t\t\t\t\tKontakt\n\t\t\t\t\n\t<\/h2>\n\n\t\t\t\t\t\t\t<\/div>\n\t\t\n\t\t\n\t\t    \t\n\t\t\n\t\t<ul\n\t\t\tid=\"contact-grid-6a07484e4e1f7\"\n\t\t\tclass=\"ams-contact__list l-grid u-gap-fluid-2xl-4xl u-justify-center js-results \"\n\t\t\taria-label=\"Kontakter\"\n\t\t\tdata-filter-animation=\"off\"\n\t\t\t>\n\t\t\t\t\t\t\t\t\t\t\t\n\t\t\t\t\n\t\t\t\t<li class=\"l-col-6@md l-col-4@lg \" data-filter=\"ledning\">\n\t\t\t\t\t<article class=\"c-card \" data-variant=\"neutral\">\n\t\t\t\t\t\t<div class=\"c-card__content u-text-center\">\n\t\t\t\t\t\t\t\t\t\t\t\t\t\t\t<h3 class=\"c-card__title u-font-title-3\">\n\t\t\t\t\t\t\t\t\tAndreas Holm\n\t\t\t\t\t\t\t\t<\/h3>\n\t\t\t\t\t\t\t\n\t\t\t\t\t\t\t\t\t\t\t\t\t\t\t<p class=\"position u-font-body\">Rektor<\/p>\n\t\t\t\t\t\t\t\n\t\t\t\t\t\t\t\t\t\t\t\t\t\t\t<div class=\"contact-info u-font-body\">\n\t\t\t\t\t\t\t\t\t\t\t\t\t\t\t\t\t\t\t\t\t\t\t\t\t\t\t\t\t\t<p class=\"phone\"><a\n\t\t\t\t\t\t\t\t\t\t\t\t\thref=\"tel:019446469\"\n\t\t\t\t\t\t\t\t\t\t\t\t\tclass=\"u-text-link\">019-44 64 69<\/a>\n\t\t\t\t\t\t\t\t\t\t\t<\/p>\n\t\t\t\t\t\t\t\t\t\t\t\t\t\t\t\t\t\t\t\n\t\t\t\t\t\t\t\t\t\t\t\t\t\t\t\t\t\t\t\t\t\t\t\t\t\t\t\t\t\t<p class=\"email\"><a\n\t\t\t\t\t\t\t\t\t\t\t\t\thref=\"&#109;ail&#116;&#111;:andr&#101;as&#046;&#104;&#111;lm&#064;nt&#105;&#103;&#046;s&#101;\"\n\t\t\t\t\t\t\t\t\t\t\t\t\tclass=\"u-text-link\">a&#110;&#100;rea&#115;.hol&#109;&#064;&#110;t&#105;g&#046;s&#101;<\/a>\n\t\t\t\t\t\t\t\t\t\t\t<\/p>\n\t\t\t\t\t\t\t\t\t\t\t\t\t\t\t\t\t\t\t\t\t\t\t\t\t\t\t<\/div>\n\t\t\t\t\t\t\t\n\t\t\t\t\t\t\t\t\t\t\t\t\t<\/div>\n\t\t\t\t\t\t<div class=\"c-card__media\">\n\t\t\t\t\t\t\t\t\t\t\t\t\t\t\t\t\t\t\t\t\t\t\t\t\t\t\t\t\t\t\t\t\t\t\t\t\t\t\t\t\t\t\t\t\t\t\t\t\t<img decoding=\"async\" width=\"400\" height=\"400\" src=\"https:\/\/ntigymnasiet.se\/wp-content\/uploads\/sites\/24\/2023\/05\/andreas-400x400.jpg\" class=\"u-radius-round u-ratio-landscape  \" alt=\"Andreas Holm.\" sizes=\"(max-width: 300px) 100vw, 300px\" srcset=\"https:\/\/ntigymnasiet.se\/wp-content\/uploads\/sites\/24\/2023\/05\/andreas-400x400.jpg 400w, https:\/\/ntigymnasiet.se\/wp-content\/uploads\/sites\/24\/2023\/05\/andreas-150x150.jpg 150w, https:\/\/ntigymnasiet.se\/wp-content\/uploads\/sites\/24\/2023\/05\/andreas-300x300.jpg 300w, https:\/\/ntigymnasiet.se\/wp-content\/uploads\/sites\/24\/2023\/05\/andreas.jpg 600w\" \/>\n\t\t\t\t\t\t<\/div>\n\t\t\t\t\t<\/article>\n\t\t\t\t<\/li>\n\t\t\t\t\t<\/ul>\n\n\t\t\n\t\t    <div class=\"ams-contact__more u-inline-items js-load-more-btn\">\n        <button href=\"#\"\n                class=\"c-btn\"\n                data-style=\"rounded\"\n                data-size=\"md\"\n                data-width=\"full-mobile\"\n                data-variant=\"outline\">\n        \tVisa mer\n        <\/button>\n    <\/div>\n\n\t\t\t<\/div>\n\n\t\t\n\n<\/section>\n\n\n\n\n<section  class=\"ams-cta ams-cta--stacked c-block l-stacked\" data-color-scheme=\"vit\">\n\t<div class=\"l-container-narrow l-stack l-stack-fluid-2xl u-pt-fluid-3xl-6xl u-pb-fluid-3xl-6xl is-center is-center@md\">\n\t\t\t\t\t<div class=\"ams-cta__intro l-stack l-stack-lg\">\n\t\t\t\t\t\n\t<h2\n\tclass=\"c-heading u-font-title-1 \"\n\tstyle=\"\">\n\t\t\n\t\t\t\t\tVill du veta mer om oss?\n\t\t\t\t\n\t<\/h2>\n\n\t\t\t\t\t\t\t<\/div>\n\t\t\n\t\t\n\t\t\t<div class=\"ams-cta__action u-inline-items\">\n\t\t\t\t\t\t\t\n\n\n<a href=\"https:\/\/ntigymnasiet.se\/orebro\/var-skola\/\"\n\t\n\tclass=\"c-btn \"\n\tdata-style=\"rounded\"\n\tdata-size=\"md\"\n\tdata-width=\"full-mobile\"\n\tdata-variant=\"default\"\n\ttarget=\"_self\">\n\t\t\t<span class=\"label\"> L\u00e4s mer om oss<\/span>\n\t\t\t<\/a>\n\t\t\t<\/div>\n\t<\/div>\n\n\t\t\n\n<\/section>\n","protected":false},"excerpt":{"rendered":"<p>Den viktigaste och eventuellt mest avg\u00f6rande delen i mitt ledarskap \u00e4r att skolans verksamhet m\u00e5ste ske i samarbete med omv\u00e4rlden! Eleverna m\u00e5ste under sina tre \u00e5r uppleva och ta del av Case-metodik, projekt, g\u00e4stf\u00f6rel\u00e4sningar och \u00e4mnesintegrerade projekt i samarbete med omv\u00e4rlden. Skolan skall ha en tydlig holistisk syn p\u00e5 l\u00e4rande och kunskap i Deweys anda&#8230;.<\/p>\n","protected":false},"author":4,"featured_media":0,"parent":191,"menu_order":0,"comment_status":"closed","ping_status":"closed","template":"","meta":{"footnotes":""},"yoast_head":"<!-- This site is optimized with the Yoast SEO plugin v22.0 - https:\/\/yoast.com\/wordpress\/plugins\/seo\/ -->\n<title>Rektorn har ordet - NTI Gymnasiet \u00d6rebro<\/title>\n<meta name=\"description\" content=\"2005 b\u00f6rjade jag min l\u00e4rarkarri\u00e4r och 2006 tog jag tj\u00e4nst p\u00e5 NTI Gymnasiet \u00d6rebro. V\u00e4lkommen till NTI Gymnasiet!\" \/>\n<meta name=\"robots\" content=\"index, follow, max-snippet:-1, max-image-preview:large, max-video-preview:-1\" \/>\n<link rel=\"canonical\" href=\"https:\/\/ntigymnasiet.se\/orebro\/var-skola\/rektorn-har-ordet\/\" \/>\n<meta property=\"og:locale\" content=\"sv_SE\" \/>\n<meta property=\"og:type\" content=\"article\" \/>\n<meta property=\"og:title\" content=\"Rektorn har ordet - NTI Gymnasiet \u00d6rebro\" \/>\n<meta property=\"og:description\" content=\"2005 b\u00f6rjade jag min l\u00e4rarkarri\u00e4r och 2006 tog jag tj\u00e4nst p\u00e5 NTI Gymnasiet \u00d6rebro. V\u00e4lkommen till NTI Gymnasiet!\" \/>\n<meta property=\"og:url\" content=\"https:\/\/ntigymnasiet.se\/orebro\/var-skola\/rektorn-har-ordet\/\" \/>\n<meta property=\"og:site_name\" content=\"\u00d6rebro\" \/>\n<meta property=\"article:modified_time\" content=\"2024-01-31T15:24:20+00:00\" \/>\n<meta name=\"twitter:card\" content=\"summary_large_image\" \/>\n<meta name=\"twitter:title\" content=\"Rektorn har ordet - NTI Gymnasiet \u00d6rebro\" \/>\n<meta name=\"twitter:description\" content=\"2005 b\u00f6rjade jag min l\u00e4rarkarri\u00e4r och 2006 tog jag tj\u00e4nst p\u00e5 NTI Gymnasiet \u00d6rebro. V\u00e4lkommen till NTI Gymnasiet!\" \/>\n<meta name=\"twitter:label1\" content=\"Est. reading time\" \/>\n\t<meta name=\"twitter:data1\" content=\"1 minut\" \/>\n<script type=\"application\/ld+json\" class=\"yoast-schema-graph\">{\"@context\":\"https:\/\/schema.org\",\"@graph\":[{\"@type\":\"WebPage\",\"@id\":\"https:\/\/ntigymnasiet.se\/orebro\/var-skola\/rektorn-har-ordet\/\",\"url\":\"https:\/\/ntigymnasiet.se\/orebro\/var-skola\/rektorn-har-ordet\/\",\"name\":\"Rektorn har ordet - NTI Gymnasiet \u00d6rebro\",\"isPartOf\":{\"@id\":\"https:\/\/ntigymnasiet.se\/orebro\/#website\"},\"datePublished\":\"2023-03-31T14:52:25+00:00\",\"dateModified\":\"2024-01-31T15:24:20+00:00\",\"description\":\"2005 b\u00f6rjade jag min l\u00e4rarkarri\u00e4r och 2006 tog jag tj\u00e4nst p\u00e5 NTI Gymnasiet \u00d6rebro. V\u00e4lkommen till NTI Gymnasiet!\",\"breadcrumb\":{\"@id\":\"https:\/\/ntigymnasiet.se\/orebro\/var-skola\/rektorn-har-ordet\/#breadcrumb\"},\"inLanguage\":\"sv-SE\",\"potentialAction\":[{\"@type\":\"ReadAction\",\"target\":[\"https:\/\/ntigymnasiet.se\/orebro\/var-skola\/rektorn-har-ordet\/\"]}]},{\"@type\":\"BreadcrumbList\",\"@id\":\"https:\/\/ntigymnasiet.se\/orebro\/var-skola\/rektorn-har-ordet\/#breadcrumb\",\"itemListElement\":[{\"@type\":\"ListItem\",\"position\":1,\"name\":\"Start\",\"item\":\"https:\/\/ntigymnasiet.se\/orebro\/\"},{\"@type\":\"ListItem\",\"position\":2,\"name\":\"V\u00e5r skola\",\"item\":\"https:\/\/ntigymnasiet.se\/orebro\/var-skola\/\"},{\"@type\":\"ListItem\",\"position\":3,\"name\":\"Rektorn har ordet\"}]},{\"@type\":\"WebSite\",\"@id\":\"https:\/\/ntigymnasiet.se\/orebro\/#website\",\"url\":\"https:\/\/ntigymnasiet.se\/orebro\/\",\"name\":\"\u00d6rebro\",\"description\":\"Just another WordPress site\",\"potentialAction\":[{\"@type\":\"SearchAction\",\"target\":{\"@type\":\"EntryPoint\",\"urlTemplate\":\"https:\/\/ntigymnasiet.se\/orebro\/?s={search_term_string}\"},\"query-input\":\"required name=search_term_string\"}],\"inLanguage\":\"sv-SE\"}]}<\/script>\n<!-- \/ Yoast SEO plugin. -->","yoast_head_json":{"title":"Rektorn har ordet - NTI Gymnasiet \u00d6rebro","description":"2005 b\u00f6rjade jag min l\u00e4rarkarri\u00e4r och 2006 tog jag tj\u00e4nst p\u00e5 NTI Gymnasiet \u00d6rebro. V\u00e4lkommen till NTI Gymnasiet!","robots":{"index":"index","follow":"follow","max-snippet":"max-snippet:-1","max-image-preview":"max-image-preview:large","max-video-preview":"max-video-preview:-1"},"canonical":"https:\/\/ntigymnasiet.se\/orebro\/var-skola\/rektorn-har-ordet\/","og_locale":"sv_SE","og_type":"article","og_title":"Rektorn har ordet - NTI Gymnasiet \u00d6rebro","og_description":"2005 b\u00f6rjade jag min l\u00e4rarkarri\u00e4r och 2006 tog jag tj\u00e4nst p\u00e5 NTI Gymnasiet \u00d6rebro. V\u00e4lkommen till NTI Gymnasiet!","og_url":"https:\/\/ntigymnasiet.se\/orebro\/var-skola\/rektorn-har-ordet\/","og_site_name":"\u00d6rebro","article_modified_time":"2024-01-31T15:24:20+00:00","twitter_card":"summary_large_image","twitter_title":"Rektorn har ordet - NTI Gymnasiet \u00d6rebro","twitter_description":"2005 b\u00f6rjade jag min l\u00e4rarkarri\u00e4r och 2006 tog jag tj\u00e4nst p\u00e5 NTI Gymnasiet \u00d6rebro. V\u00e4lkommen till NTI Gymnasiet!","twitter_misc":{"Est. reading time":"1 minut"},"schema":{"@context":"https:\/\/schema.org","@graph":[{"@type":"WebPage","@id":"https:\/\/ntigymnasiet.se\/orebro\/var-skola\/rektorn-har-ordet\/","url":"https:\/\/ntigymnasiet.se\/orebro\/var-skola\/rektorn-har-ordet\/","name":"Rektorn har ordet - NTI Gymnasiet \u00d6rebro","isPartOf":{"@id":"https:\/\/ntigymnasiet.se\/orebro\/#website"},"datePublished":"2023-03-31T14:52:25+00:00","dateModified":"2024-01-31T15:24:20+00:00","description":"2005 b\u00f6rjade jag min l\u00e4rarkarri\u00e4r och 2006 tog jag tj\u00e4nst p\u00e5 NTI Gymnasiet \u00d6rebro. V\u00e4lkommen till NTI Gymnasiet!","breadcrumb":{"@id":"https:\/\/ntigymnasiet.se\/orebro\/var-skola\/rektorn-har-ordet\/#breadcrumb"},"inLanguage":"sv-SE","potentialAction":[{"@type":"ReadAction","target":["https:\/\/ntigymnasiet.se\/orebro\/var-skola\/rektorn-har-ordet\/"]}]},{"@type":"BreadcrumbList","@id":"https:\/\/ntigymnasiet.se\/orebro\/var-skola\/rektorn-har-ordet\/#breadcrumb","itemListElement":[{"@type":"ListItem","position":1,"name":"Start","item":"https:\/\/ntigymnasiet.se\/orebro\/"},{"@type":"ListItem","position":2,"name":"V\u00e5r skola","item":"https:\/\/ntigymnasiet.se\/orebro\/var-skola\/"},{"@type":"ListItem","position":3,"name":"Rektorn har ordet"}]},{"@type":"WebSite","@id":"https:\/\/ntigymnasiet.se\/orebro\/#website","url":"https:\/\/ntigymnasiet.se\/orebro\/","name":"\u00d6rebro","description":"Just another WordPress site","potentialAction":[{"@type":"SearchAction","target":{"@type":"EntryPoint","urlTemplate":"https:\/\/ntigymnasiet.se\/orebro\/?s={search_term_string}"},"query-input":"required name=search_term_string"}],"inLanguage":"sv-SE"}]}},"_links":{"self":[{"href":"https:\/\/ntigymnasiet.se\/orebro\/wp-json\/wp\/v2\/pages\/199"}],"collection":[{"href":"https:\/\/ntigymnasiet.se\/orebro\/wp-json\/wp\/v2\/pages"}],"about":[{"href":"https:\/\/ntigymnasiet.se\/orebro\/wp-json\/wp\/v2\/types\/page"}],"author":[{"embeddable":true,"href":"https:\/\/ntigymnasiet.se\/orebro\/wp-json\/wp\/v2\/users\/4"}],"replies":[{"embeddable":true,"href":"https:\/\/ntigymnasiet.se\/orebro\/wp-json\/wp\/v2\/comments?post=199"}],"version-history":[{"count":10,"href":"https:\/\/ntigymnasiet.se\/orebro\/wp-json\/wp\/v2\/pages\/199\/revisions"}],"predecessor-version":[{"id":1420,"href":"https:\/\/ntigymnasiet.se\/orebro\/wp-json\/wp\/v2\/pages\/199\/revisions\/1420"}],"up":[{"embeddable":true,"href":"https:\/\/ntigymnasiet.se\/orebro\/wp-json\/wp\/v2\/pages\/191"}],"wp:attachment":[{"href":"https:\/\/ntigymnasiet.se\/orebro\/wp-json\/wp\/v2\/media?parent=199"}],"curies":[{"name":"wp","href":"https:\/\/api.w.org\/{rel}","templated":true}]}}