{"id":195,"date":"2023-03-31T16:51:39","date_gmt":"2023-03-31T14:51:39","guid":{"rendered":"https:\/\/ntigymnasiet.se\/skovde\/?page_id=195"},"modified":"2024-01-31T11:35:15","modified_gmt":"2024-01-31T10:35:15","slug":"elevhalsa","status":"publish","type":"page","link":"https:\/\/ntigymnasiet.se\/skovde\/var-skola\/elevhalsa\/","title":{"rendered":"Elevh\u00e4lsa"},"content":{"rendered":"\n\t\n\t\n\t\n\n\n\t\n\t\t\n<section  class=\"c-block l-stacked  \" data-color-scheme=\"vit\">\n\t<div class=\"ams-fifty ams-fifty--container ams-fifty--right ams-fifty--top l-container u-pt-fluid-3xl-6xl u-pb-fluid-3xl-6xl\">\n\t\t<div class=\"ams-fifty__content l-stack l-stack-xl is-left@lg\">\n\t\t\t<div class=\"ams-fifty__text l-stack l-stack-lg\">\n\t\t\t\t\t\n\t<h1\n\tclass=\"c-heading u-font-title-1 \"\n\tstyle=\"\">\n\t\t\n\t\t\t\t\tElevh\u00e4lsa\n\t\t\t\t\n\t<\/h1>\n\n\t\t\t\t\t\t\t\t\t<div class=\"text l-stack u-font-body\">\n\t\t\t\t\t\t<p>Elevh\u00e4lsan best\u00e5r av rektor, specialpedagog, skolsk\u00f6terska, kurator och studie- och yrkesv\u00e4gledare. I anslutning till elevh\u00e4lsan finns ocks\u00e5 skoll\u00e4kare och skolpsykolog. Vill du komma i kontakt med skoll\u00e4kare och skolpsykolog g\u00e5r du via rektor. Elevh\u00e4lsan tr\u00e4ffas varje vecka f\u00f6r kartl\u00e4ggning, planering av insatser och uppf\u00f6ljning och utv\u00e4rdering.<\/p>\n<ul>\n<li>Skolsk\u00f6terskan arbetar med h\u00e4lso\u00e4renden och samplanerar med skoll\u00e4kare.<\/li>\n<li>Kurator arbetar med psykosociala fr\u00e5gor och elevernas v\u00e4lm\u00e5ende, och samplanerar med skolpsykolog.<\/li>\n<li>Studie- och yrkesv\u00e4gledare arbetar n\u00e4ra eleverna i fr\u00e5gor om deras studieplaner, framtidsm\u00e5l och strategier.<\/li>\n<li>Specialpedagog arbetar b\u00e5de p\u00e5 individniv\u00e5 och p\u00e5 gruppniv\u00e5 med studiestrategier f\u00f6r framg\u00e5ngsrika studier.<\/li>\n<\/ul>\n\n\t\t\t\t\t<\/div>\n\t\t\t\t\t\t\t<\/div>\n\n\t\t\t\t\t<\/div>\n\n\t\t <div class=\"ams-fifty__media u-ratio-square\">\n\t\t \t\t\t\t\t<img decoding=\"async\" width=\"600\" height=\"600\" src=\"https:\/\/ntigymnasiet.se\/wp-content\/uploads\/sites\/14\/2023\/04\/nti-elevhalsa-gymnasiet-202204-600x600.png\" class=\"attachment-md size-md\" alt=\"I bild syns tv\u00e5 elever som st\u00e5r i korridoren, de tittar bort och \u00e4r glada, den ena h\u00e5ller en dator.\" sizes=\"(min-width: 64em) 600px, calc(100vw - 160px)\" srcset=\"https:\/\/ntigymnasiet.se\/wp-content\/uploads\/sites\/14\/2023\/04\/nti-elevhalsa-gymnasiet-202204-600x600.png 600w, https:\/\/ntigymnasiet.se\/wp-content\/uploads\/sites\/14\/2023\/04\/nti-elevhalsa-gymnasiet-202204-150x150.png 150w, https:\/\/ntigymnasiet.se\/wp-content\/uploads\/sites\/14\/2023\/04\/nti-elevhalsa-gymnasiet-202204-300x300.png 300w, https:\/\/ntigymnasiet.se\/wp-content\/uploads\/sites\/14\/2023\/04\/nti-elevhalsa-gymnasiet-202204-400x400.png 400w, https:\/\/ntigymnasiet.se\/wp-content\/uploads\/sites\/14\/2023\/04\/nti-elevhalsa-gymnasiet-202204.png 700w\" \/>\n\t\t\t\n\t\t\t\n\t\t\t\t\t<\/div>\n\t<\/div>\n\n\t\t\n\n<\/section>\n\n\n\n<section \n\t\t class=\"\n\t\t ams-contact\n\t\t \n\t\t c-block l-stacked\n\t\t \n\t\t \n\t\t js-load-more\n\t\t \"\n\t\t data-color-scheme=\"nyans2_av_p2-hover-standard\"\n\t\t\t\t\tdata-count=\"3\"\n\t\t\t\t\t\t\tdata-count-mobile=\"2\"\n\t\t\t\t>\n\t<div\n\t\t class=\"\n\t\t l-container\n\t\t l-stack l-stack-fluid-2xl\n\t\t u-pt-fluid-3xl-6xl\n\t\t u-pb-fluid-3xl-6xl\n\t\t is-center\n\t\t is-center@md\n\t\t \">\n\t\t\t\t\t<div class=\"ams-contact__intro l-stack l-stack-lg\">\n\t\t\t\t\t\n\t<h2\n\tclass=\"c-heading u-font-title-1 \"\n\tstyle=\"\">\n\t\t\n\t\t\t\t\tKontakta elevh\u00e4lsan\n\t\t\t\t\n\t<\/h2>\n\n\t\t\t\t\t\t\t\t\t<div class=\"c-text l-stack u-cs-xl u-font-body\">\n\t\t\t\t\t\t<p>H\u00f6r av dig till oss i elevh\u00e4lsan om du har n\u00e5gra fr\u00e5gor.<\/p>\n\n\t\t\t\t\t<\/div>\n\t\t\t\t\t\t\t<\/div>\n\t\t\n\t\t\n\t\t    \t\n\t\t\n\t\t<ul\n\t\t\tid=\"contact-grid-69e1f284dbb8d\"\n\t\t\tclass=\"ams-contact__list l-grid u-gap-fluid-2xl-4xl u-justify-center js-results \"\n\t\t\taria-label=\"Kontakter\"\n\t\t\tdata-filter-animation=\"off\"\n\t\t\t>\n\t\t\t\t\t\t\t\t\t\t\t\n\t\t\t\t\n\t\t\t\t<li class=\"l-col-6@md l-col-4@lg \" data-filter=\"elevhalsa\">\n\t\t\t\t\t<article class=\"c-card \" data-variant=\"neutral\">\n\t\t\t\t\t\t<div class=\"c-card__content u-text-center\">\n\t\t\t\t\t\t\t\t\t\t\t\t\t\t\t<h3 class=\"c-card__title u-font-title-3\">\n\t\t\t\t\t\t\t\t\tBenjamin Strandman\n\t\t\t\t\t\t\t\t<\/h3>\n\t\t\t\t\t\t\t\n\t\t\t\t\t\t\t\t\t\t\t\t\t\t\t<p class=\"position u-font-body\">SYV<\/p>\n\t\t\t\t\t\t\t\n\t\t\t\t\t\t\t\t\t\t\t\t\t\t\t<div class=\"contact-info u-font-body\">\n\t\t\t\t\t\t\t\t\t\t\t\t\t\t\t\t\t\t\t\t\t\t\t\t\t\t\t\t\t\t<p class=\"phone\"><a\n\t\t\t\t\t\t\t\t\t\t\t\t\thref=\"tel:0500416990\"\n\t\t\t\t\t\t\t\t\t\t\t\t\tclass=\"u-text-link\">050-041 69 90<\/a>\n\t\t\t\t\t\t\t\t\t\t\t<\/p>\n\t\t\t\t\t\t\t\t\t\t\t\t\t\t\t\t\t\t\t\n\t\t\t\t\t\t\t\t\t\t\t\t\t\t\t\t\t\t\t\t\t\t\t\t\t\t\t\t\t\t<p class=\"email\"><a\n\t\t\t\t\t\t\t\t\t\t\t\t\thref=\"m&#097;il&#116;&#111;:&#098;e&#110;j&#097;&#109;i&#110;.&#115;&#116;&#114;an&#100;ma&#110;&#064;n&#116;&#105;&#103;&#046;se\"\n\t\t\t\t\t\t\t\t\t\t\t\t\tclass=\"u-text-link\">&#098;&#101;&#110;&#106;&#097;&#109;&#105;&#110;.str&#097;n&#100;man&#064;&#110;tig.&#115;&#101;<\/a>\n\t\t\t\t\t\t\t\t\t\t\t<\/p>\n\t\t\t\t\t\t\t\t\t\t\t\t\t\t\t\t\t\t\t\t\t\t\t\t\t\t\t<\/div>\n\t\t\t\t\t\t\t\n\t\t\t\t\t\t\t\t\t\t\t\t\t<\/div>\n\t\t\t\t\t\t<div class=\"c-card__media\">\n\t\t\t\t\t\t\t\t\t\t\t\t\t\t\t\t\t\t\t\t\t\t\t\t\t\t\t\t\t\t\t\t\t\t\t\t\t\t\t\t\t\t\t\t\t\t\t\t\t<img decoding=\"async\" width=\"400\" height=\"400\" src=\"https:\/\/ntigymnasiet.se\/wp-content\/uploads\/sites\/14\/2023\/05\/benjamin-strandman-400x400.jpg\" class=\"u-radius-round u-ratio-landscape  \" alt=\"Benjamin Strandman.\" sizes=\"(max-width: 300px) 100vw, 300px\" srcset=\"https:\/\/ntigymnasiet.se\/wp-content\/uploads\/sites\/14\/2023\/05\/benjamin-strandman-400x400.jpg 400w, https:\/\/ntigymnasiet.se\/wp-content\/uploads\/sites\/14\/2023\/05\/benjamin-strandman-150x150.jpg 150w, https:\/\/ntigymnasiet.se\/wp-content\/uploads\/sites\/14\/2023\/05\/benjamin-strandman-300x300.jpg 300w, https:\/\/ntigymnasiet.se\/wp-content\/uploads\/sites\/14\/2023\/05\/benjamin-strandman.jpg 575w\" \/>\n\t\t\t\t\t\t<\/div>\n\t\t\t\t\t<\/article>\n\t\t\t\t<\/li>\n\t\t\t\t\t\t\t\t\t\t\t\n\t\t\t\t\n\t\t\t\t<li class=\"l-col-6@md l-col-4@lg \" data-filter=\"elevhalsa\">\n\t\t\t\t\t<article class=\"c-card \" data-variant=\"neutral\">\n\t\t\t\t\t\t<div class=\"c-card__content u-text-center\">\n\t\t\t\t\t\t\t\t\t\t\t\t\t\t\t<h3 class=\"c-card__title u-font-title-3\">\n\t\t\t\t\t\t\t\t\tGudrun Malmfors\n\t\t\t\t\t\t\t\t<\/h3>\n\t\t\t\t\t\t\t\n\t\t\t\t\t\t\t\t\t\t\t\t\t\t\t<p class=\"position u-font-body\">Kurator<\/p>\n\t\t\t\t\t\t\t\n\t\t\t\t\t\t\t\t\t\t\t\t\t\t\t<div class=\"contact-info u-font-body\">\n\t\t\t\t\t\t\t\t\t\t\t\t\t\t\t\t\t\t\t\t\t\t\t\t\t\t\t\t\t\t<p class=\"phone\"><a\n\t\t\t\t\t\t\t\t\t\t\t\t\thref=\"tel:0500469962\"\n\t\t\t\t\t\t\t\t\t\t\t\t\tclass=\"u-text-link\">050-046 99 62<\/a>\n\t\t\t\t\t\t\t\t\t\t\t<\/p>\n\t\t\t\t\t\t\t\t\t\t\t\t\t\t\t\t\t\t\t\n\t\t\t\t\t\t\t\t\t\t\t\t\t\t\t\t\t\t\t\t\t\t\t\t\t\t\t\t\t\t<p class=\"email\"><a\n\t\t\t\t\t\t\t\t\t\t\t\t\thref=\"&#109;ai&#108;&#116;o&#058;&#103;ud&#114;&#117;&#110;&#046;m&#097;&#108;&#109;f&#111;&#114;s&#064;&#110;&#116;i&#103;.se\"\n\t\t\t\t\t\t\t\t\t\t\t\t\tclass=\"u-text-link\">&#103;u&#100;run&#046;m&#097;lmf&#111;&#114;s&#064;nti&#103;&#046;&#115;e<\/a>\n\t\t\t\t\t\t\t\t\t\t\t<\/p>\n\t\t\t\t\t\t\t\t\t\t\t\t\t\t\t\t\t\t\t\t\t\t\t\t\t\t\t<\/div>\n\t\t\t\t\t\t\t\n\t\t\t\t\t\t\t\t\t\t\t\t\t<\/div>\n\t\t\t\t\t\t<div class=\"c-card__media\">\n\t\t\t\t\t\t\t\t\t\t\t\t\t\t\t\t\t\t\t\t\t\t\t\t\t\t\t\t\t\t\t\t\t\t\t\t\t\t\t\t\t\t\t\t\t\t\t\t\t<img decoding=\"async\" width=\"400\" height=\"554\" src=\"https:\/\/ntigymnasiet.se\/wp-content\/uploads\/sites\/14\/2023\/05\/gudrunsvartvitt-400x554.jpg\" class=\"u-radius-round u-ratio-landscape  \" alt=\"Skolpersonal.\" sizes=\"(max-width: 300px) 100vw, 300px\" srcset=\"https:\/\/ntigymnasiet.se\/wp-content\/uploads\/sites\/14\/2023\/05\/gudrunsvartvitt-400x554.jpg 400w, https:\/\/ntigymnasiet.se\/wp-content\/uploads\/sites\/14\/2023\/05\/gudrunsvartvitt-300x416.jpg 300w, https:\/\/ntigymnasiet.se\/wp-content\/uploads\/sites\/14\/2023\/05\/gudrunsvartvitt.jpg 600w\" \/>\n\t\t\t\t\t\t<\/div>\n\t\t\t\t\t<\/article>\n\t\t\t\t<\/li>\n\t\t\t\t\t\t\t\t\t\t\t\n\t\t\t\t\n\t\t\t\t<li class=\"l-col-6@md l-col-4@lg \" data-filter=\"elevhalsa\">\n\t\t\t\t\t<article class=\"c-card \" data-variant=\"neutral\">\n\t\t\t\t\t\t<div class=\"c-card__content u-text-center\">\n\t\t\t\t\t\t\t\t\t\t\t\t\t\t\t<h3 class=\"c-card__title u-font-title-3\">\n\t\t\t\t\t\t\t\t\tKarin Kjellman\n\t\t\t\t\t\t\t\t<\/h3>\n\t\t\t\t\t\t\t\n\t\t\t\t\t\t\t\t\t\t\t\t\t\t\t<p class=\"position u-font-body\">Skolsk\u00f6terska<\/p>\n\t\t\t\t\t\t\t\n\t\t\t\t\t\t\t\t\t\t\t\t\t\t\t<div class=\"contact-info u-font-body\">\n\t\t\t\t\t\t\t\t\t\n\t\t\t\t\t\t\t\t\t\t\t\t\t\t\t\t\t\t\t\t\t\t\t\t\t\t\t\t\t\t<p class=\"email\"><a\n\t\t\t\t\t\t\t\t\t\t\t\t\thref=\"m&#097;i&#108;to&#058;k&#097;ri&#110;.&#107;j&#101;ll&#109;an&#064;&#110;t&#105;g&#046;&#115;e\"\n\t\t\t\t\t\t\t\t\t\t\t\t\tclass=\"u-text-link\">k&#097;rin.&#107;&#106;&#101;&#108;&#108;&#109;an&#064;n&#116;ig.se<\/a>\n\t\t\t\t\t\t\t\t\t\t\t<\/p>\n\t\t\t\t\t\t\t\t\t\t\t\t\t\t\t\t\t\t\t\t\t\t\t\t\t\t\t<\/div>\n\t\t\t\t\t\t\t\n\t\t\t\t\t\t\t\t\t\t\t\t\t<\/div>\n\t\t\t\t\t\t<div class=\"c-card__media\">\n\t\t\t\t\t\t\t\t\t\t\t\t\t\t\t\t\t\t\t\t\t\t\t\t\t\t\t\t\t\t\t\t\t\t\t\t\t\t\t\t\t\t\t\t\t\t\t\t\t<img decoding=\"async\" width=\"400\" height=\"400\" src=\"https:\/\/ntigymnasiet.se\/wp-content\/uploads\/sites\/14\/2023\/05\/karin-kjellman-400x400.jpg\" class=\"u-radius-round u-ratio-landscape  \" alt=\"Karin Kjellman.\" sizes=\"(max-width: 300px) 100vw, 300px\" srcset=\"https:\/\/ntigymnasiet.se\/wp-content\/uploads\/sites\/14\/2023\/05\/karin-kjellman-400x400.jpg 400w, https:\/\/ntigymnasiet.se\/wp-content\/uploads\/sites\/14\/2023\/05\/karin-kjellman-150x150.jpg 150w, https:\/\/ntigymnasiet.se\/wp-content\/uploads\/sites\/14\/2023\/05\/karin-kjellman-300x300.jpg 300w, https:\/\/ntigymnasiet.se\/wp-content\/uploads\/sites\/14\/2023\/05\/karin-kjellman-600x600.jpg 600w, https:\/\/ntigymnasiet.se\/wp-content\/uploads\/sites\/14\/2023\/05\/karin-kjellman-800x800.jpg 800w, https:\/\/ntigymnasiet.se\/wp-content\/uploads\/sites\/14\/2023\/05\/karin-kjellman-1024x1024.jpg 1024w, https:\/\/ntigymnasiet.se\/wp-content\/uploads\/sites\/14\/2023\/05\/karin-kjellman-1200x1200.jpg 1200w, https:\/\/ntigymnasiet.se\/wp-content\/uploads\/sites\/14\/2023\/05\/karin-kjellman.jpg 1535w\" \/>\n\t\t\t\t\t\t<\/div>\n\t\t\t\t\t<\/article>\n\t\t\t\t<\/li>\n\t\t\t\t\t\t\t\t\t\t\t\n\t\t\t\t\n\t\t\t\t<li class=\"l-col-6@md l-col-4@lg \" data-filter=\"elevhalsa\">\n\t\t\t\t\t<article class=\"c-card \" data-variant=\"neutral\">\n\t\t\t\t\t\t<div class=\"c-card__content u-text-center\">\n\t\t\t\t\t\t\t\t\t\t\t\t\t\t\t<h3 class=\"c-card__title u-font-title-3\">\n\t\t\t\t\t\t\t\t\tSara Karlsson\n\t\t\t\t\t\t\t\t<\/h3>\n\t\t\t\t\t\t\t\n\t\t\t\t\t\t\t\t\t\t\t\t\t\t\t<p class=\"position u-font-body\">Specialpedagog<\/p>\n\t\t\t\t\t\t\t\n\t\t\t\t\t\t\t\t\t\t\t\t\t\t\t<div class=\"contact-info u-font-body\">\n\t\t\t\t\t\t\t\t\t\t\t\t\t\t\t\t\t\t\t\t\t\t\t\t\t\t\t\t\t\t<p class=\"phone\"><a\n\t\t\t\t\t\t\t\t\t\t\t\t\thref=\"tel:0702141790\"\n\t\t\t\t\t\t\t\t\t\t\t\t\tclass=\"u-text-link\">070-214 17 90<\/a>\n\t\t\t\t\t\t\t\t\t\t\t<\/p>\n\t\t\t\t\t\t\t\t\t\t\t\t\t\t\t\t\t\t\t\n\t\t\t\t\t\t\t\t\t\t\t\t\t\t\t\t\t\t\t\t\t\t\t\t\t\t\t\t\t\t<p class=\"email\"><a\n\t\t\t\t\t\t\t\t\t\t\t\t\thref=\"m&#097;il&#116;&#111;&#058;sa&#114;&#097;.k&#097;&#114;&#108;&#115;&#115;&#111;&#110;&#064;&#110;tig.&#115;e\"\n\t\t\t\t\t\t\t\t\t\t\t\t\tclass=\"u-text-link\">&#115;ara.&#107;ar&#108;&#115;s&#111;&#110;&#064;&#110;&#116;&#105;&#103;&#046;s&#101;<\/a>\n\t\t\t\t\t\t\t\t\t\t\t<\/p>\n\t\t\t\t\t\t\t\t\t\t\t\t\t\t\t\t\t\t\t\t\t\t\t\t\t\t\t<\/div>\n\t\t\t\t\t\t\t\n\t\t\t\t\t\t\t\t\t\t\t\t\t<\/div>\n\t\t\t\t\t\t<div class=\"c-card__media\">\n\t\t\t\t\t\t\t\t\t\t\t\t\t\t\t\t\t\t\t\t\t\t\t\t\t\t\t\t\t\t\t\t\t\t\t\t\t\t\t\t\t\t\t\t\t\t\t\t\t<img decoding=\"async\" width=\"400\" height=\"400\" src=\"https:\/\/ntigymnasiet.se\/wp-content\/uploads\/sites\/14\/2023\/05\/sara-karlsson-400x400.jpg\" class=\"u-radius-round u-ratio-landscape  \" alt=\"Sara Karlsson.\" sizes=\"(max-width: 300px) 100vw, 300px\" srcset=\"https:\/\/ntigymnasiet.se\/wp-content\/uploads\/sites\/14\/2023\/05\/sara-karlsson-400x400.jpg 400w, https:\/\/ntigymnasiet.se\/wp-content\/uploads\/sites\/14\/2023\/05\/sara-karlsson-150x150.jpg 150w, https:\/\/ntigymnasiet.se\/wp-content\/uploads\/sites\/14\/2023\/05\/sara-karlsson-300x300.jpg 300w, https:\/\/ntigymnasiet.se\/wp-content\/uploads\/sites\/14\/2023\/05\/sara-karlsson.jpg 500w\" \/>\n\t\t\t\t\t\t<\/div>\n\t\t\t\t\t<\/article>\n\t\t\t\t<\/li>\n\t\t\t\t\t<\/ul>\n\n\t\t\n\t\t    <div class=\"ams-contact__more u-inline-items js-load-more-btn\">\n        <button href=\"#\"\n                class=\"c-btn\"\n                data-style=\"rounded\"\n                data-size=\"md\"\n                data-width=\"full-mobile\"\n                data-variant=\"outline\">\n        \tVisa mer\n        <\/button>\n    <\/div>\n\n\t\t\t<\/div>\n\n\t\t\n\n<\/section>\n","protected":false},"excerpt":{"rendered":"","protected":false},"author":4,"featured_media":0,"parent":191,"menu_order":0,"comment_status":"closed","ping_status":"closed","template":"","meta":{"footnotes":""},"yoast_head":"<!-- This site is optimized with the Yoast SEO plugin v22.0 - https:\/\/yoast.com\/wordpress\/plugins\/seo\/ -->\n<title>Elevh\u00e4lsa - NTI Gymnasiet Sk\u00f6vde<\/title>\n<meta name=\"description\" content=\"Elevh\u00e4lsan tr\u00e4ffas varje vecka f\u00f6r kartl\u00e4ggning, planering av insatser och uppf\u00f6ljning och utv\u00e4rdering. V\u00e4lkommen till NTI Gymnasiet!\" \/>\n<meta name=\"robots\" content=\"index, follow, max-snippet:-1, max-image-preview:large, max-video-preview:-1\" \/>\n<link rel=\"canonical\" href=\"https:\/\/ntigymnasiet.se\/skovde\/var-skola\/elevhalsa\/\" \/>\n<meta property=\"og:locale\" content=\"sv_SE\" \/>\n<meta property=\"og:type\" content=\"article\" \/>\n<meta property=\"og:title\" content=\"Elevh\u00e4lsa - NTI Gymnasiet Sk\u00f6vde\" \/>\n<meta property=\"og:description\" content=\"Elevh\u00e4lsan tr\u00e4ffas varje vecka f\u00f6r kartl\u00e4ggning, planering av insatser och uppf\u00f6ljning och utv\u00e4rdering. V\u00e4lkommen till NTI Gymnasiet!\" \/>\n<meta property=\"og:url\" content=\"https:\/\/ntigymnasiet.se\/skovde\/var-skola\/elevhalsa\/\" \/>\n<meta property=\"og:site_name\" content=\"Sk\u00f6vde\" \/>\n<meta property=\"article:modified_time\" content=\"2024-01-31T10:35:15+00:00\" \/>\n<meta name=\"twitter:card\" content=\"summary_large_image\" \/>\n<meta name=\"twitter:title\" content=\"Elevh\u00e4lsa - NTI Gymnasiet Sk\u00f6vde\" \/>\n<meta name=\"twitter:description\" content=\"Elevh\u00e4lsan tr\u00e4ffas varje vecka f\u00f6r kartl\u00e4ggning, planering av insatser och uppf\u00f6ljning och utv\u00e4rdering. V\u00e4lkommen till NTI Gymnasiet!\" \/>\n<script type=\"application\/ld+json\" class=\"yoast-schema-graph\">{\"@context\":\"https:\/\/schema.org\",\"@graph\":[{\"@type\":\"WebPage\",\"@id\":\"https:\/\/ntigymnasiet.se\/skovde\/var-skola\/elevhalsa\/\",\"url\":\"https:\/\/ntigymnasiet.se\/skovde\/var-skola\/elevhalsa\/\",\"name\":\"Elevh\u00e4lsa - NTI Gymnasiet Sk\u00f6vde\",\"isPartOf\":{\"@id\":\"https:\/\/ntigymnasiet.se\/skovde\/#website\"},\"datePublished\":\"2023-03-31T14:51:39+00:00\",\"dateModified\":\"2024-01-31T10:35:15+00:00\",\"description\":\"Elevh\u00e4lsan tr\u00e4ffas varje vecka f\u00f6r kartl\u00e4ggning, planering av insatser och uppf\u00f6ljning och utv\u00e4rdering. V\u00e4lkommen till NTI Gymnasiet!\",\"breadcrumb\":{\"@id\":\"https:\/\/ntigymnasiet.se\/skovde\/var-skola\/elevhalsa\/#breadcrumb\"},\"inLanguage\":\"sv-SE\",\"potentialAction\":[{\"@type\":\"ReadAction\",\"target\":[\"https:\/\/ntigymnasiet.se\/skovde\/var-skola\/elevhalsa\/\"]}]},{\"@type\":\"BreadcrumbList\",\"@id\":\"https:\/\/ntigymnasiet.se\/skovde\/var-skola\/elevhalsa\/#breadcrumb\",\"itemListElement\":[{\"@type\":\"ListItem\",\"position\":1,\"name\":\"Start\",\"item\":\"https:\/\/ntigymnasiet.se\/skovde\/\"},{\"@type\":\"ListItem\",\"position\":2,\"name\":\"V\u00e5r skola\",\"item\":\"https:\/\/ntigymnasiet.se\/skovde\/var-skola\/\"},{\"@type\":\"ListItem\",\"position\":3,\"name\":\"Elevh\u00e4lsa\"}]},{\"@type\":\"WebSite\",\"@id\":\"https:\/\/ntigymnasiet.se\/skovde\/#website\",\"url\":\"https:\/\/ntigymnasiet.se\/skovde\/\",\"name\":\"Sk\u00f6vde\",\"description\":\"Just another WordPress site\",\"potentialAction\":[{\"@type\":\"SearchAction\",\"target\":{\"@type\":\"EntryPoint\",\"urlTemplate\":\"https:\/\/ntigymnasiet.se\/skovde\/?s={search_term_string}\"},\"query-input\":\"required name=search_term_string\"}],\"inLanguage\":\"sv-SE\"}]}<\/script>\n<!-- \/ Yoast SEO plugin. -->","yoast_head_json":{"title":"Elevh\u00e4lsa - NTI Gymnasiet Sk\u00f6vde","description":"Elevh\u00e4lsan tr\u00e4ffas varje vecka f\u00f6r kartl\u00e4ggning, planering av insatser och uppf\u00f6ljning och utv\u00e4rdering. V\u00e4lkommen till NTI Gymnasiet!","robots":{"index":"index","follow":"follow","max-snippet":"max-snippet:-1","max-image-preview":"max-image-preview:large","max-video-preview":"max-video-preview:-1"},"canonical":"https:\/\/ntigymnasiet.se\/skovde\/var-skola\/elevhalsa\/","og_locale":"sv_SE","og_type":"article","og_title":"Elevh\u00e4lsa - NTI Gymnasiet Sk\u00f6vde","og_description":"Elevh\u00e4lsan tr\u00e4ffas varje vecka f\u00f6r kartl\u00e4ggning, planering av insatser och uppf\u00f6ljning och utv\u00e4rdering. V\u00e4lkommen till NTI Gymnasiet!","og_url":"https:\/\/ntigymnasiet.se\/skovde\/var-skola\/elevhalsa\/","og_site_name":"Sk\u00f6vde","article_modified_time":"2024-01-31T10:35:15+00:00","twitter_card":"summary_large_image","twitter_title":"Elevh\u00e4lsa - NTI Gymnasiet Sk\u00f6vde","twitter_description":"Elevh\u00e4lsan tr\u00e4ffas varje vecka f\u00f6r kartl\u00e4ggning, planering av insatser och uppf\u00f6ljning och utv\u00e4rdering. V\u00e4lkommen till NTI Gymnasiet!","schema":{"@context":"https:\/\/schema.org","@graph":[{"@type":"WebPage","@id":"https:\/\/ntigymnasiet.se\/skovde\/var-skola\/elevhalsa\/","url":"https:\/\/ntigymnasiet.se\/skovde\/var-skola\/elevhalsa\/","name":"Elevh\u00e4lsa - NTI Gymnasiet Sk\u00f6vde","isPartOf":{"@id":"https:\/\/ntigymnasiet.se\/skovde\/#website"},"datePublished":"2023-03-31T14:51:39+00:00","dateModified":"2024-01-31T10:35:15+00:00","description":"Elevh\u00e4lsan tr\u00e4ffas varje vecka f\u00f6r kartl\u00e4ggning, planering av insatser och uppf\u00f6ljning och utv\u00e4rdering. V\u00e4lkommen till NTI Gymnasiet!","breadcrumb":{"@id":"https:\/\/ntigymnasiet.se\/skovde\/var-skola\/elevhalsa\/#breadcrumb"},"inLanguage":"sv-SE","potentialAction":[{"@type":"ReadAction","target":["https:\/\/ntigymnasiet.se\/skovde\/var-skola\/elevhalsa\/"]}]},{"@type":"BreadcrumbList","@id":"https:\/\/ntigymnasiet.se\/skovde\/var-skola\/elevhalsa\/#breadcrumb","itemListElement":[{"@type":"ListItem","position":1,"name":"Start","item":"https:\/\/ntigymnasiet.se\/skovde\/"},{"@type":"ListItem","position":2,"name":"V\u00e5r skola","item":"https:\/\/ntigymnasiet.se\/skovde\/var-skola\/"},{"@type":"ListItem","position":3,"name":"Elevh\u00e4lsa"}]},{"@type":"WebSite","@id":"https:\/\/ntigymnasiet.se\/skovde\/#website","url":"https:\/\/ntigymnasiet.se\/skovde\/","name":"Sk\u00f6vde","description":"Just another WordPress site","potentialAction":[{"@type":"SearchAction","target":{"@type":"EntryPoint","urlTemplate":"https:\/\/ntigymnasiet.se\/skovde\/?s={search_term_string}"},"query-input":"required name=search_term_string"}],"inLanguage":"sv-SE"}]}},"_links":{"self":[{"href":"https:\/\/ntigymnasiet.se\/skovde\/wp-json\/wp\/v2\/pages\/195"}],"collection":[{"href":"https:\/\/ntigymnasiet.se\/skovde\/wp-json\/wp\/v2\/pages"}],"about":[{"href":"https:\/\/ntigymnasiet.se\/skovde\/wp-json\/wp\/v2\/types\/page"}],"author":[{"embeddable":true,"href":"https:\/\/ntigymnasiet.se\/skovde\/wp-json\/wp\/v2\/users\/4"}],"replies":[{"embeddable":true,"href":"https:\/\/ntigymnasiet.se\/skovde\/wp-json\/wp\/v2\/comments?post=195"}],"version-history":[{"count":10,"href":"https:\/\/ntigymnasiet.se\/skovde\/wp-json\/wp\/v2\/pages\/195\/revisions"}],"predecessor-version":[{"id":1369,"href":"https:\/\/ntigymnasiet.se\/skovde\/wp-json\/wp\/v2\/pages\/195\/revisions\/1369"}],"up":[{"embeddable":true,"href":"https:\/\/ntigymnasiet.se\/skovde\/wp-json\/wp\/v2\/pages\/191"}],"wp:attachment":[{"href":"https:\/\/ntigymnasiet.se\/skovde\/wp-json\/wp\/v2\/media?parent=195"}],"curies":[{"name":"wp","href":"https:\/\/api.w.org\/{rel}","templated":true}]}}