{"id":199,"date":"2023-03-31T16:52:25","date_gmt":"2023-03-31T14:52:25","guid":{"rendered":"https:\/\/ntigymnasiet.se\/sodertalje\/?page_id=199"},"modified":"2024-01-31T16:19:58","modified_gmt":"2024-01-31T15:19:58","slug":"rektorn-har-ordet","status":"publish","type":"page","link":"https:\/\/ntigymnasiet.se\/sodertalje\/var-skola\/rektorn-har-ordet\/","title":{"rendered":"Rektorn har ordet"},"content":{"rendered":"\n\t\n\t\n\t\n\n\n\t\n\t\t\n<section  class=\"c-block l-stacked  \" data-color-scheme=\"vit\">\n\t<div class=\"ams-fifty ams-fifty--container ams-fifty--right ams-fifty--bottom l-container u-pt-fluid-3xl-6xl u-pb-fluid-3xl-6xl\">\n\t\t<div class=\"ams-fifty__content l-stack l-stack-xl is-left@lg\">\n\t\t\t<div class=\"ams-fifty__text l-stack l-stack-lg\">\n\t\t\t\t\t\n\t<h1\n\tclass=\"c-heading u-font-title-1 \"\n\tstyle=\"\">\n\t\t\n\t\t\t\t\t\t\t\t\tGymnasiet! V\u00e4lkommen till din framtid.\n\t\t\t\t<span class=\"c-heading__sub is-below u-font-title-3\">\n\t\t\t\t\tRektorn har ordet\n\t\t\t\t<\/span>\n\t\t\t\t\t\t\t\n\t<\/h1>\n\n\t\t\t\t\t\t\t\t\t<div class=\"text l-stack u-font-body\">\n\t\t\t\t\t\t<p>Jag heter Malin Gustafsson och jag \u00e4r rektor p\u00e5 NTI S\u00f6dert\u00e4lje. Jag vill att din gymnasietid ska bli en blandning av flera olika saker.<\/p>\n<p>F\u00f6rst och fr\u00e4mst vill jag att du ska m\u00f6ta utmaning. Jag vill att du ska f\u00e5 tr\u00e4ffa nya v\u00e4nner, l\u00e4ra dig nya saker och uppt\u00e4cka hur du kan bli en del av den nya, sp\u00e4nnande verkligheten som m\u00f6ter dig efter gymnasietiden. Du ska f\u00e5 l\u00e4ra dig att l\u00f6sa framtidens problem och m\u00f6ta samh\u00e4llets komplexa verklighet med moderna tekniska och digitala verktyg. Jag vill att du under din tid p\u00e5 gymnasiet ska f\u00e5 en chans att testa p\u00e5 de m\u00f6jligheter som framtiden har att erbjuda just dig.<\/p>\n<p>&nbsp;<\/p>\n\n\t\t\t\t\t<\/div>\n\t\t\t\t\t\t\t<\/div>\n\n\t\t\t\t\t<\/div>\n\n\t\t <div class=\"ams-fifty__media u-ratio-square\">\n\t\t \t\t\t\t\t<img decoding=\"async\" width=\"600\" height=\"800\" src=\"https:\/\/ntigymnasiet.se\/wp-content\/uploads\/sites\/19\/2023\/05\/malin-gustafsson-rektor-scaled-600x800.jpg\" class=\"attachment-md size-md\" alt=\"Malin Gustafsson, rektor.\" sizes=\"(min-width: 64em) 600px, calc(100vw - 160px)\" srcset=\"https:\/\/ntigymnasiet.se\/wp-content\/uploads\/sites\/19\/2023\/05\/malin-gustafsson-rektor-scaled-600x800.jpg 600w, https:\/\/ntigymnasiet.se\/wp-content\/uploads\/sites\/19\/2023\/05\/malin-gustafsson-rektor-scaled-300x400.jpg 300w, https:\/\/ntigymnasiet.se\/wp-content\/uploads\/sites\/19\/2023\/05\/malin-gustafsson-rektor-scaled-400x533.jpg 400w, https:\/\/ntigymnasiet.se\/wp-content\/uploads\/sites\/19\/2023\/05\/malin-gustafsson-rektor-scaled-800x1067.jpg 800w, https:\/\/ntigymnasiet.se\/wp-content\/uploads\/sites\/19\/2023\/05\/malin-gustafsson-rektor-scaled-1024x1365.jpg 1024w, https:\/\/ntigymnasiet.se\/wp-content\/uploads\/sites\/19\/2023\/05\/malin-gustafsson-rektor-scaled-1200x1600.jpg 1200w, https:\/\/ntigymnasiet.se\/wp-content\/uploads\/sites\/19\/2023\/05\/malin-gustafsson-rektor-scaled.jpg 1920w\" \/>\n\t\t\t\n\t\t\t\n\t\t\t\t\t<\/div>\n\t<\/div>\n\n\t\t\n\n<\/section>\n\n\n\n\n<section  class=\"ams-quote c-block l-stacked\" data-color-scheme=\"vit-2-pa-mork-bakgrund\">\n\t<div class=\"l-container l-stack l-stack-fluid-2xl u-pt-fluid-3xl-6xl u-pb-fluid-3xl-6xl is-center is-center@md\">\n\t\t\n\t\t\t\t\t<ul class=\"ams-quote__list l-grid u-gap-fluid-2xl-4xl u-justify-center\"\n\taria-label=\"Citat\">\n\t\t\t<li class=\"l-col-12@md\">\n\t\t\t<article class=\"c-card\" data-variant=\"neutral\" >\n\t\t\t\t<div class=\"c-card__content l-stack u-text-center\">\n\t\t\t\t\t\t\t\t\t\t\t<blockquote class=\"c-card__title u-font-title-1\">\n\t\t\t\t\t\t\t\t\t\t\t\t\t\t\t<p class=\"u-quote-marks\">Jag vill att du ska k\u00e4nna att din gymnasietid blir lika utmanande, rolig och sp\u00e4nnande som jag tycker att mitt jobb \u00e4r<\/p>\n\t\t\t\t\t\t\t\t\t\t\t\t\t<\/blockquote>\n\t\t\t\t\t\n\t\t\t\t\t\t\t\t\t\t\t<p class=\"c-card__text\">\n\t\t\t\t\t\t\t<span class=\"author u-font-body\">Malin Gustafsson, rektor<\/span>\n\t\t\t\t\t\t\t<span class=\"title u-font-body\">NTI Gymnasiet S\u00f6dert\u00e4lje<\/span>\n\t\t\t\t\t\t<\/p>\n\t\t\t\t\t\t\t\t\t<\/div>\n\n\t\t\t\t\t\t\t<\/article>\n\t\t<\/li>\n\t<\/ul>\n\t\n\t\t\t<\/div>\n\n\t\t\n\t\t\t\n\t\t\t\t\t\t\t\n\t\t\t\t<div class=\"c-bg c-bg--img\" data-settings=\"{&quot;desktop_settings&quot;:{&quot;size&quot;:&quot;cover&quot;,&quot;position&quot;:&quot;middle-center&quot;},&quot;mobile_settings&quot;:{&quot;size&quot;:&quot;cover&quot;,&quot;position&quot;:&quot;middle-center&quot;}}\" data-position=\"middle-center\" data-size=\"cover\">\n\t\t\t<img decoding=\"async\" width=\"1920\" height=\"1080\" src=\"https:\/\/ntigymnasiet.se\/wp-content\/uploads\/sites\/19\/2023\/05\/ntitechbgsvagacirklar3.jpg\" class=\"attachment-hero-lg size-hero-lg\" alt=\"Lila bakgrund.\" sizes=\"(max-width: 1920px) 100vw, 1920px\" srcset=\"https:\/\/ntigymnasiet.se\/wp-content\/uploads\/sites\/19\/2023\/05\/ntitechbgsvagacirklar3.jpg 1920w, https:\/\/ntigymnasiet.se\/wp-content\/uploads\/sites\/19\/2023\/05\/ntitechbgsvagacirklar3-300x169.jpg 300w, https:\/\/ntigymnasiet.se\/wp-content\/uploads\/sites\/19\/2023\/05\/ntitechbgsvagacirklar3-400x225.jpg 400w, https:\/\/ntigymnasiet.se\/wp-content\/uploads\/sites\/19\/2023\/05\/ntitechbgsvagacirklar3-600x338.jpg 600w, https:\/\/ntigymnasiet.se\/wp-content\/uploads\/sites\/19\/2023\/05\/ntitechbgsvagacirklar3-800x450.jpg 800w, https:\/\/ntigymnasiet.se\/wp-content\/uploads\/sites\/19\/2023\/05\/ntitechbgsvagacirklar3-1024x576.jpg 1024w, https:\/\/ntigymnasiet.se\/wp-content\/uploads\/sites\/19\/2023\/05\/ntitechbgsvagacirklar3-1200x675.jpg 1200w\" \/>\n\t\t<\/div>\n\t\n<\/section>\n\n\n\n<div class=\"wp-block-group is-style-narrow is-layout-flow wp-block-group-is-layout-flow\">\n<p>F\u00f6r att klara av de nya utmaningar du st\u00e4lls inf\u00f6r \u00e4r det viktigt att du k\u00e4nner dig trygg och tillfreds. P\u00e5 v\u00e5r skola arbetar vi n\u00e4ra v\u00e5ra elever p\u00e5 alla m\u00f6jliga s\u00e4tt; v\u00e5ra l\u00e4rare \u00e4r alltid tillg\u00e4ngliga, vi \u00e4r en trygg skola d\u00e4r v\u00e5ra elever trivs och f\u00f6r oss \u00e4r det viktigt att vi m\u00f6ter, ser och bekr\u00e4ftar v\u00e5ra elever varje dag. Alla vi som arbetar h\u00e4r vill att du ska n\u00e5 s\u00e5 l\u00e5ngt som m\u00f6jligt och f\u00e5 utveckla dig maximalt inom din fulla potential.<\/p>\n\n\n\n<p>Jag har ett fantastiskt roligt arbete och jag tycker om att g\u00e5 till jobbet varje dag och jag vill att du ska k\u00e4nna att din gymnasietid blir lika utmanande, rolig och sp\u00e4nnande som jag tycker att mitt jobb \u00e4r! <\/p>\n\n\n\n<p>Vill du veta mer om v\u00e5r skola, har du fr\u00e5gor om v\u00e5rt erbjudande eller vill du kanske komma och bes\u00f6ka skolan f\u00f6r en dag? Ta kontakt med mig eller bes\u00f6k oss p\u00e5 n\u00e5got av v\u00e5ra kommande \u00f6ppna hus!<\/p>\n<\/div>\n\n\n\n<section \n\t\t class=\"\n\t\t ams-contact\n\t\t \n\t\t c-block l-stacked\n\t\t \n\t\t \n\t\t js-load-more\n\t\t \"\n\t\t data-color-scheme=\"usp-gra-bakgrund\"\n\t\t\t\t\tdata-count=\"3\"\n\t\t\t\t\t\t\tdata-count-mobile=\"2\"\n\t\t\t\t>\n\t<div\n\t\t class=\"\n\t\t l-container\n\t\t l-stack l-stack-fluid-2xl\n\t\t u-pt-fluid-3xl-6xl\n\t\t u-pb-fluid-3xl-6xl\n\t\t is-center\n\t\t is-center@md\n\t\t \">\n\t\t\t\t\t<div class=\"ams-contact__intro l-stack l-stack-lg\">\n\t\t\t\t\t\n\t<h2\n\tclass=\"c-heading u-font-title-1 \"\n\tstyle=\"\">\n\t\t\n\t\t\t\t\tKontakt\n\t\t\t\t\n\t<\/h2>\n\n\t\t\t\t\t\t\t<\/div>\n\t\t\n\t\t\n\t\t    \t\n\t\t\n\t\t<ul\n\t\t\tid=\"contact-grid-69eb434cd2329\"\n\t\t\tclass=\"ams-contact__list l-grid u-gap-fluid-2xl-4xl u-justify-center js-results \"\n\t\t\taria-label=\"Kontakter\"\n\t\t\tdata-filter-animation=\"off\"\n\t\t\t>\n\t\t\t\t\t\t\t\t\t\t\t\n\t\t\t\t\n\t\t\t\t<li class=\"l-col-6@md l-col-4@lg \" data-filter=\"ledning\">\n\t\t\t\t\t<article class=\"c-card \" data-variant=\"neutral\">\n\t\t\t\t\t\t<div class=\"c-card__content u-text-center\">\n\t\t\t\t\t\t\t\t\t\t\t\t\t\t\t<h3 class=\"c-card__title u-font-title-3\">\n\t\t\t\t\t\t\t\t\tMalin Gustafsson\n\t\t\t\t\t\t\t\t<\/h3>\n\t\t\t\t\t\t\t\n\t\t\t\t\t\t\t\t\t\t\t\t\t\t\t<p class=\"position u-font-body\">Rektor<\/p>\n\t\t\t\t\t\t\t\n\t\t\t\t\t\t\t\t\t\t\t\t\t\t\t<div class=\"contact-info u-font-body\">\n\t\t\t\t\t\t\t\t\t\t\t\t\t\t\t\t\t\t\t\t\t\t\t\t\t\t\t\t\t\t<p class=\"phone\"><a\n\t\t\t\t\t\t\t\t\t\t\t\t\thref=\"tel:0725303129\"\n\t\t\t\t\t\t\t\t\t\t\t\t\tclass=\"u-text-link\">072-530 31 29<\/a>\n\t\t\t\t\t\t\t\t\t\t\t<\/p>\n\t\t\t\t\t\t\t\t\t\t\t\t\t\t\t\t\t\t\t\n\t\t\t\t\t\t\t\t\t\t\t\t\t\t\t\t\t\t\t\t\t\t\t\t\t\t\t\t\t\t<p class=\"email\"><a\n\t\t\t\t\t\t\t\t\t\t\t\t\thref=\"&#109;&#097;i&#108;&#116;o&#058;&#109;&#097;&#108;&#105;n&#046;&#103;u&#115;&#116;&#097;&#102;sso&#110;&#064;ntig.s&#101;\"\n\t\t\t\t\t\t\t\t\t\t\t\t\tclass=\"u-text-link\">m&#097;&#108;&#105;n.&#103;ust&#097;&#102;ss&#111;&#110;&#064;nt&#105;g.&#115;&#101;<\/a>\n\t\t\t\t\t\t\t\t\t\t\t<\/p>\n\t\t\t\t\t\t\t\t\t\t\t\t\t\t\t\t\t\t\t\t\t\t\t\t\t\t\t<\/div>\n\t\t\t\t\t\t\t\n\t\t\t\t\t\t\t\t\t\t\t\t\t<\/div>\n\t\t\t\t\t\t<div class=\"c-card__media\">\n\t\t\t\t\t\t\t\t\t\t\t\t\t\t\t\t\t\t\t\t\t\t\t\t\t\t\t\t\t\t\t\t\t\t\t\t\t\t\t\t\t\t\t\t\t\t\t\t\t<img decoding=\"async\" width=\"400\" height=\"533\" src=\"https:\/\/ntigymnasiet.se\/wp-content\/uploads\/sites\/19\/2023\/05\/malin-gustafsson-rektor-scaled-400x533.jpg\" class=\"u-radius-round u-ratio-landscape  \" alt=\"Malin Gustafsson, rektor.\" sizes=\"(max-width: 300px) 100vw, 300px\" srcset=\"https:\/\/ntigymnasiet.se\/wp-content\/uploads\/sites\/19\/2023\/05\/malin-gustafsson-rektor-scaled-400x533.jpg 400w, https:\/\/ntigymnasiet.se\/wp-content\/uploads\/sites\/19\/2023\/05\/malin-gustafsson-rektor-scaled-300x400.jpg 300w, https:\/\/ntigymnasiet.se\/wp-content\/uploads\/sites\/19\/2023\/05\/malin-gustafsson-rektor-scaled-600x800.jpg 600w, https:\/\/ntigymnasiet.se\/wp-content\/uploads\/sites\/19\/2023\/05\/malin-gustafsson-rektor-scaled-800x1067.jpg 800w, https:\/\/ntigymnasiet.se\/wp-content\/uploads\/sites\/19\/2023\/05\/malin-gustafsson-rektor-scaled-1024x1365.jpg 1024w, https:\/\/ntigymnasiet.se\/wp-content\/uploads\/sites\/19\/2023\/05\/malin-gustafsson-rektor-scaled-1200x1600.jpg 1200w, https:\/\/ntigymnasiet.se\/wp-content\/uploads\/sites\/19\/2023\/05\/malin-gustafsson-rektor-scaled.jpg 1920w\" \/>\n\t\t\t\t\t\t<\/div>\n\t\t\t\t\t<\/article>\n\t\t\t\t<\/li>\n\t\t\t\t\t<\/ul>\n\n\t\t\n\t\t    <div class=\"ams-contact__more u-inline-items js-load-more-btn\">\n        <button href=\"#\"\n                class=\"c-btn\"\n                data-style=\"rounded\"\n                data-size=\"md\"\n                data-width=\"full-mobile\"\n                data-variant=\"outline\">\n        \tVisa mer\n        <\/button>\n    <\/div>\n\n\t\t\t<\/div>\n\n\t\t\n\n<\/section>\n\n\n\n\n<section  class=\"ams-cta ams-cta--stacked c-block l-stacked\" data-color-scheme=\"vit\">\n\t<div class=\"l-container-narrow l-stack l-stack-fluid-2xl u-pt-fluid-3xl-6xl u-pb-fluid-3xl-6xl is-center is-center@md\">\n\t\t\t\t\t<div class=\"ams-cta__intro l-stack l-stack-lg\">\n\t\t\t\t\t\n\t<h2\n\tclass=\"c-heading u-font-title-1 \"\n\tstyle=\"\">\n\t\t\n\t\t\t\t\tVill du veta mer om oss?\n\t\t\t\t\n\t<\/h2>\n\n\t\t\t\t\t\t\t<\/div>\n\t\t\n\t\t\n\t\t\t<div class=\"ams-cta__action u-inline-items\">\n\t\t\t\t\t\t\t\n\n\n<a href=\"https:\/\/ntigymnasiet.se\/sodertalje\/var-skola\/\"\n\t\n\tclass=\"c-btn \"\n\tdata-style=\"rounded\"\n\tdata-size=\"md\"\n\tdata-width=\"full-mobile\"\n\tdata-variant=\"default\"\n\ttarget=\"_self\">\n\t\t\t<span class=\"label\"> L\u00e4s mer om oss<\/span>\n\t\t\t<\/a>\n\t\t\t<\/div>\n\t<\/div>\n\n\t\t\n\n<\/section>\n","protected":false},"excerpt":{"rendered":"<p>F\u00f6r att klara av de nya utmaningar du st\u00e4lls inf\u00f6r \u00e4r det viktigt att du k\u00e4nner dig trygg och tillfreds. P\u00e5 v\u00e5r skola arbetar vi n\u00e4ra v\u00e5ra elever p\u00e5 alla m\u00f6jliga s\u00e4tt; v\u00e5ra l\u00e4rare \u00e4r alltid tillg\u00e4ngliga, vi \u00e4r en trygg skola d\u00e4r v\u00e5ra elever trivs och f\u00f6r oss \u00e4r det viktigt att vi m\u00f6ter,&#8230;<\/p>\n","protected":false},"author":4,"featured_media":0,"parent":191,"menu_order":0,"comment_status":"closed","ping_status":"closed","template":"","meta":{"footnotes":""},"yoast_head":"<!-- This site is optimized with the Yoast SEO plugin v22.0 - https:\/\/yoast.com\/wordpress\/plugins\/seo\/ -->\n<title>Rektorn har ordet - NTI Gymnasiet S\u00f6dert\u00e4lje<\/title>\n<meta name=\"description\" content=\"Jag heter Malin Gustafsson och jag \u00e4r rektor p\u00e5 NTI S\u00f6dert\u00e4lje. Jag vill att din gymnasietid ska bli en blandning av flera olika saker.\" \/>\n<meta name=\"robots\" content=\"index, follow, max-snippet:-1, max-image-preview:large, max-video-preview:-1\" \/>\n<link rel=\"canonical\" href=\"https:\/\/ntigymnasiet.se\/sodertalje\/var-skola\/rektorn-har-ordet\/\" \/>\n<meta property=\"og:locale\" content=\"sv_SE\" \/>\n<meta property=\"og:type\" content=\"article\" \/>\n<meta property=\"og:title\" content=\"Rektorn har ordet - NTI Gymnasiet S\u00f6dert\u00e4lje\" \/>\n<meta property=\"og:description\" content=\"Jag heter Malin Gustafsson och jag \u00e4r rektor p\u00e5 NTI S\u00f6dert\u00e4lje. Jag vill att din gymnasietid ska bli en blandning av flera olika saker.\" \/>\n<meta property=\"og:url\" content=\"https:\/\/ntigymnasiet.se\/sodertalje\/var-skola\/rektorn-har-ordet\/\" \/>\n<meta property=\"og:site_name\" content=\"S\u00f6dert\u00e4lje\" \/>\n<meta property=\"article:modified_time\" content=\"2024-01-31T15:19:58+00:00\" \/>\n<meta name=\"twitter:card\" content=\"summary_large_image\" \/>\n<meta name=\"twitter:title\" content=\"Rektorn har ordet - NTI Gymnasiet S\u00f6dert\u00e4lje\" \/>\n<meta name=\"twitter:description\" content=\"Jag heter Malin Gustafsson och jag \u00e4r rektor p\u00e5 NTI S\u00f6dert\u00e4lje. Jag vill att din gymnasietid ska bli en blandning av flera olika saker.\" \/>\n<meta name=\"twitter:label1\" content=\"Est. reading time\" \/>\n\t<meta name=\"twitter:data1\" content=\"1 minut\" \/>\n<script type=\"application\/ld+json\" class=\"yoast-schema-graph\">{\"@context\":\"https:\/\/schema.org\",\"@graph\":[{\"@type\":\"WebPage\",\"@id\":\"https:\/\/ntigymnasiet.se\/sodertalje\/var-skola\/rektorn-har-ordet\/\",\"url\":\"https:\/\/ntigymnasiet.se\/sodertalje\/var-skola\/rektorn-har-ordet\/\",\"name\":\"Rektorn har ordet - NTI Gymnasiet S\u00f6dert\u00e4lje\",\"isPartOf\":{\"@id\":\"https:\/\/ntigymnasiet.se\/sodertalje\/#website\"},\"datePublished\":\"2023-03-31T14:52:25+00:00\",\"dateModified\":\"2024-01-31T15:19:58+00:00\",\"description\":\"Jag heter Malin Gustafsson och jag \u00e4r rektor p\u00e5 NTI S\u00f6dert\u00e4lje. Jag vill att din gymnasietid ska bli en blandning av flera olika saker.\",\"breadcrumb\":{\"@id\":\"https:\/\/ntigymnasiet.se\/sodertalje\/var-skola\/rektorn-har-ordet\/#breadcrumb\"},\"inLanguage\":\"sv-SE\",\"potentialAction\":[{\"@type\":\"ReadAction\",\"target\":[\"https:\/\/ntigymnasiet.se\/sodertalje\/var-skola\/rektorn-har-ordet\/\"]}]},{\"@type\":\"BreadcrumbList\",\"@id\":\"https:\/\/ntigymnasiet.se\/sodertalje\/var-skola\/rektorn-har-ordet\/#breadcrumb\",\"itemListElement\":[{\"@type\":\"ListItem\",\"position\":1,\"name\":\"Start\",\"item\":\"https:\/\/ntigymnasiet.se\/sodertalje\/\"},{\"@type\":\"ListItem\",\"position\":2,\"name\":\"V\u00e5r skola\",\"item\":\"https:\/\/ntigymnasiet.se\/sodertalje\/var-skola\/\"},{\"@type\":\"ListItem\",\"position\":3,\"name\":\"Rektorn har ordet\"}]},{\"@type\":\"WebSite\",\"@id\":\"https:\/\/ntigymnasiet.se\/sodertalje\/#website\",\"url\":\"https:\/\/ntigymnasiet.se\/sodertalje\/\",\"name\":\"S\u00f6dert\u00e4lje\",\"description\":\"Just another WordPress site\",\"potentialAction\":[{\"@type\":\"SearchAction\",\"target\":{\"@type\":\"EntryPoint\",\"urlTemplate\":\"https:\/\/ntigymnasiet.se\/sodertalje\/?s={search_term_string}\"},\"query-input\":\"required name=search_term_string\"}],\"inLanguage\":\"sv-SE\"}]}<\/script>\n<!-- \/ Yoast SEO plugin. -->","yoast_head_json":{"title":"Rektorn har ordet - NTI Gymnasiet S\u00f6dert\u00e4lje","description":"Jag heter Malin Gustafsson och jag \u00e4r rektor p\u00e5 NTI S\u00f6dert\u00e4lje. Jag vill att din gymnasietid ska bli en blandning av flera olika saker.","robots":{"index":"index","follow":"follow","max-snippet":"max-snippet:-1","max-image-preview":"max-image-preview:large","max-video-preview":"max-video-preview:-1"},"canonical":"https:\/\/ntigymnasiet.se\/sodertalje\/var-skola\/rektorn-har-ordet\/","og_locale":"sv_SE","og_type":"article","og_title":"Rektorn har ordet - NTI Gymnasiet S\u00f6dert\u00e4lje","og_description":"Jag heter Malin Gustafsson och jag \u00e4r rektor p\u00e5 NTI S\u00f6dert\u00e4lje. Jag vill att din gymnasietid ska bli en blandning av flera olika saker.","og_url":"https:\/\/ntigymnasiet.se\/sodertalje\/var-skola\/rektorn-har-ordet\/","og_site_name":"S\u00f6dert\u00e4lje","article_modified_time":"2024-01-31T15:19:58+00:00","twitter_card":"summary_large_image","twitter_title":"Rektorn har ordet - NTI Gymnasiet S\u00f6dert\u00e4lje","twitter_description":"Jag heter Malin Gustafsson och jag \u00e4r rektor p\u00e5 NTI S\u00f6dert\u00e4lje. Jag vill att din gymnasietid ska bli en blandning av flera olika saker.","twitter_misc":{"Est. reading time":"1 minut"},"schema":{"@context":"https:\/\/schema.org","@graph":[{"@type":"WebPage","@id":"https:\/\/ntigymnasiet.se\/sodertalje\/var-skola\/rektorn-har-ordet\/","url":"https:\/\/ntigymnasiet.se\/sodertalje\/var-skola\/rektorn-har-ordet\/","name":"Rektorn har ordet - NTI Gymnasiet S\u00f6dert\u00e4lje","isPartOf":{"@id":"https:\/\/ntigymnasiet.se\/sodertalje\/#website"},"datePublished":"2023-03-31T14:52:25+00:00","dateModified":"2024-01-31T15:19:58+00:00","description":"Jag heter Malin Gustafsson och jag \u00e4r rektor p\u00e5 NTI S\u00f6dert\u00e4lje. Jag vill att din gymnasietid ska bli en blandning av flera olika saker.","breadcrumb":{"@id":"https:\/\/ntigymnasiet.se\/sodertalje\/var-skola\/rektorn-har-ordet\/#breadcrumb"},"inLanguage":"sv-SE","potentialAction":[{"@type":"ReadAction","target":["https:\/\/ntigymnasiet.se\/sodertalje\/var-skola\/rektorn-har-ordet\/"]}]},{"@type":"BreadcrumbList","@id":"https:\/\/ntigymnasiet.se\/sodertalje\/var-skola\/rektorn-har-ordet\/#breadcrumb","itemListElement":[{"@type":"ListItem","position":1,"name":"Start","item":"https:\/\/ntigymnasiet.se\/sodertalje\/"},{"@type":"ListItem","position":2,"name":"V\u00e5r skola","item":"https:\/\/ntigymnasiet.se\/sodertalje\/var-skola\/"},{"@type":"ListItem","position":3,"name":"Rektorn har ordet"}]},{"@type":"WebSite","@id":"https:\/\/ntigymnasiet.se\/sodertalje\/#website","url":"https:\/\/ntigymnasiet.se\/sodertalje\/","name":"S\u00f6dert\u00e4lje","description":"Just another WordPress site","potentialAction":[{"@type":"SearchAction","target":{"@type":"EntryPoint","urlTemplate":"https:\/\/ntigymnasiet.se\/sodertalje\/?s={search_term_string}"},"query-input":"required name=search_term_string"}],"inLanguage":"sv-SE"}]}},"_links":{"self":[{"href":"https:\/\/ntigymnasiet.se\/sodertalje\/wp-json\/wp\/v2\/pages\/199"}],"collection":[{"href":"https:\/\/ntigymnasiet.se\/sodertalje\/wp-json\/wp\/v2\/pages"}],"about":[{"href":"https:\/\/ntigymnasiet.se\/sodertalje\/wp-json\/wp\/v2\/types\/page"}],"author":[{"embeddable":true,"href":"https:\/\/ntigymnasiet.se\/sodertalje\/wp-json\/wp\/v2\/users\/4"}],"replies":[{"embeddable":true,"href":"https:\/\/ntigymnasiet.se\/sodertalje\/wp-json\/wp\/v2\/comments?post=199"}],"version-history":[{"count":11,"href":"https:\/\/ntigymnasiet.se\/sodertalje\/wp-json\/wp\/v2\/pages\/199\/revisions"}],"predecessor-version":[{"id":1227,"href":"https:\/\/ntigymnasiet.se\/sodertalje\/wp-json\/wp\/v2\/pages\/199\/revisions\/1227"}],"up":[{"embeddable":true,"href":"https:\/\/ntigymnasiet.se\/sodertalje\/wp-json\/wp\/v2\/pages\/191"}],"wp:attachment":[{"href":"https:\/\/ntigymnasiet.se\/sodertalje\/wp-json\/wp\/v2\/media?parent=199"}],"curies":[{"name":"wp","href":"https:\/\/api.w.org\/{rel}","templated":true}]}}