{"id":195,"date":"2023-03-31T16:51:39","date_gmt":"2023-03-31T14:51:39","guid":{"rendered":"https:\/\/ntigymnasiet.se\/stockholm-odenplan\/?page_id=195"},"modified":"2025-08-28T16:04:45","modified_gmt":"2025-08-28T14:04:45","slug":"elevhalsa","status":"publish","type":"page","link":"https:\/\/ntigymnasiet.se\/stockholm-odenplan\/var-skola\/elevhalsa\/","title":{"rendered":"Elevh\u00e4lsa"},"content":{"rendered":"\n\t\n\t\n\t\n\n\t\n\t\n\t\t\n<section  class=\"c-block l-stacked  \" data-color-scheme=\"vit\">\n\t<div class=\"ams-fifty ams-fifty--container ams-fifty--right ams-fifty--top l-container u-pt-fluid-3xl-6xl u-pb-fluid-3xl-6xl\">\n\t\t<div class=\"ams-fifty__content l-stack l-stack-xl is-center is-left@lg\">\n\t\t\t<div class=\"ams-fifty__text l-stack l-stack-lg\">\n\t\t\t\t\t\n\t<h1\n\tclass=\"c-heading u-font-title-1 \"\n\tstyle=\"\">\n\t\t\n\t\t\t\t\tElevh\u00e4lsa\n\t\t\t\t\n\t<\/h1>\n\n\t\t\t\t\t\t\t\t\t<div class=\"text l-stack u-font-body\">\n\t\t\t\t\t\t<p>M\u00e5l f\u00f6r oss i elevh\u00e4lsoteamet (EHT) \u00e4r att du som elev m\u00e5r bra och klarar dina studier hos oss. Alla i teamet finns samlade p\u00e5 en plats, varje dag i veckan: Skolsk\u00f6terskorna, kuratorn, specialpedagogen och studiev\u00e4gledaren. D\u00e4rf\u00f6r \u00e4r vi l\u00e4tta att hitta, och oavsett vem av oss du s\u00f6ker upp kommer du att f\u00e5 snabb hj\u00e4lp till r\u00e4tt person och st\u00f6d. Du kan ringa, messa och mejla oss, eller bara knacka p\u00e5 d\u00f6rren.<\/p>\n<h2>Vi utg\u00e5r fr\u00e5n dig<\/h2>\n<p>N\u00e4r vi st\u00f6ttar och v\u00e4gleder utg\u00e5r vi fr\u00e5n dig: dina tankar, upplevelser och f\u00f6ruts\u00e4ttningar. St\u00f6det tar sikte p\u00e5 din sj\u00e4lvst\u00e4ndighet. Vi vill hj\u00e4lpa er elever att bli allt tryggare i hur ni kan hantera utmanande situationer: ibland \u00e4r det p\u00e5 egen hand, ibland \u00e4r det i samarbete med m\u00e4nniskor runt er. Precis som i arbetslivet.<\/p>\n<p>Vi samarbetar med alla vi beh\u00f6ver, varje dag: Med elever, f\u00f6r\u00e4ldrar, l\u00e4rare och v\u00e5r skolledning. Ett s\u00e4rskilt n\u00e4ra samarbete har vi med skolans heltidsmentorer \u2013 vi hj\u00e4lps \u00e5t att st\u00f6tta, inspirera och v\u00e4gleda dig och din klass.<\/p>\n\n\t\t\t\t\t<\/div>\n\t\t\t\t\t\t\t<\/div>\n\n\t\t\t\t\t<\/div>\n\n\t\t <div class=\"ams-fifty__media u-ratio-square\">\n\t\t \t\t\t\t\t<img decoding=\"async\" width=\"600\" height=\"600\" src=\"https:\/\/ntigymnasiet.se\/wp-content\/uploads\/sites\/16\/2023\/04\/nti-elevhalsa-gymnasiet-202204-600x600.png\" class=\"attachment-md size-md\" alt=\"I bild syns tv\u00e5 elever som st\u00e5r i korridoren, de tittar bort och \u00e4r glada, den ena h\u00e5ller en dator.\" sizes=\"(min-width: 64em) 600px, calc(100vw - 160px)\" srcset=\"https:\/\/ntigymnasiet.se\/wp-content\/uploads\/sites\/16\/2023\/04\/nti-elevhalsa-gymnasiet-202204-600x600.png 600w, https:\/\/ntigymnasiet.se\/wp-content\/uploads\/sites\/16\/2023\/04\/nti-elevhalsa-gymnasiet-202204-150x150.png 150w, https:\/\/ntigymnasiet.se\/wp-content\/uploads\/sites\/16\/2023\/04\/nti-elevhalsa-gymnasiet-202204-300x300.png 300w, https:\/\/ntigymnasiet.se\/wp-content\/uploads\/sites\/16\/2023\/04\/nti-elevhalsa-gymnasiet-202204-400x400.png 400w, https:\/\/ntigymnasiet.se\/wp-content\/uploads\/sites\/16\/2023\/04\/nti-elevhalsa-gymnasiet-202204.png 700w\" \/>\n\t\t\t\n\t\t\t\n\t\t\t\t\t<\/div>\n\t<\/div>\n\n\t\t\n\n<\/section>\n\n\n\n<section \n\t\t class=\"\n\t\t ams-contact\n\t\t \n\t\t c-block l-stacked\n\t\t \n\t\t \n\t\t js-load-more\n\t\t \"\n\t\t data-color-scheme=\"nyans2_av_p2-hover-standard\"\n\t\t\t\t\tdata-count=\"3\"\n\t\t\t\t\t\t\tdata-count-mobile=\"2\"\n\t\t\t\t>\n\t<div\n\t\t class=\"\n\t\t l-container\n\t\t l-stack l-stack-fluid-2xl\n\t\t u-pt-fluid-3xl-6xl\n\t\t u-pb-fluid-3xl-6xl\n\t\t is-center\n\t\t is-center@md\n\t\t \">\n\t\t\t\t\t<div class=\"ams-contact__intro l-stack l-stack-lg\">\n\t\t\t\t\t\n\t<h2\n\tclass=\"c-heading u-font-title-1 \"\n\tstyle=\"\">\n\t\t\n\t\t\t\t\tKontakta elevh\u00e4lsan\n\t\t\t\t\n\t<\/h2>\n\n\t\t\t\t\t\t\t\t\t<div class=\"c-text l-stack u-cs-xl u-font-body\">\n\t\t\t\t\t\t<p>H\u00f6r av dig till oss i elevh\u00e4lsan om du har n\u00e5gra fr\u00e5gor.<\/p>\n\n\t\t\t\t\t<\/div>\n\t\t\t\t\t\t\t<\/div>\n\t\t\n\t\t\n\t\t    \t\n\t\t\n\t\t<ul\n\t\t\tid=\"contact-grid-69f2cbea222b1\"\n\t\t\tclass=\"ams-contact__list l-grid u-gap-fluid-2xl-4xl u-justify-center js-results \"\n\t\t\taria-label=\"Kontakter\"\n\t\t\tdata-filter-animation=\"off\"\n\t\t\t>\n\t\t\t\t\t\t\t\t\t\t\t\n\t\t\t\t\n\t\t\t\t<li class=\"l-col-6@md l-col-4@lg \" data-filter=\"elevhalsa\">\n\t\t\t\t\t<article class=\"c-card \" data-variant=\"neutral\">\n\t\t\t\t\t\t<div class=\"c-card__content u-text-center\">\n\t\t\t\t\t\t\t\t\t\t\t\t\t\t\t<h3 class=\"c-card__title u-font-title-3\">\n\t\t\t\t\t\t\t\t\tAndreas Mattson\n\t\t\t\t\t\t\t\t<\/h3>\n\t\t\t\t\t\t\t\n\t\t\t\t\t\t\t\t\t\t\t\t\t\t\t<p class=\"position u-font-body\">Specialpedagog<\/p>\n\t\t\t\t\t\t\t\n\t\t\t\t\t\t\t\t\t\t\t\t\t\t\t<div class=\"contact-info u-font-body\">\n\t\t\t\t\t\t\t\t\t\t\t\t\t\t\t\t\t\t\t\t\t\t\t\t\t\t\t\t\t\t<p class=\"phone\"><a\n\t\t\t\t\t\t\t\t\t\t\t\t\thref=\"tel:0854547696\"\n\t\t\t\t\t\t\t\t\t\t\t\t\tclass=\"u-text-link\">085-454 76 96<\/a>\n\t\t\t\t\t\t\t\t\t\t\t<\/p>\n\t\t\t\t\t\t\t\t\t\t\t\t\t\t\t\t\t\t\t\n\t\t\t\t\t\t\t\t\t\t\t\t\t\t\t\t\t\t\t\t\t\t\t\t\t\t\t\t\t\t<p class=\"email\"><a\n\t\t\t\t\t\t\t\t\t\t\t\t\thref=\"&#109;&#097;i&#108;t&#111;:&#097;ndreas&#046;ma&#116;t&#115;o&#110;&#064;n&#116;&#105;g&#046;&#115;e\"\n\t\t\t\t\t\t\t\t\t\t\t\t\tclass=\"u-text-link\">and&#114;&#101;&#097;&#115;&#046;&#109;a&#116;t&#115;o&#110;&#064;&#110;&#116;&#105;&#103;.&#115;&#101;<\/a>\n\t\t\t\t\t\t\t\t\t\t\t<\/p>\n\t\t\t\t\t\t\t\t\t\t\t\t\t\t\t\t\t\t\t\t\t\t\t\t\t\t\t<\/div>\n\t\t\t\t\t\t\t\n\t\t\t\t\t\t\t\t\t\t\t\t\t<\/div>\n\t\t\t\t\t\t<div class=\"c-card__media\">\n\t\t\t\t\t\t\t\t\t\t\t\t\t\t\t\t\t\t\t\t\t\t\t\t\t\t\t\t\t\t\t\t\t\t\t\t\t\t\t\t\t\t\t\t\t\t\t\t\t<img decoding=\"async\" width=\"400\" height=\"301\" src=\"https:\/\/ntigymnasiet.se\/wp-content\/uploads\/sites\/16\/2023\/05\/anderas-matsson-21-scaled-e1693470195389-400x301.jpg\" class=\"u-radius-round u-ratio-landscape  \" alt=\"Anderas Matsson.\" sizes=\"(max-width: 300px) 100vw, 300px\" srcset=\"https:\/\/ntigymnasiet.se\/wp-content\/uploads\/sites\/16\/2023\/05\/anderas-matsson-21-scaled-e1693470195389-400x301.jpg 400w, https:\/\/ntigymnasiet.se\/wp-content\/uploads\/sites\/16\/2023\/05\/anderas-matsson-21-scaled-e1693470195389-300x226.jpg 300w, https:\/\/ntigymnasiet.se\/wp-content\/uploads\/sites\/16\/2023\/05\/anderas-matsson-21-scaled-e1693470195389-600x451.jpg 600w, https:\/\/ntigymnasiet.se\/wp-content\/uploads\/sites\/16\/2023\/05\/anderas-matsson-21-scaled-e1693470195389-800x602.jpg 800w, https:\/\/ntigymnasiet.se\/wp-content\/uploads\/sites\/16\/2023\/05\/anderas-matsson-21-scaled-e1693470195389-1024x770.jpg 1024w, https:\/\/ntigymnasiet.se\/wp-content\/uploads\/sites\/16\/2023\/05\/anderas-matsson-21-scaled-e1693470195389-1200x903.jpg 1200w, https:\/\/ntigymnasiet.se\/wp-content\/uploads\/sites\/16\/2023\/05\/anderas-matsson-21-scaled-e1693470195389-768x576.jpg 768w, https:\/\/ntigymnasiet.se\/wp-content\/uploads\/sites\/16\/2023\/05\/anderas-matsson-21-scaled-e1693470195389.jpg 1446w\" \/>\n\t\t\t\t\t\t<\/div>\n\t\t\t\t\t<\/article>\n\t\t\t\t<\/li>\n\t\t\t\t\t\t\t\t\t\t\t\n\t\t\t\t\n\t\t\t\t<li class=\"l-col-6@md l-col-4@lg \" data-filter=\"elevhalsa\">\n\t\t\t\t\t<article class=\"c-card \" data-variant=\"neutral\">\n\t\t\t\t\t\t<div class=\"c-card__content u-text-center\">\n\t\t\t\t\t\t\t\t\t\t\t\t\t\t\t<h3 class=\"c-card__title u-font-title-3\">\n\t\t\t\t\t\t\t\t\tChristine Ramel\n\t\t\t\t\t\t\t\t<\/h3>\n\t\t\t\t\t\t\t\n\t\t\t\t\t\t\t\t\t\t\t\t\t\t\t<p class=\"position u-font-body\">Skolsk\u00f6terska<\/p>\n\t\t\t\t\t\t\t\n\t\t\t\t\t\t\t\t\t\t\t\t\t\t\t<div class=\"contact-info u-font-body\">\n\t\t\t\t\t\t\t\t\t\n\t\t\t\t\t\t\t\t\t\t\t\t\t\t\t\t\t\t\t\t\t\t\t\t\t\t\t\t\t\t<p class=\"email\"><a\n\t\t\t\t\t\t\t\t\t\t\t\t\thref=\"m&#097;&#105;l&#116;o:chr&#105;st&#105;ne&#046;&#114;am&#101;&#108;&#064;ntig&#046;se\"\n\t\t\t\t\t\t\t\t\t\t\t\t\tclass=\"u-text-link\">c&#104;ri&#115;t&#105;&#110;e&#046;&#114;ame&#108;&#064;&#110;&#116;ig&#046;se<\/a>\n\t\t\t\t\t\t\t\t\t\t\t<\/p>\n\t\t\t\t\t\t\t\t\t\t\t\t\t\t\t\t\t\t\t\t\t\t\t\t\t\t\t<\/div>\n\t\t\t\t\t\t\t\n\t\t\t\t\t\t\t\t\t\t\t\t\t<\/div>\n\t\t\t\t\t\t<div class=\"c-card__media\">\n\t\t\t\t\t\t\t\t\t\t\t\t\t\t\t\t\t\t\t\t\t\t\t\t\t\t\t\t\t\t\t\t\t\t\t\t\t\t\t\t\t\t\t\t\t\t\t\t\t<img decoding=\"async\" width=\"400\" height=\"400\" src=\"https:\/\/ntigymnasiet.se\/wp-content\/uploads\/sites\/16\/2023\/05\/kopia-av-ntiavatarkontaktwebbtech-400x400.png\" class=\"u-radius-round u-ratio-landscape  \" alt=\"Avatar robot.\" sizes=\"(max-width: 300px) 100vw, 300px\" srcset=\"https:\/\/ntigymnasiet.se\/wp-content\/uploads\/sites\/16\/2023\/05\/kopia-av-ntiavatarkontaktwebbtech-400x400.png 400w, https:\/\/ntigymnasiet.se\/wp-content\/uploads\/sites\/16\/2023\/05\/kopia-av-ntiavatarkontaktwebbtech-150x150.png 150w, https:\/\/ntigymnasiet.se\/wp-content\/uploads\/sites\/16\/2023\/05\/kopia-av-ntiavatarkontaktwebbtech-300x300.png 300w, https:\/\/ntigymnasiet.se\/wp-content\/uploads\/sites\/16\/2023\/05\/kopia-av-ntiavatarkontaktwebbtech-600x600.png 600w, https:\/\/ntigymnasiet.se\/wp-content\/uploads\/sites\/16\/2023\/05\/kopia-av-ntiavatarkontaktwebbtech.png 800w\" \/>\n\t\t\t\t\t\t<\/div>\n\t\t\t\t\t<\/article>\n\t\t\t\t<\/li>\n\t\t\t\t\t\t\t\t\t\t\t\n\t\t\t\t\n\t\t\t\t<li class=\"l-col-6@md l-col-4@lg \" data-filter=\"elevhalsa\">\n\t\t\t\t\t<article class=\"c-card \" data-variant=\"neutral\">\n\t\t\t\t\t\t<div class=\"c-card__content u-text-center\">\n\t\t\t\t\t\t\t\t\t\t\t\t\t\t\t<h3 class=\"c-card__title u-font-title-3\">\n\t\t\t\t\t\t\t\t\tHenrik Pallin \n\t\t\t\t\t\t\t\t<\/h3>\n\t\t\t\t\t\t\t\n\t\t\t\t\t\t\t\t\t\t\t\t\t\t\t<p class=\"position u-font-body\">Kurator <\/p>\n\t\t\t\t\t\t\t\n\t\t\t\t\t\t\t\t\t\t\t\t\t\t\t<div class=\"contact-info u-font-body\">\n\t\t\t\t\t\t\t\t\t\t\t\t\t\t\t\t\t\t\t\t\t\t\t\t\t\t\t\t\t\t<p class=\"phone\"><a\n\t\t\t\t\t\t\t\t\t\t\t\t\thref=\"tel:0854547646\"\n\t\t\t\t\t\t\t\t\t\t\t\t\tclass=\"u-text-link\">085-454 76 46<\/a>\n\t\t\t\t\t\t\t\t\t\t\t<\/p>\n\t\t\t\t\t\t\t\t\t\t\t\t\t\t\t\t\t\t\t\n\t\t\t\t\t\t\t\t\t\t\t\t\t\t\t\t\t\t\t\t\t\t\t\t\t\t\t\t\t\t<p class=\"email\"><a\n\t\t\t\t\t\t\t\t\t\t\t\t\thref=\"&#109;a&#105;&#108;t&#111;:he&#110;&#114;&#105;k&#046;pallin&#064;&#110;&#116;i&#103;&#046;&#115;e\"\n\t\t\t\t\t\t\t\t\t\t\t\t\tclass=\"u-text-link\">&#104;&#101;n&#114;ik&#046;&#112;a&#108;&#108;&#105;n&#064;n&#116;&#105;&#103;.&#115;e<\/a>\n\t\t\t\t\t\t\t\t\t\t\t<\/p>\n\t\t\t\t\t\t\t\t\t\t\t\t\t\t\t\t\t\t\t\t\t\t\t\t\t\t\t<\/div>\n\t\t\t\t\t\t\t\n\t\t\t\t\t\t\t\t\t\t\t\t\t<\/div>\n\t\t\t\t\t\t<div class=\"c-card__media\">\n\t\t\t\t\t\t\t\t\t\t\t\t\t\t\t\t\t\t\t\t\t\t\t\t\t\t\t\t\t\t\t\t\t\t\t\t\t\t\t\t\t\t\t\t\t\t\t\t\t<img decoding=\"async\" width=\"400\" height=\"400\" src=\"https:\/\/ntigymnasiet.se\/wp-content\/uploads\/2023\/04\/nti-kontaktuppgifter-400x400.png\" class=\"u-radius-round u-ratio-landscape  \" alt=\"Kontaktbild saknas.\" sizes=\"(max-width: 300px) 100vw, 300px\" srcset=\"https:\/\/ntigymnasiet.se\/wp-content\/uploads\/2023\/04\/nti-kontaktuppgifter-400x400.png 400w, https:\/\/ntigymnasiet.se\/wp-content\/uploads\/2023\/04\/nti-kontaktuppgifter-150x150.png 150w, https:\/\/ntigymnasiet.se\/wp-content\/uploads\/2023\/04\/nti-kontaktuppgifter-300x300.png 300w, https:\/\/ntigymnasiet.se\/wp-content\/uploads\/2023\/04\/nti-kontaktuppgifter-600x600.png 600w, https:\/\/ntigymnasiet.se\/wp-content\/uploads\/2023\/04\/nti-kontaktuppgifter.png 800w\" \/>\n\t\t\t\t\t\t<\/div>\n\t\t\t\t\t<\/article>\n\t\t\t\t<\/li>\n\t\t\t\t\t<\/ul>\n\n\t\t\n\t\t    <div class=\"ams-contact__more u-inline-items js-load-more-btn\">\n        <button href=\"#\"\n                class=\"c-btn\"\n                data-style=\"rounded\"\n                data-size=\"md\"\n                data-width=\"full-mobile\"\n                data-variant=\"outline\">\n        \tVisa mer\n        <\/button>\n    <\/div>\n\n\t\t\t<\/div>\n\n\t\t\n\n<\/section>\n","protected":false},"excerpt":{"rendered":"","protected":false},"author":4,"featured_media":0,"parent":191,"menu_order":0,"comment_status":"closed","ping_status":"closed","template":"","meta":{"footnotes":""},"yoast_head":"<!-- This site is optimized with the Yoast SEO plugin v22.0 - https:\/\/yoast.com\/wordpress\/plugins\/seo\/ -->\n<title>Elevh\u00e4lsa - NTI Gymnasiet Stockholm Odenplan<\/title>\n<meta name=\"description\" content=\"M\u00e5l f\u00f6r oss i elevh\u00e4lsoteamet (EHT) \u00e4r att du som elev m\u00e5r bra och klarar dina studier hos oss. V\u00e4lkommen till NTI Gymnasiet!\" \/>\n<meta name=\"robots\" content=\"index, follow, max-snippet:-1, max-image-preview:large, max-video-preview:-1\" \/>\n<link rel=\"canonical\" href=\"https:\/\/ntigymnasiet.se\/stockholm-odenplan\/var-skola\/elevhalsa\/\" \/>\n<meta property=\"og:locale\" content=\"sv_SE\" \/>\n<meta property=\"og:type\" content=\"article\" \/>\n<meta property=\"og:title\" content=\"Elevh\u00e4lsa - NTI Gymnasiet Stockholm Odenplan\" \/>\n<meta property=\"og:description\" content=\"M\u00e5l f\u00f6r oss i elevh\u00e4lsoteamet (EHT) \u00e4r att du som elev m\u00e5r bra och klarar dina studier hos oss. V\u00e4lkommen till NTI Gymnasiet!\" \/>\n<meta property=\"og:url\" content=\"https:\/\/ntigymnasiet.se\/stockholm-odenplan\/var-skola\/elevhalsa\/\" \/>\n<meta property=\"og:site_name\" content=\"Stockholm Odenplan\" \/>\n<meta property=\"article:modified_time\" content=\"2025-08-28T14:04:45+00:00\" \/>\n<meta name=\"twitter:card\" content=\"summary_large_image\" \/>\n<meta name=\"twitter:title\" content=\"Elevh\u00e4lsa - NTI Gymnasiet Stockholm Odenplan\" \/>\n<meta name=\"twitter:description\" content=\"M\u00e5l f\u00f6r oss i elevh\u00e4lsoteamet (EHT) \u00e4r att du som elev m\u00e5r bra och klarar dina studier hos oss. V\u00e4lkommen till NTI Gymnasiet!\" \/>\n<meta name=\"twitter:label1\" content=\"Est. reading time\" \/>\n\t<meta name=\"twitter:data1\" content=\"2 minuter\" \/>\n<script type=\"application\/ld+json\" class=\"yoast-schema-graph\">{\"@context\":\"https:\/\/schema.org\",\"@graph\":[{\"@type\":\"WebPage\",\"@id\":\"https:\/\/ntigymnasiet.se\/stockholm-odenplan\/var-skola\/elevhalsa\/\",\"url\":\"https:\/\/ntigymnasiet.se\/stockholm-odenplan\/var-skola\/elevhalsa\/\",\"name\":\"Elevh\u00e4lsa - NTI Gymnasiet Stockholm Odenplan\",\"isPartOf\":{\"@id\":\"https:\/\/ntigymnasiet.se\/stockholm-odenplan\/#website\"},\"datePublished\":\"2023-03-31T14:51:39+00:00\",\"dateModified\":\"2025-08-28T14:04:45+00:00\",\"description\":\"M\u00e5l f\u00f6r oss i elevh\u00e4lsoteamet (EHT) \u00e4r att du som elev m\u00e5r bra och klarar dina studier hos oss. V\u00e4lkommen till NTI Gymnasiet!\",\"breadcrumb\":{\"@id\":\"https:\/\/ntigymnasiet.se\/stockholm-odenplan\/var-skola\/elevhalsa\/#breadcrumb\"},\"inLanguage\":\"sv-SE\",\"potentialAction\":[{\"@type\":\"ReadAction\",\"target\":[\"https:\/\/ntigymnasiet.se\/stockholm-odenplan\/var-skola\/elevhalsa\/\"]}]},{\"@type\":\"BreadcrumbList\",\"@id\":\"https:\/\/ntigymnasiet.se\/stockholm-odenplan\/var-skola\/elevhalsa\/#breadcrumb\",\"itemListElement\":[{\"@type\":\"ListItem\",\"position\":1,\"name\":\"Start\",\"item\":\"https:\/\/ntigymnasiet.se\/stockholm-odenplan\/\"},{\"@type\":\"ListItem\",\"position\":2,\"name\":\"V\u00e5r skola\",\"item\":\"https:\/\/ntigymnasiet.se\/stockholm-odenplan\/var-skola\/\"},{\"@type\":\"ListItem\",\"position\":3,\"name\":\"Elevh\u00e4lsa\"}]},{\"@type\":\"WebSite\",\"@id\":\"https:\/\/ntigymnasiet.se\/stockholm-odenplan\/#website\",\"url\":\"https:\/\/ntigymnasiet.se\/stockholm-odenplan\/\",\"name\":\"Stockholm Odenplan\",\"description\":\"Just another WordPress site\",\"potentialAction\":[{\"@type\":\"SearchAction\",\"target\":{\"@type\":\"EntryPoint\",\"urlTemplate\":\"https:\/\/ntigymnasiet.se\/stockholm-odenplan\/?s={search_term_string}\"},\"query-input\":\"required name=search_term_string\"}],\"inLanguage\":\"sv-SE\"}]}<\/script>\n<!-- \/ Yoast SEO plugin. -->","yoast_head_json":{"title":"Elevh\u00e4lsa - NTI Gymnasiet Stockholm Odenplan","description":"M\u00e5l f\u00f6r oss i elevh\u00e4lsoteamet (EHT) \u00e4r att du som elev m\u00e5r bra och klarar dina studier hos oss. V\u00e4lkommen till NTI Gymnasiet!","robots":{"index":"index","follow":"follow","max-snippet":"max-snippet:-1","max-image-preview":"max-image-preview:large","max-video-preview":"max-video-preview:-1"},"canonical":"https:\/\/ntigymnasiet.se\/stockholm-odenplan\/var-skola\/elevhalsa\/","og_locale":"sv_SE","og_type":"article","og_title":"Elevh\u00e4lsa - NTI Gymnasiet Stockholm Odenplan","og_description":"M\u00e5l f\u00f6r oss i elevh\u00e4lsoteamet (EHT) \u00e4r att du som elev m\u00e5r bra och klarar dina studier hos oss. V\u00e4lkommen till NTI Gymnasiet!","og_url":"https:\/\/ntigymnasiet.se\/stockholm-odenplan\/var-skola\/elevhalsa\/","og_site_name":"Stockholm Odenplan","article_modified_time":"2025-08-28T14:04:45+00:00","twitter_card":"summary_large_image","twitter_title":"Elevh\u00e4lsa - NTI Gymnasiet Stockholm Odenplan","twitter_description":"M\u00e5l f\u00f6r oss i elevh\u00e4lsoteamet (EHT) \u00e4r att du som elev m\u00e5r bra och klarar dina studier hos oss. V\u00e4lkommen till NTI Gymnasiet!","twitter_misc":{"Est. reading time":"2 minuter"},"schema":{"@context":"https:\/\/schema.org","@graph":[{"@type":"WebPage","@id":"https:\/\/ntigymnasiet.se\/stockholm-odenplan\/var-skola\/elevhalsa\/","url":"https:\/\/ntigymnasiet.se\/stockholm-odenplan\/var-skola\/elevhalsa\/","name":"Elevh\u00e4lsa - NTI Gymnasiet Stockholm Odenplan","isPartOf":{"@id":"https:\/\/ntigymnasiet.se\/stockholm-odenplan\/#website"},"datePublished":"2023-03-31T14:51:39+00:00","dateModified":"2025-08-28T14:04:45+00:00","description":"M\u00e5l f\u00f6r oss i elevh\u00e4lsoteamet (EHT) \u00e4r att du som elev m\u00e5r bra och klarar dina studier hos oss. V\u00e4lkommen till NTI Gymnasiet!","breadcrumb":{"@id":"https:\/\/ntigymnasiet.se\/stockholm-odenplan\/var-skola\/elevhalsa\/#breadcrumb"},"inLanguage":"sv-SE","potentialAction":[{"@type":"ReadAction","target":["https:\/\/ntigymnasiet.se\/stockholm-odenplan\/var-skola\/elevhalsa\/"]}]},{"@type":"BreadcrumbList","@id":"https:\/\/ntigymnasiet.se\/stockholm-odenplan\/var-skola\/elevhalsa\/#breadcrumb","itemListElement":[{"@type":"ListItem","position":1,"name":"Start","item":"https:\/\/ntigymnasiet.se\/stockholm-odenplan\/"},{"@type":"ListItem","position":2,"name":"V\u00e5r skola","item":"https:\/\/ntigymnasiet.se\/stockholm-odenplan\/var-skola\/"},{"@type":"ListItem","position":3,"name":"Elevh\u00e4lsa"}]},{"@type":"WebSite","@id":"https:\/\/ntigymnasiet.se\/stockholm-odenplan\/#website","url":"https:\/\/ntigymnasiet.se\/stockholm-odenplan\/","name":"Stockholm Odenplan","description":"Just another WordPress site","potentialAction":[{"@type":"SearchAction","target":{"@type":"EntryPoint","urlTemplate":"https:\/\/ntigymnasiet.se\/stockholm-odenplan\/?s={search_term_string}"},"query-input":"required name=search_term_string"}],"inLanguage":"sv-SE"}]}},"_links":{"self":[{"href":"https:\/\/ntigymnasiet.se\/stockholm-odenplan\/wp-json\/wp\/v2\/pages\/195"}],"collection":[{"href":"https:\/\/ntigymnasiet.se\/stockholm-odenplan\/wp-json\/wp\/v2\/pages"}],"about":[{"href":"https:\/\/ntigymnasiet.se\/stockholm-odenplan\/wp-json\/wp\/v2\/types\/page"}],"author":[{"embeddable":true,"href":"https:\/\/ntigymnasiet.se\/stockholm-odenplan\/wp-json\/wp\/v2\/users\/4"}],"replies":[{"embeddable":true,"href":"https:\/\/ntigymnasiet.se\/stockholm-odenplan\/wp-json\/wp\/v2\/comments?post=195"}],"version-history":[{"count":10,"href":"https:\/\/ntigymnasiet.se\/stockholm-odenplan\/wp-json\/wp\/v2\/pages\/195\/revisions"}],"predecessor-version":[{"id":2324,"href":"https:\/\/ntigymnasiet.se\/stockholm-odenplan\/wp-json\/wp\/v2\/pages\/195\/revisions\/2324"}],"up":[{"embeddable":true,"href":"https:\/\/ntigymnasiet.se\/stockholm-odenplan\/wp-json\/wp\/v2\/pages\/191"}],"wp:attachment":[{"href":"https:\/\/ntigymnasiet.se\/stockholm-odenplan\/wp-json\/wp\/v2\/media?parent=195"}],"curies":[{"name":"wp","href":"https:\/\/api.w.org\/{rel}","templated":true}]}}