{"id":195,"date":"2023-03-31T16:51:39","date_gmt":"2023-03-31T14:51:39","guid":{"rendered":"https:\/\/ntigymnasiet.se\/sundsvall\/?page_id=195"},"modified":"2024-01-31T11:49:53","modified_gmt":"2024-01-31T10:49:53","slug":"elevhalsa","status":"publish","type":"page","link":"https:\/\/ntigymnasiet.se\/sundsvall\/var-skola\/elevhalsa\/","title":{"rendered":"Elevh\u00e4lsa"},"content":{"rendered":"\n\t\n\t\n\t\n\n\n\t\n\t\t\n<section  class=\"c-block l-stacked  \" data-color-scheme=\"vit\">\n\t<div class=\"ams-fifty ams-fifty--container ams-fifty--right ams-fifty--top l-container u-pt-fluid-3xl-6xl u-pb-fluid-3xl-6xl\">\n\t\t<div class=\"ams-fifty__content l-stack l-stack-xl is-left@lg\">\n\t\t\t<div class=\"ams-fifty__text l-stack l-stack-lg\">\n\t\t\t\t\t\n\t<h1\n\tclass=\"c-heading u-font-title-1 \"\n\tstyle=\"\">\n\t\t\n\t\t\t\t\tElevh\u00e4lsa\n\t\t\t\t\n\t<\/h1>\n\n\t\t\t\t\t\t\t\t\t<div class=\"text l-stack u-font-body\">\n\t\t\t\t\t\t<p>V\u00e5rt elevh\u00e4lsoteam arbetar med att st\u00f6tta eleverna i sin utveckling mot utbildningens m\u00e5l. Vi tr\u00e4ffas en g\u00e5ng per vecka f\u00f6r att tidigt f\u00e5nga upp elever i behov av st\u00f6d\u00e5tg\u00e4rder fr\u00e5n skolan. I teamet ing\u00e5r bitr\u00e4dande rektorer, specialpedagog, kurator, skolsk\u00f6terska och studie- och yrkesv\u00e4gledare. Vid behov konsulterar elevh\u00e4lsoteamet \u00e4ven skolpsykolog och skoll\u00e4kare.<\/p>\n\n\t\t\t\t\t<\/div>\n\t\t\t\t\t\t\t<\/div>\n\n\t\t\t\t\t<\/div>\n\n\t\t <div class=\"ams-fifty__media u-ratio-square\">\n\t\t \t\t\t\t\t<img decoding=\"async\" width=\"600\" height=\"600\" src=\"https:\/\/ntigymnasiet.se\/wp-content\/uploads\/sites\/18\/2023\/04\/nti-elevhalsa-gymnasiet-202204-600x600.png\" class=\"attachment-md size-md\" alt=\"Tv\u00e5 elever som st\u00e5r i korridoren, de tittar bort och \u00e4r glada, den ena h\u00e5ller en dator.\" sizes=\"(min-width: 64em) 600px, calc(100vw - 160px)\" srcset=\"https:\/\/ntigymnasiet.se\/wp-content\/uploads\/sites\/18\/2023\/04\/nti-elevhalsa-gymnasiet-202204-600x600.png 600w, https:\/\/ntigymnasiet.se\/wp-content\/uploads\/sites\/18\/2023\/04\/nti-elevhalsa-gymnasiet-202204-150x150.png 150w, https:\/\/ntigymnasiet.se\/wp-content\/uploads\/sites\/18\/2023\/04\/nti-elevhalsa-gymnasiet-202204-300x300.png 300w, https:\/\/ntigymnasiet.se\/wp-content\/uploads\/sites\/18\/2023\/04\/nti-elevhalsa-gymnasiet-202204-400x400.png 400w, https:\/\/ntigymnasiet.se\/wp-content\/uploads\/sites\/18\/2023\/04\/nti-elevhalsa-gymnasiet-202204.png 700w\" \/>\n\t\t\t\n\t\t\t\n\t\t\t\t\t<\/div>\n\t<\/div>\n\n\t\t\n\n<\/section>\n\n\n\n<section \n\t\t class=\"\n\t\t ams-contact\n\t\t \n\t\t c-block l-stacked\n\t\t \n\t\t \n\t\t js-load-more\n\t\t \"\n\t\t data-color-scheme=\"nyans2_av_p2-hover-standard\"\n\t\t\t\t\tdata-count=\"3\"\n\t\t\t\t\t\t\tdata-count-mobile=\"2\"\n\t\t\t\t>\n\t<div\n\t\t class=\"\n\t\t l-container\n\t\t l-stack l-stack-fluid-2xl\n\t\t u-pt-fluid-3xl-6xl\n\t\t u-pb-fluid-3xl-6xl\n\t\t is-center\n\t\t is-center@md\n\t\t \">\n\t\t\t\t\t<div class=\"ams-contact__intro l-stack l-stack-lg\">\n\t\t\t\t\t\n\t<h2\n\tclass=\"c-heading u-font-title-1 \"\n\tstyle=\"\">\n\t\t\n\t\t\t\t\tKontakta elevh\u00e4lsan\n\t\t\t\t\n\t<\/h2>\n\n\t\t\t\t\t\t\t\t\t<div class=\"c-text l-stack u-cs-xl u-font-body\">\n\t\t\t\t\t\t<p>H\u00f6r av dig till oss i elevh\u00e4lsan om du har n\u00e5gra fr\u00e5gor.<\/p>\n\n\t\t\t\t\t<\/div>\n\t\t\t\t\t\t\t<\/div>\n\t\t\n\t\t\n\t\t    \t\n\t\t\n\t\t<ul\n\t\t\tid=\"contact-grid-69ebba94e0941\"\n\t\t\tclass=\"ams-contact__list l-grid u-gap-fluid-2xl-4xl u-justify-center js-results \"\n\t\t\taria-label=\"Kontakter\"\n\t\t\tdata-filter-animation=\"off\"\n\t\t\t>\n\t\t\t\t\t\t\t\t\t\t\t\n\t\t\t\t\n\t\t\t\t<li class=\"l-col-6@md l-col-4@lg \" data-filter=\"elevhalsa\">\n\t\t\t\t\t<article class=\"c-card \" data-variant=\"neutral\">\n\t\t\t\t\t\t<div class=\"c-card__content u-text-center\">\n\t\t\t\t\t\t\t\t\t\t\t\t\t\t\t<h3 class=\"c-card__title u-font-title-3\">\n\t\t\t\t\t\t\t\t\tAnders Fagerblom\n\t\t\t\t\t\t\t\t<\/h3>\n\t\t\t\t\t\t\t\n\t\t\t\t\t\t\t\t\t\t\t\t\t\t\t<p class=\"position u-font-body\">Kurator<\/p>\n\t\t\t\t\t\t\t\n\t\t\t\t\t\t\t\t\t\t\t\t\t\t\t<div class=\"contact-info u-font-body\">\n\t\t\t\t\t\t\t\t\t\n\t\t\t\t\t\t\t\t\t\t\t\t\t\t\t\t\t\t\t\t\t\t\t\t\t\t\t\t\t\t<p class=\"email\"><a\n\t\t\t\t\t\t\t\t\t\t\t\t\thref=\"&#109;&#097;&#105;&#108;t&#111;&#058;&#097;&#110;der&#115;&#046;f&#097;gerb&#108;&#111;m&#064;&#103;&#097;&#046;&#110;&#116;&#105;&#103;.s&#101;\"\n\t\t\t\t\t\t\t\t\t\t\t\t\tclass=\"u-text-link\">&#097;&#110;d&#101;rs&#046;&#102;a&#103;&#101;r&#098;lo&#109;&#064;&#103;a.nt&#105;g&#046;se<\/a>\n\t\t\t\t\t\t\t\t\t\t\t<\/p>\n\t\t\t\t\t\t\t\t\t\t\t\t\t\t\t\t\t\t\t\t\t\t\t\t\t\t\t<\/div>\n\t\t\t\t\t\t\t\n\t\t\t\t\t\t\t\t\t\t\t\t\t<\/div>\n\t\t\t\t\t\t<div class=\"c-card__media\">\n\t\t\t\t\t\t\t\t\t\t\t\t\t\t\t\t\t\t\t\t\t\t\t\t\t\t\t\t\t\t\t\t\t\t\t\t\t\t\t\t\t\t\t\t\t\t\t\t\t<img decoding=\"async\" width=\"400\" height=\"600\" src=\"https:\/\/ntigymnasiet.se\/wp-content\/uploads\/sites\/18\/2023\/05\/anders-fagerblom-400x600.jpg\" class=\"u-radius-round u-ratio-landscape  \" alt=\"Anders Fagerblom.\" sizes=\"(max-width: 300px) 100vw, 300px\" srcset=\"https:\/\/ntigymnasiet.se\/wp-content\/uploads\/sites\/18\/2023\/05\/anders-fagerblom-400x600.jpg 400w, https:\/\/ntigymnasiet.se\/wp-content\/uploads\/sites\/18\/2023\/05\/anders-fagerblom-300x450.jpg 300w, https:\/\/ntigymnasiet.se\/wp-content\/uploads\/sites\/18\/2023\/05\/anders-fagerblom-600x900.jpg 600w, https:\/\/ntigymnasiet.se\/wp-content\/uploads\/sites\/18\/2023\/05\/anders-fagerblom-800x1200.jpg 800w, https:\/\/ntigymnasiet.se\/wp-content\/uploads\/sites\/18\/2023\/05\/anders-fagerblom-1024x1536.jpg 1024w, https:\/\/ntigymnasiet.se\/wp-content\/uploads\/sites\/18\/2023\/05\/anders-fagerblom-1200x1800.jpg 1200w, https:\/\/ntigymnasiet.se\/wp-content\/uploads\/sites\/18\/2023\/05\/anders-fagerblom-scaled.jpg 1707w\" \/>\n\t\t\t\t\t\t<\/div>\n\t\t\t\t\t<\/article>\n\t\t\t\t<\/li>\n\t\t\t\t\t\t\t\t\t\t\t\n\t\t\t\t\n\t\t\t\t<li class=\"l-col-6@md l-col-4@lg \" data-filter=\"elevhalsa\">\n\t\t\t\t\t<article class=\"c-card \" data-variant=\"neutral\">\n\t\t\t\t\t\t<div class=\"c-card__content u-text-center\">\n\t\t\t\t\t\t\t\t\t\t\t\t\t\t\t<h3 class=\"c-card__title u-font-title-3\">\n\t\t\t\t\t\t\t\t\tMalin Vesstr\u00f6m\n\t\t\t\t\t\t\t\t<\/h3>\n\t\t\t\t\t\t\t\n\t\t\t\t\t\t\t\t\t\t\t\t\t\t\t<p class=\"position u-font-body\">Skolsk\u00f6terska<\/p>\n\t\t\t\t\t\t\t\n\t\t\t\t\t\t\t\t\t\t\t\t\t\t\t<div class=\"contact-info u-font-body\">\n\t\t\t\t\t\t\t\t\t\t\t\t\t\t\t\t\t\t\t\t\t\t\t\t\t\t\t\t\t\t<p class=\"phone\"><a\n\t\t\t\t\t\t\t\t\t\t\t\t\thref=\"tel:0727128708\"\n\t\t\t\t\t\t\t\t\t\t\t\t\tclass=\"u-text-link\">072-712 87 08<\/a>\n\t\t\t\t\t\t\t\t\t\t\t<\/p>\n\t\t\t\t\t\t\t\t\t\t\t\t\t\t\t\t\t\t\t\n\t\t\t\t\t\t\t\t\t\t\t\t\t\t\t\t\t\t\t\t\t\t\t\t\t\t\t\t\t\t<p class=\"email\"><a\n\t\t\t\t\t\t\t\t\t\t\t\t\thref=\"&#109;a&#105;&#108;&#116;o:&#109;al&#105;n&#046;v&#101;sstrom&#064;ga&#046;nt&#105;&#103;.s&#101;\"\n\t\t\t\t\t\t\t\t\t\t\t\t\tclass=\"u-text-link\">&#109;&#097;l&#105;&#110;&#046;v&#101;s&#115;t&#114;om&#064;&#103;a&#046;&#110;t&#105;g&#046;s&#101;<\/a>\n\t\t\t\t\t\t\t\t\t\t\t<\/p>\n\t\t\t\t\t\t\t\t\t\t\t\t\t\t\t\t\t\t\t\t\t\t\t\t\t\t\t<\/div>\n\t\t\t\t\t\t\t\n\t\t\t\t\t\t\t\t\t\t\t\t\t<\/div>\n\t\t\t\t\t\t<div class=\"c-card__media\">\n\t\t\t\t\t\t\t\t\t\t\t\t\t\t\t\t\t\t\t\t\t\t\t\t\t\t\t\t\t\t\t\t\t\t\t\t\t\t\t\t\t\t\t\t\t\t\t\t\t<img decoding=\"async\" width=\"400\" height=\"600\" src=\"https:\/\/ntigymnasiet.se\/wp-content\/uploads\/sites\/18\/2023\/02\/malin-vesstrom-1-400x600.jpg\" class=\"u-radius-round u-ratio-landscape  \" alt=\"Malin Vesstro\u0308m sjuksk\u00f6terska.\" sizes=\"(max-width: 300px) 100vw, 300px\" srcset=\"https:\/\/ntigymnasiet.se\/wp-content\/uploads\/sites\/18\/2023\/02\/malin-vesstrom-1-400x600.jpg 400w, https:\/\/ntigymnasiet.se\/wp-content\/uploads\/sites\/18\/2023\/02\/malin-vesstrom-1-300x450.jpg 300w, https:\/\/ntigymnasiet.se\/wp-content\/uploads\/sites\/18\/2023\/02\/malin-vesstrom-1-600x900.jpg 600w, https:\/\/ntigymnasiet.se\/wp-content\/uploads\/sites\/18\/2023\/02\/malin-vesstrom-1-800x1200.jpg 800w, https:\/\/ntigymnasiet.se\/wp-content\/uploads\/sites\/18\/2023\/02\/malin-vesstrom-1-1024x1536.jpg 1024w, https:\/\/ntigymnasiet.se\/wp-content\/uploads\/sites\/18\/2023\/02\/malin-vesstrom-1-1200x1800.jpg 1200w, https:\/\/ntigymnasiet.se\/wp-content\/uploads\/sites\/18\/2023\/02\/malin-vesstrom-1-scaled.jpg 1707w\" \/>\n\t\t\t\t\t\t<\/div>\n\t\t\t\t\t<\/article>\n\t\t\t\t<\/li>\n\t\t\t\t\t\t\t\t\t\t\t\n\t\t\t\t\n\t\t\t\t<li class=\"l-col-6@md l-col-4@lg \" data-filter=\"elevhalsa\">\n\t\t\t\t\t<article class=\"c-card \" data-variant=\"neutral\">\n\t\t\t\t\t\t<div class=\"c-card__content u-text-center\">\n\t\t\t\t\t\t\t\t\t\t\t\t\t\t\t<h3 class=\"c-card__title u-font-title-3\">\n\t\t\t\t\t\t\t\t\tNina Carlsson\n\t\t\t\t\t\t\t\t<\/h3>\n\t\t\t\t\t\t\t\n\t\t\t\t\t\t\t\t\t\t\t\t\t\t\t<p class=\"position u-font-body\">Specialpedagog<\/p>\n\t\t\t\t\t\t\t\n\t\t\t\t\t\t\t\t\t\t\t\t\t\t\t<div class=\"contact-info u-font-body\">\n\t\t\t\t\t\t\t\t\t\n\t\t\t\t\t\t\t\t\t\t\t\t\t\t\t\t\t\t\t\t\t\t\t\t\t\t\t\t\t\t<p class=\"email\"><a\n\t\t\t\t\t\t\t\t\t\t\t\t\thref=\"&#109;a&#105;&#108;to&#058;nin&#097;&#046;&#099;&#097;&#114;l&#115;&#115;&#111;&#110;&#064;g&#097;.n&#116;ig.se\"\n\t\t\t\t\t\t\t\t\t\t\t\t\tclass=\"u-text-link\">n&#105;n&#097;.car&#108;&#115;&#115;o&#110;&#064;&#103;a&#046;&#110;&#116;&#105;g.s&#101;<\/a>\n\t\t\t\t\t\t\t\t\t\t\t<\/p>\n\t\t\t\t\t\t\t\t\t\t\t\t\t\t\t\t\t\t\t\t\t\t\t\t\t\t\t<\/div>\n\t\t\t\t\t\t\t\n\t\t\t\t\t\t\t\t\t\t\t\t\t<\/div>\n\t\t\t\t\t\t<div class=\"c-card__media\">\n\t\t\t\t\t\t\t\t\t\t\t\t\t\t\t\t\t\t\t\t\t\t\t\t\t\t\t\t\t\t\t\t\t\t\t\t\t\t\t\t\t\t\t\t\t\t\t\t\t<img decoding=\"async\" width=\"400\" height=\"400\" src=\"https:\/\/ntigymnasiet.se\/wp-content\/uploads\/sites\/18\/2023\/05\/nina-carlsson-400x400.jpg\" class=\"u-radius-round u-ratio-landscape  \" alt=\"Nina Carlsson.\" sizes=\"(max-width: 300px) 100vw, 300px\" srcset=\"https:\/\/ntigymnasiet.se\/wp-content\/uploads\/sites\/18\/2023\/05\/nina-carlsson-400x400.jpg 400w, https:\/\/ntigymnasiet.se\/wp-content\/uploads\/sites\/18\/2023\/05\/nina-carlsson-150x150.jpg 150w, https:\/\/ntigymnasiet.se\/wp-content\/uploads\/sites\/18\/2023\/05\/nina-carlsson-300x300.jpg 300w, https:\/\/ntigymnasiet.se\/wp-content\/uploads\/sites\/18\/2023\/05\/nina-carlsson.jpg 600w\" \/>\n\t\t\t\t\t\t<\/div>\n\t\t\t\t\t<\/article>\n\t\t\t\t<\/li>\n\t\t\t\t\t<\/ul>\n\n\t\t\n\t\t    <div class=\"ams-contact__more u-inline-items js-load-more-btn\">\n        <button href=\"#\"\n                class=\"c-btn\"\n                data-style=\"rounded\"\n                data-size=\"md\"\n                data-width=\"full-mobile\"\n                data-variant=\"outline\">\n        \tVisa mer\n        <\/button>\n    <\/div>\n\n\t\t\t<\/div>\n\n\t\t\n\n<\/section>\n","protected":false},"excerpt":{"rendered":"","protected":false},"author":4,"featured_media":0,"parent":191,"menu_order":0,"comment_status":"closed","ping_status":"closed","template":"","meta":{"footnotes":""},"yoast_head":"<!-- This site is optimized with the Yoast SEO plugin v22.0 - https:\/\/yoast.com\/wordpress\/plugins\/seo\/ -->\n<title>Elevh\u00e4lsa - NTI Gymnasiet Sundsvall<\/title>\n<meta name=\"description\" content=\"V\u00e5rt elevh\u00e4lsoteam arbetar med att st\u00f6tta eleverna i sin utveckling mot utbildningens m\u00e5l. V\u00e4lkommen till NTI Gymnasiet!\" \/>\n<meta name=\"robots\" content=\"index, follow, max-snippet:-1, max-image-preview:large, max-video-preview:-1\" \/>\n<link rel=\"canonical\" href=\"https:\/\/ntigymnasiet.se\/sundsvall\/var-skola\/elevhalsa\/\" \/>\n<meta property=\"og:locale\" content=\"sv_SE\" \/>\n<meta property=\"og:type\" content=\"article\" \/>\n<meta property=\"og:title\" content=\"Elevh\u00e4lsa - NTI Gymnasiet Sundsvall\" \/>\n<meta property=\"og:description\" content=\"V\u00e5rt elevh\u00e4lsoteam arbetar med att st\u00f6tta eleverna i sin utveckling mot utbildningens m\u00e5l. V\u00e4lkommen till NTI Gymnasiet!\" \/>\n<meta property=\"og:url\" content=\"https:\/\/ntigymnasiet.se\/sundsvall\/var-skola\/elevhalsa\/\" \/>\n<meta property=\"og:site_name\" content=\"Sundsvall\" \/>\n<meta property=\"article:modified_time\" content=\"2024-01-31T10:49:53+00:00\" \/>\n<meta name=\"twitter:card\" content=\"summary_large_image\" \/>\n<meta name=\"twitter:title\" content=\"Elevh\u00e4lsa - NTI Gymnasiet Sundsvall\" \/>\n<meta name=\"twitter:description\" content=\"V\u00e5rt elevh\u00e4lsoteam arbetar med att st\u00f6tta eleverna i sin utveckling mot utbildningens m\u00e5l. V\u00e4lkommen till NTI Gymnasiet!\" \/>\n<script type=\"application\/ld+json\" class=\"yoast-schema-graph\">{\"@context\":\"https:\/\/schema.org\",\"@graph\":[{\"@type\":\"WebPage\",\"@id\":\"https:\/\/ntigymnasiet.se\/sundsvall\/var-skola\/elevhalsa\/\",\"url\":\"https:\/\/ntigymnasiet.se\/sundsvall\/var-skola\/elevhalsa\/\",\"name\":\"Elevh\u00e4lsa - NTI Gymnasiet Sundsvall\",\"isPartOf\":{\"@id\":\"https:\/\/ntigymnasiet.se\/sundsvall\/#website\"},\"datePublished\":\"2023-03-31T14:51:39+00:00\",\"dateModified\":\"2024-01-31T10:49:53+00:00\",\"description\":\"V\u00e5rt elevh\u00e4lsoteam arbetar med att st\u00f6tta eleverna i sin utveckling mot utbildningens m\u00e5l. V\u00e4lkommen till NTI Gymnasiet!\",\"breadcrumb\":{\"@id\":\"https:\/\/ntigymnasiet.se\/sundsvall\/var-skola\/elevhalsa\/#breadcrumb\"},\"inLanguage\":\"sv-SE\",\"potentialAction\":[{\"@type\":\"ReadAction\",\"target\":[\"https:\/\/ntigymnasiet.se\/sundsvall\/var-skola\/elevhalsa\/\"]}]},{\"@type\":\"BreadcrumbList\",\"@id\":\"https:\/\/ntigymnasiet.se\/sundsvall\/var-skola\/elevhalsa\/#breadcrumb\",\"itemListElement\":[{\"@type\":\"ListItem\",\"position\":1,\"name\":\"Start\",\"item\":\"https:\/\/ntigymnasiet.se\/sundsvall\/\"},{\"@type\":\"ListItem\",\"position\":2,\"name\":\"V\u00e5r skola\",\"item\":\"https:\/\/ntigymnasiet.se\/sundsvall\/var-skola\/\"},{\"@type\":\"ListItem\",\"position\":3,\"name\":\"Elevh\u00e4lsa\"}]},{\"@type\":\"WebSite\",\"@id\":\"https:\/\/ntigymnasiet.se\/sundsvall\/#website\",\"url\":\"https:\/\/ntigymnasiet.se\/sundsvall\/\",\"name\":\"Sundsvall\",\"description\":\"Just another WordPress site\",\"potentialAction\":[{\"@type\":\"SearchAction\",\"target\":{\"@type\":\"EntryPoint\",\"urlTemplate\":\"https:\/\/ntigymnasiet.se\/sundsvall\/?s={search_term_string}\"},\"query-input\":\"required name=search_term_string\"}],\"inLanguage\":\"sv-SE\"}]}<\/script>\n<!-- \/ Yoast SEO plugin. -->","yoast_head_json":{"title":"Elevh\u00e4lsa - NTI Gymnasiet Sundsvall","description":"V\u00e5rt elevh\u00e4lsoteam arbetar med att st\u00f6tta eleverna i sin utveckling mot utbildningens m\u00e5l. V\u00e4lkommen till NTI Gymnasiet!","robots":{"index":"index","follow":"follow","max-snippet":"max-snippet:-1","max-image-preview":"max-image-preview:large","max-video-preview":"max-video-preview:-1"},"canonical":"https:\/\/ntigymnasiet.se\/sundsvall\/var-skola\/elevhalsa\/","og_locale":"sv_SE","og_type":"article","og_title":"Elevh\u00e4lsa - NTI Gymnasiet Sundsvall","og_description":"V\u00e5rt elevh\u00e4lsoteam arbetar med att st\u00f6tta eleverna i sin utveckling mot utbildningens m\u00e5l. V\u00e4lkommen till NTI Gymnasiet!","og_url":"https:\/\/ntigymnasiet.se\/sundsvall\/var-skola\/elevhalsa\/","og_site_name":"Sundsvall","article_modified_time":"2024-01-31T10:49:53+00:00","twitter_card":"summary_large_image","twitter_title":"Elevh\u00e4lsa - NTI Gymnasiet Sundsvall","twitter_description":"V\u00e5rt elevh\u00e4lsoteam arbetar med att st\u00f6tta eleverna i sin utveckling mot utbildningens m\u00e5l. V\u00e4lkommen till NTI Gymnasiet!","schema":{"@context":"https:\/\/schema.org","@graph":[{"@type":"WebPage","@id":"https:\/\/ntigymnasiet.se\/sundsvall\/var-skola\/elevhalsa\/","url":"https:\/\/ntigymnasiet.se\/sundsvall\/var-skola\/elevhalsa\/","name":"Elevh\u00e4lsa - NTI Gymnasiet Sundsvall","isPartOf":{"@id":"https:\/\/ntigymnasiet.se\/sundsvall\/#website"},"datePublished":"2023-03-31T14:51:39+00:00","dateModified":"2024-01-31T10:49:53+00:00","description":"V\u00e5rt elevh\u00e4lsoteam arbetar med att st\u00f6tta eleverna i sin utveckling mot utbildningens m\u00e5l. V\u00e4lkommen till NTI Gymnasiet!","breadcrumb":{"@id":"https:\/\/ntigymnasiet.se\/sundsvall\/var-skola\/elevhalsa\/#breadcrumb"},"inLanguage":"sv-SE","potentialAction":[{"@type":"ReadAction","target":["https:\/\/ntigymnasiet.se\/sundsvall\/var-skola\/elevhalsa\/"]}]},{"@type":"BreadcrumbList","@id":"https:\/\/ntigymnasiet.se\/sundsvall\/var-skola\/elevhalsa\/#breadcrumb","itemListElement":[{"@type":"ListItem","position":1,"name":"Start","item":"https:\/\/ntigymnasiet.se\/sundsvall\/"},{"@type":"ListItem","position":2,"name":"V\u00e5r skola","item":"https:\/\/ntigymnasiet.se\/sundsvall\/var-skola\/"},{"@type":"ListItem","position":3,"name":"Elevh\u00e4lsa"}]},{"@type":"WebSite","@id":"https:\/\/ntigymnasiet.se\/sundsvall\/#website","url":"https:\/\/ntigymnasiet.se\/sundsvall\/","name":"Sundsvall","description":"Just another WordPress site","potentialAction":[{"@type":"SearchAction","target":{"@type":"EntryPoint","urlTemplate":"https:\/\/ntigymnasiet.se\/sundsvall\/?s={search_term_string}"},"query-input":"required name=search_term_string"}],"inLanguage":"sv-SE"}]}},"_links":{"self":[{"href":"https:\/\/ntigymnasiet.se\/sundsvall\/wp-json\/wp\/v2\/pages\/195"}],"collection":[{"href":"https:\/\/ntigymnasiet.se\/sundsvall\/wp-json\/wp\/v2\/pages"}],"about":[{"href":"https:\/\/ntigymnasiet.se\/sundsvall\/wp-json\/wp\/v2\/types\/page"}],"author":[{"embeddable":true,"href":"https:\/\/ntigymnasiet.se\/sundsvall\/wp-json\/wp\/v2\/users\/4"}],"replies":[{"embeddable":true,"href":"https:\/\/ntigymnasiet.se\/sundsvall\/wp-json\/wp\/v2\/comments?post=195"}],"version-history":[{"count":10,"href":"https:\/\/ntigymnasiet.se\/sundsvall\/wp-json\/wp\/v2\/pages\/195\/revisions"}],"predecessor-version":[{"id":1360,"href":"https:\/\/ntigymnasiet.se\/sundsvall\/wp-json\/wp\/v2\/pages\/195\/revisions\/1360"}],"up":[{"embeddable":true,"href":"https:\/\/ntigymnasiet.se\/sundsvall\/wp-json\/wp\/v2\/pages\/191"}],"wp:attachment":[{"href":"https:\/\/ntigymnasiet.se\/sundsvall\/wp-json\/wp\/v2\/media?parent=195"}],"curies":[{"name":"wp","href":"https:\/\/api.w.org\/{rel}","templated":true}]}}