{"id":398,"date":"2023-04-25T08:31:13","date_gmt":"2023-04-25T06:31:13","guid":{"rendered":"https:\/\/ntigymnasiet.se\/uppsala\/?page_id=398"},"modified":"2023-11-27T14:48:56","modified_gmt":"2023-11-27T13:48:56","slug":"en-del-av-academedia","status":"publish","type":"page","link":"https:\/\/ntigymnasiet.se\/uppsala\/var-skola\/en-del-av-academedia\/","title":{"rendered":"En del av AcadeMedia"},"content":{"rendered":"\n\t\n\t\n\t\n\n\n\t\n\t\t\n<section  class=\"c-block l-stacked  \" data-color-scheme=\"vit\">\n\t<div class=\"ams-fifty ams-fifty--container ams-fifty--right ams-fifty--top l-container u-pt-fluid-3xl-6xl u-pb-fluid-3xl-6xl\">\n\t\t<div class=\"ams-fifty__content l-stack l-stack-xl is-left@lg\">\n\t\t\t<div class=\"ams-fifty__text l-stack l-stack-lg\">\n\t\t\t\t\t\n\t<h1\n\tclass=\"c-heading u-font-title-1 \"\n\tstyle=\"\">\n\t\t\n\t\t\t\t\tEn del av AcadeMedia\n\t\t\t\t\n\t<\/h1>\n\n\t\t\t\t\t\t\t\t\t<div class=\"text l-stack u-font-body\">\n\t\t\t\t\t\t<p><span data-sheets-value=\"{&quot;1&quot;:2,&quot;2&quot;:&quot;NTI Gymnasiet ing\u00e5r i AcadeMedia \u2013 Sveriges st\u00f6rsta utbildningsf\u00f6retag. Det ger oss den trygghet och stabilitet som beh\u00f6vs f\u00f6r att kunna erbjuda utbildningar av h\u00f6g kvalitet. LBS \u00e4r en friskola och vi kontrolleras och godk\u00e4nns av Skolinspektionen. Det \u00e4r ytterligare en garanti f\u00f6r att vi h\u00e5ller den standard och kvalitet som kr\u00e4vs.\\n\\nH\u00e4r kan du l\u00e4sa mer om AcadeMedia&lt;--(l\u00e4nk).&quot;}\" data-sheets-userformat=\"{&quot;2&quot;:515,&quot;3&quot;:{&quot;1&quot;:0},&quot;4&quot;:{&quot;1&quot;:2,&quot;2&quot;:16777215},&quot;12&quot;:0}\">NTI Gymnasiet ing\u00e5r i AcadeMedia \u2013 Sveriges st\u00f6rsta utbildningsf\u00f6retag. Det ger oss den trygghet och stabilitet som beh\u00f6vs f\u00f6r att kunna erbjuda utbildningar av h\u00f6g kvalitet. NTI Gymnasiet \u00e4r en friskola och vi kontrolleras och godk\u00e4nns av Skolinspektionen. Det \u00e4r ytterligare en garanti f\u00f6r att vi h\u00e5ller den standard och kvalitet som kr\u00e4vs.<br \/>\n<\/span><\/p>\n\n\t\t\t\t\t<\/div>\n\t\t\t\t\t\t\t<\/div>\n\n\t\t\t\t<div class=\"ams-fifty__action u-inline-items\">\n\t\t\t\t\t\t\t\n\n\n<a href=\"https:\/\/academedia.se\/\"\n\t\n\tclass=\"c-btn \"\n\tdata-style=\"rounded\"\n\tdata-size=\"md\"\n\tdata-width=\"full-mobile\"\n\tdata-variant=\"default\"\n\ttarget=\"_blank\">\n\t\t\t<span class=\"label\"> L\u00e4s mer om AcadeMedia<\/span>\n\t\t\t<\/a>\n\t\t\t<\/div>\n\t\t<\/div>\n\n\t\t <div class=\"ams-fifty__media u-ratio-square\">\n\t\t \t\t\t\t\t<img decoding=\"async\" width=\"600\" height=\"600\" src=\"https:\/\/ntigymnasiet.se\/wp-content\/uploads\/sites\/22\/2023\/04\/nti-en-del-av-academedia-4-utbildningsgaranti-202204-600x600.png\" class=\"attachment-md size-md\" alt=\"En l\u00e4rare pratar med en elev som sitter framf\u00f6r en sk\u00e4rm.\" sizes=\"(min-width: 64em) 600px, calc(100vw - 160px)\" srcset=\"https:\/\/ntigymnasiet.se\/wp-content\/uploads\/sites\/22\/2023\/04\/nti-en-del-av-academedia-4-utbildningsgaranti-202204-600x600.png 600w, https:\/\/ntigymnasiet.se\/wp-content\/uploads\/sites\/22\/2023\/04\/nti-en-del-av-academedia-4-utbildningsgaranti-202204-150x150.png 150w, https:\/\/ntigymnasiet.se\/wp-content\/uploads\/sites\/22\/2023\/04\/nti-en-del-av-academedia-4-utbildningsgaranti-202204-300x300.png 300w, https:\/\/ntigymnasiet.se\/wp-content\/uploads\/sites\/22\/2023\/04\/nti-en-del-av-academedia-4-utbildningsgaranti-202204-400x400.png 400w, https:\/\/ntigymnasiet.se\/wp-content\/uploads\/sites\/22\/2023\/04\/nti-en-del-av-academedia-4-utbildningsgaranti-202204.png 700w\" \/>\n\t\t\t\n\t\t\t\n\t\t\t\t\t<\/div>\n\t<\/div>\n\n\t\t\n\n<\/section>\n\n\n\n\n<section  class=\"ams-info-card c-block l-stacked\" data-color-scheme=\"nyans2_av_p2-hover-standard\">\n\t<div class=\"l-container l-stack l-stack-fluid-2xl u-pt-fluid-3xl-6xl u-pb-fluid-3xl-6xl is-center is-center@md\">\n\t\t\t\t\t<div class=\"ams-info-card__intro l-stack l-stack-lg\">\n\t\t\t\t\t\n\t<h2\n\tclass=\"c-heading u-font-title-1 \"\n\tstyle=\"\">\n\t\t\n\t\t\t\t\tMer om v\u00e5rt kvalitetsarbete\n\t\t\t\t\n\t<\/h2>\n\n\t\t\t\t\t\t\t<\/div>\n\t\t\n\t\t\t\t\t\n<ul class=\"ams-info-card__list l-grid u-gap-2xl\">\n\t\t\t<li class=\"l-col-6@md l-col-4@lg\">\n\t\t\t<article\n\t\t\t\tclass=\"\n\t\t\t\tc-card\n\t\t\t\t\n\t\t\t\thas-media-zoom\n\t\t\t\t\n\t\t\t\t\"\n\t\t\t\tdata-variant=\"space\"\n\t\t\t\tdata-style=\"square\"\n\t\t\t\t data-click-area\n\t\t\t\t\n\t\t\t\t\n\t\t\t\t>\n\t\t\t\t<div class=\"c-card__content l-stack l-stack-sm is-left is-left@md\">\n\t\t\t\t\t\t\t\t\t\t\t<h3 class=\"c-card__title u-font-title-3\">\n\t\t\t\t\t\t\t\t\t\t\t\t\t\t\t<a class=\"c-card__link\" href=\"https:\/\/ntigymnasiet.se\/uppsala\/kvalitet\/\" target=\"_self\">\n\t\t\t\t\t\t\t\t\tV\u00e5rt kvalitetsarbete\n\t\t\t\t\t\t\t\t<\/a>\n\t\t\t\t\t\t\t\t\t\t\t\t\t<\/h3>\n\t\t\t\t\t\n\t\t\t\t\t\t\t\t\t\t\t<div class=\"c-card__text l-stack-xs u-font-body\">\n\t\t\t\t\t\t\t<p>L\u00e4s mer om hur vi bedriver ett l\u00e5ngsiktigt och systematiskt kvalitetsarbete.<\/p>\n\n\t\t\t\t\t\t<\/div>\n\t\t\t\t\t\n\t\t\t\t\t\t\t\t\t\t\t<div class=\"c-card__icon c-card__icon--nl\">\n\t\t\t\t\t\t\t\t\t\t\t\t\t\t<svg class=\"ams-icon ams-icon--arrow-right\" width=\"32\" height=\"32\" viewbox=\"0 0 32 32\" fill=\"currentColor\" aria-hidden=\"true\" xmlns=\"http:\/\/www.w3.org\/2000\/svg\">\n\t\t\t\t\t\t\t\t\t\t\t\t\t\t\t\t<path d=\"M15.4617 0.252159L14.9567 0.75931C14.6219 1.09545 14.6219 1.64048 14.9567 1.97669L27.7062 14.7806H0.857144C0.383786 14.7806 0 15.166 0 15.6414V16.3587C0 16.8341 0.383786 17.2195 0.857144 17.2195H27.7062L14.9567 30.0234C14.6219 30.3595 14.6219 30.9045 14.9567 31.2407L15.4617 31.7479C15.7964 32.084 16.3392 32.084 16.6739 31.7479L31.749 16.6087C32.0837 16.2725 32.0837 15.7275 31.749 15.3913L16.6739 0.252159C16.3392 -0.084053 15.7964 -0.084053 15.4617 0.252159Z\"\/>\n\t\t\t\t\t\t\t\n\t\t\t\t\t\t\t<\/svg>\n\t\t\t\t\t\t<\/div>\n\t\t\t\t\t\t\t\t\t<\/div>\n\n\t\t\t\t\t\t\t\t\t<div class=\"c-card__media \" style=\" \">\n\t\t\t\t\t\t<img decoding=\"async\" width=\"400\" height=\"225\" src=\"https:\/\/ntigymnasiet.se\/wp-content\/uploads\/sites\/22\/2023\/04\/nti-en-del-av-academedia-3-202204-400x225.jpg\" class=\"\" alt=\"En l\u00e4rare och en elev sitter vid en stor datorsk\u00e4rm, l\u00e4rare visar p\u00e5 sk\u00e4rmen.\" sizes=\"(min-width: 64em) 300px, (min-width: 48em) calc(.50 * (100vw - 304px)), calc(100vw - 208px)\" srcset=\"https:\/\/ntigymnasiet.se\/wp-content\/uploads\/sites\/22\/2023\/04\/nti-en-del-av-academedia-3-202204-400x225.jpg 400w, https:\/\/ntigymnasiet.se\/wp-content\/uploads\/sites\/22\/2023\/04\/nti-en-del-av-academedia-3-202204-300x169.jpg 300w, https:\/\/ntigymnasiet.se\/wp-content\/uploads\/sites\/22\/2023\/04\/nti-en-del-av-academedia-3-202204-600x338.jpg 600w, https:\/\/ntigymnasiet.se\/wp-content\/uploads\/sites\/22\/2023\/04\/nti-en-del-av-academedia-3-202204-800x450.jpg 800w, https:\/\/ntigymnasiet.se\/wp-content\/uploads\/sites\/22\/2023\/04\/nti-en-del-av-academedia-3-202204-1024x576.jpg 1024w, https:\/\/ntigymnasiet.se\/wp-content\/uploads\/sites\/22\/2023\/04\/nti-en-del-av-academedia-3-202204-1200x675.jpg 1200w, https:\/\/ntigymnasiet.se\/wp-content\/uploads\/sites\/22\/2023\/04\/nti-en-del-av-academedia-3-202204.jpg 1920w\" \/>\n\t\t\t\t\t<\/div>\n\t\t\t\t\t\t\t<\/article>\n\t\t<\/li>\n\t\t\t<li class=\"l-col-6@md l-col-4@lg\">\n\t\t\t<article\n\t\t\t\tclass=\"\n\t\t\t\tc-card\n\t\t\t\t\n\t\t\t\thas-media-zoom\n\t\t\t\t\n\t\t\t\t\"\n\t\t\t\tdata-variant=\"space\"\n\t\t\t\tdata-style=\"square\"\n\t\t\t\t data-click-area\n\t\t\t\t\n\t\t\t\t\n\t\t\t\t>\n\t\t\t\t<div class=\"c-card__content l-stack l-stack-sm is-left is-left@md\">\n\t\t\t\t\t\t\t\t\t\t\t<h3 class=\"c-card__title u-font-title-3\">\n\t\t\t\t\t\t\t\t\t\t\t\t\t\t\t<a class=\"c-card__link\" href=\"https:\/\/ntigymnasiet.se\/uppsala\/kvalitet\/kvalitetsresultat\/\" target=\"_self\">\n\t\t\t\t\t\t\t\t\tV\u00e5ra kvalitetsresultat\n\t\t\t\t\t\t\t\t<\/a>\n\t\t\t\t\t\t\t\t\t\t\t\t\t<\/h3>\n\t\t\t\t\t\n\t\t\t\t\t\t\t\t\t\t\t<div class=\"c-card__text l-stack-xs u-font-body\">\n\t\t\t\t\t\t\t<p>Se kvalitetsrapporter f\u00f6r alla NTI Gymnasiets skolor.<\/p>\n\n\t\t\t\t\t\t<\/div>\n\t\t\t\t\t\n\t\t\t\t\t\t\t\t\t\t\t<div class=\"c-card__icon c-card__icon--nl\">\n\t\t\t\t\t\t\t\t\t\t\t\t\t\t<svg class=\"ams-icon ams-icon--arrow-right\" width=\"32\" height=\"32\" viewbox=\"0 0 32 32\" fill=\"currentColor\" aria-hidden=\"true\" xmlns=\"http:\/\/www.w3.org\/2000\/svg\">\n\t\t\t\t\t\t\t\t\t\t\t\t\t\t\t\t<path d=\"M15.4617 0.252159L14.9567 0.75931C14.6219 1.09545 14.6219 1.64048 14.9567 1.97669L27.7062 14.7806H0.857144C0.383786 14.7806 0 15.166 0 15.6414V16.3587C0 16.8341 0.383786 17.2195 0.857144 17.2195H27.7062L14.9567 30.0234C14.6219 30.3595 14.6219 30.9045 14.9567 31.2407L15.4617 31.7479C15.7964 32.084 16.3392 32.084 16.6739 31.7479L31.749 16.6087C32.0837 16.2725 32.0837 15.7275 31.749 15.3913L16.6739 0.252159C16.3392 -0.084053 15.7964 -0.084053 15.4617 0.252159Z\"\/>\n\t\t\t\t\t\t\t\n\t\t\t\t\t\t\t<\/svg>\n\t\t\t\t\t\t<\/div>\n\t\t\t\t\t\t\t\t\t<\/div>\n\n\t\t\t\t\t\t\t\t\t<div class=\"c-card__media \" style=\" \">\n\t\t\t\t\t\t<img decoding=\"async\" width=\"400\" height=\"146\" src=\"https:\/\/ntigymnasiet.se\/wp-content\/uploads\/sites\/22\/2023\/04\/nti-en-del-av-academedia-1-202204-e1746694258962-400x146.jpg\" class=\"\" alt=\"En grupp elever p\u00e5 NTI Gymnasiet st\u00e5r och pratar i korridoren.\" sizes=\"(min-width: 64em) 300px, (min-width: 48em) calc(.50 * (100vw - 304px)), calc(100vw - 208px)\" srcset=\"https:\/\/ntigymnasiet.se\/wp-content\/uploads\/sites\/22\/2023\/04\/nti-en-del-av-academedia-1-202204-e1746694258962-400x146.jpg 400w, https:\/\/ntigymnasiet.se\/wp-content\/uploads\/sites\/22\/2023\/04\/nti-en-del-av-academedia-1-202204-e1746694258962-300x109.jpg 300w, https:\/\/ntigymnasiet.se\/wp-content\/uploads\/sites\/22\/2023\/04\/nti-en-del-av-academedia-1-202204-e1746694258962-600x219.jpg 600w, https:\/\/ntigymnasiet.se\/wp-content\/uploads\/sites\/22\/2023\/04\/nti-en-del-av-academedia-1-202204-e1746694258962-800x292.jpg 800w, https:\/\/ntigymnasiet.se\/wp-content\/uploads\/sites\/22\/2023\/04\/nti-en-del-av-academedia-1-202204-e1746694258962-1024x373.jpg 1024w, https:\/\/ntigymnasiet.se\/wp-content\/uploads\/sites\/22\/2023\/04\/nti-en-del-av-academedia-1-202204-e1746694258962-1200x438.jpg 1200w, https:\/\/ntigymnasiet.se\/wp-content\/uploads\/sites\/22\/2023\/04\/nti-en-del-av-academedia-1-202204-e1746694258962.jpg 1920w\" \/>\n\t\t\t\t\t<\/div>\n\t\t\t\t\t\t\t<\/article>\n\t\t<\/li>\n\t\t\t<li class=\"l-col-6@md l-col-4@lg\">\n\t\t\t<article\n\t\t\t\tclass=\"\n\t\t\t\tc-card\n\t\t\t\t\n\t\t\t\thas-media-zoom\n\t\t\t\t\n\t\t\t\t\"\n\t\t\t\tdata-variant=\"space\"\n\t\t\t\tdata-style=\"square\"\n\t\t\t\t data-click-area\n\t\t\t\t\n\t\t\t\t\n\t\t\t\t>\n\t\t\t\t<div class=\"c-card__content l-stack l-stack-sm is-left is-left@md\">\n\t\t\t\t\t\t\t\t\t\t\t<h3 class=\"c-card__title u-font-title-3\">\n\t\t\t\t\t\t\t\t\t\t\t\t\t\t\t<a class=\"c-card__link\" href=\"https:\/\/ntigymnasiet.se\/uppsala\/kvalitet\/synpunkter-pa-verksamheten\/\" target=\"_self\">\n\t\t\t\t\t\t\t\t\tL\u00e4mna synpunkter\n\t\t\t\t\t\t\t\t<\/a>\n\t\t\t\t\t\t\t\t\t\t\t\t\t<\/h3>\n\t\t\t\t\t\n\t\t\t\t\t\t\t\t\t\t\t<div class=\"c-card__text l-stack-xs u-font-body\">\n\t\t\t\t\t\t\t<p>F\u00e5 information om hur du l\u00e4mnar synpunkter och hur vi hanterar dem.<\/p>\n\n\t\t\t\t\t\t<\/div>\n\t\t\t\t\t\n\t\t\t\t\t\t\t\t\t\t\t<div class=\"c-card__icon c-card__icon--nl\">\n\t\t\t\t\t\t\t\t\t\t\t\t\t\t<svg class=\"ams-icon ams-icon--arrow-right\" width=\"32\" height=\"32\" viewbox=\"0 0 32 32\" fill=\"currentColor\" aria-hidden=\"true\" xmlns=\"http:\/\/www.w3.org\/2000\/svg\">\n\t\t\t\t\t\t\t\t\t\t\t\t\t\t\t\t<path d=\"M15.4617 0.252159L14.9567 0.75931C14.6219 1.09545 14.6219 1.64048 14.9567 1.97669L27.7062 14.7806H0.857144C0.383786 14.7806 0 15.166 0 15.6414V16.3587C0 16.8341 0.383786 17.2195 0.857144 17.2195H27.7062L14.9567 30.0234C14.6219 30.3595 14.6219 30.9045 14.9567 31.2407L15.4617 31.7479C15.7964 32.084 16.3392 32.084 16.6739 31.7479L31.749 16.6087C32.0837 16.2725 32.0837 15.7275 31.749 15.3913L16.6739 0.252159C16.3392 -0.084053 15.7964 -0.084053 15.4617 0.252159Z\"\/>\n\t\t\t\t\t\t\t\n\t\t\t\t\t\t\t<\/svg>\n\t\t\t\t\t\t<\/div>\n\t\t\t\t\t\t\t\t\t<\/div>\n\n\t\t\t\t\t\t\t\t\t<div class=\"c-card__media \" style=\" \">\n\t\t\t\t\t\t<img decoding=\"async\" width=\"400\" height=\"225\" src=\"https:\/\/ntigymnasiet.se\/wp-content\/uploads\/sites\/22\/2023\/04\/nti-kvalitetsarbete-gymnasiet-202204-400x225.jpg\" class=\"\" alt=\"Flera elever sitter i klassrummet. N\u00e4rmst kameran sitter en kille och en tjej vid sina datorer och pratar under en lektion.\" sizes=\"(min-width: 64em) 300px, (min-width: 48em) calc(.50 * (100vw - 304px)), calc(100vw - 208px)\" srcset=\"https:\/\/ntigymnasiet.se\/wp-content\/uploads\/sites\/22\/2023\/04\/nti-kvalitetsarbete-gymnasiet-202204-400x225.jpg 400w, https:\/\/ntigymnasiet.se\/wp-content\/uploads\/sites\/22\/2023\/04\/nti-kvalitetsarbete-gymnasiet-202204-300x169.jpg 300w, https:\/\/ntigymnasiet.se\/wp-content\/uploads\/sites\/22\/2023\/04\/nti-kvalitetsarbete-gymnasiet-202204-600x338.jpg 600w, https:\/\/ntigymnasiet.se\/wp-content\/uploads\/sites\/22\/2023\/04\/nti-kvalitetsarbete-gymnasiet-202204-800x450.jpg 800w, https:\/\/ntigymnasiet.se\/wp-content\/uploads\/sites\/22\/2023\/04\/nti-kvalitetsarbete-gymnasiet-202204-1024x576.jpg 1024w, https:\/\/ntigymnasiet.se\/wp-content\/uploads\/sites\/22\/2023\/04\/nti-kvalitetsarbete-gymnasiet-202204-1200x675.jpg 1200w, https:\/\/ntigymnasiet.se\/wp-content\/uploads\/sites\/22\/2023\/04\/nti-kvalitetsarbete-gymnasiet-202204.jpg 1920w\" \/>\n\t\t\t\t\t<\/div>\n\t\t\t\t\t\t\t<\/article>\n\t\t<\/li>\n\t<\/ul>\n\t\n\t\t\t<\/div>\n\n\t\t\n\n<\/section>\n","protected":false},"excerpt":{"rendered":"","protected":false},"author":5,"featured_media":0,"parent":191,"menu_order":0,"comment_status":"closed","ping_status":"closed","template":"","meta":{"footnotes":""},"yoast_head":"<!-- This site is optimized with the Yoast SEO plugin v22.0 - https:\/\/yoast.com\/wordpress\/plugins\/seo\/ -->\n<title>En del av AcadeMedia - NTI Gymnasiet Uppsala<\/title>\n<meta name=\"description\" content=\"NTI Gymnasiet ing\u00e5r i AcadeMedia \u2013 Sveriges st\u00f6rsta utbildningsf\u00f6retag. Det ger trygghet och stabilitet. V\u00e4lkommen till NTI Gymnasiet Uppsala\" \/>\n<meta name=\"robots\" content=\"index, follow, max-snippet:-1, max-image-preview:large, max-video-preview:-1\" \/>\n<link rel=\"canonical\" href=\"https:\/\/ntigymnasiet.se\/om-nti\/en-del-av-academedia\/\" \/>\n<meta property=\"og:locale\" content=\"sv_SE\" \/>\n<meta property=\"og:type\" content=\"article\" \/>\n<meta property=\"og:title\" content=\"En del av AcadeMedia - NTI Gymnasiet Uppsala\" \/>\n<meta property=\"og:description\" content=\"NTI Gymnasiet ing\u00e5r i AcadeMedia \u2013 Sveriges st\u00f6rsta utbildningsf\u00f6retag. Det ger trygghet och stabilitet. V\u00e4lkommen till NTI Gymnasiet Uppsala\" \/>\n<meta property=\"og:url\" content=\"https:\/\/ntigymnasiet.se\/om-nti\/en-del-av-academedia\/\" \/>\n<meta property=\"og:site_name\" content=\"Uppsala\" \/>\n<meta property=\"article:modified_time\" content=\"2023-11-27T13:48:56+00:00\" \/>\n<meta name=\"twitter:card\" content=\"summary_large_image\" \/>\n<meta name=\"twitter:title\" content=\"En del av AcadeMedia - NTI Gymnasiet Uppsala\" \/>\n<meta name=\"twitter:description\" content=\"NTI Gymnasiet ing\u00e5r i AcadeMedia \u2013 Sveriges st\u00f6rsta utbildningsf\u00f6retag. Det ger trygghet och stabilitet. V\u00e4lkommen till NTI Gymnasiet Uppsala\" \/>\n<script type=\"application\/ld+json\" class=\"yoast-schema-graph\">{\"@context\":\"https:\/\/schema.org\",\"@graph\":[{\"@type\":\"WebPage\",\"@id\":\"https:\/\/ntigymnasiet.se\/uppsala\/var-skola\/en-del-av-academedia\/\",\"url\":\"https:\/\/ntigymnasiet.se\/om-nti\/en-del-av-academedia\/\",\"name\":\"En del av AcadeMedia - NTI Gymnasiet Uppsala\",\"isPartOf\":{\"@id\":\"https:\/\/ntigymnasiet.se\/uppsala\/#website\"},\"datePublished\":\"2023-04-25T06:31:13+00:00\",\"dateModified\":\"2023-11-27T13:48:56+00:00\",\"description\":\"NTI Gymnasiet ing\u00e5r i AcadeMedia \u2013 Sveriges st\u00f6rsta utbildningsf\u00f6retag. Det ger trygghet och stabilitet. V\u00e4lkommen till NTI Gymnasiet Uppsala\",\"breadcrumb\":{\"@id\":\"https:\/\/ntigymnasiet.se\/om-nti\/en-del-av-academedia\/#breadcrumb\"},\"inLanguage\":\"sv-SE\",\"potentialAction\":[{\"@type\":\"ReadAction\",\"target\":[\"https:\/\/ntigymnasiet.se\/om-nti\/en-del-av-academedia\/\"]}]},{\"@type\":\"BreadcrumbList\",\"@id\":\"https:\/\/ntigymnasiet.se\/om-nti\/en-del-av-academedia\/#breadcrumb\",\"itemListElement\":[{\"@type\":\"ListItem\",\"position\":1,\"name\":\"Start\",\"item\":\"https:\/\/ntigymnasiet.se\/uppsala\/\"},{\"@type\":\"ListItem\",\"position\":2,\"name\":\"V\u00e5r skola\",\"item\":\"https:\/\/ntigymnasiet.se\/uppsala\/var-skola\/\"},{\"@type\":\"ListItem\",\"position\":3,\"name\":\"En del av AcadeMedia\"}]},{\"@type\":\"WebSite\",\"@id\":\"https:\/\/ntigymnasiet.se\/uppsala\/#website\",\"url\":\"https:\/\/ntigymnasiet.se\/uppsala\/\",\"name\":\"Uppsala\",\"description\":\"Just another WordPress site\",\"potentialAction\":[{\"@type\":\"SearchAction\",\"target\":{\"@type\":\"EntryPoint\",\"urlTemplate\":\"https:\/\/ntigymnasiet.se\/uppsala\/?s={search_term_string}\"},\"query-input\":\"required name=search_term_string\"}],\"inLanguage\":\"sv-SE\"}]}<\/script>\n<!-- \/ Yoast SEO plugin. -->","yoast_head_json":{"title":"En del av AcadeMedia - NTI Gymnasiet Uppsala","description":"NTI Gymnasiet ing\u00e5r i AcadeMedia \u2013 Sveriges st\u00f6rsta utbildningsf\u00f6retag. Det ger trygghet och stabilitet. V\u00e4lkommen till NTI Gymnasiet Uppsala","robots":{"index":"index","follow":"follow","max-snippet":"max-snippet:-1","max-image-preview":"max-image-preview:large","max-video-preview":"max-video-preview:-1"},"canonical":"https:\/\/ntigymnasiet.se\/om-nti\/en-del-av-academedia\/","og_locale":"sv_SE","og_type":"article","og_title":"En del av AcadeMedia - NTI Gymnasiet Uppsala","og_description":"NTI Gymnasiet ing\u00e5r i AcadeMedia \u2013 Sveriges st\u00f6rsta utbildningsf\u00f6retag. Det ger trygghet och stabilitet. V\u00e4lkommen till NTI Gymnasiet Uppsala","og_url":"https:\/\/ntigymnasiet.se\/om-nti\/en-del-av-academedia\/","og_site_name":"Uppsala","article_modified_time":"2023-11-27T13:48:56+00:00","twitter_card":"summary_large_image","twitter_title":"En del av AcadeMedia - NTI Gymnasiet Uppsala","twitter_description":"NTI Gymnasiet ing\u00e5r i AcadeMedia \u2013 Sveriges st\u00f6rsta utbildningsf\u00f6retag. Det ger trygghet och stabilitet. V\u00e4lkommen till NTI Gymnasiet Uppsala","schema":{"@context":"https:\/\/schema.org","@graph":[{"@type":"WebPage","@id":"https:\/\/ntigymnasiet.se\/uppsala\/var-skola\/en-del-av-academedia\/","url":"https:\/\/ntigymnasiet.se\/om-nti\/en-del-av-academedia\/","name":"En del av AcadeMedia - NTI Gymnasiet Uppsala","isPartOf":{"@id":"https:\/\/ntigymnasiet.se\/uppsala\/#website"},"datePublished":"2023-04-25T06:31:13+00:00","dateModified":"2023-11-27T13:48:56+00:00","description":"NTI Gymnasiet ing\u00e5r i AcadeMedia \u2013 Sveriges st\u00f6rsta utbildningsf\u00f6retag. Det ger trygghet och stabilitet. V\u00e4lkommen till NTI Gymnasiet Uppsala","breadcrumb":{"@id":"https:\/\/ntigymnasiet.se\/om-nti\/en-del-av-academedia\/#breadcrumb"},"inLanguage":"sv-SE","potentialAction":[{"@type":"ReadAction","target":["https:\/\/ntigymnasiet.se\/om-nti\/en-del-av-academedia\/"]}]},{"@type":"BreadcrumbList","@id":"https:\/\/ntigymnasiet.se\/om-nti\/en-del-av-academedia\/#breadcrumb","itemListElement":[{"@type":"ListItem","position":1,"name":"Start","item":"https:\/\/ntigymnasiet.se\/uppsala\/"},{"@type":"ListItem","position":2,"name":"V\u00e5r skola","item":"https:\/\/ntigymnasiet.se\/uppsala\/var-skola\/"},{"@type":"ListItem","position":3,"name":"En del av AcadeMedia"}]},{"@type":"WebSite","@id":"https:\/\/ntigymnasiet.se\/uppsala\/#website","url":"https:\/\/ntigymnasiet.se\/uppsala\/","name":"Uppsala","description":"Just another WordPress site","potentialAction":[{"@type":"SearchAction","target":{"@type":"EntryPoint","urlTemplate":"https:\/\/ntigymnasiet.se\/uppsala\/?s={search_term_string}"},"query-input":"required name=search_term_string"}],"inLanguage":"sv-SE"}]}},"_links":{"self":[{"href":"https:\/\/ntigymnasiet.se\/uppsala\/wp-json\/wp\/v2\/pages\/398"}],"collection":[{"href":"https:\/\/ntigymnasiet.se\/uppsala\/wp-json\/wp\/v2\/pages"}],"about":[{"href":"https:\/\/ntigymnasiet.se\/uppsala\/wp-json\/wp\/v2\/types\/page"}],"author":[{"embeddable":true,"href":"https:\/\/ntigymnasiet.se\/uppsala\/wp-json\/wp\/v2\/users\/5"}],"replies":[{"embeddable":true,"href":"https:\/\/ntigymnasiet.se\/uppsala\/wp-json\/wp\/v2\/comments?post=398"}],"version-history":[{"count":4,"href":"https:\/\/ntigymnasiet.se\/uppsala\/wp-json\/wp\/v2\/pages\/398\/revisions"}],"predecessor-version":[{"id":627,"href":"https:\/\/ntigymnasiet.se\/uppsala\/wp-json\/wp\/v2\/pages\/398\/revisions\/627"}],"up":[{"embeddable":true,"href":"https:\/\/ntigymnasiet.se\/uppsala\/wp-json\/wp\/v2\/pages\/191"}],"wp:attachment":[{"href":"https:\/\/ntigymnasiet.se\/uppsala\/wp-json\/wp\/v2\/media?parent=398"}],"curies":[{"name":"wp","href":"https:\/\/api.w.org\/{rel}","templated":true}]}}