{"id":199,"date":"2023-03-31T16:52:25","date_gmt":"2023-03-31T14:52:25","guid":{"rendered":"https:\/\/ntigymnasiet.se\/vasteras\/?page_id=199"},"modified":"2025-04-16T10:24:11","modified_gmt":"2025-04-16T08:24:11","slug":"rektorn-har-ordet","status":"publish","type":"page","link":"https:\/\/ntigymnasiet.se\/vasteras\/var-skola\/rektorn-har-ordet\/","title":{"rendered":"Rektorn har ordet"},"content":{"rendered":"\n\t\n\t\n\t\n\n\t\n\t\n\t\t\n<section  class=\"c-block l-stacked  \" data-color-scheme=\"vit\">\n\t<div class=\"ams-fifty ams-fifty--container ams-fifty--right ams-fifty--bottom l-container u-pt-fluid-3xl-6xl u-pb-fluid-3xl-6xl\">\n\t\t<div class=\"ams-fifty__content l-stack l-stack-xl is-center is-left@lg\">\n\t\t\t<div class=\"ams-fifty__text l-stack l-stack-lg\">\n\t\t\t\t\t\n\t<h1\n\tclass=\"c-heading u-font-title-1 \"\n\tstyle=\"\">\n\t\t\n\t\t\t\t\t\t\t\t\tRektorn har ordet\n\t\t\t\t<span class=\"c-heading__sub is-below u-font-title-3\">\n\t\t\t\t\tAnders Tegerhult\n\t\t\t\t<\/span>\n\t\t\t\t\t\t\t\n\t<\/h1>\n\n\t\t\t\t\t\t\t\t\t<div class=\"text l-stack u-font-body\">\n\t\t\t\t\t\t<p class=\"x_MsoNormal\"><b><i>H\u00f6sten 2025 markerar \u00f6ver 20 \u00e5r av l\u00e4rande i Mimerkvarteren i V\u00e4ster\u00e5s.<\/i><\/b><i><br \/>\nSedan starten 2003 har vi utvecklats i takt med den tekniska utvecklingen \u2013 och ofta legat steget f\u00f6re. Mycket har f\u00f6r\u00e4ndrats under dessa \u00e5r, men v\u00e5r ambition har varit densamma: att ge v\u00e5ra elever r\u00e4tt verktyg och kunskaper f\u00f6r att m\u00f6ta framtiden.<\/i><\/p>\n<p class=\"x_MsoNormal\"><i style=\"font-family: -apple-system, BlinkMacSystemFont, 'Segoe UI', Roboto, 'Helvetica Neue', Arial, 'Noto Sans', 'Liberation Sans', sans-serif, 'Apple Color Emoji', 'Segoe UI Emoji', 'Segoe UI Symbol', 'Noto Color Emoji'; font-size: 1rem;\">Teknik och IT \u00e4r en sj\u00e4lvklar del av v\u00e5r undervisning. Med moderna digitala verktyg och ett pedagogiskt arbetss\u00e4tt anpassat till samtiden skapar vi en inspirerande, relevant och framtidsinriktad skolmilj\u00f6 \u2013 d\u00e4r varje elev f\u00e5r m\u00f6jlighet att v\u00e4xa och utvecklas.<\/i><\/p>\n<p class=\"x_MsoNormal\"><i>Som en skola certifierad av Teknikcollege samarbetar vi n\u00e4ra med n\u00e4ringslivet i V\u00e4ster\u00e5s, vilket ger v\u00e5ra elever en utbildning med stark koppling till verkligheten och goda m\u00f6jligheter inf\u00f6r framtida yrkesliv eller vidare studier.<\/i><\/p>\n<p class=\"x_MsoNormal\"><i>\u00a0<\/i><\/p>\n\n\t\t\t\t\t<\/div>\n\t\t\t\t\t\t\t<\/div>\n\n\t\t\t\t\t<\/div>\n\n\t\t <div class=\"ams-fifty__media u-ratio-square\">\n\t\t \t\t\t\t\t<img decoding=\"async\" width=\"600\" height=\"638\" src=\"https:\/\/ntigymnasiet.se\/wp-content\/uploads\/sites\/23\/2025\/04\/anders.jpg\" class=\"attachment-md size-md\" alt=\"Anders tegerhult.\" sizes=\"(min-width: 64em) 600px, calc(100vw - 160px)\" srcset=\"https:\/\/ntigymnasiet.se\/wp-content\/uploads\/sites\/23\/2025\/04\/anders.jpg 600w, https:\/\/ntigymnasiet.se\/wp-content\/uploads\/sites\/23\/2025\/04\/anders-300x319.jpg 300w, https:\/\/ntigymnasiet.se\/wp-content\/uploads\/sites\/23\/2025\/04\/anders-400x425.jpg 400w\" \/>\n\t\t\t\n\t\t\t\n\t\t\t\t\t<\/div>\n\t<\/div>\n\n\t\t\n\n<\/section>\n\n\n\n\n<section  class=\"ams-quote c-block l-stacked\" data-color-scheme=\"vit-2-pa-mork-bakgrund\">\n\t<div class=\"l-container l-stack l-stack-fluid-2xl u-pt-fluid-3xl-6xl u-pb-fluid-3xl-6xl is-center is-center@md\">\n\t\t\n\t\t\t\t\t<ul class=\"ams-quote__list l-grid u-gap-fluid-2xl-4xl u-justify-center\"\n\taria-label=\"Citat\">\n\t\t\t<li class=\"l-col-12@md\">\n\t\t\t<article class=\"c-card\" data-variant=\"neutral\" >\n\t\t\t\t<div class=\"c-card__content l-stack u-text-center\">\n\t\t\t\t\t\t\t\t\t\t\t<blockquote class=\"c-card__title u-font-title-1\">\n\t\t\t\t\t\t\t\t\t\t\t\t\t\t\t<p class=\"u-quote-marks\">Mycket har f\u00f6r\u00e4ndrats under dessa \u00e5r, men v\u00e5r ambition har varit densamma: att ge v\u00e5ra elever r\u00e4tt verktyg och kunskaper f\u00f6r att m\u00f6ta framtiden.<\/p>\n\t\t\t\t\t\t\t\t\t\t\t\t\t<\/blockquote>\n\t\t\t\t\t\n\t\t\t\t\t\t\t\t\t\t\t<p class=\"c-card__text\">\n\t\t\t\t\t\t\t<span class=\"author u-font-body\">Anders Tegerhult, rektor<\/span>\n\t\t\t\t\t\t\t<span class=\"title u-font-body\">NTI Gymnasiet V\u00e4ster\u00e5s<\/span>\n\t\t\t\t\t\t<\/p>\n\t\t\t\t\t\t\t\t\t<\/div>\n\n\t\t\t\t\t\t\t<\/article>\n\t\t<\/li>\n\t<\/ul>\n\t\n\t\t\t<\/div>\n\n\t\t\n\t\t\t\n\t\t\t\t\t\t\t\n\t\t\t\t<div class=\"c-bg c-bg--img\" data-settings=\"{&quot;desktop_settings&quot;:{&quot;size&quot;:&quot;cover&quot;,&quot;position&quot;:&quot;middle-center&quot;},&quot;mobile_settings&quot;:{&quot;size&quot;:&quot;cover&quot;,&quot;position&quot;:&quot;middle-center&quot;}}\" data-position=\"middle-center\" data-size=\"cover\">\n\t\t\t<img decoding=\"async\" width=\"1920\" height=\"1080\" src=\"https:\/\/ntigymnasiet.se\/wp-content\/uploads\/sites\/23\/2023\/05\/ntitechbgsvagacirklar3-15.jpg\" class=\"attachment-hero-lg size-hero-lg\" alt=\"Lila bakgrund.\" sizes=\"(max-width: 1920px) 100vw, 1920px\" srcset=\"https:\/\/ntigymnasiet.se\/wp-content\/uploads\/sites\/23\/2023\/05\/ntitechbgsvagacirklar3-15.jpg 1920w, https:\/\/ntigymnasiet.se\/wp-content\/uploads\/sites\/23\/2023\/05\/ntitechbgsvagacirklar3-15-300x169.jpg 300w, https:\/\/ntigymnasiet.se\/wp-content\/uploads\/sites\/23\/2023\/05\/ntitechbgsvagacirklar3-15-1024x576.jpg 1024w, https:\/\/ntigymnasiet.se\/wp-content\/uploads\/sites\/23\/2023\/05\/ntitechbgsvagacirklar3-15-768x432.jpg 768w, https:\/\/ntigymnasiet.se\/wp-content\/uploads\/sites\/23\/2023\/05\/ntitechbgsvagacirklar3-15-1536x864.jpg 1536w, https:\/\/ntigymnasiet.se\/wp-content\/uploads\/sites\/23\/2023\/05\/ntitechbgsvagacirklar3-15-500x281.jpg 500w, https:\/\/ntigymnasiet.se\/wp-content\/uploads\/sites\/23\/2023\/05\/ntitechbgsvagacirklar3-15-340x191.jpg 340w, https:\/\/ntigymnasiet.se\/wp-content\/uploads\/sites\/23\/2023\/05\/ntitechbgsvagacirklar3-15-1100x620.jpg 1100w, https:\/\/ntigymnasiet.se\/wp-content\/uploads\/sites\/23\/2023\/05\/ntitechbgsvagacirklar3-15-1000x563.jpg 1000w, https:\/\/ntigymnasiet.se\/wp-content\/uploads\/sites\/23\/2023\/05\/ntitechbgsvagacirklar3-15-1200x675.jpg 1200w, https:\/\/ntigymnasiet.se\/wp-content\/uploads\/sites\/23\/2023\/05\/ntitechbgsvagacirklar3-15-600x338.jpg 600w, https:\/\/ntigymnasiet.se\/wp-content\/uploads\/sites\/23\/2023\/05\/ntitechbgsvagacirklar3-15-400x225.jpg 400w\" \/>\n\t\t<\/div>\n\t\n<\/section>\n\n\n\n<section \n\t\t class=\"\n\t\t ams-contact\n\t\t \n\t\t c-block l-stacked\n\t\t \n\t\t \n\t\t js-load-more\n\t\t \"\n\t\t data-color-scheme=\"usp-gra-bakgrund\"\n\t\t\t\t\tdata-count=\"3\"\n\t\t\t\t\t\t\tdata-count-mobile=\"2\"\n\t\t\t\t>\n\t<div\n\t\t class=\"\n\t\t l-container\n\t\t l-stack l-stack-fluid-2xl\n\t\t u-pt-fluid-3xl-6xl\n\t\t u-pb-fluid-3xl-6xl\n\t\t is-center\n\t\t is-center@md\n\t\t \">\n\t\t\t\t\t<div class=\"ams-contact__intro l-stack l-stack-lg\">\n\t\t\t\t\t\n\t<h2\n\tclass=\"c-heading u-font-title-1 \"\n\tstyle=\"\">\n\t\t\n\t\t\t\t\tKontakt\n\t\t\t\t\n\t<\/h2>\n\n\t\t\t\t\t\t\t<\/div>\n\t\t\n\t\t\n\t\t    \t\n\t\t\n\t\t<ul\n\t\t\tid=\"contact-grid-69e7a97d29be2\"\n\t\t\tclass=\"ams-contact__list l-grid u-gap-fluid-2xl-4xl u-justify-center js-results \"\n\t\t\taria-label=\"Kontakter\"\n\t\t\tdata-filter-animation=\"off\"\n\t\t\t>\n\t\t\t\t\t\t\t\t\t\t\t\n\t\t\t\t\n\t\t\t\t<li class=\"l-col-6@md l-col-4@lg \" data-filter=\"ledning\">\n\t\t\t\t\t<article class=\"c-card \" data-variant=\"neutral\">\n\t\t\t\t\t\t<div class=\"c-card__content u-text-center\">\n\t\t\t\t\t\t\t\t\t\t\t\t\t\t\t<h3 class=\"c-card__title u-font-title-3\">\n\t\t\t\t\t\t\t\t\tAnders Tegerhult\n\t\t\t\t\t\t\t\t<\/h3>\n\t\t\t\t\t\t\t\n\t\t\t\t\t\t\t\t\t\t\t\t\t\t\t<p class=\"position u-font-body\">Rektor<\/p>\n\t\t\t\t\t\t\t\n\t\t\t\t\t\t\t\t\t\t\t\t\t\t\t<div class=\"contact-info u-font-body\">\n\t\t\t\t\t\t\t\t\t\t\t\t\t\t\t\t\t\t\t\t\t\t\t\t\t\t\t\t\t\t<p class=\"phone\"><a\n\t\t\t\t\t\t\t\t\t\t\t\t\thref=\"tel:0761459879\"\n\t\t\t\t\t\t\t\t\t\t\t\t\tclass=\"u-text-link\">076-145 98 79<\/a>\n\t\t\t\t\t\t\t\t\t\t\t<\/p>\n\t\t\t\t\t\t\t\t\t\t\t\t\t\t\t\t\t\t\t\n\t\t\t\t\t\t\t\t\t\t\t\t\t\t\t\t\t\t\t\t\t\t\t\t\t\t\t\t\t\t<p class=\"email\"><a\n\t\t\t\t\t\t\t\t\t\t\t\t\thref=\"&#109;ailt&#111;:an&#100;&#101;rs&#046;t&#101;gerhul&#116;&#064;&#110;t&#105;g.&#115;e\"\n\t\t\t\t\t\t\t\t\t\t\t\t\tclass=\"u-text-link\">and&#101;r&#115;.&#116;&#101;ger&#104;ul&#116;&#064;n&#116;ig&#046;se<\/a>\n\t\t\t\t\t\t\t\t\t\t\t<\/p>\n\t\t\t\t\t\t\t\t\t\t\t\t\t\t\t\t\t\t\t\t\t\t\t\t\t\t\t<\/div>\n\t\t\t\t\t\t\t\n\t\t\t\t\t\t\t\t\t\t\t\t\t<\/div>\n\t\t\t\t\t\t<div class=\"c-card__media\">\n\t\t\t\t\t\t\t\t\t\t\t\t\t\t\t\t\t\t\t\t\t\t\t\t\t\t\t\t\t\t\t\t\t\t\t\t\t\t\t\t\t\t\t\t\t\t\t\t\t<img decoding=\"async\" width=\"400\" height=\"425\" src=\"https:\/\/ntigymnasiet.se\/wp-content\/uploads\/sites\/23\/2023\/05\/anders-tegerhult-ny-400x425.jpg\" class=\"u-radius-round u-ratio-landscape  \" alt=\"Rektor Anders Tegerhult.\" sizes=\"(max-width: 300px) 100vw, 300px\" srcset=\"https:\/\/ntigymnasiet.se\/wp-content\/uploads\/sites\/23\/2023\/05\/anders-tegerhult-ny-400x425.jpg 400w, https:\/\/ntigymnasiet.se\/wp-content\/uploads\/sites\/23\/2023\/05\/anders-tegerhult-ny-300x319.jpg 300w, https:\/\/ntigymnasiet.se\/wp-content\/uploads\/sites\/23\/2023\/05\/anders-tegerhult-ny-600x638.jpg 600w, https:\/\/ntigymnasiet.se\/wp-content\/uploads\/sites\/23\/2023\/05\/anders-tegerhult-ny-800x851.jpg 800w, https:\/\/ntigymnasiet.se\/wp-content\/uploads\/sites\/23\/2023\/05\/anders-tegerhult-ny-1024x1089.jpg 1024w, https:\/\/ntigymnasiet.se\/wp-content\/uploads\/sites\/23\/2023\/05\/anders-tegerhult-ny-1200x1276.jpg 1200w, https:\/\/ntigymnasiet.se\/wp-content\/uploads\/sites\/23\/2023\/05\/anders-tegerhult-ny.jpg 1851w\" \/>\n\t\t\t\t\t\t<\/div>\n\t\t\t\t\t<\/article>\n\t\t\t\t<\/li>\n\t\t\t\t\t<\/ul>\n\n\t\t\n\t\t    <div class=\"ams-contact__more u-inline-items js-load-more-btn\">\n        <button href=\"#\"\n                class=\"c-btn\"\n                data-style=\"rounded\"\n                data-size=\"md\"\n                data-width=\"full-mobile\"\n                data-variant=\"outline\">\n        \tVisa mer\n        <\/button>\n    <\/div>\n\n\t\t\t<\/div>\n\n\t\t\n\n<\/section>\n\n\n\n\n<section  class=\"ams-cta ams-cta--stacked c-block l-stacked\" data-color-scheme=\"vit\">\n\t<div class=\"l-container-narrow l-stack l-stack-fluid-2xl u-pt-fluid-3xl-6xl u-pb-fluid-3xl-6xl is-center is-center@md\">\n\t\t\t\t\t<div class=\"ams-cta__intro l-stack l-stack-lg\">\n\t\t\t\t\t\n\t<h2\n\tclass=\"c-heading u-font-title-1 \"\n\tstyle=\"\">\n\t\t\n\t\t\t\t\tVill du veta mer om oss?\n\t\t\t\t\n\t<\/h2>\n\n\t\t\t\t\t\t\t<\/div>\n\t\t\n\t\t\n\t\t\t<div class=\"ams-cta__action u-inline-items\">\n\t\t\t\t\t\t\t\n\n\n<a href=\"https:\/\/ntigymnasiet.se\/vasteras\/var-skola\/\"\n\t\n\tclass=\"c-btn \"\n\tdata-style=\"rounded\"\n\tdata-size=\"md\"\n\tdata-width=\"full-mobile\"\n\tdata-variant=\"default\"\n\ttarget=\"_self\">\n\t\t\t<span class=\"label\"> L\u00e4s mer om oss<\/span>\n\t\t\t<\/a>\n\t\t\t<\/div>\n\t<\/div>\n\n\t\t\n\n<\/section>\n","protected":false},"excerpt":{"rendered":"","protected":false},"author":4,"featured_media":0,"parent":191,"menu_order":0,"comment_status":"closed","ping_status":"closed","template":"","meta":{"footnotes":""},"yoast_head":"<!-- This site is optimized with the Yoast SEO plugin v22.0 - https:\/\/yoast.com\/wordpress\/plugins\/seo\/ -->\n<title>Rektorn har ordet - NTI Gymnasiet V\u00e4ster\u00e5s<\/title>\n<meta name=\"description\" content=\"Tech och IT en central del av v\u00e5r undervisning och anv\u00e4nds f\u00f6r att f\u00f6rst\u00e4rka och f\u00f6rb\u00e4ttra v\u00e5r pedagogik. V\u00e4lkommen till NTI Gymnasiet!\" \/>\n<meta name=\"robots\" content=\"index, follow, max-snippet:-1, max-image-preview:large, max-video-preview:-1\" \/>\n<link rel=\"canonical\" href=\"https:\/\/ntigymnasiet.se\/vasteras\/var-skola\/rektorn-har-ordet\/\" \/>\n<meta property=\"og:locale\" content=\"sv_SE\" \/>\n<meta property=\"og:type\" content=\"article\" \/>\n<meta property=\"og:title\" content=\"Rektorn har ordet - NTI Gymnasiet V\u00e4ster\u00e5s\" \/>\n<meta property=\"og:description\" content=\"Tech och IT en central del av v\u00e5r undervisning och anv\u00e4nds f\u00f6r att f\u00f6rst\u00e4rka och f\u00f6rb\u00e4ttra v\u00e5r pedagogik. V\u00e4lkommen till NTI Gymnasiet!\" \/>\n<meta property=\"og:url\" content=\"https:\/\/ntigymnasiet.se\/vasteras\/var-skola\/rektorn-har-ordet\/\" \/>\n<meta property=\"og:site_name\" content=\"V\u00e4ster\u00e5s\" \/>\n<meta property=\"article:modified_time\" content=\"2025-04-16T08:24:11+00:00\" \/>\n<meta name=\"twitter:card\" content=\"summary_large_image\" \/>\n<meta name=\"twitter:title\" content=\"Rektorn har ordet - NTI Gymnasiet V\u00e4ster\u00e5s\" \/>\n<meta name=\"twitter:description\" content=\"Tech och IT en central del av v\u00e5r undervisning och anv\u00e4nds f\u00f6r att f\u00f6rst\u00e4rka och f\u00f6rb\u00e4ttra v\u00e5r pedagogik. V\u00e4lkommen till NTI Gymnasiet!\" \/>\n<meta name=\"twitter:label1\" content=\"Est. reading time\" \/>\n\t<meta name=\"twitter:data1\" content=\"2 minuter\" \/>\n<script type=\"application\/ld+json\" class=\"yoast-schema-graph\">{\"@context\":\"https:\/\/schema.org\",\"@graph\":[{\"@type\":\"WebPage\",\"@id\":\"https:\/\/ntigymnasiet.se\/vasteras\/var-skola\/rektorn-har-ordet\/\",\"url\":\"https:\/\/ntigymnasiet.se\/vasteras\/var-skola\/rektorn-har-ordet\/\",\"name\":\"Rektorn har ordet - NTI Gymnasiet V\u00e4ster\u00e5s\",\"isPartOf\":{\"@id\":\"https:\/\/ntigymnasiet.se\/vasteras\/#website\"},\"datePublished\":\"2023-03-31T14:52:25+00:00\",\"dateModified\":\"2025-04-16T08:24:11+00:00\",\"description\":\"Tech och IT en central del av v\u00e5r undervisning och anv\u00e4nds f\u00f6r att f\u00f6rst\u00e4rka och f\u00f6rb\u00e4ttra v\u00e5r pedagogik. V\u00e4lkommen till NTI Gymnasiet!\",\"breadcrumb\":{\"@id\":\"https:\/\/ntigymnasiet.se\/vasteras\/var-skola\/rektorn-har-ordet\/#breadcrumb\"},\"inLanguage\":\"sv-SE\",\"potentialAction\":[{\"@type\":\"ReadAction\",\"target\":[\"https:\/\/ntigymnasiet.se\/vasteras\/var-skola\/rektorn-har-ordet\/\"]}]},{\"@type\":\"BreadcrumbList\",\"@id\":\"https:\/\/ntigymnasiet.se\/vasteras\/var-skola\/rektorn-har-ordet\/#breadcrumb\",\"itemListElement\":[{\"@type\":\"ListItem\",\"position\":1,\"name\":\"Start\",\"item\":\"https:\/\/ntigymnasiet.se\/vasteras\/\"},{\"@type\":\"ListItem\",\"position\":2,\"name\":\"V\u00e5r skola\",\"item\":\"https:\/\/ntigymnasiet.se\/vasteras\/var-skola\/\"},{\"@type\":\"ListItem\",\"position\":3,\"name\":\"Rektorn har ordet\"}]},{\"@type\":\"WebSite\",\"@id\":\"https:\/\/ntigymnasiet.se\/vasteras\/#website\",\"url\":\"https:\/\/ntigymnasiet.se\/vasteras\/\",\"name\":\"V\u00e4ster\u00e5s\",\"description\":\"Just another WordPress site\",\"potentialAction\":[{\"@type\":\"SearchAction\",\"target\":{\"@type\":\"EntryPoint\",\"urlTemplate\":\"https:\/\/ntigymnasiet.se\/vasteras\/?s={search_term_string}\"},\"query-input\":\"required name=search_term_string\"}],\"inLanguage\":\"sv-SE\"}]}<\/script>\n<!-- \/ Yoast SEO plugin. -->","yoast_head_json":{"title":"Rektorn har ordet - NTI Gymnasiet V\u00e4ster\u00e5s","description":"Tech och IT en central del av v\u00e5r undervisning och anv\u00e4nds f\u00f6r att f\u00f6rst\u00e4rka och f\u00f6rb\u00e4ttra v\u00e5r pedagogik. V\u00e4lkommen till NTI Gymnasiet!","robots":{"index":"index","follow":"follow","max-snippet":"max-snippet:-1","max-image-preview":"max-image-preview:large","max-video-preview":"max-video-preview:-1"},"canonical":"https:\/\/ntigymnasiet.se\/vasteras\/var-skola\/rektorn-har-ordet\/","og_locale":"sv_SE","og_type":"article","og_title":"Rektorn har ordet - NTI Gymnasiet V\u00e4ster\u00e5s","og_description":"Tech och IT en central del av v\u00e5r undervisning och anv\u00e4nds f\u00f6r att f\u00f6rst\u00e4rka och f\u00f6rb\u00e4ttra v\u00e5r pedagogik. V\u00e4lkommen till NTI Gymnasiet!","og_url":"https:\/\/ntigymnasiet.se\/vasteras\/var-skola\/rektorn-har-ordet\/","og_site_name":"V\u00e4ster\u00e5s","article_modified_time":"2025-04-16T08:24:11+00:00","twitter_card":"summary_large_image","twitter_title":"Rektorn har ordet - NTI Gymnasiet V\u00e4ster\u00e5s","twitter_description":"Tech och IT en central del av v\u00e5r undervisning och anv\u00e4nds f\u00f6r att f\u00f6rst\u00e4rka och f\u00f6rb\u00e4ttra v\u00e5r pedagogik. V\u00e4lkommen till NTI Gymnasiet!","twitter_misc":{"Est. reading time":"2 minuter"},"schema":{"@context":"https:\/\/schema.org","@graph":[{"@type":"WebPage","@id":"https:\/\/ntigymnasiet.se\/vasteras\/var-skola\/rektorn-har-ordet\/","url":"https:\/\/ntigymnasiet.se\/vasteras\/var-skola\/rektorn-har-ordet\/","name":"Rektorn har ordet - NTI Gymnasiet V\u00e4ster\u00e5s","isPartOf":{"@id":"https:\/\/ntigymnasiet.se\/vasteras\/#website"},"datePublished":"2023-03-31T14:52:25+00:00","dateModified":"2025-04-16T08:24:11+00:00","description":"Tech och IT en central del av v\u00e5r undervisning och anv\u00e4nds f\u00f6r att f\u00f6rst\u00e4rka och f\u00f6rb\u00e4ttra v\u00e5r pedagogik. V\u00e4lkommen till NTI Gymnasiet!","breadcrumb":{"@id":"https:\/\/ntigymnasiet.se\/vasteras\/var-skola\/rektorn-har-ordet\/#breadcrumb"},"inLanguage":"sv-SE","potentialAction":[{"@type":"ReadAction","target":["https:\/\/ntigymnasiet.se\/vasteras\/var-skola\/rektorn-har-ordet\/"]}]},{"@type":"BreadcrumbList","@id":"https:\/\/ntigymnasiet.se\/vasteras\/var-skola\/rektorn-har-ordet\/#breadcrumb","itemListElement":[{"@type":"ListItem","position":1,"name":"Start","item":"https:\/\/ntigymnasiet.se\/vasteras\/"},{"@type":"ListItem","position":2,"name":"V\u00e5r skola","item":"https:\/\/ntigymnasiet.se\/vasteras\/var-skola\/"},{"@type":"ListItem","position":3,"name":"Rektorn har ordet"}]},{"@type":"WebSite","@id":"https:\/\/ntigymnasiet.se\/vasteras\/#website","url":"https:\/\/ntigymnasiet.se\/vasteras\/","name":"V\u00e4ster\u00e5s","description":"Just another WordPress site","potentialAction":[{"@type":"SearchAction","target":{"@type":"EntryPoint","urlTemplate":"https:\/\/ntigymnasiet.se\/vasteras\/?s={search_term_string}"},"query-input":"required name=search_term_string"}],"inLanguage":"sv-SE"}]}},"_links":{"self":[{"href":"https:\/\/ntigymnasiet.se\/vasteras\/wp-json\/wp\/v2\/pages\/199"}],"collection":[{"href":"https:\/\/ntigymnasiet.se\/vasteras\/wp-json\/wp\/v2\/pages"}],"about":[{"href":"https:\/\/ntigymnasiet.se\/vasteras\/wp-json\/wp\/v2\/types\/page"}],"author":[{"embeddable":true,"href":"https:\/\/ntigymnasiet.se\/vasteras\/wp-json\/wp\/v2\/users\/4"}],"replies":[{"embeddable":true,"href":"https:\/\/ntigymnasiet.se\/vasteras\/wp-json\/wp\/v2\/comments?post=199"}],"version-history":[{"count":9,"href":"https:\/\/ntigymnasiet.se\/vasteras\/wp-json\/wp\/v2\/pages\/199\/revisions"}],"predecessor-version":[{"id":1999,"href":"https:\/\/ntigymnasiet.se\/vasteras\/wp-json\/wp\/v2\/pages\/199\/revisions\/1999"}],"up":[{"embeddable":true,"href":"https:\/\/ntigymnasiet.se\/vasteras\/wp-json\/wp\/v2\/pages\/191"}],"wp:attachment":[{"href":"https:\/\/ntigymnasiet.se\/vasteras\/wp-json\/wp\/v2\/media?parent=199"}],"curies":[{"name":"wp","href":"https:\/\/api.w.org\/{rel}","templated":true}]}}