{"id":1050,"date":"2023-05-21T14:47:58","date_gmt":"2023-05-21T12:47:58","guid":{"rendered":"https:\/\/ntigymnasiet.se\/vetenskapsgymnasiet\/gavle\/?page_id=1050"},"modified":"2024-04-17T19:48:31","modified_gmt":"2024-04-17T17:48:31","slug":"hydroponics","status":"publish","type":"page","link":"https:\/\/ntigymnasiet.se\/vetenskapsgymnasiet\/gavle\/var-skola\/hydroponics\/","title":{"rendered":"Hydroponics"},"content":{"rendered":"\n\t\n\t\n\t\n\n\t\n\n<section \n\tclass=\"ams-hero ams-hero--classic ams-hero--75 c-block l-stacked  \"\n\tdata-color-scheme=\"vit-2-pa-mork-bakgrund\"\n\tstyle=\"\">\n\t<div class=\"ams-hero__container u-items-center u-justify-center\">\n\t\t<div\n\t\t\tclass=\"ams-hero__content l-stack l-stack-xl is-center@md\" >\n\t\t\t<div class=\"l-stack l-stack-lg\">\n\t\t\t\t\n\t\t\t\t\t\t\t<\/div>\n\n\t\t\t\t\t<\/div>\n\t<\/div>\n\n\t\n\t\t\t\n\t\t\t\t\t\t\t\n\t\t\t\t<div class=\"c-bg c-bg--img\" data-settings=\"{&quot;desktop_settings&quot;:{&quot;size&quot;:&quot;cover&quot;,&quot;position&quot;:&quot;top-center&quot;},&quot;mobile_settings&quot;:{&quot;size&quot;:&quot;cover&quot;,&quot;position&quot;:&quot;top-center&quot;}}\" data-position=\"middle-center\" data-size=\"cover\">\n\t\t\t<img decoding=\"async\" width=\"1920\" height=\"1008\" src=\"https:\/\/ntigymnasiet.se\/wp-content\/uploads\/sites\/3\/2023\/05\/nti-hydroponisk-odling-gymnasium-202204.jpg\" class=\"attachment-hero-lg size-hero-lg\" alt=\"Tv\u00e5 elever arbetar i hydroponisk odling.\" sizes=\"(max-width: 1920px) 100vw, 1920px\" srcset=\"https:\/\/ntigymnasiet.se\/wp-content\/uploads\/sites\/3\/2023\/05\/nti-hydroponisk-odling-gymnasium-202204.jpg 1920w, https:\/\/ntigymnasiet.se\/wp-content\/uploads\/sites\/3\/2023\/05\/nti-hydroponisk-odling-gymnasium-202204-300x158.jpg 300w, https:\/\/ntigymnasiet.se\/wp-content\/uploads\/sites\/3\/2023\/05\/nti-hydroponisk-odling-gymnasium-202204-400x210.jpg 400w, https:\/\/ntigymnasiet.se\/wp-content\/uploads\/sites\/3\/2023\/05\/nti-hydroponisk-odling-gymnasium-202204-600x315.jpg 600w, https:\/\/ntigymnasiet.se\/wp-content\/uploads\/sites\/3\/2023\/05\/nti-hydroponisk-odling-gymnasium-202204-800x420.jpg 800w, https:\/\/ntigymnasiet.se\/wp-content\/uploads\/sites\/3\/2023\/05\/nti-hydroponisk-odling-gymnasium-202204-1024x538.jpg 1024w, https:\/\/ntigymnasiet.se\/wp-content\/uploads\/sites\/3\/2023\/05\/nti-hydroponisk-odling-gymnasium-202204-1200x630.jpg 1200w\" \/>\n\t\t<\/div>\n\t\n<\/section>\n\n\n\n\n<section  class=\"ams-cta ams-cta--stacked c-block l-stacked\" data-color-scheme=\"light-grey\">\n\t<div class=\"l-container-narrow l-stack l-stack-fluid-2xl u-pt-fluid-3xl-6xl u-pb-fluid-3xl-6xl is-center is-center@md\">\n\t\t\t\t\t<div class=\"ams-cta__intro l-stack l-stack-lg\">\n\t\t\t\t\t\n\t<h1\n\tclass=\"c-heading u-font-title-1 \"\n\tstyle=\"\">\n\t\t\n\t\t\t\t\tHydroponisk odling p\u00e5 NTI\n\t\t\t\t\n\t<\/h1>\n\n\t\t\t\t\t\t\t\t\t<div class=\"c-text l-stack u-cs-xl u-font-body\">\n\t\t\t\t\t\t<p>V\u00e4rlden st\u00e5r inf\u00f6r flera klimat- och milj\u00f6m\u00e4ssiga utmaningar. En av dem \u00e4r hur vi p\u00e5 ett h\u00e5llbart och effektivt s\u00e4tt kan s\u00e4kra framtidens matproduktion. T\u00e4nk om vi kunde odla var som helst, till exempel p\u00e5 Empire State Building, utan att belasta klimatet f\u00f6r mycket? Det \u00e4r inte helt ot\u00e4nkbart.<\/p>\n<p>Hos oss f\u00e5r du utforska hydroponisk odling som en del av din utbildning, och l\u00e4ra dig mer om hur vi med ny teknik och vetenskap kan bidra till en b\u00e4ttre v\u00e4rld.<\/p>\n\n\t\t\t\t\t<\/div>\n\t\t\t\t\t\t\t<\/div>\n\t\t\n\t\t\n\t\t\t<\/div>\n\n\t\t\n\n<\/section>\n\n\n\n\t\n\t\n\t\n\n\n\t\n\t\t\n<section  class=\"c-block l-stacked  \" data-color-scheme=\"vit\">\n\t<div class=\"ams-fifty ams-fifty--container ams-fifty--right ams-fifty--top l-container u-pt-fluid-3xl-6xl u-pb-fluid-3xl-6xl\">\n\t\t<div class=\"ams-fifty__content l-stack l-stack-xl is-left@lg\">\n\t\t\t<div class=\"ams-fifty__text l-stack l-stack-lg\">\n\t\t\t\t\t\n\t<h2\n\tclass=\"c-heading u-font-title-1 \"\n\tstyle=\"\">\n\t\t\n\t\t\t\t\tVad \u00e4r hydroponisk odling?\n\t\t\t\t\n\t<\/h2>\n\n\t\t\t\t\t\t\t\t\t<div class=\"text l-stack u-font-body\">\n\t\t\t\t\t\t<p>Grunden f\u00f6r hydroponisk odling \u00e4r att du odlar i vatten, tills\u00e4tter n\u00e4rings\u00e4mnen och anv\u00e4nder LED-belysning. Odlingen blir p\u00e5 s\u00e5 s\u00e4tt inte beroende av jord eller solljus och \u00e4r d\u00e4rf\u00f6r ett yteffektivt, billigt och h\u00e5llbart s\u00e4tt att odla.<\/p>\n<h4>Framtidens odlingsteknik<\/h4>\n<p>Forskare tror att hydroponisk odling har sitt ursprung s\u00e5 l\u00e5ngt tillbaka som f\u00f6r 2500 \u00e5r sedan, i Babylons h\u00e4ngande tr\u00e4dg\u00e5rdar. \u00c4nd\u00e5 beskrivs det ofta som framtidens odlingsteknik. Tekniken g\u00f6r n\u00e4mligen att du kan odla p\u00e5 m\u00e5nga innovativa s\u00e4tt, till exempel p\u00e5 h\u00f6jden eller p\u00e5 m\u00f6rka st\u00e4llen.<\/p>\n<h4>Odla mat var som helst<\/h4>\n<p>D\u00e4rmed kan du ocks\u00e5 producera mat n\u00e4stan var som helst: i k\u00f6ket, i en m\u00f6rk k\u00e4llare eller p\u00e5 sidorna av en skyskrapa. Med sina m\u00e5nga m\u00f6jligheter \u00e4r hydroponisk odling n\u00e5got som s\u00e4gs vara l\u00f6sningen p\u00e5 framtidens matproduktion.<\/p>\n\n\t\t\t\t\t<\/div>\n\t\t\t\t\t\t\t<\/div>\n\n\t\t\t\t\t<\/div>\n\n\t\t <div class=\"ams-fifty__media u-ratio-square\">\n\t\t \t\t\t\t\t<img decoding=\"async\" width=\"600\" height=\"600\" src=\"https:\/\/ntigymnasiet.se\/wp-content\/uploads\/sites\/3\/2023\/05\/nti-hydroponisk-odling-gymnasium-202204-600x600.png\" class=\"attachment-md size-md\" alt=\"Tv\u00e5 elever arbetar i hydroponisk odling.\" sizes=\"(min-width: 64em) 600px, calc(100vw - 160px)\" srcset=\"https:\/\/ntigymnasiet.se\/wp-content\/uploads\/sites\/3\/2023\/05\/nti-hydroponisk-odling-gymnasium-202204-600x600.png 600w, https:\/\/ntigymnasiet.se\/wp-content\/uploads\/sites\/3\/2023\/05\/nti-hydroponisk-odling-gymnasium-202204-150x150.png 150w, https:\/\/ntigymnasiet.se\/wp-content\/uploads\/sites\/3\/2023\/05\/nti-hydroponisk-odling-gymnasium-202204-300x300.png 300w, https:\/\/ntigymnasiet.se\/wp-content\/uploads\/sites\/3\/2023\/05\/nti-hydroponisk-odling-gymnasium-202204-400x400.png 400w, https:\/\/ntigymnasiet.se\/wp-content\/uploads\/sites\/3\/2023\/05\/nti-hydroponisk-odling-gymnasium-202204.png 700w\" \/>\n\t\t\t\n\t\t\t\n\t\t\t\t\t<\/div>\n\t<\/div>\n\n\t\t\n\n<\/section>\n\n\n\n\t\n\t\n\t\n\n\n\t\n\t\t\n<section  class=\"c-block l-stacked  \" data-color-scheme=\"light-grey\">\n\t<div class=\"ams-fifty ams-fifty--container ams-fifty--left ams-fifty--top l-container u-pt-fluid-3xl-6xl u-pb-fluid-3xl-6xl\">\n\t\t<div class=\"ams-fifty__content l-stack l-stack-xl is-left@lg\">\n\t\t\t<div class=\"ams-fifty__text l-stack l-stack-lg\">\n\t\t\t\t\t\n\t<h2\n\tclass=\"c-heading u-font-title-1 \"\n\tstyle=\"\">\n\t\t\n\t\t\t\t\tVad f\u00e5r du l\u00e4ra dig?\n\t\t\t\t\n\t<\/h2>\n\n\t\t\t\t\t\t\t\t\t<div class=\"text l-stack u-font-body\">\n\t\t\t\t\t\t<p>Beroende p\u00e5 vilka kurser du l\u00e4ser kommer du f\u00e5 anv\u00e4nda dina kunskaper inom green tech, bioteknik, biologi, teknikutveckling och programmering f\u00f6r att skapa och effektivisera hydroponiska system.<\/p>\n<h4>Ett kreativt ingenj\u00f6rsskap<\/h4>\n<p>V\u00e5ra elever beskriver arbetet med de hydroponiska odlingarna som ett kreativt ingenj\u00f6rsskap. Som elev f\u00e5r du m\u00e5nga m\u00f6jligheter att testa och hitta p\u00e5 egna id\u00e9er utifr\u00e5n din egen kunskap och intresse.<\/p>\n<h4>H\u00e5rdvara och mjukvara<\/h4>\n<p>Inom teknikkurserna kan det till exempel handla om att bygga upp hydroponiska system med l\u00e4mplig h\u00e5rdvara. Det kan ocks\u00e5 inneb\u00e4ra att programmera mjukvara, som via sensorer h\u00e4mtar in data f\u00f6r att reglera bland annat ljus och luftfuktighet i systemen.<\/p>\n<h4>Sensorer, DNA och CRISPR<\/h4>\n<p>Inom biologi, naturkunskap och bioteknik kan det ist\u00e4llet g\u00e5 ut p\u00e5 att skapa optimala odlingsf\u00f6rh\u00e5llanden med hj\u00e4lp av sensorer. Eller ocks\u00e5 att odla f\u00f6r att utvinna DNA, och l\u00e4ra dig om tekniker f\u00f6r att modifiera v\u00e4xter med CRISPR.<\/p>\n\n\t\t\t\t\t<\/div>\n\t\t\t\t\t\t\t<\/div>\n\n\t\t\t\t\t<\/div>\n\n\t\t <div class=\"ams-fifty__media u-ratio-square\">\n\t\t \t\t\t\t\t<img decoding=\"async\" width=\"600\" height=\"600\" src=\"https:\/\/ntigymnasiet.se\/wp-content\/uploads\/sites\/3\/2023\/05\/nti-gymnasieskola-7-202204-600x600.png\" class=\"attachment-md size-md\" alt=\"Tv\u00e5 elever i hydroponisk odling.\" sizes=\"(min-width: 64em) 600px, calc(100vw - 160px)\" srcset=\"https:\/\/ntigymnasiet.se\/wp-content\/uploads\/sites\/3\/2023\/05\/nti-gymnasieskola-7-202204-600x600.png 600w, https:\/\/ntigymnasiet.se\/wp-content\/uploads\/sites\/3\/2023\/05\/nti-gymnasieskola-7-202204-150x150.png 150w, https:\/\/ntigymnasiet.se\/wp-content\/uploads\/sites\/3\/2023\/05\/nti-gymnasieskola-7-202204-300x300.png 300w, https:\/\/ntigymnasiet.se\/wp-content\/uploads\/sites\/3\/2023\/05\/nti-gymnasieskola-7-202204-400x400.png 400w, https:\/\/ntigymnasiet.se\/wp-content\/uploads\/sites\/3\/2023\/05\/nti-gymnasieskola-7-202204.png 700w\" \/>\n\t\t\t\n\t\t\t\n\t\t\t\t\t<\/div>\n\t<\/div>\n\n\t\t\n\n<\/section>\n\n\n\n\n<section  class=\"ams-quote c-block l-stacked\" data-color-scheme=\"vit-2-pa-mork-bakgrund\">\n\t<div class=\"l-container l-stack l-stack-fluid-2xl u-pt-fluid-3xl-6xl u-pb-fluid-3xl-6xl is-center is-center@md\">\n\t\t\n\t\t\t\t\t<ul class=\"ams-quote__list l-grid u-gap-fluid-2xl-4xl u-justify-center\"\n\taria-label=\"Citat\">\n\t\t\t<li class=\"l-col-12@md\">\n\t\t\t<article class=\"c-card\" data-variant=\"neutral\" >\n\t\t\t\t<div class=\"c-card__content l-stack u-text-center\">\n\t\t\t\t\t\t\t\t\t\t\t<blockquote class=\"c-card__title u-font-title-1\">\n\t\t\t\t\t\t\t\t\t\t\t\t\t\t\t<p class=\"u-quote-marks\">Det \u00e4r ett roligt och sj\u00e4lvst\u00e4ndigt arbete som kr\u00e4ver mycket kreativitet<\/p>\n\t\t\t\t\t\t\t\t\t\t\t\t\t<\/blockquote>\n\t\t\t\t\t\n\t\t\t\t\t\t\t\t\t\t\t<p class=\"c-card__text\">\n\t\t\t\t\t\t\t<span class=\"author u-font-body\">Adam, elev<\/span>\n\t\t\t\t\t\t\t<span class=\"title u-font-body\">NTI Vetenskapsgymnasiet<\/span>\n\t\t\t\t\t\t<\/p>\n\t\t\t\t\t\t\t\t\t<\/div>\n\n\t\t\t\t\t\t\t<\/article>\n\t\t<\/li>\n\t<\/ul>\n\t\n\t\t\t<\/div>\n\n\t\t\n\t\t\t\n\t\t\t\t\t\t\t\n\t\t\t\t<div class=\"c-bg c-bg--img\" data-settings=\"{&quot;desktop_settings&quot;:{&quot;size&quot;:&quot;cover&quot;,&quot;position&quot;:&quot;middle-center&quot;},&quot;mobile_settings&quot;:{&quot;size&quot;:&quot;cover&quot;,&quot;position&quot;:&quot;middle-center&quot;}}\" data-position=\"middle-center\" data-size=\"cover\">\n\t\t\t<img decoding=\"async\" width=\"1920\" height=\"1080\" src=\"https:\/\/ntigymnasiet.se\/wp-content\/uploads\/sites\/3\/2023\/05\/ntisciencebgsvagacirklar3.jpg\" class=\"attachment-hero-lg size-hero-lg\" alt=\"Gr\u00f6n bakgrundsbild.\" sizes=\"(max-width: 1920px) 100vw, 1920px\" srcset=\"https:\/\/ntigymnasiet.se\/wp-content\/uploads\/sites\/3\/2023\/05\/ntisciencebgsvagacirklar3.jpg 1920w, https:\/\/ntigymnasiet.se\/wp-content\/uploads\/sites\/3\/2023\/05\/ntisciencebgsvagacirklar3-300x169.jpg 300w, https:\/\/ntigymnasiet.se\/wp-content\/uploads\/sites\/3\/2023\/05\/ntisciencebgsvagacirklar3-400x225.jpg 400w, https:\/\/ntigymnasiet.se\/wp-content\/uploads\/sites\/3\/2023\/05\/ntisciencebgsvagacirklar3-600x338.jpg 600w, https:\/\/ntigymnasiet.se\/wp-content\/uploads\/sites\/3\/2023\/05\/ntisciencebgsvagacirklar3-800x450.jpg 800w, https:\/\/ntigymnasiet.se\/wp-content\/uploads\/sites\/3\/2023\/05\/ntisciencebgsvagacirklar3-1024x576.jpg 1024w, https:\/\/ntigymnasiet.se\/wp-content\/uploads\/sites\/3\/2023\/05\/ntisciencebgsvagacirklar3-1200x675.jpg 1200w\" \/>\n\t\t<\/div>\n\t\n<\/section>\n\n\n\n\t\n\t\n\t\n\n\n\t\n\t\t\n<section  class=\"c-block l-stacked  \" data-color-scheme=\"vit\">\n\t<div class=\"ams-fifty ams-fifty--container ams-fifty--left ams-fifty--top l-container u-pt-fluid-3xl-6xl u-pb-fluid-3xl-6xl\">\n\t\t<div class=\"ams-fifty__content l-stack l-stack-xl is-left@lg\">\n\t\t\t<div class=\"ams-fifty__text l-stack l-stack-lg\">\n\t\t\t\t\t\n\t<h2\n\tclass=\"c-heading u-font-title-1 \"\n\tstyle=\"\">\n\t\t\n\t\t\t\t\tMer om hydroponisk odling\n\t\t\t\t\n\t<\/h2>\n\n\t\t\t\t\t\t\t\t\t<div class=\"text l-stack u-font-body\">\n\t\t\t\t\t\t<p>Vi vill ge dig en utbildning med framtiden i fokus. En som tar sig an de utmaningar samh\u00e4llet st\u00e5r inf\u00f6r, men som ocks\u00e5 tar vara p\u00e5 alla m\u00f6jligheter som kommer med ny teknik. Hydroponisk odling \u00e4r ett exempel p\u00e5 ett v\u00e4xande omr\u00e5de inom Green Tech. H\u00e4r m\u00f6ter modern teknik vetenskap, och du f\u00e5r chansen att anv\u00e4nda dina kunskaper praktiskt f\u00f6r ett viktigt syfte. Det du l\u00e4r dig kommer du samtidigt ha anv\u00e4ndning av \u00e4ven i andra sammanhang d\u00e4r m\u00e5let \u00e4r att utnyttja kraften i nya teknik f\u00f6r att till exempel f\u00f6rb\u00e4ttra milj\u00f6 eller klimat.<\/p>\n\n\t\t\t\t\t<\/div>\n\t\t\t\t\t\t\t<\/div>\n\n\t\t\t\t\t<\/div>\n\n\t\t <div class=\"ams-fifty__media u-ratio-square\">\n\t\t \t\t\t\t\t<img decoding=\"async\" width=\"600\" height=\"600\" src=\"https:\/\/ntigymnasiet.se\/wp-content\/uploads\/sites\/3\/2023\/05\/nti-hydroponisk-odling-gymnasium-2-202204-600x600.jpg\" class=\"attachment-md size-md\" alt=\"Hydroponisk odling.\" sizes=\"(min-width: 64em) 600px, calc(100vw - 160px)\" srcset=\"https:\/\/ntigymnasiet.se\/wp-content\/uploads\/sites\/3\/2023\/05\/nti-hydroponisk-odling-gymnasium-2-202204-600x600.jpg 600w, https:\/\/ntigymnasiet.se\/wp-content\/uploads\/sites\/3\/2023\/05\/nti-hydroponisk-odling-gymnasium-2-202204-150x150.jpg 150w, https:\/\/ntigymnasiet.se\/wp-content\/uploads\/sites\/3\/2023\/05\/nti-hydroponisk-odling-gymnasium-2-202204-300x300.jpg 300w, https:\/\/ntigymnasiet.se\/wp-content\/uploads\/sites\/3\/2023\/05\/nti-hydroponisk-odling-gymnasium-2-202204-400x400.jpg 400w, https:\/\/ntigymnasiet.se\/wp-content\/uploads\/sites\/3\/2023\/05\/nti-hydroponisk-odling-gymnasium-2-202204-800x800.jpg 800w, https:\/\/ntigymnasiet.se\/wp-content\/uploads\/sites\/3\/2023\/05\/nti-hydroponisk-odling-gymnasium-2-202204-1024x1024.jpg 1024w, https:\/\/ntigymnasiet.se\/wp-content\/uploads\/sites\/3\/2023\/05\/nti-hydroponisk-odling-gymnasium-2-202204.jpg 1080w\" \/>\n\t\t\t\n\t\t\t\n\t\t\t\t\t<\/div>\n\t<\/div>\n\n\t\t\n\n<\/section>\n\n\n\n\n<section  class=\"ams-cta ams-cta--stacked c-block l-stacked\" data-color-scheme=\"light-grey\">\n\t<div class=\"l-container l-stack l-stack-fluid-2xl u-pt-fluid-3xl-6xl u-pb-fluid-3xl-6xl is-center is-center@md\">\n\t\t\t\t\t<div class=\"ams-cta__intro l-stack l-stack-lg\">\n\t\t\t\t\t\n\t<h2\n\tclass=\"c-heading u-font-title-1 \"\n\tstyle=\"\">\n\t\t\n\t\t\t\t\tVill du veta mer?\n\t\t\t\t\n\t<\/h2>\n\n\t\t\t\t\t\t\t\t\t<div class=\"c-text l-stack u-cs-xl u-font-body\">\n\t\t\t\t\t\t<p>Bes\u00f6k oss p\u00e5 \u00f6ppet hus s\u00e5 f\u00e5r du se v\u00e5r hydroponiska odling och h\u00f6ra mer om v\u00e5ra projekt.<\/p>\n\n\t\t\t\t\t<\/div>\n\t\t\t\t\t\t\t<\/div>\n\t\t\n\t\t\n\t\t\t<div class=\"ams-cta__action u-inline-items\">\n\t\t\t\t\t\t\t\n\n\n<a href=\"https:\/\/ntigymnasiet.se\/vetenskapsgymnasiet\/gavle\/oppet-hus\/\"\n\t\n\tclass=\"c-btn \"\n\tdata-style=\"rounded\"\n\tdata-size=\"md\"\n\tdata-width=\"full-mobile\"\n\tdata-variant=\"outline\"\n\ttarget=\"_self\">\n\t\t\t<span class=\"label\"> G\u00e5 p\u00e5 \u00f6ppet hus<\/span>\n\t\t\t<\/a>\n\t\t\t<\/div>\n\t<\/div>\n\n\t\t\n\n<\/section>\n","protected":false},"excerpt":{"rendered":"","protected":false},"author":1,"featured_media":0,"parent":191,"menu_order":0,"comment_status":"closed","ping_status":"closed","template":"","meta":{"footnotes":""},"yoast_head":"<!-- This site is optimized with the Yoast SEO plugin v22.0 - https:\/\/yoast.com\/wordpress\/plugins\/seo\/ -->\n<title>Hydroponics - NTI Vetenskapsgymnasiet G\u00e4vle<\/title>\n<meta name=\"description\" content=\"V\u00e4rlden st\u00e5r inf\u00f6r flera klimat- och milj\u00f6m\u00e4ssiga utmaningar. En av dem \u00e4r hur vi p\u00e5 ett h\u00e5llbart s\u00e4tt kan s\u00e4kra framtidens matproduktion.\" \/>\n<meta name=\"robots\" content=\"index, follow, max-snippet:-1, max-image-preview:large, max-video-preview:-1\" \/>\n<link rel=\"canonical\" href=\"https:\/\/ntigymnasiet.se\/vetenskapsgymnasiet\/gavle\/var-skola\/hydroponics\/\" \/>\n<meta property=\"og:locale\" content=\"sv_SE\" \/>\n<meta property=\"og:type\" content=\"article\" \/>\n<meta property=\"og:title\" content=\"Hydroponics - NTI Vetenskapsgymnasiet G\u00e4vle\" \/>\n<meta property=\"og:description\" content=\"V\u00e4rlden st\u00e5r inf\u00f6r flera klimat- och milj\u00f6m\u00e4ssiga utmaningar. En av dem \u00e4r hur vi p\u00e5 ett h\u00e5llbart s\u00e4tt kan s\u00e4kra framtidens matproduktion.\" \/>\n<meta property=\"og:url\" content=\"https:\/\/ntigymnasiet.se\/vetenskapsgymnasiet\/gavle\/var-skola\/hydroponics\/\" \/>\n<meta property=\"og:site_name\" content=\"G\u00e4vle\" \/>\n<meta property=\"article:modified_time\" content=\"2024-04-17T17:48:31+00:00\" \/>\n<meta name=\"twitter:card\" content=\"summary_large_image\" \/>\n<meta name=\"twitter:title\" content=\"Hydroponics - NTI Vetenskapsgymnasiet G\u00e4vle\" \/>\n<meta name=\"twitter:description\" content=\"V\u00e4rlden st\u00e5r inf\u00f6r flera klimat- och milj\u00f6m\u00e4ssiga utmaningar. En av dem \u00e4r hur vi p\u00e5 ett h\u00e5llbart s\u00e4tt kan s\u00e4kra framtidens matproduktion.\" \/>\n<script type=\"application\/ld+json\" class=\"yoast-schema-graph\">{\"@context\":\"https:\/\/schema.org\",\"@graph\":[{\"@type\":\"WebPage\",\"@id\":\"https:\/\/ntigymnasiet.se\/vetenskapsgymnasiet\/gavle\/var-skola\/hydroponics\/\",\"url\":\"https:\/\/ntigymnasiet.se\/vetenskapsgymnasiet\/gavle\/var-skola\/hydroponics\/\",\"name\":\"Hydroponics - NTI Vetenskapsgymnasiet G\u00e4vle\",\"isPartOf\":{\"@id\":\"https:\/\/ntigymnasiet.se\/vetenskapsgymnasiet\/gavle\/#website\"},\"datePublished\":\"2023-05-21T12:47:58+00:00\",\"dateModified\":\"2024-04-17T17:48:31+00:00\",\"description\":\"V\u00e4rlden st\u00e5r inf\u00f6r flera klimat- och milj\u00f6m\u00e4ssiga utmaningar. En av dem \u00e4r hur vi p\u00e5 ett h\u00e5llbart s\u00e4tt kan s\u00e4kra framtidens matproduktion.\",\"breadcrumb\":{\"@id\":\"https:\/\/ntigymnasiet.se\/vetenskapsgymnasiet\/gavle\/var-skola\/hydroponics\/#breadcrumb\"},\"inLanguage\":\"sv-SE\",\"potentialAction\":[{\"@type\":\"ReadAction\",\"target\":[\"https:\/\/ntigymnasiet.se\/vetenskapsgymnasiet\/gavle\/var-skola\/hydroponics\/\"]}]},{\"@type\":\"BreadcrumbList\",\"@id\":\"https:\/\/ntigymnasiet.se\/vetenskapsgymnasiet\/gavle\/var-skola\/hydroponics\/#breadcrumb\",\"itemListElement\":[{\"@type\":\"ListItem\",\"position\":1,\"name\":\"Start\",\"item\":\"https:\/\/ntigymnasiet.se\/vetenskapsgymnasiet\/gavle\/\"},{\"@type\":\"ListItem\",\"position\":2,\"name\":\"V\u00e5r skola\",\"item\":\"https:\/\/ntigymnasiet.se\/vetenskapsgymnasiet\/gavle\/var-skola\/\"},{\"@type\":\"ListItem\",\"position\":3,\"name\":\"Hydroponics\"}]},{\"@type\":\"WebSite\",\"@id\":\"https:\/\/ntigymnasiet.se\/vetenskapsgymnasiet\/gavle\/#website\",\"url\":\"https:\/\/ntigymnasiet.se\/vetenskapsgymnasiet\/gavle\/\",\"name\":\"G\u00e4vle\",\"description\":\"Just another WordPress site\",\"potentialAction\":[{\"@type\":\"SearchAction\",\"target\":{\"@type\":\"EntryPoint\",\"urlTemplate\":\"https:\/\/ntigymnasiet.se\/vetenskapsgymnasiet\/gavle\/?s={search_term_string}\"},\"query-input\":\"required name=search_term_string\"}],\"inLanguage\":\"sv-SE\"}]}<\/script>\n<!-- \/ Yoast SEO plugin. -->","yoast_head_json":{"title":"Hydroponics - NTI Vetenskapsgymnasiet G\u00e4vle","description":"V\u00e4rlden st\u00e5r inf\u00f6r flera klimat- och milj\u00f6m\u00e4ssiga utmaningar. En av dem \u00e4r hur vi p\u00e5 ett h\u00e5llbart s\u00e4tt kan s\u00e4kra framtidens matproduktion.","robots":{"index":"index","follow":"follow","max-snippet":"max-snippet:-1","max-image-preview":"max-image-preview:large","max-video-preview":"max-video-preview:-1"},"canonical":"https:\/\/ntigymnasiet.se\/vetenskapsgymnasiet\/gavle\/var-skola\/hydroponics\/","og_locale":"sv_SE","og_type":"article","og_title":"Hydroponics - NTI Vetenskapsgymnasiet G\u00e4vle","og_description":"V\u00e4rlden st\u00e5r inf\u00f6r flera klimat- och milj\u00f6m\u00e4ssiga utmaningar. En av dem \u00e4r hur vi p\u00e5 ett h\u00e5llbart s\u00e4tt kan s\u00e4kra framtidens matproduktion.","og_url":"https:\/\/ntigymnasiet.se\/vetenskapsgymnasiet\/gavle\/var-skola\/hydroponics\/","og_site_name":"G\u00e4vle","article_modified_time":"2024-04-17T17:48:31+00:00","twitter_card":"summary_large_image","twitter_title":"Hydroponics - NTI Vetenskapsgymnasiet G\u00e4vle","twitter_description":"V\u00e4rlden st\u00e5r inf\u00f6r flera klimat- och milj\u00f6m\u00e4ssiga utmaningar. En av dem \u00e4r hur vi p\u00e5 ett h\u00e5llbart s\u00e4tt kan s\u00e4kra framtidens matproduktion.","schema":{"@context":"https:\/\/schema.org","@graph":[{"@type":"WebPage","@id":"https:\/\/ntigymnasiet.se\/vetenskapsgymnasiet\/gavle\/var-skola\/hydroponics\/","url":"https:\/\/ntigymnasiet.se\/vetenskapsgymnasiet\/gavle\/var-skola\/hydroponics\/","name":"Hydroponics - NTI Vetenskapsgymnasiet G\u00e4vle","isPartOf":{"@id":"https:\/\/ntigymnasiet.se\/vetenskapsgymnasiet\/gavle\/#website"},"datePublished":"2023-05-21T12:47:58+00:00","dateModified":"2024-04-17T17:48:31+00:00","description":"V\u00e4rlden st\u00e5r inf\u00f6r flera klimat- och milj\u00f6m\u00e4ssiga utmaningar. En av dem \u00e4r hur vi p\u00e5 ett h\u00e5llbart s\u00e4tt kan s\u00e4kra framtidens matproduktion.","breadcrumb":{"@id":"https:\/\/ntigymnasiet.se\/vetenskapsgymnasiet\/gavle\/var-skola\/hydroponics\/#breadcrumb"},"inLanguage":"sv-SE","potentialAction":[{"@type":"ReadAction","target":["https:\/\/ntigymnasiet.se\/vetenskapsgymnasiet\/gavle\/var-skola\/hydroponics\/"]}]},{"@type":"BreadcrumbList","@id":"https:\/\/ntigymnasiet.se\/vetenskapsgymnasiet\/gavle\/var-skola\/hydroponics\/#breadcrumb","itemListElement":[{"@type":"ListItem","position":1,"name":"Start","item":"https:\/\/ntigymnasiet.se\/vetenskapsgymnasiet\/gavle\/"},{"@type":"ListItem","position":2,"name":"V\u00e5r skola","item":"https:\/\/ntigymnasiet.se\/vetenskapsgymnasiet\/gavle\/var-skola\/"},{"@type":"ListItem","position":3,"name":"Hydroponics"}]},{"@type":"WebSite","@id":"https:\/\/ntigymnasiet.se\/vetenskapsgymnasiet\/gavle\/#website","url":"https:\/\/ntigymnasiet.se\/vetenskapsgymnasiet\/gavle\/","name":"G\u00e4vle","description":"Just another WordPress site","potentialAction":[{"@type":"SearchAction","target":{"@type":"EntryPoint","urlTemplate":"https:\/\/ntigymnasiet.se\/vetenskapsgymnasiet\/gavle\/?s={search_term_string}"},"query-input":"required name=search_term_string"}],"inLanguage":"sv-SE"}]}},"_links":{"self":[{"href":"https:\/\/ntigymnasiet.se\/vetenskapsgymnasiet\/gavle\/wp-json\/wp\/v2\/pages\/1050"}],"collection":[{"href":"https:\/\/ntigymnasiet.se\/vetenskapsgymnasiet\/gavle\/wp-json\/wp\/v2\/pages"}],"about":[{"href":"https:\/\/ntigymnasiet.se\/vetenskapsgymnasiet\/gavle\/wp-json\/wp\/v2\/types\/page"}],"author":[{"embeddable":true,"href":"https:\/\/ntigymnasiet.se\/vetenskapsgymnasiet\/gavle\/wp-json\/wp\/v2\/users\/1"}],"replies":[{"embeddable":true,"href":"https:\/\/ntigymnasiet.se\/vetenskapsgymnasiet\/gavle\/wp-json\/wp\/v2\/comments?post=1050"}],"version-history":[{"count":10,"href":"https:\/\/ntigymnasiet.se\/vetenskapsgymnasiet\/gavle\/wp-json\/wp\/v2\/pages\/1050\/revisions"}],"predecessor-version":[{"id":1436,"href":"https:\/\/ntigymnasiet.se\/vetenskapsgymnasiet\/gavle\/wp-json\/wp\/v2\/pages\/1050\/revisions\/1436"}],"up":[{"embeddable":true,"href":"https:\/\/ntigymnasiet.se\/vetenskapsgymnasiet\/gavle\/wp-json\/wp\/v2\/pages\/191"}],"wp:attachment":[{"href":"https:\/\/ntigymnasiet.se\/vetenskapsgymnasiet\/gavle\/wp-json\/wp\/v2\/media?parent=1050"}],"curies":[{"name":"wp","href":"https:\/\/api.w.org\/{rel}","templated":true}]}}