{"id":1343,"date":"2024-01-29T13:23:35","date_gmt":"2024-01-29T12:23:35","guid":{"rendered":"https:\/\/ntigymnasiet.se\/vetenskapsgymnasiet\/gavle\/?page_id=1343"},"modified":"2024-01-29T13:23:36","modified_gmt":"2024-01-29T12:23:36","slug":"e-sport","status":"publish","type":"page","link":"https:\/\/ntigymnasiet.se\/vetenskapsgymnasiet\/gavle\/var-skola\/e-sport\/","title":{"rendered":"E-sport"},"content":{"rendered":"\n\n<section  class=\"ams-cta ams-cta--stacked c-block l-stacked\" data-color-scheme=\"vit\">\n\t<div class=\"l-container-narrow l-stack l-stack-fluid-2xl u-pt-fluid-3xl-6xl u-pb-fluid-3xl-6xl is-center is-center@md\">\n\t\t\t\t\t<div class=\"ams-cta__intro l-stack l-stack-lg\">\n\t\t\t\t\t\n\t<h1\n\tclass=\"c-heading u-font-title-1 \"\n\tstyle=\"\">\n\t\t\n\t\t\t\t\tE-sport p\u00e5 NTI i G\u00e4vle\n\t\t\t\t\n\t<\/h1>\n\n\t\t\t\t\t\t\t\t\t<div class=\"c-text l-stack u-cs-xl u-font-body\">\n\t\t\t\t\t\t<p>Kombinera dina studier med e-sport och l\u00e4r dig\u00a0allt fr\u00e5n e-sportstr\u00e4ning till ledarskap, taktik och juridik.<\/p>\n\n\t\t\t\t\t<\/div>\n\t\t\t\t\t\t\t<\/div>\n\t\t\n\t\t\n\t\t\t<\/div>\n\n\t\t\n\n<\/section>\n\n\n\n\t\n\t\n\t\n\n\t\n\t\n\t\t\n<section  class=\"c-block l-stacked  \" data-color-scheme=\"light-grey\">\n\t<div class=\"ams-fifty ams-fifty--container ams-fifty--left ams-fifty--top l-container u-pt-fluid-3xl-6xl u-pb-fluid-3xl-6xl\">\n\t\t<div class=\"ams-fifty__content l-stack l-stack-xl is-center is-left@lg\">\n\t\t\t<div class=\"ams-fifty__text l-stack l-stack-lg\">\n\t\t\t\t\t\n\t<h2\n\tclass=\"c-heading u-font-title-1 \"\n\tstyle=\"\">\n\t\t\n\t\t\t\t\tKombinera studier med e-sport\n\t\t\t\t\n\t<\/h2>\n\n\t\t\t\t\t\t\t\t\t<div class=\"text l-stack u-font-body\">\n\t\t\t\t\t\t<p style=\"font-weight: 400;\">Vill du kombinera dina studier med e-sport? Vi har en valbar e-sportsprofil p\u00e5 v\u00e5ra utbildningar. D\u00e4r f\u00e5r du l\u00e4ra dig allt fr\u00e5m e-sportstr\u00e4ning till ledarskap, taktik och juridik. Tr\u00e4ningarna leds av erfarna e-sportcoacher fr\u00e5n Learn2Esport och \u00e4r inte kopplade till n\u00e5got skol\u00e4mne, utan n\u00e5got vi erbjuder ut\u00f6ver vanliga studier.<\/p>\n<p style=\"font-weight: 400;\">P\u00e5 skolan har vi en modern datorsal utrustad med tio stycken gamingdatorer med 144hz sk\u00e4rmar. Tillbeh\u00f6r som m\u00f6ss, musmattor, h\u00f6rlurar och tangentbord finns ocks\u00e5 att tillg\u00e5.<\/p>\n<p style=\"font-weight: 400;\">Det finns m\u00f6jligheter att spela ett flertal olika spel. Men det som det har fokuserats mest p\u00e5 tidigare \u00e4r League Of Legends, Valorant och Counter-Strike 2.<\/p>\n\n\t\t\t\t\t<\/div>\n\t\t\t\t\t\t\t<\/div>\n\n\t\t\t\t\t<\/div>\n\n\t\t <div class=\"ams-fifty__media u-ratio-square\">\n\t\t \t\t\t\t\t<img decoding=\"async\" width=\"600\" height=\"600\" src=\"https:\/\/ntigymnasiet.se\/wp-content\/uploads\/sites\/3\/2024\/01\/nti-gymnasie-esport-202204.webp\" class=\"attachment-md size-md\" alt=\"Blobb med person som sitter framf\u00f6r datorn.\" sizes=\"(min-width: 64em) 600px, calc(100vw - 160px)\" srcset=\"https:\/\/ntigymnasiet.se\/wp-content\/uploads\/sites\/3\/2024\/01\/nti-gymnasie-esport-202204.webp 600w, https:\/\/ntigymnasiet.se\/wp-content\/uploads\/sites\/3\/2024\/01\/nti-gymnasie-esport-202204-150x150.webp 150w, https:\/\/ntigymnasiet.se\/wp-content\/uploads\/sites\/3\/2024\/01\/nti-gymnasie-esport-202204-300x300.webp 300w, https:\/\/ntigymnasiet.se\/wp-content\/uploads\/sites\/3\/2024\/01\/nti-gymnasie-esport-202204-400x400.webp 400w\" \/>\n\t\t\t\n\t\t\t\n\t\t\t\t\t<\/div>\n\t<\/div>\n\n\t\t\n\n<\/section>\n\n\n\n\n<section  class=\"ams-cta ams-cta--stacked c-block l-stacked\" data-color-scheme=\"vit\">\n\t<div class=\"l-container-narrow l-stack l-stack-fluid-2xl u-pt-fluid-3xl-6xl u-pb-fluid-3xl-6xl is-center is-center@md\">\n\t\t\t\t\t<div class=\"ams-cta__intro l-stack l-stack-lg\">\n\t\t\t\t\t\n\t<h2\n\tclass=\"c-heading u-font-title-1 \"\n\tstyle=\"\">\n\t\t\n\t\t\t\t\tUndrar du n\u00e5got?\n\t\t\t\t\n\t<\/h2>\n\n\t\t\t\t\t\t\t\t\t<div class=\"c-text l-stack u-cs-xl u-font-body\">\n\t\t\t\t\t\t<p><span data-sheets-value=\"{&quot;1&quot;:2,&quot;2&quot;:&quot;Har du en fr\u00e5ga till oss eller vill du l\u00e4sa mer om programmen?&quot;}\" data-sheets-userformat=\"{&quot;2&quot;:963,&quot;3&quot;:{&quot;1&quot;:0},&quot;4&quot;:{&quot;1&quot;:2,&quot;2&quot;:16777215},&quot;9&quot;:1,&quot;10&quot;:1,&quot;11&quot;:4,&quot;12&quot;:0}\">Har du en fr\u00e5ga till oss eller vill du l\u00e4sa mer om programmen?<\/span><\/p>\n\n\t\t\t\t\t<\/div>\n\t\t\t\t\t\t\t<\/div>\n\t\t\n\t\t\n\t\t\t<div class=\"ams-cta__action u-inline-items\">\n\t\t\t\t\t\t\t\n\n\n<a href=\"https:\/\/ntigymnasiet.se\/vetenskapsgymnasiet\/gavle\/kontakt\/\"\n\t\n\tclass=\"c-btn \"\n\tdata-style=\"rounded\"\n\tdata-size=\"md\"\n\tdata-width=\"full-mobile\"\n\tdata-variant=\"default\"\n\ttarget=\"_self\">\n\t\t\t<span class=\"label\"> Kontakta oss<\/span>\n\t\t\t<\/a>\n\t\t\t\t\t\t\t\n\n\n<a href=\"https:\/\/ntigymnasiet.se\/vetenskapsgymnasiet\/gavle\/program\/\"\n\t\n\tclass=\"c-btn \"\n\tdata-style=\"rounded\"\n\tdata-size=\"md\"\n\tdata-width=\"full-mobile\"\n\tdata-variant=\"outline\"\n\ttarget=\"_self\">\n\t\t\t<span class=\"label\"> Se v\u00e5ra program<\/span>\n\t\t\t<\/a>\n\t\t\t<\/div>\n\t<\/div>\n\n\t\t\n\n<\/section>\n","protected":false},"excerpt":{"rendered":"","protected":false},"author":10,"featured_media":0,"parent":191,"menu_order":0,"comment_status":"closed","ping_status":"closed","template":"","meta":{"footnotes":""},"yoast_head":"<!-- This site is optimized with the Yoast SEO plugin v22.0 - https:\/\/yoast.com\/wordpress\/plugins\/seo\/ -->\n<title>E-sport - NTI Vetenskapsgymnasiet G\u00e4vle<\/title>\n<meta name=\"description\" content=\"Vill du kombinera dina studier med e-sport? Vi har en valbar e-sportsprofil p\u00e5 v\u00e5ra utbildningar. L\u00e4s mer om det h\u00e4r.\" \/>\n<meta name=\"robots\" content=\"index, follow, max-snippet:-1, max-image-preview:large, max-video-preview:-1\" \/>\n<link rel=\"canonical\" href=\"https:\/\/ntigymnasiet.se\/vetenskapsgymnasiet\/gavle\/var-skola\/e-sport\/\" \/>\n<meta property=\"og:locale\" content=\"sv_SE\" \/>\n<meta property=\"og:type\" content=\"article\" \/>\n<meta property=\"og:title\" content=\"E-sport - NTI Vetenskapsgymnasiet G\u00e4vle\" \/>\n<meta property=\"og:description\" content=\"Vill du kombinera dina studier med e-sport? Vi har en valbar e-sportsprofil p\u00e5 v\u00e5ra utbildningar. L\u00e4s mer om det h\u00e4r.\" \/>\n<meta property=\"og:url\" content=\"https:\/\/ntigymnasiet.se\/vetenskapsgymnasiet\/gavle\/var-skola\/e-sport\/\" \/>\n<meta property=\"og:site_name\" content=\"G\u00e4vle\" \/>\n<meta property=\"article:modified_time\" content=\"2024-01-29T12:23:36+00:00\" \/>\n<meta name=\"twitter:card\" content=\"summary_large_image\" \/>\n<meta name=\"twitter:title\" content=\"E-sport - NTI Vetenskapsgymnasiet G\u00e4vle\" \/>\n<meta name=\"twitter:description\" content=\"Vill du kombinera dina studier med e-sport? Vi har en valbar e-sportsprofil p\u00e5 v\u00e5ra utbildningar. L\u00e4s mer om det h\u00e4r.\" \/>\n<script type=\"application\/ld+json\" class=\"yoast-schema-graph\">{\"@context\":\"https:\/\/schema.org\",\"@graph\":[{\"@type\":\"WebPage\",\"@id\":\"https:\/\/ntigymnasiet.se\/vetenskapsgymnasiet\/gavle\/var-skola\/e-sport\/\",\"url\":\"https:\/\/ntigymnasiet.se\/vetenskapsgymnasiet\/gavle\/var-skola\/e-sport\/\",\"name\":\"E-sport - NTI Vetenskapsgymnasiet G\u00e4vle\",\"isPartOf\":{\"@id\":\"https:\/\/ntigymnasiet.se\/vetenskapsgymnasiet\/gavle\/#website\"},\"datePublished\":\"2024-01-29T12:23:35+00:00\",\"dateModified\":\"2024-01-29T12:23:36+00:00\",\"description\":\"Vill du kombinera dina studier med e-sport? Vi har en valbar e-sportsprofil p\u00e5 v\u00e5ra utbildningar. L\u00e4s mer om det h\u00e4r.\",\"breadcrumb\":{\"@id\":\"https:\/\/ntigymnasiet.se\/vetenskapsgymnasiet\/gavle\/var-skola\/e-sport\/#breadcrumb\"},\"inLanguage\":\"sv-SE\",\"potentialAction\":[{\"@type\":\"ReadAction\",\"target\":[\"https:\/\/ntigymnasiet.se\/vetenskapsgymnasiet\/gavle\/var-skola\/e-sport\/\"]}]},{\"@type\":\"BreadcrumbList\",\"@id\":\"https:\/\/ntigymnasiet.se\/vetenskapsgymnasiet\/gavle\/var-skola\/e-sport\/#breadcrumb\",\"itemListElement\":[{\"@type\":\"ListItem\",\"position\":1,\"name\":\"Start\",\"item\":\"https:\/\/ntigymnasiet.se\/vetenskapsgymnasiet\/gavle\/\"},{\"@type\":\"ListItem\",\"position\":2,\"name\":\"V\u00e5r skola\",\"item\":\"https:\/\/ntigymnasiet.se\/vetenskapsgymnasiet\/gavle\/var-skola\/\"},{\"@type\":\"ListItem\",\"position\":3,\"name\":\"E-sport\"}]},{\"@type\":\"WebSite\",\"@id\":\"https:\/\/ntigymnasiet.se\/vetenskapsgymnasiet\/gavle\/#website\",\"url\":\"https:\/\/ntigymnasiet.se\/vetenskapsgymnasiet\/gavle\/\",\"name\":\"G\u00e4vle\",\"description\":\"Just another WordPress site\",\"potentialAction\":[{\"@type\":\"SearchAction\",\"target\":{\"@type\":\"EntryPoint\",\"urlTemplate\":\"https:\/\/ntigymnasiet.se\/vetenskapsgymnasiet\/gavle\/?s={search_term_string}\"},\"query-input\":\"required name=search_term_string\"}],\"inLanguage\":\"sv-SE\"}]}<\/script>\n<!-- \/ Yoast SEO plugin. -->","yoast_head_json":{"title":"E-sport - NTI Vetenskapsgymnasiet G\u00e4vle","description":"Vill du kombinera dina studier med e-sport? Vi har en valbar e-sportsprofil p\u00e5 v\u00e5ra utbildningar. L\u00e4s mer om det h\u00e4r.","robots":{"index":"index","follow":"follow","max-snippet":"max-snippet:-1","max-image-preview":"max-image-preview:large","max-video-preview":"max-video-preview:-1"},"canonical":"https:\/\/ntigymnasiet.se\/vetenskapsgymnasiet\/gavle\/var-skola\/e-sport\/","og_locale":"sv_SE","og_type":"article","og_title":"E-sport - NTI Vetenskapsgymnasiet G\u00e4vle","og_description":"Vill du kombinera dina studier med e-sport? Vi har en valbar e-sportsprofil p\u00e5 v\u00e5ra utbildningar. L\u00e4s mer om det h\u00e4r.","og_url":"https:\/\/ntigymnasiet.se\/vetenskapsgymnasiet\/gavle\/var-skola\/e-sport\/","og_site_name":"G\u00e4vle","article_modified_time":"2024-01-29T12:23:36+00:00","twitter_card":"summary_large_image","twitter_title":"E-sport - NTI Vetenskapsgymnasiet G\u00e4vle","twitter_description":"Vill du kombinera dina studier med e-sport? Vi har en valbar e-sportsprofil p\u00e5 v\u00e5ra utbildningar. L\u00e4s mer om det h\u00e4r.","schema":{"@context":"https:\/\/schema.org","@graph":[{"@type":"WebPage","@id":"https:\/\/ntigymnasiet.se\/vetenskapsgymnasiet\/gavle\/var-skola\/e-sport\/","url":"https:\/\/ntigymnasiet.se\/vetenskapsgymnasiet\/gavle\/var-skola\/e-sport\/","name":"E-sport - NTI Vetenskapsgymnasiet G\u00e4vle","isPartOf":{"@id":"https:\/\/ntigymnasiet.se\/vetenskapsgymnasiet\/gavle\/#website"},"datePublished":"2024-01-29T12:23:35+00:00","dateModified":"2024-01-29T12:23:36+00:00","description":"Vill du kombinera dina studier med e-sport? Vi har en valbar e-sportsprofil p\u00e5 v\u00e5ra utbildningar. L\u00e4s mer om det h\u00e4r.","breadcrumb":{"@id":"https:\/\/ntigymnasiet.se\/vetenskapsgymnasiet\/gavle\/var-skola\/e-sport\/#breadcrumb"},"inLanguage":"sv-SE","potentialAction":[{"@type":"ReadAction","target":["https:\/\/ntigymnasiet.se\/vetenskapsgymnasiet\/gavle\/var-skola\/e-sport\/"]}]},{"@type":"BreadcrumbList","@id":"https:\/\/ntigymnasiet.se\/vetenskapsgymnasiet\/gavle\/var-skola\/e-sport\/#breadcrumb","itemListElement":[{"@type":"ListItem","position":1,"name":"Start","item":"https:\/\/ntigymnasiet.se\/vetenskapsgymnasiet\/gavle\/"},{"@type":"ListItem","position":2,"name":"V\u00e5r skola","item":"https:\/\/ntigymnasiet.se\/vetenskapsgymnasiet\/gavle\/var-skola\/"},{"@type":"ListItem","position":3,"name":"E-sport"}]},{"@type":"WebSite","@id":"https:\/\/ntigymnasiet.se\/vetenskapsgymnasiet\/gavle\/#website","url":"https:\/\/ntigymnasiet.se\/vetenskapsgymnasiet\/gavle\/","name":"G\u00e4vle","description":"Just another WordPress site","potentialAction":[{"@type":"SearchAction","target":{"@type":"EntryPoint","urlTemplate":"https:\/\/ntigymnasiet.se\/vetenskapsgymnasiet\/gavle\/?s={search_term_string}"},"query-input":"required name=search_term_string"}],"inLanguage":"sv-SE"}]}},"_links":{"self":[{"href":"https:\/\/ntigymnasiet.se\/vetenskapsgymnasiet\/gavle\/wp-json\/wp\/v2\/pages\/1343"}],"collection":[{"href":"https:\/\/ntigymnasiet.se\/vetenskapsgymnasiet\/gavle\/wp-json\/wp\/v2\/pages"}],"about":[{"href":"https:\/\/ntigymnasiet.se\/vetenskapsgymnasiet\/gavle\/wp-json\/wp\/v2\/types\/page"}],"author":[{"embeddable":true,"href":"https:\/\/ntigymnasiet.se\/vetenskapsgymnasiet\/gavle\/wp-json\/wp\/v2\/users\/10"}],"replies":[{"embeddable":true,"href":"https:\/\/ntigymnasiet.se\/vetenskapsgymnasiet\/gavle\/wp-json\/wp\/v2\/comments?post=1343"}],"version-history":[{"count":7,"href":"https:\/\/ntigymnasiet.se\/vetenskapsgymnasiet\/gavle\/wp-json\/wp\/v2\/pages\/1343\/revisions"}],"predecessor-version":[{"id":1351,"href":"https:\/\/ntigymnasiet.se\/vetenskapsgymnasiet\/gavle\/wp-json\/wp\/v2\/pages\/1343\/revisions\/1351"}],"up":[{"embeddable":true,"href":"https:\/\/ntigymnasiet.se\/vetenskapsgymnasiet\/gavle\/wp-json\/wp\/v2\/pages\/191"}],"wp:attachment":[{"href":"https:\/\/ntigymnasiet.se\/vetenskapsgymnasiet\/gavle\/wp-json\/wp\/v2\/media?parent=1343"}],"curies":[{"name":"wp","href":"https:\/\/api.w.org\/{rel}","templated":true}]}}