{"id":1806,"date":"2025-09-10T09:58:55","date_gmt":"2025-09-10T07:58:55","guid":{"rendered":"https:\/\/ntigymnasiet.se\/vetenskapsgymnasiet\/gavle\/?page_id=1806"},"modified":"2025-09-10T09:58:56","modified_gmt":"2025-09-10T07:58:56","slug":"teknikprogrammet-pa-nti","status":"publish","type":"page","link":"https:\/\/ntigymnasiet.se\/vetenskapsgymnasiet\/gavle\/teknikprogrammet-pa-nti\/","title":{"rendered":"Teknikprogrammet p\u00e5 NTI"},"content":{"rendered":"\n\t\n\t\n\t\n\t\n\t\n\n<section \n\tclass=\"ams-hero ams-hero--classic ams-hero--50 c-block l-stacked  \"\n\tdata-color-scheme=\"vit-2-pa-mork-bakgrund\"\n\tstyle=\"\">\n\t<div class=\"ams-hero__container u-items-center u-justify-center\">\n\t\t<div\n\t\t\tclass=\"ams-hero__content l-stack l-stack-xl is-center is-center@md\" >\n\t\t\t<div class=\"l-stack l-stack-lg\">\n\t\t\t\t\t\n\t<h1\n\tclass=\"c-heading u-font-title-1 \"\n\tstyle=\"\">\n\t\t\n\t\t\t\t\tTeknikprogrammet p\u00e5 NTI Vetenskapsgymnasiet\n\t\t\t\t\n\t<\/h1>\n\n\t\t\t\t\t\t\t\t\t<div class=\"text l-stack u-font-body\">\n\t\t\t\t\t\t<p><span data-sheets-value=\"{&quot;1&quot;:2,&quot;2&quot;:&quot;Gillar du teknik, \u00e4r nyfiken p\u00e5 programmering och vill ha bred beh\u00f6righet? D\u00e5 \u00e4r teknikprogrammet ett bra val.&quot;}\" data-sheets-userformat=\"{&quot;2&quot;:17347,&quot;3&quot;:{&quot;1&quot;:0},&quot;4&quot;:{&quot;1&quot;:2,&quot;2&quot;:14281427},&quot;9&quot;:1,&quot;10&quot;:1,&quot;11&quot;:4,&quot;12&quot;:0,&quot;17&quot;:0}\">Gillar du teknik, \u00e4r nyfiken p\u00e5 programmering och vill ha bred beh\u00f6righet? D\u00e5 \u00e4r teknikprogrammet ett bra val.<\/span><\/p>\n\n\t\t\t\t\t<\/div>\n\t\t\t\t\t\t\t<\/div>\n\n\t\t\t\t\t<\/div>\n\t<\/div>\n\n\t\n\t\t\t\n\t\t\t\t\t\t\t\n\t\t\t\t<div class=\"c-bg c-bg--img\" data-settings=\"{&quot;desktop_settings&quot;:{&quot;size&quot;:&quot;cover&quot;,&quot;position&quot;:&quot;middle-center&quot;},&quot;mobile_settings&quot;:{&quot;size&quot;:&quot;cover&quot;,&quot;position&quot;:&quot;middle-center&quot;}}\" data-position=\"middle-center\" data-size=\"cover\">\n\t\t\t<img decoding=\"async\" width=\"1920\" height=\"1080\" src=\"https:\/\/ntigymnasiet.se\/wp-content\/uploads\/sites\/3\/2025\/09\/nti-teknikprogrammet-gymnasium-202204-1.jpg\" class=\"attachment-hero-lg size-hero-lg\" alt=\"Elev med mikroskop.\" sizes=\"(max-width: 1920px) 100vw, 1920px\" srcset=\"https:\/\/ntigymnasiet.se\/wp-content\/uploads\/sites\/3\/2025\/09\/nti-teknikprogrammet-gymnasium-202204-1.jpg 1920w, https:\/\/ntigymnasiet.se\/wp-content\/uploads\/sites\/3\/2025\/09\/nti-teknikprogrammet-gymnasium-202204-1-300x169.jpg 300w, https:\/\/ntigymnasiet.se\/wp-content\/uploads\/sites\/3\/2025\/09\/nti-teknikprogrammet-gymnasium-202204-1-400x225.jpg 400w, https:\/\/ntigymnasiet.se\/wp-content\/uploads\/sites\/3\/2025\/09\/nti-teknikprogrammet-gymnasium-202204-1-600x338.jpg 600w, https:\/\/ntigymnasiet.se\/wp-content\/uploads\/sites\/3\/2025\/09\/nti-teknikprogrammet-gymnasium-202204-1-800x450.jpg 800w, https:\/\/ntigymnasiet.se\/wp-content\/uploads\/sites\/3\/2025\/09\/nti-teknikprogrammet-gymnasium-202204-1-1024x576.jpg 1024w, https:\/\/ntigymnasiet.se\/wp-content\/uploads\/sites\/3\/2025\/09\/nti-teknikprogrammet-gymnasium-202204-1-1200x675.jpg 1200w\" \/>\n\t\t<\/div>\n\t\n\t<div class=\"c-overlay\" style=\"--overlay-bg: rgba(0,0,0,0.4);\"><\/div>\n<\/section>\n\n\n\n\t\n\t\n\t\n\n\t\n\t\n\t\t\n<section  class=\"c-block l-stacked  \" data-color-scheme=\"vit\">\n\t<div class=\"ams-fifty ams-fifty--container ams-fifty--right ams-fifty--bottom l-container u-pt-fluid-3xl-6xl u-pb-fluid-3xl-6xl\">\n\t\t<div class=\"ams-fifty__content l-stack l-stack-xl is-left is-left@lg\">\n\t\t\t<div class=\"ams-fifty__text l-stack l-stack-lg\">\n\t\t\t\t\t\n\t<h2\n\tclass=\"c-heading u-font-title-1 \"\n\tstyle=\"\">\n\t\t\n\t\t\t\t\tVad \u00e4r teknikprogrammet?\n\t\t\t\t\n\t<\/h2>\n\n\t\t\t\t\t\t\t\t\t<div class=\"text l-stack u-font-body\">\n\t\t\t\t\t\t<p data-start=\"134\" data-end=\"315\">Teknikprogrammet \u00e4r ett h\u00f6gskolef\u00f6rberedande program. Det passar dig som \u00e4r intresserad av teknik, programmering och produktutveckling samt gillar att l\u00f6sa tekniska utmaningar med matematik. H\u00e4r har du m\u00f6jlighet att:<\/p>\n<ul>\n<li data-start=\"134\" data-end=\"315\">Utveckla framtidens webbplatser, spel och innovativ mjukvara.<\/li>\n<li data-start=\"134\" data-end=\"315\">Designa h\u00e5llbara produkter med den senaste tekniken<\/li>\n<\/ul>\n<p data-start=\"879\" data-end=\"997\">V\u00e4lj en utbildning som s\u00e4tter fokus p\u00e5 att anv\u00e4nda teknik f\u00f6r att l\u00f6sa problem och bidra till ett b\u00e4ttre samh\u00e4lle!<\/p>\n<h3>Tre inriktningar<\/h3>\n<p>NTI Gymnasiets skolor i Sverige erbjuder tillsammans tre olika inriktningar p\u00e5 teknikprogrammet. Informations- och medieteknik, design och produktutveckling och teknikvetenskap. Vilka som finns p\u00e5 varje skola kan skilja sig.<\/p>\n\n\t\t\t\t\t<\/div>\n\t\t\t\t\t\t\t<\/div>\n\n\t\t\t\t\t<\/div>\n\n\t\t <div class=\"ams-fifty__media u-ratio-square\">\n\t\t \t\t\t\t\t<img decoding=\"async\" width=\"600\" height=\"600\" src=\"https:\/\/ntigymnasiet.se\/wp-content\/uploads\/sites\/3\/2023\/05\/nti-gymnasie-3-202204-1-600x600.png\" class=\"attachment-md size-md\" alt=\"Elev arbetar med robot.\" sizes=\"(min-width: 64em) 600px, calc(100vw - 160px)\" srcset=\"https:\/\/ntigymnasiet.se\/wp-content\/uploads\/sites\/3\/2023\/05\/nti-gymnasie-3-202204-1-600x600.png 600w, https:\/\/ntigymnasiet.se\/wp-content\/uploads\/sites\/3\/2023\/05\/nti-gymnasie-3-202204-1-150x150.png 150w, https:\/\/ntigymnasiet.se\/wp-content\/uploads\/sites\/3\/2023\/05\/nti-gymnasie-3-202204-1-300x300.png 300w, https:\/\/ntigymnasiet.se\/wp-content\/uploads\/sites\/3\/2023\/05\/nti-gymnasie-3-202204-1-400x400.png 400w, https:\/\/ntigymnasiet.se\/wp-content\/uploads\/sites\/3\/2023\/05\/nti-gymnasie-3-202204-1.png 700w\" \/>\n\t\t\t\n\t\t\t\n\t\t\t\t\t<\/div>\n\t<\/div>\n\n\t\t\n\t\t\t\n\t\t\t\t\t\t\t\n\t\t\t\t<div class=\"c-bg c-bg--img\" data-settings=\"{&quot;desktop_settings&quot;:{&quot;size&quot;:&quot;cover&quot;,&quot;position&quot;:&quot;middle-center&quot;},&quot;mobile_settings&quot;:{&quot;size&quot;:&quot;cover&quot;,&quot;position&quot;:&quot;middle-center&quot;}}\" data-position=\"middle-center\" data-size=\"cover\">\n\t\t\t\n\t\t<\/div>\n\t\n<\/section>\n\n\n\n\n\n<section  class=\"ams-faq ams_event_module c-block l-stacked js-load-more\" data-color-scheme=\"faq-gra\" data-count=\"5\" data-count-mobile=\"5\">\n\t<div class=\"l-container l-stack l-stack-fluid-2xl u-pt-fluid-3xl-6xl u-pb-fluid-3xl-6xl is-center is-center@md\">\n\t\t\t\t\t<div class=\"ams-faq__intro l-stack l-stack-lg\">\n\t\t\t\t\t\n\t<h2\n\tclass=\"c-heading u-font-title-1 \"\n\tstyle=\"\">\n\t\t\n\t\t\t\t\tVanliga fr\u00e5gor &#038; svar\n\t\t\t\t\n\t<\/h2>\n\n\t\t\t\t\t\t\t\t\t<div class=\"c-text l-stack u-cs-xl u-font-body\">\n\t\t\t\t\t\t<p>H\u00e4r hittar du vanliga fr\u00e5gor och funderingar man kan ha om teknikprogrammet.<\/p>\n\n\t\t\t\t\t<\/div>\n\t\t\t\t\t\t\t<\/div>\n\t\t\n\t\t\n\t\n\t    \n\t\n\t<ul\n\t\tid=\"ams-faq-list-69f3f571586f8\"\n\t\tclass=\"ams-faq__ac ams-accordion_module c-accordion js-results \"\n\t\taria-label=\"Vanliga fr\u00e5gor\"\n\t\tdata-variant=\"border-between\"\n\t\tdata-ajax-action=\"log_faq_view\"\n\t\tdata-ajax-url=\"https:\/\/ntigymnasiet.se\/vetenskapsgymnasiet\/gavle\/wp-admin\/admin-ajax.php\"\n\t\tdata-ajax-nonce=\"5295f4f324\"\n\t\tdata-filter-animation=\"off\">\n\n\t\t\t<\/ul>\n\n\t<div class=\"no-results u-mt-0 u-hide\" data-filter-fallback-id=\"ams-faq-list-69f3f571586f8\">\n\t<p>Det finns inga resultat som matchar din filtrering.<\/p>\n<\/div>\n\n\t    <div class=\"ams-faq__more u-inline-items js-load-more-btn\">\n        <button href=\"#\"\n                class=\"c-btn\"\n                data-style=\"rounded\"\n                data-size=\"md\"\n                data-width=\"full-mobile\"\n                data-variant=\"outline\">\n        \tVisa fler fr\u00e5gor\n        <\/button>\n    <\/div>\n\n\n\t\t\n\t\t\t<\/div>\n\n\t\t\n\n<\/section>\n\n\n\n\t\n\t\n\t\n\n\t\n\t\n\t\t\n<section  class=\"c-block l-stacked  \" data-color-scheme=\"vit\">\n\t<div class=\"ams-fifty ams-fifty--container ams-fifty--left ams-fifty--bottom l-container u-pt-fluid-3xl-6xl u-pb-fluid-3xl-6xl\">\n\t\t<div class=\"ams-fifty__content l-stack l-stack-xl is-left is-left@lg\">\n\t\t\t<div class=\"ams-fifty__text l-stack l-stack-lg\">\n\t\t\t\t\t\n\t<h2\n\tclass=\"c-heading u-font-title-1 \"\n\tstyle=\"\">\n\t\t\n\t\t\t\t\tVarf\u00f6r v\u00e4lja teknikprogrammet p\u00e5 NTI Vetenskapsgymnasiet?\n\t\t\t\t\n\t<\/h2>\n\n\t\t\t\t\t\t\t\t\t<div class=\"text l-stack u-font-body\">\n\t\t\t\t\t\t<p><strong>V\u00e5rt makerspace. <\/strong><a href=\"https:\/\/ntigymnasiet.se\/vetenskapsgymnasiet\/gavle\/var-skola\/makerspace\/\">Makerspace<\/a> \u00e4r en lokal inne i skolan som \u00e4r utrustat med den senaste tekniken. H\u00e4r kan du utforska 3D-printers, VR-utrustning och annan ny teknik.<\/p>\n<p><strong>Arbeta praktiskt. <\/strong>Hos oss f\u00e5r du testa teorin i verkligheten och arbeta med skarpa projekt som utvecklar dina teknikkunskaper p\u00e5 djupet.<\/p>\n<p><strong>Certifiera dig.<\/strong> Du f\u00e5r m\u00f6jlighet att <a href=\"https:\/\/ntigymnasiet.se\/vetenskapsgymnasiet\/gavle\/artikel\/lokal\/certifiering-pa-nti-vetenskapsgymnasiet\">certifiera dig<\/a> inom olika programmeringsspr\u00e5k och system. Det \u00e4r inte bara direkt meriterande till vidare studier, utan kan \u00e4ven ge dig f\u00f6rtur till det d\u00e4r eftertraktade jobbet.<\/p>\n<p><strong>Samarbeten med f\u00f6retag.<\/strong> Vi samarbetar med f\u00f6retag och organisationer lokalt, regionalt och nationellt f\u00f6r att kunna erbjuda det senaste inom branschen.<\/p>\n\n\t\t\t\t\t<\/div>\n\t\t\t\t\t\t\t<\/div>\n\n\t\t\t\t\t<\/div>\n\n\t\t <div class=\"ams-fifty__media u-ratio-square\">\n\t\t \t\t\t\t\t<img decoding=\"async\" width=\"600\" height=\"600\" src=\"https:\/\/ntigymnasiet.se\/wp-content\/uploads\/sites\/3\/2023\/05\/nti-gymnasie-5-202204-600x600.png\" class=\"attachment-md size-md\" alt=\"Elev framf\u00f6r whiteboardtavla.\" sizes=\"(min-width: 64em) 600px, calc(100vw - 160px)\" srcset=\"https:\/\/ntigymnasiet.se\/wp-content\/uploads\/sites\/3\/2023\/05\/nti-gymnasie-5-202204-600x600.png 600w, https:\/\/ntigymnasiet.se\/wp-content\/uploads\/sites\/3\/2023\/05\/nti-gymnasie-5-202204-150x150.png 150w, https:\/\/ntigymnasiet.se\/wp-content\/uploads\/sites\/3\/2023\/05\/nti-gymnasie-5-202204-300x300.png 300w, https:\/\/ntigymnasiet.se\/wp-content\/uploads\/sites\/3\/2023\/05\/nti-gymnasie-5-202204-400x400.png 400w, https:\/\/ntigymnasiet.se\/wp-content\/uploads\/sites\/3\/2023\/05\/nti-gymnasie-5-202204.png 700w\" \/>\n\t\t\t\n\t\t\t\n\t\t\t\t\t<\/div>\n\t<\/div>\n\n\t\t\n\n<\/section>\n\n\n\n\n<section  class=\"ams-cta ams-cta--stacked c-block l-stacked\" data-color-scheme=\"light-grey\">\n\t<div class=\"l-container l-stack l-stack-fluid-2xl u-pt-fluid-3xl-6xl u-pb-fluid-3xl-6xl is-center is-center@md\">\n\t\t\t\t\t<div class=\"ams-cta__intro l-stack l-stack-lg\">\n\t\t\t\t\t\n\t<h2\n\tclass=\"c-heading u-font-title-1 \"\n\tstyle=\"\">\n\t\t\n\t\t\t\t\tVill du veta mer?\n\t\t\t\t\n\t<\/h2>\n\n\t\t\t\t\t\t\t\t\t<div class=\"c-text l-stack u-cs-xl u-font-body\">\n\t\t\t\t\t\t<p data-pm-slice=\"1 1 []\">F\u00e5 mer information och se po\u00e4ngplan h\u00e4r.<\/p>\n\n\t\t\t\t\t<\/div>\n\t\t\t\t\t\t\t<\/div>\n\t\t\n\t\t\n\t\t\t<div class=\"ams-cta__action u-inline-items\">\n\t\t\t\t\t\t\t\n\n\n<a href=\"https:\/\/ntigymnasiet.se\/vetenskapsgymnasiet\/gavle\/program\/teknikprogrammet\/\"\n\t\n\tclass=\"c-btn \"\n\tdata-style=\"rounded\"\n\tdata-size=\"md\"\n\tdata-width=\"full-mobile\"\n\tdata-variant=\"default\"\n\ttarget=\"_self\">\n\t\t\t<span class=\"label\"> Om teknikprogrammet<\/span>\n\t\t\t<\/a>\n\t\t\t<\/div>\n\t<\/div>\n\n\t\t\n\n<\/section>\n","protected":false},"excerpt":{"rendered":"","protected":false},"author":22,"featured_media":1818,"parent":0,"menu_order":0,"comment_status":"closed","ping_status":"closed","template":"","meta":{"footnotes":""},"yoast_head":"<!-- This site is optimized with the Yoast SEO plugin v22.0 - https:\/\/yoast.com\/wordpress\/plugins\/seo\/ -->\n<title>G\u00e4vle<\/title>\n<meta name=\"description\" content=\"G\u00e5 teknikprogrammet p\u00e5 NTI Vetenskapsgymnasiet och bli redo f\u00f6r framtiden. L\u00e4s om vilka inriktningar och framtidsm\u00f6jligheter som finns h\u00e4r.\" \/>\n<meta name=\"robots\" content=\"index, follow, max-snippet:-1, max-image-preview:large, max-video-preview:-1\" \/>\n<link rel=\"canonical\" href=\"https:\/\/ntigymnasiet.se\/vetenskapsgymnasiet\/gavle\/teknikprogrammet-pa-nti\/\" \/>\n<meta property=\"og:locale\" content=\"sv_SE\" \/>\n<meta property=\"og:type\" content=\"article\" \/>\n<meta property=\"og:description\" content=\"G\u00e5 teknikprogrammet p\u00e5 NTI Vetenskapsgymnasiet och bli redo f\u00f6r framtiden. L\u00e4s om vilka inriktningar och framtidsm\u00f6jligheter som finns h\u00e4r.\" \/>\n<meta property=\"og:url\" content=\"https:\/\/ntigymnasiet.se\/vetenskapsgymnasiet\/gavle\/teknikprogrammet-pa-nti\/\" \/>\n<meta property=\"og:site_name\" content=\"G\u00e4vle\" \/>\n<meta property=\"article:modified_time\" content=\"2025-09-10T07:58:56+00:00\" \/>\n<meta property=\"og:image\" content=\"https:\/\/ntigymnasiet.se\/wp-content\/uploads\/sites\/3\/2025\/09\/nti-teknikprogrammet-gymnasium-202204-1-1200x630.jpg\" \/>\n\t<meta property=\"og:image:width\" content=\"1200\" \/>\n\t<meta property=\"og:image:height\" content=\"630\" \/>\n\t<meta property=\"og:image:type\" content=\"image\/jpeg\" \/>\n<meta name=\"twitter:card\" content=\"summary_large_image\" \/>\n<meta name=\"twitter:description\" content=\"G\u00e5 teknikprogrammet p\u00e5 NTI Vetenskapsgymnasiet och bli redo f\u00f6r framtiden. L\u00e4s om vilka inriktningar och framtidsm\u00f6jligheter som finns h\u00e4r.\" \/>\n<meta name=\"twitter:image\" content=\"https:\/\/ntigymnasiet.se\/wp-content\/uploads\/sites\/3\/2025\/09\/nti-teknikprogrammet-gymnasium-202204-1-1200x630.jpg\" \/>\n<meta name=\"twitter:label1\" content=\"Est. reading time\" \/>\n\t<meta name=\"twitter:data1\" content=\"1 minut\" \/>\n<script type=\"application\/ld+json\" class=\"yoast-schema-graph\">{\"@context\":\"https:\/\/schema.org\",\"@graph\":[{\"@type\":\"WebPage\",\"@id\":\"https:\/\/ntigymnasiet.se\/vetenskapsgymnasiet\/gavle\/teknikprogrammet-pa-nti\/\",\"url\":\"https:\/\/ntigymnasiet.se\/vetenskapsgymnasiet\/gavle\/teknikprogrammet-pa-nti\/\",\"name\":\"Teknikprogrammet p\u00e5 NTI - G\u00e4vle\",\"isPartOf\":{\"@id\":\"https:\/\/ntigymnasiet.se\/vetenskapsgymnasiet\/gavle\/#website\"},\"datePublished\":\"2025-09-10T07:58:55+00:00\",\"dateModified\":\"2025-09-10T07:58:56+00:00\",\"description\":\"G\u00e5 teknikprogrammet p\u00e5 NTI Vetenskapsgymnasiet och bli redo f\u00f6r framtiden. L\u00e4s om vilka inriktningar och framtidsm\u00f6jligheter som finns h\u00e4r.\",\"breadcrumb\":{\"@id\":\"https:\/\/ntigymnasiet.se\/vetenskapsgymnasiet\/gavle\/teknikprogrammet-pa-nti\/#breadcrumb\"},\"inLanguage\":\"sv-SE\",\"potentialAction\":[{\"@type\":\"ReadAction\",\"target\":[\"https:\/\/ntigymnasiet.se\/vetenskapsgymnasiet\/gavle\/teknikprogrammet-pa-nti\/\"]}]},{\"@type\":\"BreadcrumbList\",\"@id\":\"https:\/\/ntigymnasiet.se\/vetenskapsgymnasiet\/gavle\/teknikprogrammet-pa-nti\/#breadcrumb\",\"itemListElement\":[{\"@type\":\"ListItem\",\"position\":1,\"name\":\"Start\",\"item\":\"https:\/\/ntigymnasiet.se\/vetenskapsgymnasiet\/gavle\/\"},{\"@type\":\"ListItem\",\"position\":2,\"name\":\"Teknikprogrammet p\u00e5 NTI\"}]},{\"@type\":\"WebSite\",\"@id\":\"https:\/\/ntigymnasiet.se\/vetenskapsgymnasiet\/gavle\/#website\",\"url\":\"https:\/\/ntigymnasiet.se\/vetenskapsgymnasiet\/gavle\/\",\"name\":\"G\u00e4vle\",\"description\":\"Just another WordPress site\",\"potentialAction\":[{\"@type\":\"SearchAction\",\"target\":{\"@type\":\"EntryPoint\",\"urlTemplate\":\"https:\/\/ntigymnasiet.se\/vetenskapsgymnasiet\/gavle\/?s={search_term_string}\"},\"query-input\":\"required name=search_term_string\"}],\"inLanguage\":\"sv-SE\"}]}<\/script>\n<!-- \/ Yoast SEO plugin. -->","yoast_head_json":{"title":"G\u00e4vle","description":"G\u00e5 teknikprogrammet p\u00e5 NTI Vetenskapsgymnasiet och bli redo f\u00f6r framtiden. L\u00e4s om vilka inriktningar och framtidsm\u00f6jligheter som finns h\u00e4r.","robots":{"index":"index","follow":"follow","max-snippet":"max-snippet:-1","max-image-preview":"max-image-preview:large","max-video-preview":"max-video-preview:-1"},"canonical":"https:\/\/ntigymnasiet.se\/vetenskapsgymnasiet\/gavle\/teknikprogrammet-pa-nti\/","og_locale":"sv_SE","og_type":"article","og_description":"G\u00e5 teknikprogrammet p\u00e5 NTI Vetenskapsgymnasiet och bli redo f\u00f6r framtiden. L\u00e4s om vilka inriktningar och framtidsm\u00f6jligheter som finns h\u00e4r.","og_url":"https:\/\/ntigymnasiet.se\/vetenskapsgymnasiet\/gavle\/teknikprogrammet-pa-nti\/","og_site_name":"G\u00e4vle","article_modified_time":"2025-09-10T07:58:56+00:00","og_image":[{"width":1200,"height":630,"url":"https:\/\/ntigymnasiet.se\/wp-content\/uploads\/sites\/3\/2025\/09\/nti-teknikprogrammet-gymnasium-202204-1-1200x630.jpg","type":"image\/jpeg"}],"twitter_card":"summary_large_image","twitter_description":"G\u00e5 teknikprogrammet p\u00e5 NTI Vetenskapsgymnasiet och bli redo f\u00f6r framtiden. L\u00e4s om vilka inriktningar och framtidsm\u00f6jligheter som finns h\u00e4r.","twitter_image":"https:\/\/ntigymnasiet.se\/wp-content\/uploads\/sites\/3\/2025\/09\/nti-teknikprogrammet-gymnasium-202204-1-1200x630.jpg","twitter_misc":{"Est. reading time":"1 minut"},"schema":{"@context":"https:\/\/schema.org","@graph":[{"@type":"WebPage","@id":"https:\/\/ntigymnasiet.se\/vetenskapsgymnasiet\/gavle\/teknikprogrammet-pa-nti\/","url":"https:\/\/ntigymnasiet.se\/vetenskapsgymnasiet\/gavle\/teknikprogrammet-pa-nti\/","name":"Teknikprogrammet p\u00e5 NTI - G\u00e4vle","isPartOf":{"@id":"https:\/\/ntigymnasiet.se\/vetenskapsgymnasiet\/gavle\/#website"},"datePublished":"2025-09-10T07:58:55+00:00","dateModified":"2025-09-10T07:58:56+00:00","description":"G\u00e5 teknikprogrammet p\u00e5 NTI Vetenskapsgymnasiet och bli redo f\u00f6r framtiden. L\u00e4s om vilka inriktningar och framtidsm\u00f6jligheter som finns h\u00e4r.","breadcrumb":{"@id":"https:\/\/ntigymnasiet.se\/vetenskapsgymnasiet\/gavle\/teknikprogrammet-pa-nti\/#breadcrumb"},"inLanguage":"sv-SE","potentialAction":[{"@type":"ReadAction","target":["https:\/\/ntigymnasiet.se\/vetenskapsgymnasiet\/gavle\/teknikprogrammet-pa-nti\/"]}]},{"@type":"BreadcrumbList","@id":"https:\/\/ntigymnasiet.se\/vetenskapsgymnasiet\/gavle\/teknikprogrammet-pa-nti\/#breadcrumb","itemListElement":[{"@type":"ListItem","position":1,"name":"Start","item":"https:\/\/ntigymnasiet.se\/vetenskapsgymnasiet\/gavle\/"},{"@type":"ListItem","position":2,"name":"Teknikprogrammet p\u00e5 NTI"}]},{"@type":"WebSite","@id":"https:\/\/ntigymnasiet.se\/vetenskapsgymnasiet\/gavle\/#website","url":"https:\/\/ntigymnasiet.se\/vetenskapsgymnasiet\/gavle\/","name":"G\u00e4vle","description":"Just another WordPress site","potentialAction":[{"@type":"SearchAction","target":{"@type":"EntryPoint","urlTemplate":"https:\/\/ntigymnasiet.se\/vetenskapsgymnasiet\/gavle\/?s={search_term_string}"},"query-input":"required name=search_term_string"}],"inLanguage":"sv-SE"}]}},"_links":{"self":[{"href":"https:\/\/ntigymnasiet.se\/vetenskapsgymnasiet\/gavle\/wp-json\/wp\/v2\/pages\/1806"}],"collection":[{"href":"https:\/\/ntigymnasiet.se\/vetenskapsgymnasiet\/gavle\/wp-json\/wp\/v2\/pages"}],"about":[{"href":"https:\/\/ntigymnasiet.se\/vetenskapsgymnasiet\/gavle\/wp-json\/wp\/v2\/types\/page"}],"author":[{"embeddable":true,"href":"https:\/\/ntigymnasiet.se\/vetenskapsgymnasiet\/gavle\/wp-json\/wp\/v2\/users\/22"}],"replies":[{"embeddable":true,"href":"https:\/\/ntigymnasiet.se\/vetenskapsgymnasiet\/gavle\/wp-json\/wp\/v2\/comments?post=1806"}],"version-history":[{"count":11,"href":"https:\/\/ntigymnasiet.se\/vetenskapsgymnasiet\/gavle\/wp-json\/wp\/v2\/pages\/1806\/revisions"}],"predecessor-version":[{"id":1857,"href":"https:\/\/ntigymnasiet.se\/vetenskapsgymnasiet\/gavle\/wp-json\/wp\/v2\/pages\/1806\/revisions\/1857"}],"wp:featuredmedia":[{"embeddable":true,"href":"https:\/\/ntigymnasiet.se\/vetenskapsgymnasiet\/gavle\/wp-json\/wp\/v2\/media\/1818"}],"wp:attachment":[{"href":"https:\/\/ntigymnasiet.se\/vetenskapsgymnasiet\/gavle\/wp-json\/wp\/v2\/media?parent=1806"}],"curies":[{"name":"wp","href":"https:\/\/api.w.org\/{rel}","templated":true}]}}