{"id":1891,"date":"2025-12-03T09:08:54","date_gmt":"2025-12-03T08:08:54","guid":{"rendered":"https:\/\/ntigymnasiet.se\/vetenskapsgymnasiet\/gavle\/?page_id=1891"},"modified":"2025-12-03T09:08:55","modified_gmt":"2025-12-03T08:08:55","slug":"elevintervjuer","status":"publish","type":"page","link":"https:\/\/ntigymnasiet.se\/vetenskapsgymnasiet\/gavle\/elevintervjuer\/","title":{"rendered":"Elevintervjuer"},"content":{"rendered":"\n\n\n<section  class=\"ams-testimonial testimonial_module c-block l-stacked js-load-more\" data-color-scheme=\"bakgrund-card-primar1-light-hover-standard_standard\" data-count=\"4\" data-count-mobile=\"2\">\n\t<div class=\"l-container l-stack l-stack-fluid-2xl u-pt-fluid-3xl-6xl u-pb-fluid-3xl-6xl is-center is-center@md\">\n\t\t\t\t\t<div class=\"ams-testimonial__intro l-stack l-stack-lg\">\n\t\t\t\t\t\n\t<h1\n\tclass=\"c-heading u-font-title-1 \"\n\tstyle=\"\">\n\t\t\n\t\t\t\t\tElevintervjuer\n\t\t\t\t\n\t<\/h1>\n\n\t\t\t\t\t\t\t<\/div>\n\t\t\n\t\t\n\t\n\t\t\n\t\t\t\n<ul\n\tid=\"ams-testimonial-list-69f2aae68645a\"\n\tclass=\"ams-testimonial__list  l-grid u-gap-fluid-2xl-4xl js-results \"\n\tdata-filter-animation=\"off\">\n\t\t\t\t\t\t\t\t\t\t\t\n\t\t\n\t\t\n\t\t<li class=\"l-col-6@md \" data-filter=\"nanap naturvetenskapsprogrammet april-2026\">\n\t\t\t<article class=\"c-card has-media-zoom \" data-variant=\"inside-half\" data-click-area>\n\t\t\t\t<div class=\"c-card__content l-stack l-stack-sm is-left is-left@md\">\n\t\t\t\t\t\t\t\t\t\t\t<blockquote class=\"c-card__title u-font-title-3\">\n\t\t\t\t\t\t\t\t\t\t\t\t\t\t\t<p class=\"u-quote-marks\"><a href=\"https:\/\/ntigymnasiet.se\/vetenskapsgymnasiet\/gavle\/elevintervjuer\/lokal\/naturvetenskapsprogrammet-veronica\" class=\"link\">Bioteknik \u00e4r verkligen n\u00e5got man ska satsa p\u00e5 om man vill ha ett bra jobb och bidra i framtiden&#8230;.<\/a><\/p>\n\t\t\t\t\t\t\t\t\t\t\t\t\t<\/blockquote>\n\t\t\t\t\t\n\t\t\t\t\t\t\t\t\t\t\t<p class=\"c-card__text l-stack-grow u-divider-top u-font-body\">\n\t\t\t\t\t\t\t<span class=\"author u-mr-fluid-lg\">Veronica<\/span>\n\t\t\t\t\t\t\t<span class=\"title u-mr-fluid-lg\">Naturvetenskap<\/span>\n\t\t\t\t\t\t<\/p>\n\t\t\t\t\t\n\t\t\t\t\t<div class=\"c-card__icon\">\n\t\t\t\t\t\t<svg class=\"ams-icon ams-icon--arrow-right\" width=\"32\" height=\"32\" viewBox=\"0 0 32 32\" fill=\"currentColor\" aria-hidden=\"true\" xmlns=\"http:\/\/www.w3.org\/2000\/svg\">\n\t\t\t\t\t\t\t<path d=\"M15.4617 0.252159L14.9567 0.75931C14.6219 1.09545 14.6219 1.64048 14.9567 1.97669L27.7062 14.7806H0.857144C0.383786 14.7806 0 15.166 0 15.6414V16.3587C0 16.8341 0.383786 17.2195 0.857144 17.2195H27.7062L14.9567 30.0234C14.6219 30.3595 14.6219 30.9045 14.9567 31.2407L15.4617 31.7479C15.7964 32.084 16.3392 32.084 16.6739 31.7479L31.749 16.6087C32.0837 16.2725 32.0837 15.7275 31.749 15.3913L16.6739 0.252159C16.3392 -0.084053 15.7964 -0.084053 15.4617 0.252159Z\"\/>\n\t\t\t\t\t\t<\/svg>\n\t\t\t\t\t<\/div>\n\t\t\t\t<\/div>\n\t\t\t\t<div class=\"c-card__media\" style=\" \">\n\t\t\t\t\t<img decoding=\"async\" width=\"600\" height=\"800\" src=\"https:\/\/ntigymnasiet.se\/wp-content\/uploads\/2026\/01\/elevreportage-veronica-600x800.jpg\" class=\"attachment-md size-md\" alt=\"Eleven Veronica.\" sizes=\"(min-width: 80em) 600px, (min-width: 48em) calc(.50 * (100vw - 240px)), calc(100vw - 160px)\" srcset=\"https:\/\/ntigymnasiet.se\/wp-content\/uploads\/2026\/01\/elevreportage-veronica-600x800.jpg 600w, https:\/\/ntigymnasiet.se\/wp-content\/uploads\/2026\/01\/elevreportage-veronica-300x400.jpg 300w, https:\/\/ntigymnasiet.se\/wp-content\/uploads\/2026\/01\/elevreportage-veronica-400x533.jpg 400w, https:\/\/ntigymnasiet.se\/wp-content\/uploads\/2026\/01\/elevreportage-veronica-800x1067.jpg 800w, https:\/\/ntigymnasiet.se\/wp-content\/uploads\/2026\/01\/elevreportage-veronica-1024x1365.jpg 1024w, https:\/\/ntigymnasiet.se\/wp-content\/uploads\/2026\/01\/elevreportage-veronica-1200x1600.jpg 1200w, https:\/\/ntigymnasiet.se\/wp-content\/uploads\/2026\/01\/elevreportage-veronica-scaled.jpg 1920w\" \/>\n\t\t\t\t<\/div>\n\t\t\t<\/article>\n\t\t<\/li>\n\t\t\t\t\t\t\t\t\t\t\t\n\t\t\n\t\t\n\t\t<li class=\"l-col-6@md \" data-filter=\"teknikprogrammet tetep juni-2026\">\n\t\t\t<article class=\"c-card has-media-zoom \" data-variant=\"inside-half\" data-click-area>\n\t\t\t\t<div class=\"c-card__content l-stack l-stack-sm is-left is-left@md\">\n\t\t\t\t\t\t\t\t\t\t\t<blockquote class=\"c-card__title u-font-title-3\">\n\t\t\t\t\t\t\t\t\t\t\t\t\t\t\t<p class=\"u-quote-marks\"><a href=\"https:\/\/ntigymnasiet.se\/vetenskapsgymnasiet\/gavle\/elevintervjuer\/lokal\/teknikprogrammet-sara\" class=\"link\">Jag vill plugga vidare p\u00e5 Chalmers&#8230;.<\/a><\/p>\n\t\t\t\t\t\t\t\t\t\t\t\t\t<\/blockquote>\n\t\t\t\t\t\n\t\t\t\t\t\t\t\t\t\t\t<p class=\"c-card__text l-stack-grow u-divider-top u-font-body\">\n\t\t\t\t\t\t\t<span class=\"author u-mr-fluid-lg\">Sara<\/span>\n\t\t\t\t\t\t\t<span class=\"title u-mr-fluid-lg\">Teknikprogrammet<\/span>\n\t\t\t\t\t\t<\/p>\n\t\t\t\t\t\n\t\t\t\t\t<div class=\"c-card__icon\">\n\t\t\t\t\t\t<svg class=\"ams-icon ams-icon--arrow-right\" width=\"32\" height=\"32\" viewBox=\"0 0 32 32\" fill=\"currentColor\" aria-hidden=\"true\" xmlns=\"http:\/\/www.w3.org\/2000\/svg\">\n\t\t\t\t\t\t\t<path d=\"M15.4617 0.252159L14.9567 0.75931C14.6219 1.09545 14.6219 1.64048 14.9567 1.97669L27.7062 14.7806H0.857144C0.383786 14.7806 0 15.166 0 15.6414V16.3587C0 16.8341 0.383786 17.2195 0.857144 17.2195H27.7062L14.9567 30.0234C14.6219 30.3595 14.6219 30.9045 14.9567 31.2407L15.4617 31.7479C15.7964 32.084 16.3392 32.084 16.6739 31.7479L31.749 16.6087C32.0837 16.2725 32.0837 15.7275 31.749 15.3913L16.6739 0.252159C16.3392 -0.084053 15.7964 -0.084053 15.4617 0.252159Z\"\/>\n\t\t\t\t\t\t<\/svg>\n\t\t\t\t\t<\/div>\n\t\t\t\t<\/div>\n\t\t\t\t<div class=\"c-card__media\" style=\" \">\n\t\t\t\t\t<img decoding=\"async\" width=\"600\" height=\"451\" src=\"https:\/\/ntigymnasiet.se\/wp-content\/uploads\/2025\/06\/saratek5av66jpg-1-1-600x451.png\" class=\"attachment-md size-md\" alt=\"Eleven Sara.\" sizes=\"(min-width: 80em) 600px, (min-width: 48em) calc(.50 * (100vw - 240px)), calc(100vw - 160px)\" srcset=\"https:\/\/ntigymnasiet.se\/wp-content\/uploads\/2025\/06\/saratek5av66jpg-1-1-600x451.png 600w, https:\/\/ntigymnasiet.se\/wp-content\/uploads\/2025\/06\/saratek5av66jpg-1-1-300x226.png 300w, https:\/\/ntigymnasiet.se\/wp-content\/uploads\/2025\/06\/saratek5av66jpg-1-1-400x301.png 400w, https:\/\/ntigymnasiet.se\/wp-content\/uploads\/2025\/06\/saratek5av66jpg-1-1-800x602.png 800w, https:\/\/ntigymnasiet.se\/wp-content\/uploads\/2025\/06\/saratek5av66jpg-1-1-1024x770.png 1024w, https:\/\/ntigymnasiet.se\/wp-content\/uploads\/2025\/06\/saratek5av66jpg-1-1-1200x902.png 1200w, https:\/\/ntigymnasiet.se\/wp-content\/uploads\/2025\/06\/saratek5av66jpg-1-1-768x576.png 768w\" \/>\n\t\t\t\t<\/div>\n\t\t\t<\/article>\n\t\t<\/li>\n\t\t\t\t\t\t\t\t\t\t\t\n\t\t\n\t\t\n\t\t<li class=\"l-col-6@md \" data-filter=\"teinm teknikprogrammet tetep augusti-2026\">\n\t\t\t<article class=\"c-card has-media-zoom \" data-variant=\"inside-half\" data-click-area>\n\t\t\t\t<div class=\"c-card__content l-stack l-stack-sm is-left is-left@md\">\n\t\t\t\t\t\t\t\t\t\t\t<blockquote class=\"c-card__title u-font-title-3\">\n\t\t\t\t\t\t\t\t\t\t\t\t\t\t\t<p class=\"u-quote-marks\"><a href=\"https:\/\/ntigymnasiet.se\/vetenskapsgymnasiet\/gavle\/elevintervjuer\/lokal\/teknikprogrammet-3\" class=\"link\">Det b\u00e4sta med Teknikprogrammet \u00e4r programmering&#8230;<\/a><\/p>\n\t\t\t\t\t\t\t\t\t\t\t\t\t<\/blockquote>\n\t\t\t\t\t\n\t\t\t\t\t\t\t\t\t\t\t<p class=\"c-card__text l-stack-grow u-divider-top u-font-body\">\n\t\t\t\t\t\t\t<span class=\"author u-mr-fluid-lg\">Markus<\/span>\n\t\t\t\t\t\t\t<span class=\"title u-mr-fluid-lg\">Teknikprogrammet<\/span>\n\t\t\t\t\t\t<\/p>\n\t\t\t\t\t\n\t\t\t\t\t<div class=\"c-card__icon\">\n\t\t\t\t\t\t<svg class=\"ams-icon ams-icon--arrow-right\" width=\"32\" height=\"32\" viewBox=\"0 0 32 32\" fill=\"currentColor\" aria-hidden=\"true\" xmlns=\"http:\/\/www.w3.org\/2000\/svg\">\n\t\t\t\t\t\t\t<path d=\"M15.4617 0.252159L14.9567 0.75931C14.6219 1.09545 14.6219 1.64048 14.9567 1.97669L27.7062 14.7806H0.857144C0.383786 14.7806 0 15.166 0 15.6414V16.3587C0 16.8341 0.383786 17.2195 0.857144 17.2195H27.7062L14.9567 30.0234C14.6219 30.3595 14.6219 30.9045 14.9567 31.2407L15.4617 31.7479C15.7964 32.084 16.3392 32.084 16.6739 31.7479L31.749 16.6087C32.0837 16.2725 32.0837 15.7275 31.749 15.3913L16.6739 0.252159C16.3392 -0.084053 15.7964 -0.084053 15.4617 0.252159Z\"\/>\n\t\t\t\t\t\t<\/svg>\n\t\t\t\t\t<\/div>\n\t\t\t\t<\/div>\n\t\t\t\t<div class=\"c-card__media\" style=\" \">\n\t\t\t\t\t<img decoding=\"async\" width=\"400\" height=\"296\" src=\"https:\/\/ntigymnasiet.se\/wp-content\/uploads\/2023\/08\/markus-piotrowski-teknikprogrammet-2021-1-400x296.png\" class=\"attachment-md size-md\" alt=\"Markus Piotrowski p\u00e5 Teknikprogrammet.\" sizes=\"(min-width: 80em) 600px, (min-width: 48em) calc(.50 * (100vw - 240px)), calc(100vw - 160px)\" srcset=\"https:\/\/ntigymnasiet.se\/wp-content\/uploads\/2023\/08\/markus-piotrowski-teknikprogrammet-2021-1-400x296.png 400w, https:\/\/ntigymnasiet.se\/wp-content\/uploads\/2023\/08\/markus-piotrowski-teknikprogrammet-2021-1-300x222.png 300w, https:\/\/ntigymnasiet.se\/wp-content\/uploads\/2023\/08\/markus-piotrowski-teknikprogrammet-2021-1-1024x758.png 1024w, https:\/\/ntigymnasiet.se\/wp-content\/uploads\/2023\/08\/markus-piotrowski-teknikprogrammet-2021-1-768x569.png 768w, https:\/\/ntigymnasiet.se\/wp-content\/uploads\/2023\/08\/markus-piotrowski-teknikprogrammet-2021-1-500x370.png 500w, https:\/\/ntigymnasiet.se\/wp-content\/uploads\/2023\/08\/markus-piotrowski-teknikprogrammet-2021-1-309x229.png 309w, https:\/\/ntigymnasiet.se\/wp-content\/uploads\/2023\/08\/markus-piotrowski-teknikprogrammet-2021-1-340x252.png 340w, https:\/\/ntigymnasiet.se\/wp-content\/uploads\/2023\/08\/markus-piotrowski-teknikprogrammet-2021-1-905x670.png 905w, https:\/\/ntigymnasiet.se\/wp-content\/uploads\/2023\/08\/markus-piotrowski-teknikprogrammet-2021-1-600x444.png 600w, https:\/\/ntigymnasiet.se\/wp-content\/uploads\/2023\/08\/markus-piotrowski-teknikprogrammet-2021-1.png 1094w\" \/>\n\t\t\t\t<\/div>\n\t\t\t<\/article>\n\t\t<\/li>\n\t\t\t\t\t\t\t\t\t\t\t\n\t\t\n\t\t\n\t\t<li class=\"l-col-6@md \" data-filter=\"teinm teknikprogrammet tetep april-2026\">\n\t\t\t<article class=\"c-card has-media-zoom \" data-variant=\"inside-half\" data-click-area>\n\t\t\t\t<div class=\"c-card__content l-stack l-stack-sm is-left is-left@md\">\n\t\t\t\t\t\t\t\t\t\t\t<blockquote class=\"c-card__title u-font-title-3\">\n\t\t\t\t\t\t\t\t\t\t\t\t\t\t\t<p class=\"u-quote-marks\"><a href=\"https:\/\/ntigymnasiet.se\/vetenskapsgymnasiet\/gavle\/elevintervjuer\/lokal\/teknikprogrammet-2\" class=\"link\">Att g\u00e5 teknik \u00e4r s\u00e5 h\u00e4ftigt! Du f\u00e5r s\u00e5 mycket ny kunskap och blir f\u00f6rberedd f\u00f6r framtiden&#8230;<\/a><\/p>\n\t\t\t\t\t\t\t\t\t\t\t\t\t<\/blockquote>\n\t\t\t\t\t\n\t\t\t\t\t\t\t\t\t\t\t<p class=\"c-card__text l-stack-grow u-divider-top u-font-body\">\n\t\t\t\t\t\t\t<span class=\"author u-mr-fluid-lg\">Adam<\/span>\n\t\t\t\t\t\t\t<span class=\"title u-mr-fluid-lg\">Teknikprogrammet<\/span>\n\t\t\t\t\t\t<\/p>\n\t\t\t\t\t\n\t\t\t\t\t<div class=\"c-card__icon\">\n\t\t\t\t\t\t<svg class=\"ams-icon ams-icon--arrow-right\" width=\"32\" height=\"32\" viewBox=\"0 0 32 32\" fill=\"currentColor\" aria-hidden=\"true\" xmlns=\"http:\/\/www.w3.org\/2000\/svg\">\n\t\t\t\t\t\t\t<path d=\"M15.4617 0.252159L14.9567 0.75931C14.6219 1.09545 14.6219 1.64048 14.9567 1.97669L27.7062 14.7806H0.857144C0.383786 14.7806 0 15.166 0 15.6414V16.3587C0 16.8341 0.383786 17.2195 0.857144 17.2195H27.7062L14.9567 30.0234C14.6219 30.3595 14.6219 30.9045 14.9567 31.2407L15.4617 31.7479C15.7964 32.084 16.3392 32.084 16.6739 31.7479L31.749 16.6087C32.0837 16.2725 32.0837 15.7275 31.749 15.3913L16.6739 0.252159C16.3392 -0.084053 15.7964 -0.084053 15.4617 0.252159Z\"\/>\n\t\t\t\t\t\t<\/svg>\n\t\t\t\t\t<\/div>\n\t\t\t\t<\/div>\n\t\t\t\t<div class=\"c-card__media\" style=\" \">\n\t\t\t\t\t<img decoding=\"async\" width=\"600\" height=\"532\" src=\"https:\/\/ntigymnasiet.se\/wp-content\/uploads\/2023\/05\/nti-intervju-teknik-2022-600x532.jpeg\" class=\"attachment-md size-md\" alt=\"Elev i jacka st\u00e5r framf\u00f6r en v\u00e4gg.\" sizes=\"(min-width: 80em) 600px, (min-width: 48em) calc(.50 * (100vw - 240px)), calc(100vw - 160px)\" srcset=\"https:\/\/ntigymnasiet.se\/wp-content\/uploads\/2023\/05\/nti-intervju-teknik-2022-600x532.jpeg 600w, https:\/\/ntigymnasiet.se\/wp-content\/uploads\/2023\/05\/nti-intervju-teknik-2022-300x266.jpeg 300w, https:\/\/ntigymnasiet.se\/wp-content\/uploads\/2023\/05\/nti-intervju-teknik-2022-400x355.jpeg 400w, https:\/\/ntigymnasiet.se\/wp-content\/uploads\/2023\/05\/nti-intervju-teknik-2022-800x709.jpeg 800w, https:\/\/ntigymnasiet.se\/wp-content\/uploads\/2023\/05\/nti-intervju-teknik-2022-1024x908.jpeg 1024w, https:\/\/ntigymnasiet.se\/wp-content\/uploads\/2023\/05\/nti-intervju-teknik-2022-1200x1064.jpeg 1200w\" \/>\n\t\t\t\t<\/div>\n\t\t\t<\/article>\n\t\t<\/li>\n\t\t\t\t\t\t\t\t\t\t\t\n\t\t\n\t\t\n\t\t<li class=\"l-col-6@md \" data-filter=\"nanap naturvetenskapsprogrammet april-2026\">\n\t\t\t<article class=\"c-card has-media-zoom \" data-variant=\"inside-half\" data-click-area>\n\t\t\t\t<div class=\"c-card__content l-stack l-stack-sm is-left is-left@md\">\n\t\t\t\t\t\t\t\t\t\t\t<blockquote class=\"c-card__title u-font-title-3\">\n\t\t\t\t\t\t\t\t\t\t\t\t\t\t\t<p class=\"u-quote-marks\"><a href=\"https:\/\/ntigymnasiet.se\/vetenskapsgymnasiet\/gavle\/elevintervjuer\/lokal\/naturvetenskap-1\" class=\"link\">Jag tycker att evolution \u00e4r extra roligt, men ocks\u00e5 v\u00e4xt- och djurfysiologi&#8230;<\/a><\/p>\n\t\t\t\t\t\t\t\t\t\t\t\t\t<\/blockquote>\n\t\t\t\t\t\n\t\t\t\t\t\t\t\t\t\t\t<p class=\"c-card__text l-stack-grow u-divider-top u-font-body\">\n\t\t\t\t\t\t\t<span class=\"author u-mr-fluid-lg\">Milkyas<\/span>\n\t\t\t\t\t\t\t<span class=\"title u-mr-fluid-lg\">Naturvetenskap<\/span>\n\t\t\t\t\t\t<\/p>\n\t\t\t\t\t\n\t\t\t\t\t<div class=\"c-card__icon\">\n\t\t\t\t\t\t<svg class=\"ams-icon ams-icon--arrow-right\" width=\"32\" height=\"32\" viewBox=\"0 0 32 32\" fill=\"currentColor\" aria-hidden=\"true\" xmlns=\"http:\/\/www.w3.org\/2000\/svg\">\n\t\t\t\t\t\t\t<path d=\"M15.4617 0.252159L14.9567 0.75931C14.6219 1.09545 14.6219 1.64048 14.9567 1.97669L27.7062 14.7806H0.857144C0.383786 14.7806 0 15.166 0 15.6414V16.3587C0 16.8341 0.383786 17.2195 0.857144 17.2195H27.7062L14.9567 30.0234C14.6219 30.3595 14.6219 30.9045 14.9567 31.2407L15.4617 31.7479C15.7964 32.084 16.3392 32.084 16.6739 31.7479L31.749 16.6087C32.0837 16.2725 32.0837 15.7275 31.749 15.3913L16.6739 0.252159C16.3392 -0.084053 15.7964 -0.084053 15.4617 0.252159Z\"\/>\n\t\t\t\t\t\t<\/svg>\n\t\t\t\t\t<\/div>\n\t\t\t\t<\/div>\n\t\t\t\t<div class=\"c-card__media\" style=\" \">\n\t\t\t\t\t<img decoding=\"async\" width=\"600\" height=\"418\" src=\"https:\/\/ntigymnasiet.se\/wp-content\/uploads\/2023\/05\/nti-elevintervjuer-natursam-230331-1-1-scaled-600x418.jpg\" class=\"attachment-md size-md\" alt=\"NTI Elevintervjuer.\" sizes=\"(min-width: 80em) 600px, (min-width: 48em) calc(.50 * (100vw - 240px)), calc(100vw - 160px)\" srcset=\"https:\/\/ntigymnasiet.se\/wp-content\/uploads\/2023\/05\/nti-elevintervjuer-natursam-230331-1-1-scaled-600x418.jpg 600w, https:\/\/ntigymnasiet.se\/wp-content\/uploads\/2023\/05\/nti-elevintervjuer-natursam-230331-1-1-scaled-300x209.jpg 300w, https:\/\/ntigymnasiet.se\/wp-content\/uploads\/2023\/05\/nti-elevintervjuer-natursam-230331-1-1-scaled-400x279.jpg 400w, https:\/\/ntigymnasiet.se\/wp-content\/uploads\/2023\/05\/nti-elevintervjuer-natursam-230331-1-1-scaled-800x558.jpg 800w, https:\/\/ntigymnasiet.se\/wp-content\/uploads\/2023\/05\/nti-elevintervjuer-natursam-230331-1-1-scaled-1024x714.jpg 1024w, https:\/\/ntigymnasiet.se\/wp-content\/uploads\/2023\/05\/nti-elevintervjuer-natursam-230331-1-1-scaled-1200x836.jpg 1200w\" \/>\n\t\t\t\t<\/div>\n\t\t\t<\/article>\n\t\t<\/li>\n\t<\/ul>\n\t\n\t<div class=\"no-results u-mt-0 u-hide\" data-filter-fallback-id=\"ams-testimonial-list-69f2aae68645a\">\n\t<p>Det finns inga resultat som matchar din filtrering.<\/p>\n<\/div>\n\n\t    <div class=\"ams-testimonial__more u-inline-items js-load-more-btn\">\n        <button href=\"#\"\n                class=\"c-btn\"\n                data-style=\"rounded\"\n                data-size=\"md\"\n                data-width=\"full-mobile\"\n                data-variant=\"default\">\n        \tVisa fler intervjuer\n        <\/button>\n    <\/div>\n\n\n\t\t\n\t\t\t<\/div>\n\n\t\t\n\n<\/section>\n","protected":false},"excerpt":{"rendered":"","protected":false},"author":22,"featured_media":0,"parent":0,"menu_order":0,"comment_status":"closed","ping_status":"closed","template":"","meta":{"footnotes":""},"yoast_head":"<!-- This site is optimized with the Yoast SEO plugin v22.0 - https:\/\/yoast.com\/wordpress\/plugins\/seo\/ -->\n<title>G\u00e4vle<\/title>\n<meta name=\"description\" content=\"Se elevintervjuer med v\u00e5ra nuvarande och tidigare elever. L\u00e4s vad de tar med sig fr\u00e5n sitt program och om deras planer efter gymnasiet.\" \/>\n<meta name=\"robots\" content=\"index, follow, max-snippet:-1, max-image-preview:large, max-video-preview:-1\" \/>\n<link rel=\"canonical\" href=\"https:\/\/ntigymnasiet.se\/vetenskapsgymnasiet\/gavle\/elevintervjuer\/\" \/>\n<meta property=\"og:locale\" content=\"sv_SE\" \/>\n<meta property=\"og:type\" content=\"article\" \/>\n<meta property=\"og:description\" content=\"Se elevintervjuer med v\u00e5ra nuvarande och tidigare elever. L\u00e4s vad de tar med sig fr\u00e5n sitt program och om deras planer efter gymnasiet.\" \/>\n<meta property=\"og:url\" content=\"https:\/\/ntigymnasiet.se\/vetenskapsgymnasiet\/gavle\/elevintervjuer\/\" \/>\n<meta property=\"og:site_name\" content=\"G\u00e4vle\" \/>\n<meta property=\"article:modified_time\" content=\"2025-12-03T08:08:55+00:00\" \/>\n<meta name=\"twitter:card\" content=\"summary_large_image\" \/>\n<meta name=\"twitter:description\" content=\"Se elevintervjuer med v\u00e5ra nuvarande och tidigare elever. L\u00e4s vad de tar med sig fr\u00e5n sitt program och om deras planer efter gymnasiet.\" \/>\n<script type=\"application\/ld+json\" class=\"yoast-schema-graph\">{\"@context\":\"https:\/\/schema.org\",\"@graph\":[{\"@type\":\"WebPage\",\"@id\":\"https:\/\/ntigymnasiet.se\/vetenskapsgymnasiet\/gavle\/elevintervjuer\/\",\"url\":\"https:\/\/ntigymnasiet.se\/vetenskapsgymnasiet\/gavle\/elevintervjuer\/\",\"name\":\"Elevintervjuer - G\u00e4vle\",\"isPartOf\":{\"@id\":\"https:\/\/ntigymnasiet.se\/vetenskapsgymnasiet\/gavle\/#website\"},\"datePublished\":\"2025-12-03T08:08:54+00:00\",\"dateModified\":\"2025-12-03T08:08:55+00:00\",\"description\":\"Se elevintervjuer med v\u00e5ra nuvarande och tidigare elever. L\u00e4s vad de tar med sig fr\u00e5n sitt program och om deras planer efter gymnasiet.\",\"breadcrumb\":{\"@id\":\"https:\/\/ntigymnasiet.se\/vetenskapsgymnasiet\/gavle\/elevintervjuer\/#breadcrumb\"},\"inLanguage\":\"sv-SE\",\"potentialAction\":[{\"@type\":\"ReadAction\",\"target\":[\"https:\/\/ntigymnasiet.se\/vetenskapsgymnasiet\/gavle\/elevintervjuer\/\"]}]},{\"@type\":\"BreadcrumbList\",\"@id\":\"https:\/\/ntigymnasiet.se\/vetenskapsgymnasiet\/gavle\/elevintervjuer\/#breadcrumb\",\"itemListElement\":[{\"@type\":\"ListItem\",\"position\":1,\"name\":\"Start\",\"item\":\"https:\/\/ntigymnasiet.se\/vetenskapsgymnasiet\/gavle\/\"},{\"@type\":\"ListItem\",\"position\":2,\"name\":\"Elevintervjuer\"}]},{\"@type\":\"WebSite\",\"@id\":\"https:\/\/ntigymnasiet.se\/vetenskapsgymnasiet\/gavle\/#website\",\"url\":\"https:\/\/ntigymnasiet.se\/vetenskapsgymnasiet\/gavle\/\",\"name\":\"G\u00e4vle\",\"description\":\"Just another WordPress site\",\"potentialAction\":[{\"@type\":\"SearchAction\",\"target\":{\"@type\":\"EntryPoint\",\"urlTemplate\":\"https:\/\/ntigymnasiet.se\/vetenskapsgymnasiet\/gavle\/?s={search_term_string}\"},\"query-input\":\"required name=search_term_string\"}],\"inLanguage\":\"sv-SE\"}]}<\/script>\n<!-- \/ Yoast SEO plugin. -->","yoast_head_json":{"title":"G\u00e4vle","description":"Se elevintervjuer med v\u00e5ra nuvarande och tidigare elever. L\u00e4s vad de tar med sig fr\u00e5n sitt program och om deras planer efter gymnasiet.","robots":{"index":"index","follow":"follow","max-snippet":"max-snippet:-1","max-image-preview":"max-image-preview:large","max-video-preview":"max-video-preview:-1"},"canonical":"https:\/\/ntigymnasiet.se\/vetenskapsgymnasiet\/gavle\/elevintervjuer\/","og_locale":"sv_SE","og_type":"article","og_description":"Se elevintervjuer med v\u00e5ra nuvarande och tidigare elever. L\u00e4s vad de tar med sig fr\u00e5n sitt program och om deras planer efter gymnasiet.","og_url":"https:\/\/ntigymnasiet.se\/vetenskapsgymnasiet\/gavle\/elevintervjuer\/","og_site_name":"G\u00e4vle","article_modified_time":"2025-12-03T08:08:55+00:00","twitter_card":"summary_large_image","twitter_description":"Se elevintervjuer med v\u00e5ra nuvarande och tidigare elever. L\u00e4s vad de tar med sig fr\u00e5n sitt program och om deras planer efter gymnasiet.","schema":{"@context":"https:\/\/schema.org","@graph":[{"@type":"WebPage","@id":"https:\/\/ntigymnasiet.se\/vetenskapsgymnasiet\/gavle\/elevintervjuer\/","url":"https:\/\/ntigymnasiet.se\/vetenskapsgymnasiet\/gavle\/elevintervjuer\/","name":"Elevintervjuer - G\u00e4vle","isPartOf":{"@id":"https:\/\/ntigymnasiet.se\/vetenskapsgymnasiet\/gavle\/#website"},"datePublished":"2025-12-03T08:08:54+00:00","dateModified":"2025-12-03T08:08:55+00:00","description":"Se elevintervjuer med v\u00e5ra nuvarande och tidigare elever. L\u00e4s vad de tar med sig fr\u00e5n sitt program och om deras planer efter gymnasiet.","breadcrumb":{"@id":"https:\/\/ntigymnasiet.se\/vetenskapsgymnasiet\/gavle\/elevintervjuer\/#breadcrumb"},"inLanguage":"sv-SE","potentialAction":[{"@type":"ReadAction","target":["https:\/\/ntigymnasiet.se\/vetenskapsgymnasiet\/gavle\/elevintervjuer\/"]}]},{"@type":"BreadcrumbList","@id":"https:\/\/ntigymnasiet.se\/vetenskapsgymnasiet\/gavle\/elevintervjuer\/#breadcrumb","itemListElement":[{"@type":"ListItem","position":1,"name":"Start","item":"https:\/\/ntigymnasiet.se\/vetenskapsgymnasiet\/gavle\/"},{"@type":"ListItem","position":2,"name":"Elevintervjuer"}]},{"@type":"WebSite","@id":"https:\/\/ntigymnasiet.se\/vetenskapsgymnasiet\/gavle\/#website","url":"https:\/\/ntigymnasiet.se\/vetenskapsgymnasiet\/gavle\/","name":"G\u00e4vle","description":"Just another WordPress site","potentialAction":[{"@type":"SearchAction","target":{"@type":"EntryPoint","urlTemplate":"https:\/\/ntigymnasiet.se\/vetenskapsgymnasiet\/gavle\/?s={search_term_string}"},"query-input":"required name=search_term_string"}],"inLanguage":"sv-SE"}]}},"_links":{"self":[{"href":"https:\/\/ntigymnasiet.se\/vetenskapsgymnasiet\/gavle\/wp-json\/wp\/v2\/pages\/1891"}],"collection":[{"href":"https:\/\/ntigymnasiet.se\/vetenskapsgymnasiet\/gavle\/wp-json\/wp\/v2\/pages"}],"about":[{"href":"https:\/\/ntigymnasiet.se\/vetenskapsgymnasiet\/gavle\/wp-json\/wp\/v2\/types\/page"}],"author":[{"embeddable":true,"href":"https:\/\/ntigymnasiet.se\/vetenskapsgymnasiet\/gavle\/wp-json\/wp\/v2\/users\/22"}],"replies":[{"embeddable":true,"href":"https:\/\/ntigymnasiet.se\/vetenskapsgymnasiet\/gavle\/wp-json\/wp\/v2\/comments?post=1891"}],"version-history":[{"count":1,"href":"https:\/\/ntigymnasiet.se\/vetenskapsgymnasiet\/gavle\/wp-json\/wp\/v2\/pages\/1891\/revisions"}],"predecessor-version":[{"id":1892,"href":"https:\/\/ntigymnasiet.se\/vetenskapsgymnasiet\/gavle\/wp-json\/wp\/v2\/pages\/1891\/revisions\/1892"}],"wp:attachment":[{"href":"https:\/\/ntigymnasiet.se\/vetenskapsgymnasiet\/gavle\/wp-json\/wp\/v2\/media?parent=1891"}],"curies":[{"name":"wp","href":"https:\/\/api.w.org\/{rel}","templated":true}]}}