{"id":195,"date":"2023-03-31T16:51:39","date_gmt":"2023-03-31T14:51:39","guid":{"rendered":"https:\/\/ntigymnasiet.se\/vetenskapsgymnasiet\/gavle\/?page_id=195"},"modified":"2024-01-31T15:11:49","modified_gmt":"2024-01-31T14:11:49","slug":"elevhalsa","status":"publish","type":"page","link":"https:\/\/ntigymnasiet.se\/vetenskapsgymnasiet\/gavle\/var-skola\/elevhalsa\/","title":{"rendered":"Elevh\u00e4lsa"},"content":{"rendered":"\n\t\n\t\n\t\n\n\n\t\n\t\t\n<section  class=\"c-block l-stacked  \" data-color-scheme=\"vit\">\n\t<div class=\"ams-fifty ams-fifty--container ams-fifty--right ams-fifty--top l-container u-pt-fluid-3xl-6xl u-pb-fluid-3xl-6xl\">\n\t\t<div class=\"ams-fifty__content l-stack l-stack-xl is-left@lg\">\n\t\t\t<div class=\"ams-fifty__text l-stack l-stack-lg\">\n\t\t\t\t\t\n\t<h1\n\tclass=\"c-heading u-font-title-1 \"\n\tstyle=\"\">\n\t\t\n\t\t\t\t\tElevh\u00e4lsa\n\t\t\t\t\n\t<\/h1>\n\n\t\t\t\t\t\t\t\t\t<div class=\"text l-stack u-font-body\">\n\t\t\t\t\t\t<p>Elevh\u00e4lsans uppdrag \u00e4r framf\u00f6rallt att arbeta f\u00f6rebyggande och h\u00e4lsofr\u00e4mjande s\u00e5 att du som elev ska m\u00e5 bra och f\u00e5 goda f\u00f6ruts\u00e4ttningar f\u00f6r att klara dina studier hos oss.<\/p>\n<p>Elevh\u00e4lsan arbetar f\u00f6r att alla elever ska ha goda f\u00f6ruts\u00e4ttningar att utvecklas s\u00e5 l\u00e5ngt som m\u00f6jligt. Vi arbetar st\u00e4ndigt med att g\u00f6ra skolan tillg\u00e4nglig f\u00f6r dig och dina klasskamrater. Om du beh\u00f6ver hj\u00e4lp, kontakta din l\u00e4rare eller n\u00e5gon i elevh\u00e4lsan. Vi finns h\u00e4r f\u00f6r dig och arbetar med att st\u00f6tta dig i din utveckling mot dina m\u00e5l. I elevh\u00e4lsan ing\u00e5r specialpedagog, kurator, skolsk\u00f6terska, rektor och studie- och yrkesv\u00e4gledare. Vid behov deltar skoll\u00e4kare och skolpsykolog.<\/p>\n\n\t\t\t\t\t<\/div>\n\t\t\t\t\t\t\t<\/div>\n\n\t\t\t\t\t<\/div>\n\n\t\t <div class=\"ams-fifty__media u-ratio-square\">\n\t\t \t\t\t\t\t<img decoding=\"async\" width=\"600\" height=\"600\" src=\"https:\/\/ntigymnasiet.se\/wp-content\/uploads\/sites\/3\/2023\/05\/nti-elevhalsa-202204-600x600.png\" class=\"attachment-md size-md\" alt=\"Elev arbetar med hydroponisk odling.\" sizes=\"(min-width: 64em) 600px, calc(100vw - 160px)\" srcset=\"https:\/\/ntigymnasiet.se\/wp-content\/uploads\/sites\/3\/2023\/05\/nti-elevhalsa-202204-600x600.png 600w, https:\/\/ntigymnasiet.se\/wp-content\/uploads\/sites\/3\/2023\/05\/nti-elevhalsa-202204-150x150.png 150w, https:\/\/ntigymnasiet.se\/wp-content\/uploads\/sites\/3\/2023\/05\/nti-elevhalsa-202204-300x300.png 300w, https:\/\/ntigymnasiet.se\/wp-content\/uploads\/sites\/3\/2023\/05\/nti-elevhalsa-202204-400x400.png 400w, https:\/\/ntigymnasiet.se\/wp-content\/uploads\/sites\/3\/2023\/05\/nti-elevhalsa-202204.png 700w\" \/>\n\t\t\t\n\t\t\t\n\t\t\t\t\t<\/div>\n\t<\/div>\n\n\t\t\n\n<\/section>\n\n\n\n<section \n\t\t class=\"\n\t\t ams-contact\n\t\t \n\t\t c-block l-stacked\n\t\t \n\t\t \n\t\t js-load-more\n\t\t \"\n\t\t data-color-scheme=\"nyans2_av_p2-hover-standard\"\n\t\t\t\t\tdata-count=\"3\"\n\t\t\t\t\t\t\tdata-count-mobile=\"2\"\n\t\t\t\t>\n\t<div\n\t\t class=\"\n\t\t l-container\n\t\t l-stack l-stack-fluid-2xl\n\t\t u-pt-fluid-3xl-6xl\n\t\t u-pb-fluid-3xl-6xl\n\t\t is-center\n\t\t is-center@md\n\t\t \">\n\t\t\t\t\t<div class=\"ams-contact__intro l-stack l-stack-lg\">\n\t\t\t\t\t\n\t<h2\n\tclass=\"c-heading u-font-title-1 \"\n\tstyle=\"\">\n\t\t\n\t\t\t\t\tKontakta elevh\u00e4lsan\n\t\t\t\t\n\t<\/h2>\n\n\t\t\t\t\t\t\t\t\t<div class=\"c-text l-stack u-cs-xl u-font-body\">\n\t\t\t\t\t\t<p>H\u00f6r av dig till oss i elevh\u00e4lsan om du har n\u00e5gra fr\u00e5gor.<\/p>\n\n\t\t\t\t\t<\/div>\n\t\t\t\t\t\t\t<\/div>\n\t\t\n\t\t\n\t\t    \t\n\t\t\n\t\t<ul\n\t\t\tid=\"contact-grid-69e651e75e3bf\"\n\t\t\tclass=\"ams-contact__list l-grid u-gap-fluid-2xl-4xl u-justify-center js-results \"\n\t\t\taria-label=\"Kontakter\"\n\t\t\tdata-filter-animation=\"off\"\n\t\t\t>\n\t\t\t\t\t\t\t\t\t\t\t\n\t\t\t\t\n\t\t\t\t<li class=\"l-col-6@md l-col-4@lg \" data-filter=\"elevhalsa\">\n\t\t\t\t\t<article class=\"c-card \" data-variant=\"neutral\">\n\t\t\t\t\t\t<div class=\"c-card__content u-text-center\">\n\t\t\t\t\t\t\t\t\t\t\t\t\t\t\t<h3 class=\"c-card__title u-font-title-3\">\n\t\t\t\t\t\t\t\t\tJosephine Persson\n\t\t\t\t\t\t\t\t<\/h3>\n\t\t\t\t\t\t\t\n\t\t\t\t\t\t\t\t\t\t\t\t\t\t\t<p class=\"position u-font-body\">Heltidsmentor<\/p>\n\t\t\t\t\t\t\t\n\t\t\t\t\t\t\t\t\t\t\t\t\t\t\t<div class=\"contact-info u-font-body\">\n\t\t\t\t\t\t\t\t\t\t\t\t\t\t\t\t\t\t\t\t\t\t\t\t\t\t\t\t\t\t<p class=\"phone\"><a\n\t\t\t\t\t\t\t\t\t\t\t\t\thref=\"tel:0761353933\"\n\t\t\t\t\t\t\t\t\t\t\t\t\tclass=\"u-text-link\">076-135 39 33<\/a>\n\t\t\t\t\t\t\t\t\t\t\t<\/p>\n\t\t\t\t\t\t\t\t\t\t\t\t\t\t\t\t\t\t\t\n\t\t\t\t\t\t\t\t\t\t\t\t\t\t\t\t\t\t\t\t\t\t\t\t\t\t\t\t\t\t<p class=\"email\"><a\n\t\t\t\t\t\t\t\t\t\t\t\t\thref=\"&#109;&#097;ilto:j&#111;&#115;e&#112;&#104;&#105;n&#101;.&#112;&#101;rs&#115;&#111;&#110;&#064;&#110;t&#105;&#103;.&#115;e\"\n\t\t\t\t\t\t\t\t\t\t\t\t\tclass=\"u-text-link\">j&#111;&#115;&#101;p&#104;&#105;&#110;&#101;&#046;pe&#114;&#115;so&#110;&#064;&#110;&#116;i&#103;&#046;&#115;e<\/a>\n\t\t\t\t\t\t\t\t\t\t\t<\/p>\n\t\t\t\t\t\t\t\t\t\t\t\t\t\t\t\t\t\t\t\t\t\t\t\t\t\t\t<\/div>\n\t\t\t\t\t\t\t\n\t\t\t\t\t\t\t\t\t\t\t\t\t<\/div>\n\t\t\t\t\t\t<div class=\"c-card__media\">\n\t\t\t\t\t\t\t\t\t\t\t\t\t\t\t\t\t\t\t\t\t\t\t\t\t\t\t\t\t\t\t\t\t\t\t\t\t\t\t\t\t\t\t\t\t\t\t\t\t<img decoding=\"async\" width=\"400\" height=\"533\" src=\"https:\/\/ntigymnasiet.se\/wp-content\/uploads\/sites\/3\/2023\/05\/dsc00871-2-400x533.jpg\" class=\"u-radius-round u-ratio-landscape  \" alt=\"Skolpersonal.\" sizes=\"(max-width: 300px) 100vw, 300px\" srcset=\"https:\/\/ntigymnasiet.se\/wp-content\/uploads\/sites\/3\/2023\/05\/dsc00871-2-400x533.jpg 400w, https:\/\/ntigymnasiet.se\/wp-content\/uploads\/sites\/3\/2023\/05\/dsc00871-2-300x400.jpg 300w, https:\/\/ntigymnasiet.se\/wp-content\/uploads\/sites\/3\/2023\/05\/dsc00871-2-600x800.jpg 600w, https:\/\/ntigymnasiet.se\/wp-content\/uploads\/sites\/3\/2023\/05\/dsc00871-2-800x1067.jpg 800w, https:\/\/ntigymnasiet.se\/wp-content\/uploads\/sites\/3\/2023\/05\/dsc00871-2-1024x1366.jpg 1024w, https:\/\/ntigymnasiet.se\/wp-content\/uploads\/sites\/3\/2023\/05\/dsc00871-2-1200x1600.jpg 1200w, https:\/\/ntigymnasiet.se\/wp-content\/uploads\/sites\/3\/2023\/05\/dsc00871-2-scaled.jpg 1920w\" \/>\n\t\t\t\t\t\t<\/div>\n\t\t\t\t\t<\/article>\n\t\t\t\t<\/li>\n\t\t\t\t\t\t\t\t\t\t\t\n\t\t\t\t\n\t\t\t\t<li class=\"l-col-6@md l-col-4@lg \" data-filter=\"elevhalsa\">\n\t\t\t\t\t<article class=\"c-card \" data-variant=\"neutral\">\n\t\t\t\t\t\t<div class=\"c-card__content u-text-center\">\n\t\t\t\t\t\t\t\t\t\t\t\t\t\t\t<h3 class=\"c-card__title u-font-title-3\">\n\t\t\t\t\t\t\t\t\tMikael Tj\u00e4rnstr\u00f6m\n\t\t\t\t\t\t\t\t<\/h3>\n\t\t\t\t\t\t\t\n\t\t\t\t\t\t\t\t\t\t\t\t\t\t\t<p class=\"position u-font-body\">Heltidsmentor<\/p>\n\t\t\t\t\t\t\t\n\t\t\t\t\t\t\t\t\t\t\t\t\t\t\t<div class=\"contact-info u-font-body\">\n\t\t\t\t\t\t\t\t\t\t\t\t\t\t\t\t\t\t\t\t\t\t\t\t\t\t\t\t\t\t<p class=\"phone\"><a\n\t\t\t\t\t\t\t\t\t\t\t\t\thref=\"tel:0761353839\"\n\t\t\t\t\t\t\t\t\t\t\t\t\tclass=\"u-text-link\">076-135 38 39<\/a>\n\t\t\t\t\t\t\t\t\t\t\t<\/p>\n\t\t\t\t\t\t\t\t\t\t\t\t\t\t\t\t\t\t\t\n\t\t\t\t\t\t\t\t\t\t\t\t\t\t\t\t\t\t\t\t\t\t\t\t\t\t\t\t\t\t<p class=\"email\"><a\n\t\t\t\t\t\t\t\t\t\t\t\t\thref=\"&#109;a&#105;&#108;to&#058;&#109;&#105;&#107;&#097;el&#046;tjarn&#115;tr&#111;m&#064;nt&#105;g.se\"\n\t\t\t\t\t\t\t\t\t\t\t\t\tclass=\"u-text-link\">&#109;&#105;k&#097;&#101;l&#046;t&#106;&#097;r&#110;&#115;t&#114;&#111;&#109;&#064;ntig&#046;&#115;&#101;<\/a>\n\t\t\t\t\t\t\t\t\t\t\t<\/p>\n\t\t\t\t\t\t\t\t\t\t\t\t\t\t\t\t\t\t\t\t\t\t\t\t\t\t\t<\/div>\n\t\t\t\t\t\t\t\n\t\t\t\t\t\t\t\t\t\t\t\t\t<\/div>\n\t\t\t\t\t\t<div class=\"c-card__media\">\n\t\t\t\t\t\t\t\t\t\t\t\t\t\t\t\t\t\t\t\t\t\t\t\t\t\t\t\t\t\t\t\t\t\t\t\t\t\t\t\t\t\t\t\t\t\t\t\t\t<img decoding=\"async\" width=\"400\" height=\"533\" src=\"https:\/\/ntigymnasiet.se\/wp-content\/uploads\/sites\/3\/2024\/08\/dsc00858-2-400x533.jpg\" class=\"u-radius-round u-ratio-landscape  \" alt=\"Skolpersonal.\" sizes=\"(max-width: 300px) 100vw, 300px\" srcset=\"https:\/\/ntigymnasiet.se\/wp-content\/uploads\/sites\/3\/2024\/08\/dsc00858-2-400x533.jpg 400w, https:\/\/ntigymnasiet.se\/wp-content\/uploads\/sites\/3\/2024\/08\/dsc00858-2-300x400.jpg 300w, https:\/\/ntigymnasiet.se\/wp-content\/uploads\/sites\/3\/2024\/08\/dsc00858-2-600x800.jpg 600w, https:\/\/ntigymnasiet.se\/wp-content\/uploads\/sites\/3\/2024\/08\/dsc00858-2-800x1067.jpg 800w, https:\/\/ntigymnasiet.se\/wp-content\/uploads\/sites\/3\/2024\/08\/dsc00858-2-1024x1365.jpg 1024w, https:\/\/ntigymnasiet.se\/wp-content\/uploads\/sites\/3\/2024\/08\/dsc00858-2-1200x1600.jpg 1200w, https:\/\/ntigymnasiet.se\/wp-content\/uploads\/sites\/3\/2024\/08\/dsc00858-2-scaled.jpg 1920w\" \/>\n\t\t\t\t\t\t<\/div>\n\t\t\t\t\t<\/article>\n\t\t\t\t<\/li>\n\t\t\t\t\t\t\t\t\t\t\t\n\t\t\t\t\n\t\t\t\t<li class=\"l-col-6@md l-col-4@lg \" data-filter=\"elevhalsa\">\n\t\t\t\t\t<article class=\"c-card \" data-variant=\"neutral\">\n\t\t\t\t\t\t<div class=\"c-card__content u-text-center\">\n\t\t\t\t\t\t\t\t\t\t\t\t\t\t\t<h3 class=\"c-card__title u-font-title-3\">\n\t\t\t\t\t\t\t\t\tAnna Hedin\n\t\t\t\t\t\t\t\t<\/h3>\n\t\t\t\t\t\t\t\n\t\t\t\t\t\t\t\t\t\t\t\t\t\t\t<p class=\"position u-font-body\">Specialpedagog<\/p>\n\t\t\t\t\t\t\t\n\t\t\t\t\t\t\t\t\t\t\t\t\t\t\t<div class=\"contact-info u-font-body\">\n\t\t\t\t\t\t\t\t\t\n\t\t\t\t\t\t\t\t\t\t\t\t\t\t\t\t\t\t\t\t\t\t\t\t\t\t\t\t\t\t<p class=\"email\"><a\n\t\t\t\t\t\t\t\t\t\t\t\t\thref=\"mai&#108;t&#111;&#058;&#097;n&#110;a&#046;h&#101;di&#110;&#064;&#100;&#098;gy&#046;&#115;e\"\n\t\t\t\t\t\t\t\t\t\t\t\t\tclass=\"u-text-link\">an&#110;a&#046;&#104;ed&#105;n&#064;d&#098;&#103;&#121;&#046;&#115;e<\/a>\n\t\t\t\t\t\t\t\t\t\t\t<\/p>\n\t\t\t\t\t\t\t\t\t\t\t\t\t\t\t\t\t\t\t\t\t\t\t\t\t\t\t<\/div>\n\t\t\t\t\t\t\t\n\t\t\t\t\t\t\t\t\t\t\t\t\t<\/div>\n\t\t\t\t\t\t<div class=\"c-card__media\">\n\t\t\t\t\t\t\t\t\t\t\t\t\t\t\t\t\t\t\t\t\t\t\t\t\t\t\t\t\t\t\t\t\t\t\t\t\t\t\t\t\t\t\t\t\t\t\t\t\t<img decoding=\"async\" width=\"400\" height=\"428\" src=\"https:\/\/ntigymnasiet.se\/wp-content\/uploads\/sites\/3\/2023\/05\/unnamed-1.png\" class=\"u-radius-round u-ratio-landscape  \" alt=\"Skolpersonal.\" sizes=\"(max-width: 300px) 100vw, 300px\" srcset=\"https:\/\/ntigymnasiet.se\/wp-content\/uploads\/sites\/3\/2023\/05\/unnamed-1.png 400w, https:\/\/ntigymnasiet.se\/wp-content\/uploads\/sites\/3\/2023\/05\/unnamed-1-300x321.png 300w\" \/>\n\t\t\t\t\t\t<\/div>\n\t\t\t\t\t<\/article>\n\t\t\t\t<\/li>\n\t\t\t\t\t\t\t\t\t\t\t\n\t\t\t\t\n\t\t\t\t<li class=\"l-col-6@md l-col-4@lg \" data-filter=\"elevhalsa\">\n\t\t\t\t\t<article class=\"c-card \" data-variant=\"neutral\">\n\t\t\t\t\t\t<div class=\"c-card__content u-text-center\">\n\t\t\t\t\t\t\t\t\t\t\t\t\t\t\t<h3 class=\"c-card__title u-font-title-3\">\n\t\t\t\t\t\t\t\t\tElin Timmerholm\n\t\t\t\t\t\t\t\t<\/h3>\n\t\t\t\t\t\t\t\n\t\t\t\t\t\t\t\t\t\t\t\t\t\t\t<p class=\"position u-font-body\">Skolsk\u00f6terska<\/p>\n\t\t\t\t\t\t\t\n\t\t\t\t\t\t\t\t\t\t\t\t\t\t\t<div class=\"contact-info u-font-body\">\n\t\t\t\t\t\t\t\t\t\t\t\t\t\t\t\t\t\t\t\t\t\t\t\t\t\t\t\t\t\t<p class=\"phone\"><a\n\t\t\t\t\t\t\t\t\t\t\t\t\thref=\"tel:0736497958\"\n\t\t\t\t\t\t\t\t\t\t\t\t\tclass=\"u-text-link\">073-649 79 58<\/a>\n\t\t\t\t\t\t\t\t\t\t\t<\/p>\n\t\t\t\t\t\t\t\t\t\t\t\t\t\t\t\t\t\t\t\n\t\t\t\t\t\t\t\t\t\t\t\t\t\t\t\t\t\t\t\t\t\t\t\t\t\t\t\t\t\t<p class=\"email\"><a\n\t\t\t\t\t\t\t\t\t\t\t\t\thref=\"&#109;ailto:elin&#046;ti&#109;&#109;&#101;rholm&#064;n&#116;&#105;g.s&#101;\"\n\t\t\t\t\t\t\t\t\t\t\t\t\tclass=\"u-text-link\">eli&#110;&#046;timme&#114;ho&#108;&#109;&#064;nti&#103;.se<\/a>\n\t\t\t\t\t\t\t\t\t\t\t<\/p>\n\t\t\t\t\t\t\t\t\t\t\t\t\t\t\t\t\t\t\t\t\t\t\t\t\t\t\t<\/div>\n\t\t\t\t\t\t\t\n\t\t\t\t\t\t\t\t\t\t\t\t\t<\/div>\n\t\t\t\t\t\t<div class=\"c-card__media\">\n\t\t\t\t\t\t\t\t\t\t\t\t\t\t\t\t\t\t\t\t\t\t\t\t\t\t\t\t\t\t\t\t\t\t\t\t\t\t\t\t\t\t\t\t\t\t\t\t\t<img decoding=\"async\" width=\"400\" height=\"408\" src=\"https:\/\/ntigymnasiet.se\/wp-content\/uploads\/sites\/3\/2023\/05\/dsc01019-2-scaled-e1756450229813-400x408.jpg\" class=\"u-radius-round u-ratio-landscape  \" alt=\"Skolpersonal.\" sizes=\"(max-width: 300px) 100vw, 300px\" srcset=\"https:\/\/ntigymnasiet.se\/wp-content\/uploads\/sites\/3\/2023\/05\/dsc01019-2-scaled-e1756450229813-400x408.jpg 400w, https:\/\/ntigymnasiet.se\/wp-content\/uploads\/sites\/3\/2023\/05\/dsc01019-2-scaled-e1756450229813-300x306.jpg 300w, https:\/\/ntigymnasiet.se\/wp-content\/uploads\/sites\/3\/2023\/05\/dsc01019-2-scaled-e1756450229813-600x612.jpg 600w, https:\/\/ntigymnasiet.se\/wp-content\/uploads\/sites\/3\/2023\/05\/dsc01019-2-scaled-e1756450229813-800x816.jpg 800w, https:\/\/ntigymnasiet.se\/wp-content\/uploads\/sites\/3\/2023\/05\/dsc01019-2-scaled-e1756450229813-1024x1044.jpg 1024w, https:\/\/ntigymnasiet.se\/wp-content\/uploads\/sites\/3\/2023\/05\/dsc01019-2-scaled-e1756450229813-1200x1223.jpg 1200w, https:\/\/ntigymnasiet.se\/wp-content\/uploads\/sites\/3\/2023\/05\/dsc01019-2-scaled-e1756450229813.jpg 1335w\" \/>\n\t\t\t\t\t\t<\/div>\n\t\t\t\t\t<\/article>\n\t\t\t\t<\/li>\n\t\t\t\t\t\t\t\t\t\t\t\n\t\t\t\t\n\t\t\t\t<li class=\"l-col-6@md l-col-4@lg \" data-filter=\"elevhalsa\">\n\t\t\t\t\t<article class=\"c-card \" data-variant=\"neutral\">\n\t\t\t\t\t\t<div class=\"c-card__content u-text-center\">\n\t\t\t\t\t\t\t\t\t\t\t\t\t\t\t<h3 class=\"c-card__title u-font-title-3\">\n\t\t\t\t\t\t\t\t\tMatilda Elme Cronholm\n\t\t\t\t\t\t\t\t<\/h3>\n\t\t\t\t\t\t\t\n\t\t\t\t\t\t\t\t\t\t\t\t\t\t\t<p class=\"position u-font-body\">SYV<\/p>\n\t\t\t\t\t\t\t\n\t\t\t\t\t\t\t\t\t\t\t\t\t\t\t<div class=\"contact-info u-font-body\">\n\t\t\t\t\t\t\t\t\t\n\t\t\t\t\t\t\t\t\t\t\t\t\t\t\t\t\t\t\t\t\t\t\t\t\t\t\t\t\t\t<p class=\"email\"><a\n\t\t\t\t\t\t\t\t\t\t\t\t\thref=\"&#109;ai&#108;&#116;o&#058;&#109;atil&#100;&#097;&#046;e&#108;m&#101;cr&#111;&#110;ho&#108;&#109;&#064;&#097;c&#097;&#100;&#101;&#109;&#101;d&#105;a.&#115;e\"\n\t\t\t\t\t\t\t\t\t\t\t\t\tclass=\"u-text-link\">ma&#116;&#105;&#108;d&#097;.&#101;l&#109;&#101;&#099;ron&#104;o&#108;m&#064;ac&#097;d&#101;&#109;&#101;&#100;i&#097;&#046;se<\/a>\n\t\t\t\t\t\t\t\t\t\t\t<\/p>\n\t\t\t\t\t\t\t\t\t\t\t\t\t\t\t\t\t\t\t\t\t\t\t\t\t\t\t<\/div>\n\t\t\t\t\t\t\t\n\t\t\t\t\t\t\t\t\t\t\t\t\t\t\t<div class=\"u-font-body\">\n\t\t\t\t\t\t\t\t\t\t\t\t\t\t\t\t\t\t\t\t\t\t\t\t\t\t\t\t\t\t<p>\n\t\t\t\t\t\t\t\t\t\t\t\t<a href=\"http:\/\/www.snackamedskolan.se\" target=\"_blank\" class=\"u-text-link\">\n\t\t\t\t\t\t\t\t\t\t\t\t\tsnackamedskolan.se\n\t\t\t\t\t\t\t\t\t\t\t\t<\/a>\n\t\t\t\t\t\t\t\t\t\t\t<\/p>\n\t\t\t\t\t\t\t\t\t\t\t\t\t\t\t\t\t\t\t\t\t\t\t\t\t\t\t<\/div>\n\t\t\t\t\t\t\t\t\t\t\t\t\t<\/div>\n\t\t\t\t\t\t<div class=\"c-card__media\">\n\t\t\t\t\t\t\t\t\t\t\t\t\t\t\t\t\t\t\t\t\t\t\t\t\t\t\t\t\t\t\t\t\t\t\t\t\t\t\t\t\t\t\t\t\t\t\t\t\t<img decoding=\"async\" width=\"400\" height=\"495\" src=\"https:\/\/ntigymnasiet.se\/wp-content\/uploads\/sites\/3\/2023\/02\/1000005571-400x495.jpg\" class=\"u-radius-round u-ratio-landscape  \" alt=\"Skolpersonal.\" sizes=\"(max-width: 300px) 100vw, 300px\" srcset=\"https:\/\/ntigymnasiet.se\/wp-content\/uploads\/sites\/3\/2023\/02\/1000005571-400x495.jpg 400w, https:\/\/ntigymnasiet.se\/wp-content\/uploads\/sites\/3\/2023\/02\/1000005571-300x371.jpg 300w, https:\/\/ntigymnasiet.se\/wp-content\/uploads\/sites\/3\/2023\/02\/1000005571-600x742.jpg 600w, https:\/\/ntigymnasiet.se\/wp-content\/uploads\/sites\/3\/2023\/02\/1000005571-800x989.jpg 800w, https:\/\/ntigymnasiet.se\/wp-content\/uploads\/sites\/3\/2023\/02\/1000005571-1024x1266.jpg 1024w, https:\/\/ntigymnasiet.se\/wp-content\/uploads\/sites\/3\/2023\/02\/1000005571-1200x1484.jpg 1200w\" \/>\n\t\t\t\t\t\t<\/div>\n\t\t\t\t\t<\/article>\n\t\t\t\t<\/li>\n\t\t\t\t\t<\/ul>\n\n\t\t\n\t\t    <div class=\"ams-contact__more u-inline-items js-load-more-btn\">\n        <button href=\"#\"\n                class=\"c-btn\"\n                data-style=\"rounded\"\n                data-size=\"md\"\n                data-width=\"full-mobile\"\n                data-variant=\"outline\">\n        \tVisa mer\n        <\/button>\n    <\/div>\n\n\t\t\t<\/div>\n\n\t\t\n\n<\/section>\n","protected":false},"excerpt":{"rendered":"","protected":false},"author":4,"featured_media":0,"parent":191,"menu_order":0,"comment_status":"closed","ping_status":"closed","template":"","meta":{"footnotes":""},"yoast_head":"<!-- This site is optimized with the Yoast SEO plugin v22.0 - https:\/\/yoast.com\/wordpress\/plugins\/seo\/ -->\n<title>Elevh\u00e4lsa - NTI Vetenskapsgymnasiet G\u00e4vle<\/title>\n<meta name=\"description\" content=\"Elevh\u00e4lsan arbetar f\u00f6r att alla elever ska ha goda f\u00f6ruts\u00e4ttningar att utvecklas s\u00e5 l\u00e5ngt som m\u00f6jligt. V\u00e4lkommen till NTI Vetenskapsgymnasiet.\" \/>\n<meta name=\"robots\" content=\"index, follow, max-snippet:-1, max-image-preview:large, max-video-preview:-1\" \/>\n<link rel=\"canonical\" href=\"https:\/\/ntigymnasiet.se\/vetenskapsgymnasiet\/gavle\/var-skola\/elevhalsa\/\" \/>\n<meta property=\"og:locale\" content=\"sv_SE\" \/>\n<meta property=\"og:type\" content=\"article\" \/>\n<meta property=\"og:title\" content=\"Elevh\u00e4lsa - NTI Vetenskapsgymnasiet G\u00e4vle\" \/>\n<meta property=\"og:description\" content=\"Elevh\u00e4lsan arbetar f\u00f6r att alla elever ska ha goda f\u00f6ruts\u00e4ttningar att utvecklas s\u00e5 l\u00e5ngt som m\u00f6jligt. V\u00e4lkommen till NTI Vetenskapsgymnasiet.\" \/>\n<meta property=\"og:url\" content=\"https:\/\/ntigymnasiet.se\/vetenskapsgymnasiet\/gavle\/var-skola\/elevhalsa\/\" \/>\n<meta property=\"og:site_name\" content=\"G\u00e4vle\" \/>\n<meta property=\"article:modified_time\" content=\"2024-01-31T14:11:49+00:00\" \/>\n<meta name=\"twitter:card\" content=\"summary_large_image\" \/>\n<meta name=\"twitter:title\" content=\"Elevh\u00e4lsa - NTI Vetenskapsgymnasiet G\u00e4vle\" \/>\n<meta name=\"twitter:description\" content=\"Elevh\u00e4lsan arbetar f\u00f6r att alla elever ska ha goda f\u00f6ruts\u00e4ttningar att utvecklas s\u00e5 l\u00e5ngt som m\u00f6jligt. V\u00e4lkommen till NTI Vetenskapsgymnasiet.\" \/>\n<script type=\"application\/ld+json\" class=\"yoast-schema-graph\">{\"@context\":\"https:\/\/schema.org\",\"@graph\":[{\"@type\":\"WebPage\",\"@id\":\"https:\/\/ntigymnasiet.se\/vetenskapsgymnasiet\/gavle\/var-skola\/elevhalsa\/\",\"url\":\"https:\/\/ntigymnasiet.se\/vetenskapsgymnasiet\/gavle\/var-skola\/elevhalsa\/\",\"name\":\"Elevh\u00e4lsa - NTI Vetenskapsgymnasiet G\u00e4vle\",\"isPartOf\":{\"@id\":\"https:\/\/ntigymnasiet.se\/vetenskapsgymnasiet\/gavle\/#website\"},\"datePublished\":\"2023-03-31T14:51:39+00:00\",\"dateModified\":\"2024-01-31T14:11:49+00:00\",\"description\":\"Elevh\u00e4lsan arbetar f\u00f6r att alla elever ska ha goda f\u00f6ruts\u00e4ttningar att utvecklas s\u00e5 l\u00e5ngt som m\u00f6jligt. V\u00e4lkommen till NTI Vetenskapsgymnasiet.\",\"breadcrumb\":{\"@id\":\"https:\/\/ntigymnasiet.se\/vetenskapsgymnasiet\/gavle\/var-skola\/elevhalsa\/#breadcrumb\"},\"inLanguage\":\"sv-SE\",\"potentialAction\":[{\"@type\":\"ReadAction\",\"target\":[\"https:\/\/ntigymnasiet.se\/vetenskapsgymnasiet\/gavle\/var-skola\/elevhalsa\/\"]}]},{\"@type\":\"BreadcrumbList\",\"@id\":\"https:\/\/ntigymnasiet.se\/vetenskapsgymnasiet\/gavle\/var-skola\/elevhalsa\/#breadcrumb\",\"itemListElement\":[{\"@type\":\"ListItem\",\"position\":1,\"name\":\"Start\",\"item\":\"https:\/\/ntigymnasiet.se\/vetenskapsgymnasiet\/gavle\/\"},{\"@type\":\"ListItem\",\"position\":2,\"name\":\"V\u00e5r skola\",\"item\":\"https:\/\/ntigymnasiet.se\/vetenskapsgymnasiet\/gavle\/var-skola\/\"},{\"@type\":\"ListItem\",\"position\":3,\"name\":\"Elevh\u00e4lsa\"}]},{\"@type\":\"WebSite\",\"@id\":\"https:\/\/ntigymnasiet.se\/vetenskapsgymnasiet\/gavle\/#website\",\"url\":\"https:\/\/ntigymnasiet.se\/vetenskapsgymnasiet\/gavle\/\",\"name\":\"G\u00e4vle\",\"description\":\"Just another WordPress site\",\"potentialAction\":[{\"@type\":\"SearchAction\",\"target\":{\"@type\":\"EntryPoint\",\"urlTemplate\":\"https:\/\/ntigymnasiet.se\/vetenskapsgymnasiet\/gavle\/?s={search_term_string}\"},\"query-input\":\"required name=search_term_string\"}],\"inLanguage\":\"sv-SE\"}]}<\/script>\n<!-- \/ Yoast SEO plugin. -->","yoast_head_json":{"title":"Elevh\u00e4lsa - NTI Vetenskapsgymnasiet G\u00e4vle","description":"Elevh\u00e4lsan arbetar f\u00f6r att alla elever ska ha goda f\u00f6ruts\u00e4ttningar att utvecklas s\u00e5 l\u00e5ngt som m\u00f6jligt. V\u00e4lkommen till NTI Vetenskapsgymnasiet.","robots":{"index":"index","follow":"follow","max-snippet":"max-snippet:-1","max-image-preview":"max-image-preview:large","max-video-preview":"max-video-preview:-1"},"canonical":"https:\/\/ntigymnasiet.se\/vetenskapsgymnasiet\/gavle\/var-skola\/elevhalsa\/","og_locale":"sv_SE","og_type":"article","og_title":"Elevh\u00e4lsa - NTI Vetenskapsgymnasiet G\u00e4vle","og_description":"Elevh\u00e4lsan arbetar f\u00f6r att alla elever ska ha goda f\u00f6ruts\u00e4ttningar att utvecklas s\u00e5 l\u00e5ngt som m\u00f6jligt. V\u00e4lkommen till NTI Vetenskapsgymnasiet.","og_url":"https:\/\/ntigymnasiet.se\/vetenskapsgymnasiet\/gavle\/var-skola\/elevhalsa\/","og_site_name":"G\u00e4vle","article_modified_time":"2024-01-31T14:11:49+00:00","twitter_card":"summary_large_image","twitter_title":"Elevh\u00e4lsa - NTI Vetenskapsgymnasiet G\u00e4vle","twitter_description":"Elevh\u00e4lsan arbetar f\u00f6r att alla elever ska ha goda f\u00f6ruts\u00e4ttningar att utvecklas s\u00e5 l\u00e5ngt som m\u00f6jligt. V\u00e4lkommen till NTI Vetenskapsgymnasiet.","schema":{"@context":"https:\/\/schema.org","@graph":[{"@type":"WebPage","@id":"https:\/\/ntigymnasiet.se\/vetenskapsgymnasiet\/gavle\/var-skola\/elevhalsa\/","url":"https:\/\/ntigymnasiet.se\/vetenskapsgymnasiet\/gavle\/var-skola\/elevhalsa\/","name":"Elevh\u00e4lsa - NTI Vetenskapsgymnasiet G\u00e4vle","isPartOf":{"@id":"https:\/\/ntigymnasiet.se\/vetenskapsgymnasiet\/gavle\/#website"},"datePublished":"2023-03-31T14:51:39+00:00","dateModified":"2024-01-31T14:11:49+00:00","description":"Elevh\u00e4lsan arbetar f\u00f6r att alla elever ska ha goda f\u00f6ruts\u00e4ttningar att utvecklas s\u00e5 l\u00e5ngt som m\u00f6jligt. V\u00e4lkommen till NTI Vetenskapsgymnasiet.","breadcrumb":{"@id":"https:\/\/ntigymnasiet.se\/vetenskapsgymnasiet\/gavle\/var-skola\/elevhalsa\/#breadcrumb"},"inLanguage":"sv-SE","potentialAction":[{"@type":"ReadAction","target":["https:\/\/ntigymnasiet.se\/vetenskapsgymnasiet\/gavle\/var-skola\/elevhalsa\/"]}]},{"@type":"BreadcrumbList","@id":"https:\/\/ntigymnasiet.se\/vetenskapsgymnasiet\/gavle\/var-skola\/elevhalsa\/#breadcrumb","itemListElement":[{"@type":"ListItem","position":1,"name":"Start","item":"https:\/\/ntigymnasiet.se\/vetenskapsgymnasiet\/gavle\/"},{"@type":"ListItem","position":2,"name":"V\u00e5r skola","item":"https:\/\/ntigymnasiet.se\/vetenskapsgymnasiet\/gavle\/var-skola\/"},{"@type":"ListItem","position":3,"name":"Elevh\u00e4lsa"}]},{"@type":"WebSite","@id":"https:\/\/ntigymnasiet.se\/vetenskapsgymnasiet\/gavle\/#website","url":"https:\/\/ntigymnasiet.se\/vetenskapsgymnasiet\/gavle\/","name":"G\u00e4vle","description":"Just another WordPress site","potentialAction":[{"@type":"SearchAction","target":{"@type":"EntryPoint","urlTemplate":"https:\/\/ntigymnasiet.se\/vetenskapsgymnasiet\/gavle\/?s={search_term_string}"},"query-input":"required name=search_term_string"}],"inLanguage":"sv-SE"}]}},"_links":{"self":[{"href":"https:\/\/ntigymnasiet.se\/vetenskapsgymnasiet\/gavle\/wp-json\/wp\/v2\/pages\/195"}],"collection":[{"href":"https:\/\/ntigymnasiet.se\/vetenskapsgymnasiet\/gavle\/wp-json\/wp\/v2\/pages"}],"about":[{"href":"https:\/\/ntigymnasiet.se\/vetenskapsgymnasiet\/gavle\/wp-json\/wp\/v2\/types\/page"}],"author":[{"embeddable":true,"href":"https:\/\/ntigymnasiet.se\/vetenskapsgymnasiet\/gavle\/wp-json\/wp\/v2\/users\/4"}],"replies":[{"embeddable":true,"href":"https:\/\/ntigymnasiet.se\/vetenskapsgymnasiet\/gavle\/wp-json\/wp\/v2\/comments?post=195"}],"version-history":[{"count":9,"href":"https:\/\/ntigymnasiet.se\/vetenskapsgymnasiet\/gavle\/wp-json\/wp\/v2\/pages\/195\/revisions"}],"predecessor-version":[{"id":1388,"href":"https:\/\/ntigymnasiet.se\/vetenskapsgymnasiet\/gavle\/wp-json\/wp\/v2\/pages\/195\/revisions\/1388"}],"up":[{"embeddable":true,"href":"https:\/\/ntigymnasiet.se\/vetenskapsgymnasiet\/gavle\/wp-json\/wp\/v2\/pages\/191"}],"wp:attachment":[{"href":"https:\/\/ntigymnasiet.se\/vetenskapsgymnasiet\/gavle\/wp-json\/wp\/v2\/media?parent=195"}],"curies":[{"name":"wp","href":"https:\/\/api.w.org\/{rel}","templated":true}]}}