{"id":195,"date":"2023-03-31T16:51:39","date_gmt":"2023-03-31T14:51:39","guid":{"rendered":"https:\/\/ntigymnasiet.se\/vetenskapsgymnasiet\/stockholm\/?page_id=195"},"modified":"2024-01-31T15:22:10","modified_gmt":"2024-01-31T14:22:10","slug":"elevhalsa","status":"publish","type":"page","link":"https:\/\/ntigymnasiet.se\/vetenskapsgymnasiet\/stockholm\/var-skola\/elevhalsa\/","title":{"rendered":"Elevh\u00e4lsa"},"content":{"rendered":"\n\t\n\t\n\t\n\n\n\t\n\t\t\n<section  class=\"c-block l-stacked  \" data-color-scheme=\"vit\">\n\t<div class=\"ams-fifty ams-fifty--container ams-fifty--right ams-fifty--top l-container u-pt-fluid-3xl-6xl u-pb-fluid-3xl-6xl\">\n\t\t<div class=\"ams-fifty__content l-stack l-stack-xl is-left@lg\">\n\t\t\t<div class=\"ams-fifty__text l-stack l-stack-lg\">\n\t\t\t\t\t\n\t<h1\n\tclass=\"c-heading u-font-title-1 \"\n\tstyle=\"\">\n\t\t\n\t\t\t\t\tElevh\u00e4lsa\n\t\t\t\t\n\t<\/h1>\n\n\t\t\t\t\t\t\t\t\t<div class=\"text l-stack u-font-body\">\n\t\t\t\t\t\t<p>P\u00e5 skolan finns ett elevh\u00e4lsoteam som speciellt fokuserar p\u00e5 att du som elev ska m\u00e5 bra och lyckas i skolan. I teamet ing\u00e5r, f\u00f6rutom rektor och bitr\u00e4dande rektor, kurator, skolsk\u00f6terska och specialpedagog. Elevh\u00e4lsoteamet tar ocks\u00e5 vid behov hj\u00e4lp av skoll\u00e4kare och skolpsykolog.<\/p>\n<p>Som elev kan du m\u00f6tas av elevh\u00e4lsans arbete genom att du tr\u00e4ffar kurator, specialpedagog eller skolsk\u00f6terska n\u00e4r du beh\u00f6ver. Det kan handla om att du \u00e4r stressad, har sv\u00e5rt att sova, k\u00e4nner dig utanf\u00f6r, har sv\u00e5rt att fokusera eller n\u00e5got annat. Du kan alltid kontakta n\u00e5gon i elevh\u00e4lsan direkt eller be din mentor om hj\u00e4lp. Elevh\u00e4lsoteamet jobbar ocks\u00e5 tillsammans och med l\u00e4rarna med att utreda vad olika sv\u00e5righeter kan bero p\u00e5 och planera f\u00f6r vad vi kan g\u00f6ra f\u00f6r att det ska fungera b\u00e4ttre f\u00f6r dig som elev.<\/p>\n\n\t\t\t\t\t<\/div>\n\t\t\t\t\t\t\t<\/div>\n\n\t\t\t\t\t<\/div>\n\n\t\t <div class=\"ams-fifty__media u-ratio-square\">\n\t\t \t\t\t\t\t<img decoding=\"async\" width=\"400\" height=\"400\" src=\"https:\/\/ntigymnasiet.se\/wp-content\/uploads\/sites\/7\/2023\/05\/nti-elevhalsa-202204-400x400.png\" class=\"attachment-md size-md\" alt=\"Elev arbetar med hydroponisk odling.\" sizes=\"(min-width: 64em) 600px, calc(100vw - 160px)\" srcset=\"https:\/\/ntigymnasiet.se\/wp-content\/uploads\/sites\/7\/2023\/05\/nti-elevhalsa-202204-400x400.png 400w, https:\/\/ntigymnasiet.se\/wp-content\/uploads\/sites\/7\/2023\/05\/nti-elevhalsa-202204-300x300.png 300w, https:\/\/ntigymnasiet.se\/wp-content\/uploads\/sites\/7\/2023\/05\/nti-elevhalsa-202204-150x150.png 150w, https:\/\/ntigymnasiet.se\/wp-content\/uploads\/sites\/7\/2023\/05\/nti-elevhalsa-202204-500x500.png 500w, https:\/\/ntigymnasiet.se\/wp-content\/uploads\/sites\/7\/2023\/05\/nti-elevhalsa-202204-229x229.png 229w, https:\/\/ntigymnasiet.se\/wp-content\/uploads\/sites\/7\/2023\/05\/nti-elevhalsa-202204-340x340.png 340w, https:\/\/ntigymnasiet.se\/wp-content\/uploads\/sites\/7\/2023\/05\/nti-elevhalsa-202204-670x670.png 670w, https:\/\/ntigymnasiet.se\/wp-content\/uploads\/sites\/7\/2023\/05\/nti-elevhalsa-202204-100x100.png 100w, https:\/\/ntigymnasiet.se\/wp-content\/uploads\/sites\/7\/2023\/05\/nti-elevhalsa-202204-515x515.png 515w, https:\/\/ntigymnasiet.se\/wp-content\/uploads\/sites\/7\/2023\/05\/nti-elevhalsa-202204-600x600.png 600w, https:\/\/ntigymnasiet.se\/wp-content\/uploads\/sites\/7\/2023\/05\/nti-elevhalsa-202204.png 700w\" \/>\n\t\t\t\n\t\t\t\n\t\t\t\t\t<\/div>\n\t<\/div>\n\n\t\t\n\n<\/section>\n\n\n\n<section \n\t\t class=\"\n\t\t ams-contact\n\t\t \n\t\t c-block l-stacked\n\t\t \n\t\t \n\t\t js-load-more\n\t\t \"\n\t\t data-color-scheme=\"nyans2_av_p2-hover-standard\"\n\t\t\t\t\tdata-count=\"3\"\n\t\t\t\t\t\t\tdata-count-mobile=\"2\"\n\t\t\t\t>\n\t<div\n\t\t class=\"\n\t\t l-container\n\t\t l-stack l-stack-fluid-2xl\n\t\t u-pt-fluid-3xl-6xl\n\t\t u-pb-fluid-3xl-6xl\n\t\t is-center\n\t\t is-center@md\n\t\t \">\n\t\t\t\t\t<div class=\"ams-contact__intro l-stack l-stack-lg\">\n\t\t\t\t\t\n\t<h2\n\tclass=\"c-heading u-font-title-1 \"\n\tstyle=\"\">\n\t\t\n\t\t\t\t\tKontakta elevh\u00e4lsan\n\t\t\t\t\n\t<\/h2>\n\n\t\t\t\t\t\t\t\t\t<div class=\"c-text l-stack u-cs-xl u-font-body\">\n\t\t\t\t\t\t<p>H\u00f6r av dig till oss i elevh\u00e4lsan om du har n\u00e5gra fr\u00e5gor.<\/p>\n\n\t\t\t\t\t<\/div>\n\t\t\t\t\t\t\t<\/div>\n\t\t\n\t\t\n\t\t    \t\n\t\t\n\t\t<ul\n\t\t\tid=\"contact-grid-69e0134d60476\"\n\t\t\tclass=\"ams-contact__list l-grid u-gap-fluid-2xl-4xl u-justify-center js-results \"\n\t\t\taria-label=\"Kontakter\"\n\t\t\tdata-filter-animation=\"off\"\n\t\t\t>\n\t\t\t\t\t\t\t\t\t\t\t\n\t\t\t\t\n\t\t\t\t<li class=\"l-col-6@md l-col-4@lg \" data-filter=\"elevhalsa\">\n\t\t\t\t\t<article class=\"c-card \" data-variant=\"neutral\">\n\t\t\t\t\t\t<div class=\"c-card__content u-text-center\">\n\t\t\t\t\t\t\t\t\t\t\t\t\t\t\t<h3 class=\"c-card__title u-font-title-3\">\n\t\t\t\t\t\t\t\t\tMassoumeh Sabzevari\n\t\t\t\t\t\t\t\t<\/h3>\n\t\t\t\t\t\t\t\n\t\t\t\t\t\t\t\t\t\t\t\t\t\t\t<p class=\"position u-font-body\">Skolsk\u00f6terska<\/p>\n\t\t\t\t\t\t\t\n\t\t\t\t\t\t\t\t\t\t\t\t\t\t\t<div class=\"contact-info u-font-body\">\n\t\t\t\t\t\t\t\t\t\t\t\t\t\t\t\t\t\t\t\t\t\t\t\t\t\t\t\t\t\t<p class=\"phone\"><a\n\t\t\t\t\t\t\t\t\t\t\t\t\thref=\"tel:0722355854\"\n\t\t\t\t\t\t\t\t\t\t\t\t\tclass=\"u-text-link\">072-23 558 54<\/a>\n\t\t\t\t\t\t\t\t\t\t\t<\/p>\n\t\t\t\t\t\t\t\t\t\t\t\t\t\t\t\t\t\t\t\n\t\t\t\t\t\t\t\t\t\t\t\t\t\t\t\t\t\t\t\t\t\t\t\t\t\t\t\t\t\t<p class=\"email\"><a\n\t\t\t\t\t\t\t\t\t\t\t\t\thref=\"mai&#108;&#116;&#111;:&#109;&#097;&#115;&#115;&#111;u&#109;&#101;h.s&#097;&#098;&#122;&#101;var&#105;&#064;&#110;t&#105;&#103;.s&#101;\"\n\t\t\t\t\t\t\t\t\t\t\t\t\tclass=\"u-text-link\">&#109;&#097;ssou&#109;e&#104;&#046;sabz&#101;v&#097;&#114;i&#064;&#110;tig.se<\/a>\n\t\t\t\t\t\t\t\t\t\t\t<\/p>\n\t\t\t\t\t\t\t\t\t\t\t\t\t\t\t\t\t\t\t\t\t\t\t\t\t\t\t<\/div>\n\t\t\t\t\t\t\t\n\t\t\t\t\t\t\t\t\t\t\t\t\t<\/div>\n\t\t\t\t\t\t<div class=\"c-card__media\">\n\t\t\t\t\t\t\t\t\t\t\t\t\t\t\t\t\t\t\t\t\t\t\t\t\t\t\t\t\t\t\t\t\t\t\t\t\t\t\t\t\t\t\t\t\t\t\t\t\t<img decoding=\"async\" width=\"400\" height=\"400\" src=\"https:\/\/ntigymnasiet.se\/wp-content\/uploads\/2023\/06\/kopia-av-ntiavatarkontaktwebbscience-400x400.png\" class=\"u-radius-round u-ratio-landscape  \" alt=\"Avatar robot.\" sizes=\"(max-width: 300px) 100vw, 300px\" srcset=\"https:\/\/ntigymnasiet.se\/wp-content\/uploads\/2023\/06\/kopia-av-ntiavatarkontaktwebbscience-400x400.png 400w, https:\/\/ntigymnasiet.se\/wp-content\/uploads\/2023\/06\/kopia-av-ntiavatarkontaktwebbscience-150x150.png 150w, https:\/\/ntigymnasiet.se\/wp-content\/uploads\/2023\/06\/kopia-av-ntiavatarkontaktwebbscience-300x300.png 300w, https:\/\/ntigymnasiet.se\/wp-content\/uploads\/2023\/06\/kopia-av-ntiavatarkontaktwebbscience-600x600.png 600w, https:\/\/ntigymnasiet.se\/wp-content\/uploads\/2023\/06\/kopia-av-ntiavatarkontaktwebbscience.png 800w\" \/>\n\t\t\t\t\t\t<\/div>\n\t\t\t\t\t<\/article>\n\t\t\t\t<\/li>\n\t\t\t\t\t\t\t\t\t\t\t\n\t\t\t\t\n\t\t\t\t<li class=\"l-col-6@md l-col-4@lg \" data-filter=\"elevhalsa\">\n\t\t\t\t\t<article class=\"c-card \" data-variant=\"neutral\">\n\t\t\t\t\t\t<div class=\"c-card__content u-text-center\">\n\t\t\t\t\t\t\t\t\t\t\t\t\t\t\t<h3 class=\"c-card__title u-font-title-3\">\n\t\t\t\t\t\t\t\t\tUlrika Wetternin-Mitchell\n\t\t\t\t\t\t\t\t<\/h3>\n\t\t\t\t\t\t\t\n\t\t\t\t\t\t\t\t\t\t\t\t\t\t\t<p class=\"position u-font-body\">Specialpedagog<\/p>\n\t\t\t\t\t\t\t\n\t\t\t\t\t\t\t\t\t\t\t\t\t\t\t<div class=\"contact-info u-font-body\">\n\t\t\t\t\t\t\t\t\t\t\t\t\t\t\t\t\t\t\t\t\t\t\t\t\t\t\t\t\t\t<p class=\"phone\"><a\n\t\t\t\t\t\t\t\t\t\t\t\t\thref=\"tel:0761049211\"\n\t\t\t\t\t\t\t\t\t\t\t\t\tclass=\"u-text-link\">076-104 92 11<\/a>\n\t\t\t\t\t\t\t\t\t\t\t<\/p>\n\t\t\t\t\t\t\t\t\t\t\t\t\t\t\t\t\t\t\t\n\t\t\t\t\t\t\t\t\t\t\t\t\t\t\t\t\t\t\t\t\t\t\t\t\t\t\t\t\t\t<p class=\"email\"><a\n\t\t\t\t\t\t\t\t\t\t\t\t\thref=\"&#109;&#097;&#105;&#108;t&#111;&#058;ul&#114;ika.we&#116;&#116;&#101;rn&#105;&#110;&#064;ga&#046;&#110;ti&#103;&#046;s&#101;\"\n\t\t\t\t\t\t\t\t\t\t\t\t\tclass=\"u-text-link\">u&#108;&#114;&#105;&#107;&#097;.&#119;et&#116;er&#110;&#105;&#110;&#064;g&#097;.&#110;t&#105;g.s&#101;<\/a>\n\t\t\t\t\t\t\t\t\t\t\t<\/p>\n\t\t\t\t\t\t\t\t\t\t\t\t\t\t\t\t\t\t\t\t\t\t\t\t\t\t\t<\/div>\n\t\t\t\t\t\t\t\n\t\t\t\t\t\t\t\t\t\t\t\t\t<\/div>\n\t\t\t\t\t\t<div class=\"c-card__media\">\n\t\t\t\t\t\t\t\t\t\t\t\t\t\t\t\t\t\t\t\t\t\t\t\t\t\t\t\t\t\t\t\t\t\t\t\t\t\t\t\t\t\t\t\t\t\t\t\t\t<img decoding=\"async\" width=\"400\" height=\"583\" src=\"https:\/\/ntigymnasiet.se\/wp-content\/uploads\/sites\/7\/2024\/09\/ulrica-400x583.jpg\" class=\"u-radius-round u-ratio-landscape  \" alt=\"Ulrica skolpersonal.\" sizes=\"(max-width: 300px) 100vw, 300px\" srcset=\"https:\/\/ntigymnasiet.se\/wp-content\/uploads\/sites\/7\/2024\/09\/ulrica-400x583.jpg 400w, https:\/\/ntigymnasiet.se\/wp-content\/uploads\/sites\/7\/2024\/09\/ulrica-300x437.jpg 300w, https:\/\/ntigymnasiet.se\/wp-content\/uploads\/sites\/7\/2024\/09\/ulrica-600x874.jpg 600w, https:\/\/ntigymnasiet.se\/wp-content\/uploads\/sites\/7\/2024\/09\/ulrica.jpg 750w\" \/>\n\t\t\t\t\t\t<\/div>\n\t\t\t\t\t<\/article>\n\t\t\t\t<\/li>\n\t\t\t\t\t\t\t\t\t\t\t\n\t\t\t\t\n\t\t\t\t<li class=\"l-col-6@md l-col-4@lg \" data-filter=\"elevhalsa\">\n\t\t\t\t\t<article class=\"c-card \" data-variant=\"neutral\">\n\t\t\t\t\t\t<div class=\"c-card__content u-text-center\">\n\t\t\t\t\t\t\t\t\t\t\t\t\t\t\t<h3 class=\"c-card__title u-font-title-3\">\n\t\t\t\t\t\t\t\t\tHenrik Pallin\n\t\t\t\t\t\t\t\t<\/h3>\n\t\t\t\t\t\t\t\n\t\t\t\t\t\t\t\t\t\t\t\t\t\t\t<p class=\"position u-font-body\">Kurator<\/p>\n\t\t\t\t\t\t\t\n\t\t\t\t\t\t\t\t\t\t\t\t\t\t\t<div class=\"contact-info u-font-body\">\n\t\t\t\t\t\t\t\t\t\t\t\t\t\t\t\t\t\t\t\t\t\t\t\t\t\t\t\t\t\t<p class=\"phone\"><a\n\t\t\t\t\t\t\t\t\t\t\t\t\thref=\"tel:0854547646\"\n\t\t\t\t\t\t\t\t\t\t\t\t\tclass=\"u-text-link\">085-454 76 46<\/a>\n\t\t\t\t\t\t\t\t\t\t\t<\/p>\n\t\t\t\t\t\t\t\t\t\t\t\t\t\t\t\t\t\t\t\n\t\t\t\t\t\t\t\t\t\t\t\t\t\t\t\t\t\t\t\t\t\t\t\t\t\t\t\t\t\t<p class=\"email\"><a\n\t\t\t\t\t\t\t\t\t\t\t\t\thref=\"mailt&#111;:&#104;en&#114;ik.&#112;&#097;&#108;&#108;i&#110;&#064;ntig&#046;&#115;e\"\n\t\t\t\t\t\t\t\t\t\t\t\t\tclass=\"u-text-link\">&#104;&#101;nri&#107;.p&#097;&#108;li&#110;&#064;nt&#105;g.se<\/a>\n\t\t\t\t\t\t\t\t\t\t\t<\/p>\n\t\t\t\t\t\t\t\t\t\t\t\t\t\t\t\t\t\t\t\t\t\t\t\t\t\t\t<\/div>\n\t\t\t\t\t\t\t\n\t\t\t\t\t\t\t\t\t\t\t\t\t<\/div>\n\t\t\t\t\t\t<div class=\"c-card__media\">\n\t\t\t\t\t\t\t\t\t\t\t\t\t\t\t\t\t\t\t\t\t\t\t\t\t\t\t\t\t\t\t\t\t\t\t\t\t\t\t\t\t\t\t\t\t\t\t\t\t<img decoding=\"async\" width=\"400\" height=\"400\" src=\"https:\/\/ntigymnasiet.se\/wp-content\/uploads\/2023\/06\/kopia-av-ntiavatarkontaktwebbscience-400x400.png\" class=\"u-radius-round u-ratio-landscape  \" alt=\"Avatar robot.\" sizes=\"(max-width: 300px) 100vw, 300px\" srcset=\"https:\/\/ntigymnasiet.se\/wp-content\/uploads\/2023\/06\/kopia-av-ntiavatarkontaktwebbscience-400x400.png 400w, https:\/\/ntigymnasiet.se\/wp-content\/uploads\/2023\/06\/kopia-av-ntiavatarkontaktwebbscience-150x150.png 150w, https:\/\/ntigymnasiet.se\/wp-content\/uploads\/2023\/06\/kopia-av-ntiavatarkontaktwebbscience-300x300.png 300w, https:\/\/ntigymnasiet.se\/wp-content\/uploads\/2023\/06\/kopia-av-ntiavatarkontaktwebbscience-600x600.png 600w, https:\/\/ntigymnasiet.se\/wp-content\/uploads\/2023\/06\/kopia-av-ntiavatarkontaktwebbscience.png 800w\" \/>\n\t\t\t\t\t\t<\/div>\n\t\t\t\t\t<\/article>\n\t\t\t\t<\/li>\n\t\t\t\t\t\t\t\t\t\t\t\n\t\t\t\t\n\t\t\t\t<li class=\"l-col-6@md l-col-4@lg \" data-filter=\"elevhalsa\">\n\t\t\t\t\t<article class=\"c-card \" data-variant=\"neutral\">\n\t\t\t\t\t\t<div class=\"c-card__content u-text-center\">\n\t\t\t\t\t\t\t\t\t\t\t\t\t\t\t<h3 class=\"c-card__title u-font-title-3\">\n\t\t\t\t\t\t\t\t\tSaara Koponen\n\t\t\t\t\t\t\t\t<\/h3>\n\t\t\t\t\t\t\t\n\t\t\t\t\t\t\t\t\t\t\t\t\t\t\t<p class=\"position u-font-body\">SYV<\/p>\n\t\t\t\t\t\t\t\n\t\t\t\t\t\t\t\t\t\t\t\t\t\t\t<div class=\"contact-info u-font-body\">\n\t\t\t\t\t\t\t\t\t\n\t\t\t\t\t\t\t\t\t\t\t\t\t\t\t\t\t\t\t\t\t\t\t\t\t\t\t\t\t\t<p class=\"email\"><a\n\t\t\t\t\t\t\t\t\t\t\t\t\thref=\"m&#097;&#105;&#108;t&#111;&#058;&#115;aa&#114;a&#046;kopo&#110;&#101;&#110;&#064;a&#099;a&#100;&#101;m&#101;di&#097;&#046;&#115;&#101;\"\n\t\t\t\t\t\t\t\t\t\t\t\t\tclass=\"u-text-link\">&#115;&#097;&#097;r&#097;.kop&#111;n&#101;&#110;&#064;&#097;&#099;&#097;d&#101;m&#101;d&#105;a.&#115;&#101;<\/a>\n\t\t\t\t\t\t\t\t\t\t\t<\/p>\n\t\t\t\t\t\t\t\t\t\t\t\t\t\t\t\t\t\t\t\t\t\t\t\t\t\t\t<\/div>\n\t\t\t\t\t\t\t\n\t\t\t\t\t\t\t\t\t\t\t\t\t<\/div>\n\t\t\t\t\t\t<div class=\"c-card__media\">\n\t\t\t\t\t\t\t\t\t\t\t\t\t\t\t\t\t\t\t\t\t\t\t\t\t\t\t\t\t\t\t\t\t\t\t\t\t\t\t\t\t\t\t\t\t\t\t\t\t<img decoding=\"async\" width=\"400\" height=\"400\" src=\"https:\/\/ntigymnasiet.se\/wp-content\/uploads\/2023\/06\/kopia-av-ntiavatarkontaktwebbscience-400x400.png\" class=\"u-radius-round u-ratio-landscape  \" alt=\"Avatar robot.\" sizes=\"(max-width: 300px) 100vw, 300px\" srcset=\"https:\/\/ntigymnasiet.se\/wp-content\/uploads\/2023\/06\/kopia-av-ntiavatarkontaktwebbscience-400x400.png 400w, https:\/\/ntigymnasiet.se\/wp-content\/uploads\/2023\/06\/kopia-av-ntiavatarkontaktwebbscience-150x150.png 150w, https:\/\/ntigymnasiet.se\/wp-content\/uploads\/2023\/06\/kopia-av-ntiavatarkontaktwebbscience-300x300.png 300w, https:\/\/ntigymnasiet.se\/wp-content\/uploads\/2023\/06\/kopia-av-ntiavatarkontaktwebbscience-600x600.png 600w, https:\/\/ntigymnasiet.se\/wp-content\/uploads\/2023\/06\/kopia-av-ntiavatarkontaktwebbscience.png 800w\" \/>\n\t\t\t\t\t\t<\/div>\n\t\t\t\t\t<\/article>\n\t\t\t\t<\/li>\n\t\t\t\t\t<\/ul>\n\n\t\t\n\t\t    <div class=\"ams-contact__more u-inline-items js-load-more-btn\">\n        <button href=\"#\"\n                class=\"c-btn\"\n                data-style=\"rounded\"\n                data-size=\"md\"\n                data-width=\"full-mobile\"\n                data-variant=\"outline\">\n        \tVisa mer\n        <\/button>\n    <\/div>\n\n\t\t\t<\/div>\n\n\t\t\n\n<\/section>\n","protected":false},"excerpt":{"rendered":"","protected":false},"author":4,"featured_media":0,"parent":191,"menu_order":0,"comment_status":"closed","ping_status":"closed","template":"","meta":{"footnotes":""},"yoast_head":"<!-- This site is optimized with the Yoast SEO plugin v22.0 - https:\/\/yoast.com\/wordpress\/plugins\/seo\/ -->\n<title>Elevh\u00e4lsa - NTI Vetenskapsgymnasiet Stockholm<\/title>\n<meta name=\"description\" content=\"P\u00e5 skolan finns ett elevh\u00e4lsoteam som speciellt fokuserar p\u00e5 att du som elev ska m\u00e5 bra och lyckas i skolan.\" \/>\n<meta name=\"robots\" content=\"index, follow, max-snippet:-1, max-image-preview:large, max-video-preview:-1\" \/>\n<link rel=\"canonical\" href=\"https:\/\/ntigymnasiet.se\/vetenskapsgymnasiet\/stockholm\/var-skola\/elevhalsa\/\" \/>\n<meta property=\"og:locale\" content=\"sv_SE\" \/>\n<meta property=\"og:type\" content=\"article\" \/>\n<meta property=\"og:title\" content=\"Elevh\u00e4lsa - NTI Vetenskapsgymnasiet Stockholm\" \/>\n<meta property=\"og:description\" content=\"P\u00e5 skolan finns ett elevh\u00e4lsoteam som speciellt fokuserar p\u00e5 att du som elev ska m\u00e5 bra och lyckas i skolan.\" \/>\n<meta property=\"og:url\" content=\"https:\/\/ntigymnasiet.se\/vetenskapsgymnasiet\/stockholm\/var-skola\/elevhalsa\/\" \/>\n<meta property=\"og:site_name\" content=\"Stockholm\" \/>\n<meta property=\"article:modified_time\" content=\"2024-01-31T14:22:10+00:00\" \/>\n<meta name=\"twitter:card\" content=\"summary_large_image\" \/>\n<meta name=\"twitter:title\" content=\"Elevh\u00e4lsa - NTI Vetenskapsgymnasiet Stockholm\" \/>\n<meta name=\"twitter:description\" content=\"P\u00e5 skolan finns ett elevh\u00e4lsoteam som speciellt fokuserar p\u00e5 att du som elev ska m\u00e5 bra och lyckas i skolan.\" \/>\n<script type=\"application\/ld+json\" class=\"yoast-schema-graph\">{\"@context\":\"https:\/\/schema.org\",\"@graph\":[{\"@type\":\"WebPage\",\"@id\":\"https:\/\/ntigymnasiet.se\/vetenskapsgymnasiet\/stockholm\/var-skola\/elevhalsa\/\",\"url\":\"https:\/\/ntigymnasiet.se\/vetenskapsgymnasiet\/stockholm\/var-skola\/elevhalsa\/\",\"name\":\"Elevh\u00e4lsa - NTI Vetenskapsgymnasiet Stockholm\",\"isPartOf\":{\"@id\":\"https:\/\/ntigymnasiet.se\/vetenskapsgymnasiet\/stockholm\/#website\"},\"datePublished\":\"2023-03-31T14:51:39+00:00\",\"dateModified\":\"2024-01-31T14:22:10+00:00\",\"description\":\"P\u00e5 skolan finns ett elevh\u00e4lsoteam som speciellt fokuserar p\u00e5 att du som elev ska m\u00e5 bra och lyckas i skolan.\",\"breadcrumb\":{\"@id\":\"https:\/\/ntigymnasiet.se\/vetenskapsgymnasiet\/stockholm\/var-skola\/elevhalsa\/#breadcrumb\"},\"inLanguage\":\"sv-SE\",\"potentialAction\":[{\"@type\":\"ReadAction\",\"target\":[\"https:\/\/ntigymnasiet.se\/vetenskapsgymnasiet\/stockholm\/var-skola\/elevhalsa\/\"]}]},{\"@type\":\"BreadcrumbList\",\"@id\":\"https:\/\/ntigymnasiet.se\/vetenskapsgymnasiet\/stockholm\/var-skola\/elevhalsa\/#breadcrumb\",\"itemListElement\":[{\"@type\":\"ListItem\",\"position\":1,\"name\":\"Start\",\"item\":\"https:\/\/ntigymnasiet.se\/vetenskapsgymnasiet\/stockholm\/\"},{\"@type\":\"ListItem\",\"position\":2,\"name\":\"V\u00e5r skola\",\"item\":\"https:\/\/ntigymnasiet.se\/vetenskapsgymnasiet\/stockholm\/var-skola\/\"},{\"@type\":\"ListItem\",\"position\":3,\"name\":\"Elevh\u00e4lsa\"}]},{\"@type\":\"WebSite\",\"@id\":\"https:\/\/ntigymnasiet.se\/vetenskapsgymnasiet\/stockholm\/#website\",\"url\":\"https:\/\/ntigymnasiet.se\/vetenskapsgymnasiet\/stockholm\/\",\"name\":\"Stockholm\",\"description\":\"Just another WordPress site\",\"potentialAction\":[{\"@type\":\"SearchAction\",\"target\":{\"@type\":\"EntryPoint\",\"urlTemplate\":\"https:\/\/ntigymnasiet.se\/vetenskapsgymnasiet\/stockholm\/?s={search_term_string}\"},\"query-input\":\"required name=search_term_string\"}],\"inLanguage\":\"sv-SE\"}]}<\/script>\n<!-- \/ Yoast SEO plugin. -->","yoast_head_json":{"title":"Elevh\u00e4lsa - NTI Vetenskapsgymnasiet Stockholm","description":"P\u00e5 skolan finns ett elevh\u00e4lsoteam som speciellt fokuserar p\u00e5 att du som elev ska m\u00e5 bra och lyckas i skolan.","robots":{"index":"index","follow":"follow","max-snippet":"max-snippet:-1","max-image-preview":"max-image-preview:large","max-video-preview":"max-video-preview:-1"},"canonical":"https:\/\/ntigymnasiet.se\/vetenskapsgymnasiet\/stockholm\/var-skola\/elevhalsa\/","og_locale":"sv_SE","og_type":"article","og_title":"Elevh\u00e4lsa - NTI Vetenskapsgymnasiet Stockholm","og_description":"P\u00e5 skolan finns ett elevh\u00e4lsoteam som speciellt fokuserar p\u00e5 att du som elev ska m\u00e5 bra och lyckas i skolan.","og_url":"https:\/\/ntigymnasiet.se\/vetenskapsgymnasiet\/stockholm\/var-skola\/elevhalsa\/","og_site_name":"Stockholm","article_modified_time":"2024-01-31T14:22:10+00:00","twitter_card":"summary_large_image","twitter_title":"Elevh\u00e4lsa - NTI Vetenskapsgymnasiet Stockholm","twitter_description":"P\u00e5 skolan finns ett elevh\u00e4lsoteam som speciellt fokuserar p\u00e5 att du som elev ska m\u00e5 bra och lyckas i skolan.","schema":{"@context":"https:\/\/schema.org","@graph":[{"@type":"WebPage","@id":"https:\/\/ntigymnasiet.se\/vetenskapsgymnasiet\/stockholm\/var-skola\/elevhalsa\/","url":"https:\/\/ntigymnasiet.se\/vetenskapsgymnasiet\/stockholm\/var-skola\/elevhalsa\/","name":"Elevh\u00e4lsa - NTI Vetenskapsgymnasiet Stockholm","isPartOf":{"@id":"https:\/\/ntigymnasiet.se\/vetenskapsgymnasiet\/stockholm\/#website"},"datePublished":"2023-03-31T14:51:39+00:00","dateModified":"2024-01-31T14:22:10+00:00","description":"P\u00e5 skolan finns ett elevh\u00e4lsoteam som speciellt fokuserar p\u00e5 att du som elev ska m\u00e5 bra och lyckas i skolan.","breadcrumb":{"@id":"https:\/\/ntigymnasiet.se\/vetenskapsgymnasiet\/stockholm\/var-skola\/elevhalsa\/#breadcrumb"},"inLanguage":"sv-SE","potentialAction":[{"@type":"ReadAction","target":["https:\/\/ntigymnasiet.se\/vetenskapsgymnasiet\/stockholm\/var-skola\/elevhalsa\/"]}]},{"@type":"BreadcrumbList","@id":"https:\/\/ntigymnasiet.se\/vetenskapsgymnasiet\/stockholm\/var-skola\/elevhalsa\/#breadcrumb","itemListElement":[{"@type":"ListItem","position":1,"name":"Start","item":"https:\/\/ntigymnasiet.se\/vetenskapsgymnasiet\/stockholm\/"},{"@type":"ListItem","position":2,"name":"V\u00e5r skola","item":"https:\/\/ntigymnasiet.se\/vetenskapsgymnasiet\/stockholm\/var-skola\/"},{"@type":"ListItem","position":3,"name":"Elevh\u00e4lsa"}]},{"@type":"WebSite","@id":"https:\/\/ntigymnasiet.se\/vetenskapsgymnasiet\/stockholm\/#website","url":"https:\/\/ntigymnasiet.se\/vetenskapsgymnasiet\/stockholm\/","name":"Stockholm","description":"Just another WordPress site","potentialAction":[{"@type":"SearchAction","target":{"@type":"EntryPoint","urlTemplate":"https:\/\/ntigymnasiet.se\/vetenskapsgymnasiet\/stockholm\/?s={search_term_string}"},"query-input":"required name=search_term_string"}],"inLanguage":"sv-SE"}]}},"_links":{"self":[{"href":"https:\/\/ntigymnasiet.se\/vetenskapsgymnasiet\/stockholm\/wp-json\/wp\/v2\/pages\/195"}],"collection":[{"href":"https:\/\/ntigymnasiet.se\/vetenskapsgymnasiet\/stockholm\/wp-json\/wp\/v2\/pages"}],"about":[{"href":"https:\/\/ntigymnasiet.se\/vetenskapsgymnasiet\/stockholm\/wp-json\/wp\/v2\/types\/page"}],"author":[{"embeddable":true,"href":"https:\/\/ntigymnasiet.se\/vetenskapsgymnasiet\/stockholm\/wp-json\/wp\/v2\/users\/4"}],"replies":[{"embeddable":true,"href":"https:\/\/ntigymnasiet.se\/vetenskapsgymnasiet\/stockholm\/wp-json\/wp\/v2\/comments?post=195"}],"version-history":[{"count":10,"href":"https:\/\/ntigymnasiet.se\/vetenskapsgymnasiet\/stockholm\/wp-json\/wp\/v2\/pages\/195\/revisions"}],"predecessor-version":[{"id":1453,"href":"https:\/\/ntigymnasiet.se\/vetenskapsgymnasiet\/stockholm\/wp-json\/wp\/v2\/pages\/195\/revisions\/1453"}],"up":[{"embeddable":true,"href":"https:\/\/ntigymnasiet.se\/vetenskapsgymnasiet\/stockholm\/wp-json\/wp\/v2\/pages\/191"}],"wp:attachment":[{"href":"https:\/\/ntigymnasiet.se\/vetenskapsgymnasiet\/stockholm\/wp-json\/wp\/v2\/media?parent=195"}],"curies":[{"name":"wp","href":"https:\/\/api.w.org\/{rel}","templated":true}]}}