{"id":3160,"date":"2025-01-02T11:11:29","date_gmt":"2025-01-02T10:11:29","guid":{"rendered":"https:\/\/ntigymnasiet.se\/vetenskapsgymnasiet\/?page_id=3160"},"modified":"2025-01-07T15:41:42","modified_gmt":"2025-01-07T14:41:42","slug":"oppet-hus","status":"publish","type":"page","link":"https:\/\/ntigymnasiet.se\/vetenskapsgymnasiet\/oppet-hus\/","title":{"rendered":"\u00d6ppet hus"},"content":{"rendered":"\n\t\n\t\n\t\n\t\n\t\n\n<section \n\tclass=\"ams-hero ams-hero--classic ams-hero--50 c-block l-stacked  \"\n\tdata-color-scheme=\"footer\"\n\tstyle=\"\">\n\t<div class=\"ams-hero__container u-items-center u-justify-center\">\n\t\t<div\n\t\t\tclass=\"ams-hero__content l-stack l-stack-xl is-center is-center@md\" >\n\t\t\t<div class=\"l-stack l-stack-lg\">\n\t\t\t\t\t\n\t<h1\n\tclass=\"c-heading u-font-title-1 \"\n\tstyle=\"\">\n\t\t\n\t\t\t\t\t\t\t\t\t\u00d6ppet hus\n\t\t\t\t<span class=\"c-heading__sub is-below u-font-title-3\">\n\t\t\t\t\tV\u00e4lkommen p\u00e5 bes\u00f6k hos oss!\n\t\t\t\t<\/span>\n\t\t\t\t\t\t\t\n\t<\/h1>\n\n\t\t\t\t\t\t\t\t\t<div class=\"text l-stack u-font-body\">\n\t\t\t\t\t\t<p>P\u00e5 NTI Vetenskapsgymnasiet f\u00e5r du en bred och modern gymnasieutbildning som ger dig stora m\u00f6jligheter inom teknik och naturvetenskap.<\/p>\n\n\t\t\t\t\t<\/div>\n\t\t\t\t\t\t\t<\/div>\n\n\t\t\t\t\t<\/div>\n\t<\/div>\n\n\t\n\t\t\t\n\t\t\t\t\t\t\t\n\t\t\t\t<div class=\"c-bg c-bg--img\" data-settings=\"{&quot;desktop_settings&quot;:{&quot;size&quot;:&quot;cover&quot;,&quot;position&quot;:&quot;middle-center&quot;},&quot;mobile_settings&quot;:{&quot;size&quot;:&quot;cover&quot;,&quot;position&quot;:&quot;middle-center&quot;}}\" data-position=\"middle-center\" data-size=\"cover\">\n\t\t\t<img decoding=\"async\" width=\"1920\" height=\"1080\" src=\"https:\/\/ntigymnasiet.se\/wp-content\/uploads\/2023\/02\/nti-gymnasium-kvalitet-202204.jpg\" class=\"attachment-hero-lg size-hero-lg\" alt=\"Tv\u00e5 elever arbetar framf\u00f6r datorn i klassrummet.\" sizes=\"(max-width: 1920px) 100vw, 1920px\" srcset=\"https:\/\/ntigymnasiet.se\/wp-content\/uploads\/2023\/02\/nti-gymnasium-kvalitet-202204.jpg 1920w, https:\/\/ntigymnasiet.se\/wp-content\/uploads\/2023\/02\/nti-gymnasium-kvalitet-202204-300x169.jpg 300w, https:\/\/ntigymnasiet.se\/wp-content\/uploads\/2023\/02\/nti-gymnasium-kvalitet-202204-400x225.jpg 400w, https:\/\/ntigymnasiet.se\/wp-content\/uploads\/2023\/02\/nti-gymnasium-kvalitet-202204-600x338.jpg 600w, https:\/\/ntigymnasiet.se\/wp-content\/uploads\/2023\/02\/nti-gymnasium-kvalitet-202204-800x450.jpg 800w, https:\/\/ntigymnasiet.se\/wp-content\/uploads\/2023\/02\/nti-gymnasium-kvalitet-202204-1024x576.jpg 1024w, https:\/\/ntigymnasiet.se\/wp-content\/uploads\/2023\/02\/nti-gymnasium-kvalitet-202204-1200x675.jpg 1200w\" \/>\n\t\t<\/div>\n\t\n\t<div class=\"c-overlay\" style=\"--overlay-bg: rgba(0,0,0,0.4);\"><\/div>\n<\/section>\n\n\n\n\n<section  class=\"ams-cta ams-cta--stacked c-block l-stacked\">\n\t<div class=\"l-container l-stack l-stack-fluid-2xl u-pt-fluid-3xl-6xl u-pb-fluid-2xl-4xl is-center is-center@md\">\n\t\t\t\t\t<div class=\"ams-cta__intro l-stack l-stack-lg\">\n\t\t\t\t\t\n\t<h2\n\tclass=\"c-heading u-font-title-1 \"\n\tstyle=\"\">\n\t\t\n\t\t\t\t\tVilken skola vill du bes\u00f6ka?\n\t\t\t\t\n\t<\/h2>\n\n\t\t\t\t\t\t\t<\/div>\n\t\t\n\t\t\n\t\t\t<div class=\"ams-cta__action u-inline-items\">\n\t\t\t\t\t\t\t\n\n\n<a href=\"https:\/\/ntigymnasiet.se\/vetenskapsgymnasiet\/stockholm\/oppet-hus\/\"\n\t\n\tclass=\"c-btn \"\n\tdata-style=\"rounded\"\n\tdata-size=\"md\"\n\tdata-width=\"full-mobile\"\n\tdata-variant=\"default\"\n\ttarget=\"_self\">\n\t\t\t<span class=\"label\"> NTI Vetenskapsgymnasiet Stockholm<\/span>\n\t\t\t<\/a>\n\t\t\t\t\t\t\t\n\n\n<a href=\"https:\/\/ntigymnasiet.se\/vetenskapsgymnasiet\/gavle\/oppet-hus\/\"\n\t\n\tclass=\"c-btn \"\n\tdata-style=\"rounded\"\n\tdata-size=\"md\"\n\tdata-width=\"full-mobile\"\n\tdata-variant=\"default\"\n\ttarget=\"_self\">\n\t\t\t<span class=\"label\"> NTI Vetenskapsgymnasiet G\u00e4vle<\/span>\n\t\t\t<\/a>\n\t\t\t<\/div>\n\t<\/div>\n\n\t\t\n\n<\/section>\n\n\n\n\n<section  class=\"ams-courses-list c-block l-stacked\" data-color-scheme=\"kurslistning-gra-bakgrund\">\n\t<div class=\"l-container l-stack l-stack-fluid-2xl u-pt-fluid-3xl-6xl u-pb-fluid-3xl-6xl is-center is-center@md\">\n\t\t\t\t\t<div class=\"ams-courses-list__intro l-stack l-stack-lg\">\n\t\t\t\t\t\n\t<h2\n\tclass=\"c-heading u-font-title-1 \"\n\tstyle=\"\">\n\t\t\n\t\t\t\t\tV\u00e5ra program\n\t\t\t\t\n\t<\/h2>\n\n\t\t\t\t\t\t\t<\/div>\n\t\t\n\t\t\n\t\t\t\n<ul class=\"ams-courses-list__list l-grid u-gap-fluid-2xl-4xl u-justify-center\">\n\t\t\t<li class=\"l-col-6@md l-col-4@lg\">\n\t\t\t<article class=\"c-card has-media-zoom  u-shadow-lg\"\n\t\t\t\t\t\tdata-variant=\"border-top\"\n\t\t\t\t\t\tdata-style=\"square\"\n\t\t\t\t\t\tdata-click-area>\n\t\t\t\t<div class=\"c-card__content l-stack l-stack-sm\">\n\t\t\t\t\t\t\t\t\t\t\t<h3 class=\"c-card__title u-font-title-3\">\n\t\t\t\t\t\t\t\t\t\t\t\t\t\t\t<a class=\"c-card__title-link\" href=\"https:\/\/ntigymnasiet.se\/vetenskapsgymnasiet\/program\/naturvetenskapsprogrammet\/\">\n\t\t\t\t\t\t\t\t\tNaturvetenskap\n\t\t\t\t\t\t\t\t<\/a>\n\t\t\t\t\t\t\t\t\t\t\t\t\t<\/h3>\n\t\t\t\t\t\n\t\t\t\t\t\t\t\t\t\t\t<p class=\"c-card__text l-stack-xs u-font-body \">\n\t\t\t\t\t\t\tF\u00f6rdjupa dig inom framtidens naturvetenskap och testa bioteknik.\n\t\t\t\t\t\t<\/p>\n\t\t\t\t\t\n\t\t\t\t\t\t\t\t\t\t\t\t\t\t\t\t<ul class=\"c-card__list u-list-none l-stack-grow u-divider-top u-font-body\">\n\t\t\t\t\t\t\t\t\t\t\t\t\t\t\t<li>\n\t\t\t\t\t\t\t\t\t<strong>Program<\/strong>\n\t\t\t\t\t\t\t\t\t<ul class=\"u-list-dash\">\n\t\t\t\t\t\t\t\t\t\t\t\t\t\t\t\t\t\t\t\t\t<li>Naturvetenskapsprogrammet<\/li>\n\t\t\t\t\t\t\t\t\t\t\t\t\t\t\t\t\t\t\t<\/ul>\n\t\t\t\t\t\t\t\t<\/li>\n\t\t\t\t\t\t\t\n\t\t\t\t\t\t\t\n\t\t\t\t\t\t\t\t<!-- Orientations within program -->\n\t\t\t\t\t\t\t\t\t\t\t\t\t\t\t\t<!-- .\/Orientations within program -->\n\n\t\t\t\t\t\t\t\t\t\t\t\t\t<\/ul>\n\n\t\t\t\t\t\t<div class=\"c-card__icon c-card__icon--nl\">\n\t\t\t\t\t\t\t\t\t\t\t\t\t\t<svg class=\"ams-icon ams-icon--arrow-right\" width=\"32\" height=\"32\" viewbox=\"0 0 32 32\" fill=\"currentColor\" aria-hidden=\"true\" xmlns=\"http:\/\/www.w3.org\/2000\/svg\">\n\t\t\t\t\t\t\t\t\t\t\t\t\t\t\t\t<path d=\"M15.4617 0.252159L14.9567 0.75931C14.6219 1.09545 14.6219 1.64048 14.9567 1.97669L27.7062 14.7806H0.857144C0.383786 14.7806 0 15.166 0 15.6414V16.3587C0 16.8341 0.383786 17.2195 0.857144 17.2195H27.7062L14.9567 30.0234C14.6219 30.3595 14.6219 30.9045 14.9567 31.2407L15.4617 31.7479C15.7964 32.084 16.3392 32.084 16.6739 31.7479L31.749 16.6087C32.0837 16.2725 32.0837 15.7275 31.749 15.3913L16.6739 0.252159C16.3392 -0.084053 15.7964 -0.084053 15.4617 0.252159Z\"\/>\n\t\t\t\t\t\t\t\n\t\t\t\t\t\t\t<\/svg>\n\t\t\t\t\t\t<\/div>\n\t\t\t\t\t\t\t\t\t<\/div>\n\t\t\t\t<div class=\"c-card__media \" style=\" \">\n\t\t\t\t\t<img decoding=\"async\" width=\"400\" height=\"225\" src=\"https:\/\/ntigymnasiet.se\/wp-content\/uploads\/2023\/04\/nti-naturvetenskapsprogrammet-202204-400x225.jpg\" class=\"attachment-sm size-sm wp-post-image\" alt=\"Tv\u00e5 elever arbetar med hydroponisk odling p\u00e5 naturvetenskapsprogrammet p\u00e5 NTI gymnasiet.\" sizes=\"(min-width: 64em) 300px, (min-width: 48em) calc(.50 * (100vw - 240px)), calc(100vw - 160px)\" srcset=\"https:\/\/ntigymnasiet.se\/wp-content\/uploads\/2023\/04\/nti-naturvetenskapsprogrammet-202204-400x225.jpg 400w, https:\/\/ntigymnasiet.se\/wp-content\/uploads\/2023\/04\/nti-naturvetenskapsprogrammet-202204-300x169.jpg 300w, https:\/\/ntigymnasiet.se\/wp-content\/uploads\/2023\/04\/nti-naturvetenskapsprogrammet-202204-600x338.jpg 600w, https:\/\/ntigymnasiet.se\/wp-content\/uploads\/2023\/04\/nti-naturvetenskapsprogrammet-202204-800x450.jpg 800w, https:\/\/ntigymnasiet.se\/wp-content\/uploads\/2023\/04\/nti-naturvetenskapsprogrammet-202204-1024x576.jpg 1024w, https:\/\/ntigymnasiet.se\/wp-content\/uploads\/2023\/04\/nti-naturvetenskapsprogrammet-202204-1200x675.jpg 1200w, https:\/\/ntigymnasiet.se\/wp-content\/uploads\/2023\/04\/nti-naturvetenskapsprogrammet-202204.jpg 1920w\" \/>\n\t\t\t\t<\/div>\n\t\t\t<\/article>\n\t\t<\/li>\n\t\t\t<li class=\"l-col-6@md l-col-4@lg\">\n\t\t\t<article class=\"c-card has-media-zoom  u-shadow-lg\"\n\t\t\t\t\t\tdata-variant=\"border-top\"\n\t\t\t\t\t\tdata-style=\"square\"\n\t\t\t\t\t\tdata-click-area>\n\t\t\t\t<div class=\"c-card__content l-stack l-stack-sm\">\n\t\t\t\t\t\t\t\t\t\t\t<h3 class=\"c-card__title u-font-title-3\">\n\t\t\t\t\t\t\t\t\t\t\t\t\t\t\t<a class=\"c-card__title-link\" href=\"https:\/\/ntigymnasiet.se\/vetenskapsgymnasiet\/program\/teknikprogrammet\/\">\n\t\t\t\t\t\t\t\t\tTeknik\n\t\t\t\t\t\t\t\t<\/a>\n\t\t\t\t\t\t\t\t\t\t\t\t\t<\/h3>\n\t\t\t\t\t\n\t\t\t\t\t\t\t\t\t\t\t<p class=\"c-card__text l-stack-xs u-font-body \">\n\t\t\t\t\t\t\tUtveckla produkter, programmera eller f\u00f6rdjupa dig inom teknikvetenskap.\n\t\t\t\t\t\t<\/p>\n\t\t\t\t\t\n\t\t\t\t\t\t\t\t\t\t\t\t\t\t\t\t<ul class=\"c-card__list u-list-none l-stack-grow u-divider-top u-font-body\">\n\t\t\t\t\t\t\t\t\t\t\t\t\t\t\t<li>\n\t\t\t\t\t\t\t\t\t<strong>Program<\/strong>\n\t\t\t\t\t\t\t\t\t<ul class=\"u-list-dash\">\n\t\t\t\t\t\t\t\t\t\t\t\t\t\t\t\t\t\t\t\t\t<li>Teknikprogrammet<\/li>\n\t\t\t\t\t\t\t\t\t\t\t\t\t\t\t\t\t\t\t<\/ul>\n\t\t\t\t\t\t\t\t<\/li>\n\t\t\t\t\t\t\t\n\t\t\t\t\t\t\t\n\t\t\t\t\t\t\t\t<!-- Orientations within program -->\n\t\t\t\t\t\t\t\t\t\t\t\t\t\t\t\t<!-- .\/Orientations within program -->\n\n\t\t\t\t\t\t\t\t\t\t\t\t\t<\/ul>\n\n\t\t\t\t\t\t<div class=\"c-card__icon c-card__icon--nl\">\n\t\t\t\t\t\t\t\t\t\t\t\t\t\t<svg class=\"ams-icon ams-icon--arrow-right\" width=\"32\" height=\"32\" viewbox=\"0 0 32 32\" fill=\"currentColor\" aria-hidden=\"true\" xmlns=\"http:\/\/www.w3.org\/2000\/svg\">\n\t\t\t\t\t\t\t\t\t\t\t\t\t\t\t\t<path d=\"M15.4617 0.252159L14.9567 0.75931C14.6219 1.09545 14.6219 1.64048 14.9567 1.97669L27.7062 14.7806H0.857144C0.383786 14.7806 0 15.166 0 15.6414V16.3587C0 16.8341 0.383786 17.2195 0.857144 17.2195H27.7062L14.9567 30.0234C14.6219 30.3595 14.6219 30.9045 14.9567 31.2407L15.4617 31.7479C15.7964 32.084 16.3392 32.084 16.6739 31.7479L31.749 16.6087C32.0837 16.2725 32.0837 15.7275 31.749 15.3913L16.6739 0.252159C16.3392 -0.084053 15.7964 -0.084053 15.4617 0.252159Z\"\/>\n\t\t\t\t\t\t\t\n\t\t\t\t\t\t\t<\/svg>\n\t\t\t\t\t\t<\/div>\n\t\t\t\t\t\t\t\t\t<\/div>\n\t\t\t\t<div class=\"c-card__media \" style=\" \">\n\t\t\t\t\t<img decoding=\"async\" width=\"400\" height=\"225\" src=\"https:\/\/ntigymnasiet.se\/wp-content\/uploads\/2023\/04\/nti-teknikprogrammet-gymnasium-202204-400x225.jpg\" class=\"attachment-sm size-sm wp-post-image\" alt=\"En elev st\u00e4ller in en robotarm i makerspace p\u00e5 teknikprogrammet.\" sizes=\"(min-width: 64em) 300px, (min-width: 48em) calc(.50 * (100vw - 240px)), calc(100vw - 160px)\" srcset=\"https:\/\/ntigymnasiet.se\/wp-content\/uploads\/2023\/04\/nti-teknikprogrammet-gymnasium-202204-400x225.jpg 400w, https:\/\/ntigymnasiet.se\/wp-content\/uploads\/2023\/04\/nti-teknikprogrammet-gymnasium-202204-300x169.jpg 300w, https:\/\/ntigymnasiet.se\/wp-content\/uploads\/2023\/04\/nti-teknikprogrammet-gymnasium-202204-600x338.jpg 600w, https:\/\/ntigymnasiet.se\/wp-content\/uploads\/2023\/04\/nti-teknikprogrammet-gymnasium-202204-800x450.jpg 800w, https:\/\/ntigymnasiet.se\/wp-content\/uploads\/2023\/04\/nti-teknikprogrammet-gymnasium-202204-1024x576.jpg 1024w, https:\/\/ntigymnasiet.se\/wp-content\/uploads\/2023\/04\/nti-teknikprogrammet-gymnasium-202204-1200x675.jpg 1200w, https:\/\/ntigymnasiet.se\/wp-content\/uploads\/2023\/04\/nti-teknikprogrammet-gymnasium-202204.jpg 1920w\" \/>\n\t\t\t\t<\/div>\n\t\t\t<\/article>\n\t\t<\/li>\n\t<\/ul>\n\t\n\n\t\t\t<\/div>\n\n\t\t\n\n<\/section>\n\n\n\n\n<section  class=\"ams-usp c-block l-stacked\" data-color-scheme=\"bakgrund-hover-standard\">\n\t<div class=\"l-container l-stack l-stack-fluid-2xl u-pt-fluid-2xl-4xl u-pb-fluid-2xl-4xl is-center is-center@md\">\n\t\t\t\t\t<div class=\"ams-usp__intro l-stack l-stack-lg\">\n\t\t\t\t\t\n\t<h2\n\tclass=\"c-heading u-font-title-1 \"\n\tstyle=\"\">\n\t\t\n\t\t\t\t\tOm oss\n\t\t\t\t\n\t<\/h2>\n\n\t\t\t\t\t\t\t<\/div>\n\t\t\n\t\t\t<ul class=\"ams-usp__list l-grid u-justify-center u-gap-fluid-2xl-4xl\">\n\t\t\t\t\t<li class=\"l-col-6@md l-col-4@lg\">\n\t\t\t\t<article\n\t\t\t\t\tclass=\"\n\t\t\t\t\tc-card\n\t\t\t\t\thas-media-zoom\n\t\t\t\t\t\n\t\t\t\t\t\n\t\t\t\t\t\"\n\t\t\t\t\tdata-variant=\"neutral\"\n\t\t\t\t\tdata-style=\"square\"\n\t\t\t\t\t\n\t\t\t\t\t>\n\t\t\t\t\t\t\t\t\t\t\t<div class=\"c-card__content l-stack l-stack-sm u-text-center\">\n\t\t\t\t\t\t\t\t\t\t\t\t\t\t\t<h3 class=\"c-card__title u-font-title-3\">\n\t\t\t\t\t\t\t\t\t\t\t\t\t\t\t\t\t\t\t\t\t\t\t\t\t\t\t\t\t\tV\u00e5ra program\n\t\t\t\t\t\t\t\t\t\t\t<span class=\"c-card__title__sub is-below u-font-title-4\">\n\t\t\t\t\t\t\t\t\t\t\t\t    \n\t\t\t\t\t\t\t\t\t\t\t<\/span>\n\t\t\t\t\t\t\t\t\t\t\t\t\t\t\t\t\t\t\t\t\t\t\t\t\t\t\t<\/h3>\n\t\t\t\t\t\t\t\n\t\t\t\t\t\t\t\t\t\t\t\t\t\t\t<div class=\"c-card__text l-stack-xs u-font-body\">\n\t\t\t\t\t\t\t\t\t<p>V\u00e4lj mellan natur eller teknik och ta din egen riktning genom programmens m\u00e5nga individuella val.<\/p>\n\n\t\t\t\t\t\t\t\t<\/div>\n\t\t\t\t\t\t\t\t\t\t\t\t\t<\/div>\n\t\t\t\t\t\n\t\t\t\t\t<div class=\"c-card__media\">\n\t\t\t\t\t\t\t\t\t\t\t\t\t<img decoding=\"async\" width=\"400\" height=\"400\" src=\"https:\/\/ntigymnasiet.se\/wp-content\/uploads\/2023\/05\/nti-vetenskapsgymnasiet-gymnasium-naturvetenskap-1-202204-400x400.png\" class=\" u-ratio-landscape  ams_icon_size_usp\" alt=\"Tv\u00e5 elever i labbsal.\" srcset=\"https:\/\/ntigymnasiet.se\/wp-content\/uploads\/2023\/05\/nti-vetenskapsgymnasiet-gymnasium-naturvetenskap-1-202204-400x400.png 400w, https:\/\/ntigymnasiet.se\/wp-content\/uploads\/2023\/05\/nti-vetenskapsgymnasiet-gymnasium-naturvetenskap-1-202204-150x150.png 150w, https:\/\/ntigymnasiet.se\/wp-content\/uploads\/2023\/05\/nti-vetenskapsgymnasiet-gymnasium-naturvetenskap-1-202204-300x300.png 300w, https:\/\/ntigymnasiet.se\/wp-content\/uploads\/2023\/05\/nti-vetenskapsgymnasiet-gymnasium-naturvetenskap-1-202204-600x600.png 600w, https:\/\/ntigymnasiet.se\/wp-content\/uploads\/2023\/05\/nti-vetenskapsgymnasiet-gymnasium-naturvetenskap-1-202204.png 700w\" sizes=\"(max-width: 400px) 100vw, 400px\" \/>\n\t\t\t\t\t\t\t\t\t\t\t<\/div>\n\t\t\t\t<\/article>\n\t\t\t<\/li>\n\n\t\t\t\t\t<li class=\"l-col-6@md l-col-4@lg\">\n\t\t\t\t<article\n\t\t\t\t\tclass=\"\n\t\t\t\t\tc-card\n\t\t\t\t\thas-media-zoom\n\t\t\t\t\t\n\t\t\t\t\t\n\t\t\t\t\t\"\n\t\t\t\t\tdata-variant=\"neutral\"\n\t\t\t\t\tdata-style=\"square\"\n\t\t\t\t\t\n\t\t\t\t\t>\n\t\t\t\t\t\t\t\t\t\t\t<div class=\"c-card__content l-stack l-stack-sm u-text-center\">\n\t\t\t\t\t\t\t\t\t\t\t\t\t\t\t<h3 class=\"c-card__title u-font-title-3\">\n\t\t\t\t\t\t\t\t\t\t\t\t\t\t\t\t\t\t\t\t\t\t\t\t\t\t\t\t\t\tGreentech\n\t\t\t\t\t\t\t\t\t\t\t<span class=\"c-card__title__sub is-below u-font-title-4\">\n\t\t\t\t\t\t\t\t\t\t\t\t   \n\t\t\t\t\t\t\t\t\t\t\t<\/span>\n\t\t\t\t\t\t\t\t\t\t\t\t\t\t\t\t\t\t\t\t\t\t\t\t\t\t\t<\/h3>\n\t\t\t\t\t\t\t\n\t\t\t\t\t\t\t\t\t\t\t\t\t\t\t<div class=\"c-card__text l-stack-xs u-font-body\">\n\t\t\t\t\t\t\t\t\t<p>Du l\u00e4r dig hur vi kan klara av sv\u00e5ra milj\u00f6- och samh\u00e4llsproblem med hj\u00e4lp av ny teknik och vetenskap.<\/p>\n\n\t\t\t\t\t\t\t\t<\/div>\n\t\t\t\t\t\t\t\t\t\t\t\t\t<\/div>\n\t\t\t\t\t\n\t\t\t\t\t<div class=\"c-card__media\">\n\t\t\t\t\t\t\t\t\t\t\t\t\t<img decoding=\"async\" width=\"400\" height=\"400\" src=\"https:\/\/ntigymnasiet.se\/wp-content\/uploads\/2023\/05\/nti-vetenskapsgymnasiet-gymnasium-naturvetenskap-3-202204-400x400.png\" class=\" u-ratio-landscape  ams_icon_size_usp\" alt=\"Tre elever i den hydroponiska odlingen.\" srcset=\"https:\/\/ntigymnasiet.se\/wp-content\/uploads\/2023\/05\/nti-vetenskapsgymnasiet-gymnasium-naturvetenskap-3-202204-400x400.png 400w, https:\/\/ntigymnasiet.se\/wp-content\/uploads\/2023\/05\/nti-vetenskapsgymnasiet-gymnasium-naturvetenskap-3-202204-150x150.png 150w, https:\/\/ntigymnasiet.se\/wp-content\/uploads\/2023\/05\/nti-vetenskapsgymnasiet-gymnasium-naturvetenskap-3-202204-300x300.png 300w, https:\/\/ntigymnasiet.se\/wp-content\/uploads\/2023\/05\/nti-vetenskapsgymnasiet-gymnasium-naturvetenskap-3-202204-600x600.png 600w, https:\/\/ntigymnasiet.se\/wp-content\/uploads\/2023\/05\/nti-vetenskapsgymnasiet-gymnasium-naturvetenskap-3-202204.png 700w\" sizes=\"(max-width: 400px) 100vw, 400px\" \/>\n\t\t\t\t\t\t\t\t\t\t\t<\/div>\n\t\t\t\t<\/article>\n\t\t\t<\/li>\n\n\t\t\t\t\t<li class=\"l-col-6@md l-col-4@lg\">\n\t\t\t\t<article\n\t\t\t\t\tclass=\"\n\t\t\t\t\tc-card\n\t\t\t\t\thas-media-zoom\n\t\t\t\t\t\n\t\t\t\t\t\n\t\t\t\t\t\"\n\t\t\t\t\tdata-variant=\"neutral\"\n\t\t\t\t\tdata-style=\"square\"\n\t\t\t\t\t\n\t\t\t\t\t>\n\t\t\t\t\t\t\t\t\t\t\t<div class=\"c-card__content l-stack l-stack-sm u-text-center\">\n\t\t\t\t\t\t\t\t\t\t\t\t\t\t\t<h3 class=\"c-card__title u-font-title-3\">\n\t\t\t\t\t\t\t\t\t\t\t\t\t\t\t\t\t\t\t\t\t\t\t\t\t\t\t\t\t\tBiotech\n\t\t\t\t\t\t\t\t\t\t\t<span class=\"c-card__title__sub is-below u-font-title-4\">\n\t\t\t\t\t\t\t\t\t\t\t\t   \n\t\t\t\t\t\t\t\t\t\t\t<\/span>\n\t\t\t\t\t\t\t\t\t\t\t\t\t\t\t\t\t\t\t\t\t\t\t\t\t\t\t<\/h3>\n\t\t\t\t\t\t\t\n\t\t\t\t\t\t\t\t\t\t\t\t\t\t\t<div class=\"c-card__text l-stack-xs u-font-body\">\n\t\t\t\t\t\t\t\t\t<p>Du f\u00e5r chansen att f\u00f6rdjupa dig inom biotech, en framtidsbransch som kopplar ihop biologi och teknik.<\/p>\n\n\t\t\t\t\t\t\t\t<\/div>\n\t\t\t\t\t\t\t\t\t\t\t\t\t<\/div>\n\t\t\t\t\t\n\t\t\t\t\t<div class=\"c-card__media\">\n\t\t\t\t\t\t\t\t\t\t\t\t\t<img decoding=\"async\" width=\"400\" height=\"400\" src=\"https:\/\/ntigymnasiet.se\/wp-content\/uploads\/2023\/05\/nti-vetenskapsgymnasiet-gymnasium-naturvetenskap-2-202204-400x400.png\" class=\" u-ratio-landscape  ams_icon_size_usp\" alt=\"PASCO hydroponisk odling.\" srcset=\"https:\/\/ntigymnasiet.se\/wp-content\/uploads\/2023\/05\/nti-vetenskapsgymnasiet-gymnasium-naturvetenskap-2-202204-400x400.png 400w, https:\/\/ntigymnasiet.se\/wp-content\/uploads\/2023\/05\/nti-vetenskapsgymnasiet-gymnasium-naturvetenskap-2-202204-150x150.png 150w, https:\/\/ntigymnasiet.se\/wp-content\/uploads\/2023\/05\/nti-vetenskapsgymnasiet-gymnasium-naturvetenskap-2-202204-300x300.png 300w, https:\/\/ntigymnasiet.se\/wp-content\/uploads\/2023\/05\/nti-vetenskapsgymnasiet-gymnasium-naturvetenskap-2-202204-600x600.png 600w, https:\/\/ntigymnasiet.se\/wp-content\/uploads\/2023\/05\/nti-vetenskapsgymnasiet-gymnasium-naturvetenskap-2-202204.png 700w\" sizes=\"(max-width: 400px) 100vw, 400px\" \/>\n\t\t\t\t\t\t\t\t\t\t\t<\/div>\n\t\t\t\t<\/article>\n\t\t\t<\/li>\n\n\t\t\t<\/ul>\n\n\t\t\t<div class=\"ams-usp__action u-inline-items\">\n\t\t\t\t\t\t\t\n\n\n<a href=\"https:\/\/ntigymnasiet.se\/vetenskapsgymnasiet\/\"\n\t\n\tclass=\"c-btn \"\n\tdata-style=\"rounded\"\n\tdata-size=\"md\"\n\tdata-width=\"full-mobile\"\n\tdata-variant=\"default\"\n\ttarget=\"_self\">\n\t\t\t<span class=\"label\"> L\u00e4s mer om oss<\/span>\n\t\t\t<\/a>\n\t\t\t<\/div>\n\t<\/div>\n\n\t\t\n\n<\/section>\n","protected":false},"excerpt":{"rendered":"","protected":false},"author":17,"featured_media":0,"parent":0,"menu_order":0,"comment_status":"closed","ping_status":"closed","template":"","meta":{"footnotes":""},"yoast_head":"<!-- This site is optimized with the Yoast SEO plugin v22.0 - https:\/\/yoast.com\/wordpress\/plugins\/seo\/ -->\n<title>NTI Vetenskapsgymnasiet<\/title>\n<meta name=\"robots\" content=\"index, follow, max-snippet:-1, max-image-preview:large, max-video-preview:-1\" \/>\n<link rel=\"canonical\" href=\"https:\/\/ntigymnasiet.se\/vetenskapsgymnasiet\/oppet-hus\/\" \/>\n<meta property=\"og:locale\" content=\"sv_SE\" \/>\n<meta property=\"og:type\" content=\"article\" \/>\n<meta property=\"og:url\" content=\"https:\/\/ntigymnasiet.se\/vetenskapsgymnasiet\/oppet-hus\/\" \/>\n<meta property=\"og:site_name\" content=\"NTI Vetenskapsgymnasiet\" \/>\n<meta property=\"article:modified_time\" content=\"2025-01-07T14:41:42+00:00\" \/>\n<meta name=\"twitter:card\" content=\"summary_large_image\" \/>\n<script type=\"application\/ld+json\" class=\"yoast-schema-graph\">{\"@context\":\"https:\/\/schema.org\",\"@graph\":[{\"@type\":\"WebPage\",\"@id\":\"https:\/\/ntigymnasiet.se\/vetenskapsgymnasiet\/oppet-hus\/\",\"url\":\"https:\/\/ntigymnasiet.se\/vetenskapsgymnasiet\/oppet-hus\/\",\"name\":\"\u00d6ppet hus - NTI Vetenskapsgymnasiet\",\"isPartOf\":{\"@id\":\"https:\/\/ntigymnasiet.se\/vetenskapsgymnasiet\/#website\"},\"datePublished\":\"2025-01-02T10:11:29+00:00\",\"dateModified\":\"2025-01-07T14:41:42+00:00\",\"breadcrumb\":{\"@id\":\"https:\/\/ntigymnasiet.se\/vetenskapsgymnasiet\/oppet-hus\/#breadcrumb\"},\"inLanguage\":\"sv-SE\",\"potentialAction\":[{\"@type\":\"ReadAction\",\"target\":[\"https:\/\/ntigymnasiet.se\/vetenskapsgymnasiet\/oppet-hus\/\"]}]},{\"@type\":\"BreadcrumbList\",\"@id\":\"https:\/\/ntigymnasiet.se\/vetenskapsgymnasiet\/oppet-hus\/#breadcrumb\",\"itemListElement\":[{\"@type\":\"ListItem\",\"position\":1,\"name\":\"Start\",\"item\":\"https:\/\/ntigymnasiet.se\/vetenskapsgymnasiet\/\"},{\"@type\":\"ListItem\",\"position\":2,\"name\":\"\u00d6ppet hus\"}]},{\"@type\":\"WebSite\",\"@id\":\"https:\/\/ntigymnasiet.se\/vetenskapsgymnasiet\/#website\",\"url\":\"https:\/\/ntigymnasiet.se\/vetenskapsgymnasiet\/\",\"name\":\"NTI Vetenskapsgymnasiet\",\"description\":\"Just another WordPress site\",\"potentialAction\":[{\"@type\":\"SearchAction\",\"target\":{\"@type\":\"EntryPoint\",\"urlTemplate\":\"https:\/\/ntigymnasiet.se\/vetenskapsgymnasiet\/?s={search_term_string}\"},\"query-input\":\"required name=search_term_string\"}],\"inLanguage\":\"sv-SE\"}]}<\/script>\n<!-- \/ Yoast SEO plugin. -->","yoast_head_json":{"title":"NTI Vetenskapsgymnasiet","robots":{"index":"index","follow":"follow","max-snippet":"max-snippet:-1","max-image-preview":"max-image-preview:large","max-video-preview":"max-video-preview:-1"},"canonical":"https:\/\/ntigymnasiet.se\/vetenskapsgymnasiet\/oppet-hus\/","og_locale":"sv_SE","og_type":"article","og_url":"https:\/\/ntigymnasiet.se\/vetenskapsgymnasiet\/oppet-hus\/","og_site_name":"NTI Vetenskapsgymnasiet","article_modified_time":"2025-01-07T14:41:42+00:00","twitter_card":"summary_large_image","schema":{"@context":"https:\/\/schema.org","@graph":[{"@type":"WebPage","@id":"https:\/\/ntigymnasiet.se\/vetenskapsgymnasiet\/oppet-hus\/","url":"https:\/\/ntigymnasiet.se\/vetenskapsgymnasiet\/oppet-hus\/","name":"\u00d6ppet hus - NTI Vetenskapsgymnasiet","isPartOf":{"@id":"https:\/\/ntigymnasiet.se\/vetenskapsgymnasiet\/#website"},"datePublished":"2025-01-02T10:11:29+00:00","dateModified":"2025-01-07T14:41:42+00:00","breadcrumb":{"@id":"https:\/\/ntigymnasiet.se\/vetenskapsgymnasiet\/oppet-hus\/#breadcrumb"},"inLanguage":"sv-SE","potentialAction":[{"@type":"ReadAction","target":["https:\/\/ntigymnasiet.se\/vetenskapsgymnasiet\/oppet-hus\/"]}]},{"@type":"BreadcrumbList","@id":"https:\/\/ntigymnasiet.se\/vetenskapsgymnasiet\/oppet-hus\/#breadcrumb","itemListElement":[{"@type":"ListItem","position":1,"name":"Start","item":"https:\/\/ntigymnasiet.se\/vetenskapsgymnasiet\/"},{"@type":"ListItem","position":2,"name":"\u00d6ppet hus"}]},{"@type":"WebSite","@id":"https:\/\/ntigymnasiet.se\/vetenskapsgymnasiet\/#website","url":"https:\/\/ntigymnasiet.se\/vetenskapsgymnasiet\/","name":"NTI Vetenskapsgymnasiet","description":"Just another WordPress site","potentialAction":[{"@type":"SearchAction","target":{"@type":"EntryPoint","urlTemplate":"https:\/\/ntigymnasiet.se\/vetenskapsgymnasiet\/?s={search_term_string}"},"query-input":"required name=search_term_string"}],"inLanguage":"sv-SE"}]}},"_links":{"self":[{"href":"https:\/\/ntigymnasiet.se\/vetenskapsgymnasiet\/wp-json\/wp\/v2\/pages\/3160"}],"collection":[{"href":"https:\/\/ntigymnasiet.se\/vetenskapsgymnasiet\/wp-json\/wp\/v2\/pages"}],"about":[{"href":"https:\/\/ntigymnasiet.se\/vetenskapsgymnasiet\/wp-json\/wp\/v2\/types\/page"}],"author":[{"embeddable":true,"href":"https:\/\/ntigymnasiet.se\/vetenskapsgymnasiet\/wp-json\/wp\/v2\/users\/17"}],"replies":[{"embeddable":true,"href":"https:\/\/ntigymnasiet.se\/vetenskapsgymnasiet\/wp-json\/wp\/v2\/comments?post=3160"}],"version-history":[{"count":10,"href":"https:\/\/ntigymnasiet.se\/vetenskapsgymnasiet\/wp-json\/wp\/v2\/pages\/3160\/revisions"}],"predecessor-version":[{"id":3245,"href":"https:\/\/ntigymnasiet.se\/vetenskapsgymnasiet\/wp-json\/wp\/v2\/pages\/3160\/revisions\/3245"}],"wp:attachment":[{"href":"https:\/\/ntigymnasiet.se\/vetenskapsgymnasiet\/wp-json\/wp\/v2\/media?parent=3160"}],"curies":[{"name":"wp","href":"https:\/\/api.w.org\/{rel}","templated":true}]}}